
{"id":1271,"date":"2026-02-22T20:05:36","date_gmt":"2026-02-22T20:05:36","guid":{"rendered":"https:\/\/easyliferobo.com\/de\/product\/eilik-intelligenter-schreibtischroboter-fuer-kinder-und-erwachsene-mit-emotionsinteraktionen-und-animationen-toy-entertainment-companion-pet-personal-assistant-fuer-mehr-spass\/"},"modified":"2026-02-22T23:35:39","modified_gmt":"2026-02-22T23:35:39","slug":"eilik-intelligenter-schreibtischroboter-fuer-kinder-und-erwachsene-mit-emotionsinteraktionen-und-animationen-toy-entertainment-companion-pet-personal-assistant-fuer-mehr-spass","status":"publish","type":"product","link":"https:\/\/easyliferobo.com\/de\/product\/eilik-intelligenter-schreibtischroboter-fuer-kinder-und-erwachsene-mit-emotionsinteraktionen-und-animationen-toy-entertainment-companion-pet-personal-assistant-fuer-mehr-spass\/","title":{"rendered":"Eilik Intelligenter Schreibtischrob..."},"content":{"rendered":"<p>\n                                             Produktbeschreibung   <\/p>\n<p>                                                         <img decoding=\"async\" alt=\"Energize Lab Eilik (blau)\" src=\"https:\/\/images-na.ssl-images-amazon.com\/images\/G\/01\/x-locale\/common\/grey-pixel.gif\" class=\"a-lazy-loaded\" data-src=\"https:\/\/m.media-amazon.com\/images\/S\/aplus-media-library-service-media\/57333a52-97e3-4c80-983d-8434294ff45a.__CR0,0,600,180_PT0_SX600_V1___.jpg\"><img decoding=\"async\" alt=\"Energize Lab Eilik (blau)\" src=\"https:\/\/m.media-amazon.com\/images\/S\/aplus-media-library-service-media\/57333a52-97e3-4c80-983d-8434294ff45a.__CR0,0,600,180_PT0_SX600_V1___.jpg\">      <\/p>\n<p>                                                                             <img decoding=\"async\" alt=\"Charakter-Designblatt mit niedlichen roboter\u00e4hnlichen Figuren in den Farben Blaugr\u00fcn und Wei\u00df, die verschiedene Posen und Pers\u00f6nlichkeitstypen mit Statistikkarten zeigen.\" src=\"https:\/\/images-na.ssl-images-amazon.com\/images\/G\/01\/x-locale\/common\/grey-pixel.gif\" class=\"a-spacing-base a-lazy-loaded\" data-src=\"https:\/\/m.media-amazon.com\/images\/S\/aplus-media-library-service-media\/1de8ba08-13f4-4f66-a065-abccd109894c.__CR0,0,2499,1546_PT0_SX970_V1___.png\"><img decoding=\"async\" alt=\"Charakter-Designblatt mit niedlichen roboter\u00e4hnlichen Figuren in den Farben Blaugr\u00fcn und Wei\u00df, die verschiedene Posen und Pers\u00f6nlichkeitstypen mit Statistikkarten zeigen.\" src=\"https:\/\/m.media-amazon.com\/images\/S\/aplus-media-library-service-media\/1de8ba08-13f4-4f66-a065-abccd109894c.__CR0,0,2499,1546_PT0_SX970_V1___.png\">                                                                    <\/p>\n<p>                                                                             <img decoding=\"async\" alt=\"Ber\u00fchre Eiliks Kopf, um ihn gl\u00fccklich zu machen\" src=\"https:\/\/images-na.ssl-images-amazon.com\/images\/G\/01\/x-locale\/common\/grey-pixel.gif\" class=\"a-spacing-base a-lazy-loaded\" data-src=\"https:\/\/m.media-amazon.com\/images\/S\/aplus-media-library-service-media\/8634be87-c321-4a2f-99dd-1de8919bb3dd.__CR0,0,1940,1200_PT0_SX970_V1___.jpg\"><img decoding=\"async\" alt=\"Ber\u00fchre Eiliks Kopf, um ihn gl\u00fccklich zu machen\" src=\"https:\/\/m.media-amazon.com\/images\/S\/aplus-media-library-service-media\/8634be87-c321-4a2f-99dd-1de8919bb3dd.__CR0,0,1940,1200_PT0_SX970_V1___.jpg\">                                                                    <\/p>\n<p>                                                                             <img decoding=\"async\" alt=\"Reichhaltiger Ausdruck und Emotionen, Rollenspielmodus\" src=\"https:\/\/images-na.ssl-images-amazon.com\/images\/G\/01\/x-locale\/common\/grey-pixel.gif\" class=\"a-spacing-base a-lazy-loaded\" data-src=\"https:\/\/m.media-amazon.com\/images\/S\/aplus-media-library-service-media\/f123b740-a9f8-4c7f-95b6-ce49b3ac37c9.__CR0,0,970,600_PT0_SX970_V1___.jpg\"><img decoding=\"async\" alt=\"Reichhaltiger Ausdruck und Emotionen, Rollenspielmodus\" src=\"https:\/\/m.media-amazon.com\/images\/S\/aplus-media-library-service-media\/f123b740-a9f8-4c7f-95b6-ce49b3ac37c9.__CR0,0,970,600_PT0_SX970_V1___.jpg\">                                                                    <\/p>\n<p>                                                                             <img decoding=\"async\" alt=\"Ber\u00fchre Eilik, um zu interagieren, und Eilik reagierte empfindlich auf Ersch\u00fctterungen und hatte H\u00f6henangst. unbegrenzte Verbindung\" src=\"https:\/\/images-na.ssl-images-amazon.com\/images\/G\/01\/x-locale\/common\/grey-pixel.gif\" class=\"a-spacing-base a-lazy-loaded\" data-src=\"https:\/\/m.media-amazon.com\/images\/S\/aplus-media-library-service-media\/b81f59e8-f490-4ec0-bd89-aef4a7f89591.__CR0,0,970,600_PT0_SX970_V1___.jpg\"><img decoding=\"async\" alt=\"Ber\u00fchre Eilik, um zu interagieren, und Eilik reagierte empfindlich auf Ersch\u00fctterungen und hatte H\u00f6henangst. unbegrenzte Verbindung\" src=\"https:\/\/m.media-amazon.com\/images\/S\/aplus-media-library-service-media\/b81f59e8-f490-4ec0-bd89-aef4a7f89591.__CR0,0,970,600_PT0_SX970_V1___.jpg\">                                                                    <\/p>\n<p>                                                                             <img decoding=\"async\" alt=\"Eilik Anatomie\" src=\"https:\/\/images-na.ssl-images-amazon.com\/images\/G\/01\/x-locale\/common\/grey-pixel.gif\" class=\"a-spacing-base a-lazy-loaded\" data-src=\"https:\/\/m.media-amazon.com\/images\/S\/aplus-media-library-service-media\/bec110d7-cf24-4af1-a330-5a7d66e12b76.__CR0,0,970,600_PT0_SX970_V1___.png\"><img decoding=\"async\" alt=\"Eilik Anatomie\" src=\"https:\/\/m.media-amazon.com\/images\/S\/aplus-media-library-service-media\/bec110d7-cf24-4af1-a330-5a7d66e12b76.__CR0,0,970,600_PT0_SX970_V1___.png\">                                                                    <\/p>\n<p>                         Zum Warenkorb hinzuf\u00fcgen Zum Warenkorb hinzuf\u00fcgen Zum Warenkorb hinzuf\u00fcgen Zum Warenkorb hinzuf\u00fcgen Zum Warenkorb hinzuf\u00fcgen Kundenrezensionen 4,1 von 5 Sternen 2.900 4,3 von 5 Sternen 1.296 4,2 von 5 Sternen 47 4,2 von 5 Sternen 19 4,2 von 5 Sternen 7 4,7 von 5 Sternen 200 Preis 169,00 \u20ac169,00 \u20ac 169,00 \u20ac 169,00 \u20ac 229,98 \u20ac 229,98 \u20ac 328,00 \u20ac 328,00 \u20ac \u2013 keine Daten 76,29 \u20ac 76,29 \u20ac 4,2 x 5,2 Zoll 4,3 x 4,2 x 5,2 Zoll 4,3 x 4,2 x 5,2 Zoll x 2 4,3 x 4,2 x 5,2 Zoll x 2 6,1 x 5,7 Zoll (Hoodie) + 5,1 x 6 Zoll (Umhang) Gewicht 230 g 230 g 230 g 230 gx 2 230 gx 2 150 g Anschlusstyp USB Typ-C USB Typ-C USB Typ-C USB Typ-C USB Typ-C X Ber\u00fchrungs- und Sto\u00dfsensor \u2713 \u2713 \u2713 \u2713 \u2713 X Vibrations- und Infrarotsensor \u2713 \u2713 \u2713 \u2713 \u2713 X Lautsprecher und Mikrofon \u2713 \u2713 \u2713 \u2713 \u2713<\/p>\n<p>Niedlicher Begleiter: Eilik ist der ideale Begleiter f\u00fcr Kinder und Erwachsene, die Haustiere, Spiele und intelligente Roboter lieben. Mit vielen Emotionen, Bewegungen und interaktiven Funktionen.<br \/>VOLLST\u00c4NDIGE INTERAKTIONEN: Setzen Sie sich auf den Desktop und erleben Sie Eiliks Gef\u00fchlswelt mit nur einer Ber\u00fchrung. Kopf, Bauch und R\u00fccken l\u00f6sen jeweils unterschiedliche Emotionen aus. Es gibt eine Vielzahl von Gesichtsausdr\u00fccken, die darauf warten, entdeckt zu werden. Sie k\u00f6nnen es auch hochheben oder sanft auf seinen Kopf klopfen. Sanft oder temperamentvoll, es h\u00e4ngt alles von Ihrem Miteinander ab. Das Beste daran ist, dass keine WLAN- oder Bluetooth-Verbindungen erforderlich sind. Schalten Sie es einfach ein und spielen Sie damit, wann immer Sie m\u00f6chten.<br \/>REGELM\u00c4\u00dfIGE UPDATES: Dank seiner fortschrittlichen Technologie und h\u00e4ufigen Firmware-Updates ist Eilik immer auf dem neuesten Stand und Sie entdecken st\u00e4ndig neue interaktive Inhalte.<br \/>VIELE FUNKTIONEN: Erleben Sie die vielen Funktionen wie Gesten, Emotionen, Rollenspiel, Tanzmodus oder Timer. Der niedliche Roboter wird zum wahren Freund und bereitet viel Freude.<br \/>Mehr Spa\u00df: Stellen Sie es einfach auf Ihren Schreibtisch und erleben Sie, wie Eilik durch viele lustige Animationen eine wunderbare Atmosph\u00e4re schafft. Der ideale Alltagsbegleiter.<\/p>\n<p>[ad_2]<\/p>\n","protected":false},"excerpt":{"rendered":"<p>Produktbeschreibung Zum Warenkorb hinzuf\u00fcgen Zum Warenkorb hinzuf\u00fcgen Zum Warenkorb hinzuf\u00fcgen Zum Warenkorb hinzuf\u00fcgen Zum Warenkorb hinzuf\u00fcgen Kundenrezensionen 4,1 von 5 Sternen 2.900 4,3 von 5 Sternen 1.296 4,2 von 5 Sternen 47 4,2 von 5 Sternen 19 4,2 von 5 Sternen 7 4,7 von 5 Sternen 200 Preis 169,00 \u20ac169,00 \u20ac 169,00 \u20ac 169,00 \u20ac [&hellip;]<\/p>\n","protected":false},"featured_media":1272,"comment_status":"open","ping_status":"closed","template":"","meta":{"_aipt_faq_data":""},"store":[],"product_brand":[],"product_cat":[109],"product_tag":[264],"class_list":{"0":"post-1271","1":"product","2":"type-product","3":"status-publish","4":"has-post-thumbnail","6":"product_cat-therapieroboter","7":"product_tag-intelligente-therapieroboter-geraete","9":"first","10":"instock","11":"sale","12":"shipping-taxable","13":"product-type-external"},"yoast_head":"<!-- This site is optimized with the Yoast SEO plugin v27.4 - https:\/\/yoast.com\/product\/yoast-seo-wordpress\/ -->\n<title>Eilik Intelligenter Schreibtischroboter f\u00fcr Kinder und Erwachsene, mit Emotionsinteraktionen und Animationen, Toy Entertainment Companion Pet Personal Assistant, f\u00fcr mehr Spa\u00df - EasyLifeBro<\/title>\n<meta name=\"description\" content=\"Entdecken Sie smarte Roboter f\u00fcr Zuhause, Garten, Bildung und Sicherheit. Vergleichen Sie Saugroboter, Rasenm\u00e4hroboter, KI-Begleitroboter und mehr bei EasyLifeRobo.\" \/>\n<meta name=\"robots\" content=\"index, follow, max-snippet:-1, max-image-preview:large, max-video-preview:-1\" \/>\n<link rel=\"canonical\" href=\"https:\/\/easyliferobo.com\/de\/product\/eilik-intelligenter-schreibtischroboter-fuer-kinder-und-erwachsene-mit-emotionsinteraktionen-und-animationen-toy-entertainment-companion-pet-personal-assistant-fuer-mehr-spass\/\" \/>\n<meta property=\"og:locale\" content=\"de_DE\" \/>\n<meta property=\"og:type\" content=\"article\" \/>\n<meta property=\"og:title\" content=\"Eilik Intelligenter Schreibtischroboter f\u00fcr Kinder und Erwachsene, mit Emotionsinteraktionen und Animationen, Toy Entertainment Companion Pet Personal Assistant, f\u00fcr mehr Spa\u00df - EasyLifeBro\" \/>\n<meta property=\"og:description\" content=\"Entdecken Sie smarte Roboter f\u00fcr Zuhause, Garten, Bildung und Sicherheit. Vergleichen Sie Saugroboter, Rasenm\u00e4hroboter, KI-Begleitroboter und mehr bei EasyLifeRobo.\" \/>\n<meta property=\"og:url\" content=\"https:\/\/easyliferobo.com\/de\/product\/eilik-intelligenter-schreibtischroboter-fuer-kinder-und-erwachsene-mit-emotionsinteraktionen-und-animationen-toy-entertainment-companion-pet-personal-assistant-fuer-mehr-spass\/\" \/>\n<meta property=\"og:site_name\" content=\"EasyLifeBro\" \/>\n<meta property=\"article:modified_time\" content=\"2026-02-22T23:35:39+00:00\" \/>\n<meta property=\"og:image\" content=\"https:\/\/easyliferobo.com\/de\/wp-content\/uploads\/2026\/02\/61m0SZMyRzL._AC_SL1500_.jpg\" \/>\n\t<meta property=\"og:image:width\" content=\"1278\" \/>\n\t<meta property=\"og:image:height\" content=\"1500\" \/>\n\t<meta property=\"og:image:type\" content=\"image\/jpeg\" \/>\n<meta name=\"twitter:card\" content=\"summary_large_image\" \/>\n<meta name=\"twitter:label1\" content=\"Gesch\u00e4tzte Lesezeit\" \/>\n\t<meta name=\"twitter:data1\" content=\"1\u00a0Minute\" \/>\n<script type=\"application\/ld+json\" class=\"yoast-schema-graph\">{\"@context\":\"https:\\\/\\\/schema.org\",\"@graph\":[{\"@type\":\"WebPage\",\"@id\":\"https:\\\/\\\/easyliferobo.com\\\/de\\\/product\\\/eilik-intelligenter-schreibtischroboter-fuer-kinder-und-erwachsene-mit-emotionsinteraktionen-und-animationen-toy-entertainment-companion-pet-personal-assistant-fuer-mehr-spass\\\/\",\"url\":\"https:\\\/\\\/easyliferobo.com\\\/de\\\/product\\\/eilik-intelligenter-schreibtischroboter-fuer-kinder-und-erwachsene-mit-emotionsinteraktionen-und-animationen-toy-entertainment-companion-pet-personal-assistant-fuer-mehr-spass\\\/\",\"name\":\"Eilik Intelligenter Schreibtischroboter f\u00fcr Kinder und Erwachsene, mit Emotionsinteraktionen und Animationen, Toy Entertainment Companion Pet Personal Assistant, f\u00fcr mehr Spa\u00df - EasyLifeBro\",\"isPartOf\":{\"@id\":\"https:\\\/\\\/easyliferobo.com\\\/de\\\/#website\"},\"primaryImageOfPage\":{\"@id\":\"https:\\\/\\\/easyliferobo.com\\\/de\\\/product\\\/eilik-intelligenter-schreibtischroboter-fuer-kinder-und-erwachsene-mit-emotionsinteraktionen-und-animationen-toy-entertainment-companion-pet-personal-assistant-fuer-mehr-spass\\\/#primaryimage\"},\"image\":{\"@id\":\"https:\\\/\\\/easyliferobo.com\\\/de\\\/product\\\/eilik-intelligenter-schreibtischroboter-fuer-kinder-und-erwachsene-mit-emotionsinteraktionen-und-animationen-toy-entertainment-companion-pet-personal-assistant-fuer-mehr-spass\\\/#primaryimage\"},\"thumbnailUrl\":\"https:\\\/\\\/easyliferobo.com\\\/de\\\/wp-content\\\/uploads\\\/2026\\\/02\\\/61m0SZMyRzL._AC_SL1500_.jpg\",\"datePublished\":\"2026-02-22T20:05:36+00:00\",\"dateModified\":\"2026-02-22T23:35:39+00:00\",\"description\":\"Entdecken Sie smarte Roboter f\u00fcr Zuhause, Garten, Bildung und Sicherheit. Vergleichen Sie Saugroboter, Rasenm\u00e4hroboter, KI-Begleitroboter und mehr bei EasyLifeRobo.\",\"breadcrumb\":{\"@id\":\"https:\\\/\\\/easyliferobo.com\\\/de\\\/product\\\/eilik-intelligenter-schreibtischroboter-fuer-kinder-und-erwachsene-mit-emotionsinteraktionen-und-animationen-toy-entertainment-companion-pet-personal-assistant-fuer-mehr-spass\\\/#breadcrumb\"},\"inLanguage\":\"de\",\"potentialAction\":[{\"@type\":\"ReadAction\",\"target\":[\"https:\\\/\\\/easyliferobo.com\\\/de\\\/product\\\/eilik-intelligenter-schreibtischroboter-fuer-kinder-und-erwachsene-mit-emotionsinteraktionen-und-animationen-toy-entertainment-companion-pet-personal-assistant-fuer-mehr-spass\\\/\"]}]},{\"@type\":\"ImageObject\",\"inLanguage\":\"de\",\"@id\":\"https:\\\/\\\/easyliferobo.com\\\/de\\\/product\\\/eilik-intelligenter-schreibtischroboter-fuer-kinder-und-erwachsene-mit-emotionsinteraktionen-und-animationen-toy-entertainment-companion-pet-personal-assistant-fuer-mehr-spass\\\/#primaryimage\",\"url\":\"https:\\\/\\\/easyliferobo.com\\\/de\\\/wp-content\\\/uploads\\\/2026\\\/02\\\/61m0SZMyRzL._AC_SL1500_.jpg\",\"contentUrl\":\"https:\\\/\\\/easyliferobo.com\\\/de\\\/wp-content\\\/uploads\\\/2026\\\/02\\\/61m0SZMyRzL._AC_SL1500_.jpg\",\"width\":1278,\"height\":1500},{\"@type\":\"BreadcrumbList\",\"@id\":\"https:\\\/\\\/easyliferobo.com\\\/de\\\/product\\\/eilik-intelligenter-schreibtischroboter-fuer-kinder-und-erwachsene-mit-emotionsinteraktionen-und-animationen-toy-entertainment-companion-pet-personal-assistant-fuer-mehr-spass\\\/#breadcrumb\",\"itemListElement\":[{\"@type\":\"ListItem\",\"position\":1,\"name\":\"Home\",\"item\":\"https:\\\/\\\/easyliferobo.com\\\/de\\\/\"},{\"@type\":\"ListItem\",\"position\":2,\"name\":\"Shop\",\"item\":\"https:\\\/\\\/easyliferobo.com\\\/de\\\/shop\\\/\"},{\"@type\":\"ListItem\",\"position\":3,\"name\":\"Eilik Intelligenter Schreibtischrob...\"}]},{\"@type\":\"WebSite\",\"@id\":\"https:\\\/\\\/easyliferobo.com\\\/de\\\/#website\",\"url\":\"https:\\\/\\\/easyliferobo.com\\\/de\\\/\",\"name\":\"EasyLifeBro\",\"description\":\"Smarte Roboter f\u00fcr Zuhause, Garten &amp; Bildung\",\"publisher\":{\"@id\":\"https:\\\/\\\/easyliferobo.com\\\/de\\\/#organization\"},\"potentialAction\":[{\"@type\":\"SearchAction\",\"target\":{\"@type\":\"EntryPoint\",\"urlTemplate\":\"https:\\\/\\\/easyliferobo.com\\\/de\\\/?s={search_term_string}\"},\"query-input\":{\"@type\":\"PropertyValueSpecification\",\"valueRequired\":true,\"valueName\":\"search_term_string\"}}],\"inLanguage\":\"de\"},{\"@type\":\"Organization\",\"@id\":\"https:\\\/\\\/easyliferobo.com\\\/de\\\/#organization\",\"name\":\"EasyLifeBro\",\"url\":\"https:\\\/\\\/easyliferobo.com\\\/de\\\/\",\"logo\":{\"@type\":\"ImageObject\",\"inLanguage\":\"de\",\"@id\":\"https:\\\/\\\/easyliferobo.com\\\/de\\\/#\\\/schema\\\/logo\\\/image\\\/\",\"url\":\"https:\\\/\\\/easyliferobo.com\\\/de\\\/wp-content\\\/uploads\\\/2026\\\/02\\\/Screenshot-2026-02-22-at-2.25.03-PM.png\",\"contentUrl\":\"https:\\\/\\\/easyliferobo.com\\\/de\\\/wp-content\\\/uploads\\\/2026\\\/02\\\/Screenshot-2026-02-22-at-2.25.03-PM.png\",\"width\":1858,\"height\":430,\"caption\":\"EasyLifeBro\"},\"image\":{\"@id\":\"https:\\\/\\\/easyliferobo.com\\\/de\\\/#\\\/schema\\\/logo\\\/image\\\/\"}}]}<\/script>\n<!-- \/ Yoast SEO plugin. -->","yoast_head_json":{"title":"Eilik Intelligenter Schreibtischroboter f\u00fcr Kinder und Erwachsene, mit Emotionsinteraktionen und Animationen, Toy Entertainment Companion Pet Personal Assistant, f\u00fcr mehr Spa\u00df - EasyLifeBro","description":"Entdecken Sie smarte Roboter f\u00fcr Zuhause, Garten, Bildung und Sicherheit. Vergleichen Sie Saugroboter, Rasenm\u00e4hroboter, KI-Begleitroboter und mehr bei EasyLifeRobo.","robots":{"index":"index","follow":"follow","max-snippet":"max-snippet:-1","max-image-preview":"max-image-preview:large","max-video-preview":"max-video-preview:-1"},"canonical":"https:\/\/easyliferobo.com\/de\/product\/eilik-intelligenter-schreibtischroboter-fuer-kinder-und-erwachsene-mit-emotionsinteraktionen-und-animationen-toy-entertainment-companion-pet-personal-assistant-fuer-mehr-spass\/","og_locale":"de_DE","og_type":"article","og_title":"Eilik Intelligenter Schreibtischroboter f\u00fcr Kinder und Erwachsene, mit Emotionsinteraktionen und Animationen, Toy Entertainment Companion Pet Personal Assistant, f\u00fcr mehr Spa\u00df - EasyLifeBro","og_description":"Entdecken Sie smarte Roboter f\u00fcr Zuhause, Garten, Bildung und Sicherheit. Vergleichen Sie Saugroboter, Rasenm\u00e4hroboter, KI-Begleitroboter und mehr bei EasyLifeRobo.","og_url":"https:\/\/easyliferobo.com\/de\/product\/eilik-intelligenter-schreibtischroboter-fuer-kinder-und-erwachsene-mit-emotionsinteraktionen-und-animationen-toy-entertainment-companion-pet-personal-assistant-fuer-mehr-spass\/","og_site_name":"EasyLifeBro","article_modified_time":"2026-02-22T23:35:39+00:00","og_image":[{"width":1278,"height":1500,"url":"https:\/\/easyliferobo.com\/de\/wp-content\/uploads\/2026\/02\/61m0SZMyRzL._AC_SL1500_.jpg","type":"image\/jpeg"}],"twitter_card":"summary_large_image","twitter_misc":{"Gesch\u00e4tzte Lesezeit":"1\u00a0Minute"},"schema":{"@context":"https:\/\/schema.org","@graph":[{"@type":"WebPage","@id":"https:\/\/easyliferobo.com\/de\/product\/eilik-intelligenter-schreibtischroboter-fuer-kinder-und-erwachsene-mit-emotionsinteraktionen-und-animationen-toy-entertainment-companion-pet-personal-assistant-fuer-mehr-spass\/","url":"https:\/\/easyliferobo.com\/de\/product\/eilik-intelligenter-schreibtischroboter-fuer-kinder-und-erwachsene-mit-emotionsinteraktionen-und-animationen-toy-entertainment-companion-pet-personal-assistant-fuer-mehr-spass\/","name":"Eilik Intelligenter Schreibtischroboter f\u00fcr Kinder und Erwachsene, mit Emotionsinteraktionen und Animationen, Toy Entertainment Companion Pet Personal Assistant, f\u00fcr mehr Spa\u00df - EasyLifeBro","isPartOf":{"@id":"https:\/\/easyliferobo.com\/de\/#website"},"primaryImageOfPage":{"@id":"https:\/\/easyliferobo.com\/de\/product\/eilik-intelligenter-schreibtischroboter-fuer-kinder-und-erwachsene-mit-emotionsinteraktionen-und-animationen-toy-entertainment-companion-pet-personal-assistant-fuer-mehr-spass\/#primaryimage"},"image":{"@id":"https:\/\/easyliferobo.com\/de\/product\/eilik-intelligenter-schreibtischroboter-fuer-kinder-und-erwachsene-mit-emotionsinteraktionen-und-animationen-toy-entertainment-companion-pet-personal-assistant-fuer-mehr-spass\/#primaryimage"},"thumbnailUrl":"https:\/\/easyliferobo.com\/de\/wp-content\/uploads\/2026\/02\/61m0SZMyRzL._AC_SL1500_.jpg","datePublished":"2026-02-22T20:05:36+00:00","dateModified":"2026-02-22T23:35:39+00:00","description":"Entdecken Sie smarte Roboter f\u00fcr Zuhause, Garten, Bildung und Sicherheit. Vergleichen Sie Saugroboter, Rasenm\u00e4hroboter, KI-Begleitroboter und mehr bei EasyLifeRobo.","breadcrumb":{"@id":"https:\/\/easyliferobo.com\/de\/product\/eilik-intelligenter-schreibtischroboter-fuer-kinder-und-erwachsene-mit-emotionsinteraktionen-und-animationen-toy-entertainment-companion-pet-personal-assistant-fuer-mehr-spass\/#breadcrumb"},"inLanguage":"de","potentialAction":[{"@type":"ReadAction","target":["https:\/\/easyliferobo.com\/de\/product\/eilik-intelligenter-schreibtischroboter-fuer-kinder-und-erwachsene-mit-emotionsinteraktionen-und-animationen-toy-entertainment-companion-pet-personal-assistant-fuer-mehr-spass\/"]}]},{"@type":"ImageObject","inLanguage":"de","@id":"https:\/\/easyliferobo.com\/de\/product\/eilik-intelligenter-schreibtischroboter-fuer-kinder-und-erwachsene-mit-emotionsinteraktionen-und-animationen-toy-entertainment-companion-pet-personal-assistant-fuer-mehr-spass\/#primaryimage","url":"https:\/\/easyliferobo.com\/de\/wp-content\/uploads\/2026\/02\/61m0SZMyRzL._AC_SL1500_.jpg","contentUrl":"https:\/\/easyliferobo.com\/de\/wp-content\/uploads\/2026\/02\/61m0SZMyRzL._AC_SL1500_.jpg","width":1278,"height":1500},{"@type":"BreadcrumbList","@id":"https:\/\/easyliferobo.com\/de\/product\/eilik-intelligenter-schreibtischroboter-fuer-kinder-und-erwachsene-mit-emotionsinteraktionen-und-animationen-toy-entertainment-companion-pet-personal-assistant-fuer-mehr-spass\/#breadcrumb","itemListElement":[{"@type":"ListItem","position":1,"name":"Home","item":"https:\/\/easyliferobo.com\/de\/"},{"@type":"ListItem","position":2,"name":"Shop","item":"https:\/\/easyliferobo.com\/de\/shop\/"},{"@type":"ListItem","position":3,"name":"Eilik Intelligenter Schreibtischrob..."}]},{"@type":"WebSite","@id":"https:\/\/easyliferobo.com\/de\/#website","url":"https:\/\/easyliferobo.com\/de\/","name":"EasyLifeBro","description":"Smarte Roboter f\u00fcr Zuhause, Garten &amp; Bildung","publisher":{"@id":"https:\/\/easyliferobo.com\/de\/#organization"},"potentialAction":[{"@type":"SearchAction","target":{"@type":"EntryPoint","urlTemplate":"https:\/\/easyliferobo.com\/de\/?s={search_term_string}"},"query-input":{"@type":"PropertyValueSpecification","valueRequired":true,"valueName":"search_term_string"}}],"inLanguage":"de"},{"@type":"Organization","@id":"https:\/\/easyliferobo.com\/de\/#organization","name":"EasyLifeBro","url":"https:\/\/easyliferobo.com\/de\/","logo":{"@type":"ImageObject","inLanguage":"de","@id":"https:\/\/easyliferobo.com\/de\/#\/schema\/logo\/image\/","url":"https:\/\/easyliferobo.com\/de\/wp-content\/uploads\/2026\/02\/Screenshot-2026-02-22-at-2.25.03-PM.png","contentUrl":"https:\/\/easyliferobo.com\/de\/wp-content\/uploads\/2026\/02\/Screenshot-2026-02-22-at-2.25.03-PM.png","width":1858,"height":430,"caption":"EasyLifeBro"},"image":{"@id":"https:\/\/easyliferobo.com\/de\/#\/schema\/logo\/image\/"}}]}},"_links":{"self":[{"href":"https:\/\/easyliferobo.com\/de\/wp-json\/wp\/v2\/product\/1271","targetHints":{"allow":["GET"]}}],"collection":[{"href":"https:\/\/easyliferobo.com\/de\/wp-json\/wp\/v2\/product"}],"about":[{"href":"https:\/\/easyliferobo.com\/de\/wp-json\/wp\/v2\/types\/product"}],"replies":[{"embeddable":true,"href":"https:\/\/easyliferobo.com\/de\/wp-json\/wp\/v2\/comments?post=1271"}],"wp:featuredmedia":[{"embeddable":true,"href":"https:\/\/easyliferobo.com\/de\/wp-json\/wp\/v2\/media\/1272"}],"wp:attachment":[{"href":"https:\/\/easyliferobo.com\/de\/wp-json\/wp\/v2\/media?parent=1271"}],"wp:term":[{"taxonomy":"store","embeddable":true,"href":"https:\/\/easyliferobo.com\/de\/wp-json\/wp\/v2\/store?post=1271"},{"taxonomy":"product_brand","embeddable":true,"href":"https:\/\/easyliferobo.com\/de\/wp-json\/wp\/v2\/product_brand?post=1271"},{"taxonomy":"product_cat","embeddable":true,"href":"https:\/\/easyliferobo.com\/de\/wp-json\/wp\/v2\/product_cat?post=1271"},{"taxonomy":"product_tag","embeddable":true,"href":"https:\/\/easyliferobo.com\/de\/wp-json\/wp\/v2\/product_tag?post=1271"}],"curies":[{"name":"wp","href":"https:\/\/api.w.org\/{rel}","templated":true}]}}