
{"id":1252,"date":"2026-02-22T20:00:23","date_gmt":"2026-02-22T20:00:23","guid":{"rendered":"https:\/\/easyliferobo.com\/de\/product\/mini-robotergeraet-zum-wischen-kompakt-kabellos-16-x-16-cm-intelligenter-automatischer-mopp-kueche-flur-eingang-unter-dem-bett-sofa-moebel-schreibtisch\/"},"modified":"2026-02-22T23:35:39","modified_gmt":"2026-02-22T23:35:39","slug":"mini-robotergeraet-zum-wischen-kompakt-kabellos-16-x-16-cm-intelligenter-automatischer-mopp-kueche-flur-eingang-unter-dem-bett-sofa-moebel-schreibtisch","status":"publish","type":"product","link":"https:\/\/easyliferobo.com\/de\/product\/mini-robotergeraet-zum-wischen-kompakt-kabellos-16-x-16-cm-intelligenter-automatischer-mopp-kueche-flur-eingang-unter-dem-bett-sofa-moebel-schreibtisch\/","title":{"rendered":"Mini-Roboterger\u00e4t zum Wischen, kom..."},"content":{"rendered":"<p>\n                                             Produktbeschreibung   <\/p>\n<p>                                                          <img decoding=\"async\" alt=\"Kombination aus Saugroboter, Saugroboter und Trapezroboter\" src=\"https:\/\/images-na.ssl-images-amazon.com\/images\/G\/01\/x-locale\/common\/grey-pixel.gif\" class=\"a-spacing-mini a-lazy-loaded\" data-src=\"https:\/\/m.media-amazon.com\/images\/S\/aplus-media-library-service-media\/415c2f3a-ec25-4e26-996d-be1887983a1c.__CR0,0,1600,1600_PT0_SX300_V1___.jpg\"><img decoding=\"async\" alt=\"Kombination aus Saugroboter, Saugroboter und Trapezroboter\" src=\"https:\/\/m.media-amazon.com\/images\/S\/aplus-media-library-service-media\/415c2f3a-ec25-4e26-996d-be1887983a1c.__CR0,0,1600,1600_PT0_SX300_V1___.jpg\">  <\/p>\n<p>                                                             Produktspezifikationen: Saugroboter. Produktfarbe: Schwarz\/Produktgr\u00f6\u00dfe: ca. 16 x 16 x 5,4 cm\/6,29 x 6,29 x 2,12 Zoll. Produktmerkmale: Saugf\u00e4hig, kompakt, lange Batterie. Anwendbare Szenarien: Sal\u00f3n, Comedor, Dormitorio, Office, etc. Kombination aus Saugroboter, Saugroboter und effizientem Trapezreiniger                                     <\/p>\n<p class=\"a-spacing-base\"> Die Sensoren und Algorithmen des Saugroboters garantieren eine vollst\u00e4ndige \u00dcberwachung Ihres Zuhauses, beseitigen Hindernisse und sorgen f\u00fcr eine automatische und optimale Reinigung. <\/p>\n<p>                                             Mehrere Funktionen                                     <\/p>\n<p class=\"a-spacing-base\"> D\u00edgale adi\u00f3s a la moestia de barrer, aspirar y trapear por separado. Unser multifunktionaler Saugroboter l\u00f6st diese Hauptprobleme mit einer leistungsstarken Saugkraft, die den Staub, das Kabel und die Endpartikel wirksam absorbiert. Die innovative Funktion des K\u00fchlwassers wird durch die mikrokontrollierte Wasseraufbewahrung noch effizienter und effizienter <\/p>\n<p>                                                  <img decoding=\"async\" alt=\"Limpieza perfecta\" src=\"https:\/\/images-na.ssl-images-amazon.com\/images\/G\/01\/x-locale\/common\/grey-pixel.gif\" class=\"a-spacing-mini a-lazy-loaded\" data-src=\"https:\/\/m.media-amazon.com\/images\/S\/aplus-media-library-service-media\/03a05957-535d-4c9c-ab18-7cdab939334b.__CR0,0,1600,1600_PT0_SX300_V1___.jpg\"><img decoding=\"async\" alt=\"Limpieza perfecta\" src=\"https:\/\/m.media-amazon.com\/images\/S\/aplus-media-library-service-media\/03a05957-535d-4c9c-ab18-7cdab939334b.__CR0,0,1600,1600_PT0_SX300_V1___.jpg\">  <\/p>\n<h3 class=\"a-spacing-mini\">  Limpieza perfecta <\/h3>\n<p>  Unser Robotersauger befindet sich in Ruhe und Ruhe und verf\u00fcgt \u00fcber eine automatische Reinigungstechnologie, die jedes Mal, wenn sie aus ihrem Haus kommt, in den Keller geht. Die ausgefeilten Sensoren und intelligenten Algorithmen erm\u00f6glichen es, Hindernisse zu vermeiden und die Reinigung selbst\u00e4ndig zu planen, sodass eine effiziente und umfassende Reinigungserfahrung gew\u00e4hrleistet ist. <\/p>\n<p>                                                                             <img decoding=\"async\" alt=\"Saugroboter, Saugroboter und Trapezroboter\" src=\"https:\/\/images-na.ssl-images-amazon.com\/images\/G\/01\/x-locale\/common\/grey-pixel.gif\" class=\"a-spacing-base a-lazy-loaded\" data-src=\"https:\/\/m.media-amazon.com\/images\/S\/aplus-media-library-service-media\/48f1268b-204f-4ef3-8de7-dc2f75ded6d7.__CR0,0,970,600_PT0_SX970_V1___.jpg\"><img decoding=\"async\" alt=\"Saugroboter, Saugroboter und Trapezroboter\" src=\"https:\/\/m.media-amazon.com\/images\/S\/aplus-media-library-service-media\/48f1268b-204f-4ef3-8de7-dc2f75ded6d7.__CR0,0,970,600_PT0_SX970_V1___.jpg\">                                                                     <\/p>\n<p class=\"a-spacing-base\">  Integriert mit einer leistungsstarken Saugfunktion, erfolgt automatisch und garantiert eine umfassende Sicherheitsleistung. Au\u00dferdem lassen sich der Filter und die Sp\u00fclung leicht entfernen und reinigen. <\/p>\n<p class=\"a-spacing-base\">  Voraussetzungen: <\/p>\n<p class=\"a-spacing-base\">  Produktname: Saugroboter <\/p>\n<p class=\"a-spacing-base\">  Produktfarbe: Schwarz\/Produktgr\u00f6\u00dfe: ca. 16 x 16 x 5,4 cm\/6,29 x 6,29 x 2,12 cm <\/p>\n<p class=\"a-spacing-base\">  Produktmerkmale: starke Saugleistung, kompakter Zustand, lange Akkulaufzeit <\/p>\n<p class=\"a-spacing-base\">  Anwendbare Szenarien: Salon, Comedor, Dormitorio, B\u00fcro usw. <\/p>\n<p class=\"a-spacing-base\">  Produktliste: <\/p>\n<p class=\"a-spacing-base\">  1 * Robotersauger <\/p>\n<p class=\"a-spacing-base\">  Hinweise: <\/p>\n<p class=\"a-spacing-base\">  Abh\u00e4ngig von den verschiedenen Beleuchtungs- und Bildschirmkonfigurationen kann die Farbe des Produkts je nach Bild leicht unterschiedlich sein. <\/p>\n<p class=\"a-spacing-base\">  Beachten Sie den Unterschied im medizinischen Handbuch und lassen Sie einen Unterschied zwischen 1 und 3 cm zu. <\/p>\n<p>  Verpackungsabmessungen: 22 x 21 x 7 cm; 302 g   <br \/> Hersteller \u200f : \u200e Gen\u00e9rico   <br \/> ASIN \u200f : \u200e B0GHN8NB6M   <br \/> Herstellerreferenz \u200f : \u200e TR7NTS77AI9FEY8Q   <br \/>Automatische Reinigung: Mit der automatischen Reinigung passt sich dieser Saugroboter leicht an verschiedene Oberfl\u00e4chen an und nimmt Schmutz, Staub und Tierhaare effizient auf. Fortschrittliche Sensoren und intelligente Algorithmen erm\u00f6glichen es Ihnen, Hindernisse zu umgehen und die Reinigung autonom zu planen, um gr\u00fcndliche und makellose Reinigungsergebnisse zu gew\u00e4hrleisten.<br \/>Mehrere Zwecke: L\u00f6st die wichtigsten Probleme beim Kehren, Saugen und Wischen gleichzeitig; Kann effektiv Staub, Haare und feine Partikel aufnehmen; Integriert sich mit einer leistungsstarken Saugkraft, innovativer Nasswischfunktion mit mikrokontrolliertem Wassertank<br \/>Perfekte Akkulaufzeit: Ausgestattet mit einer hervorragenden Saugkraft, intelligent in jedem Raum f\u00fcr eine effiziente Reinigung, w\u00e4hrend die extreme Akkulaufzeit eine vollst\u00e4ndige und dauerhafte Reinigung gew\u00e4hrleistet.<br \/>Bequem zu reinigen: Verschiedenste Reinigungsaufgaben mit unseren Staubsaugerrobotern. Filter und Mopp k\u00f6nnen problemlos zerlegt und gewaschen werden, wobei ihre Wirksamkeit und Hygiene erhalten bleiben.<br \/>Einfach zu bedienen: Auch technische Anf\u00e4nger k\u00f6nnen mit der einfachen und benutzerfreundlichen Oberfl\u00e4che unseres Staubsaugerroboters m\u00fchelos mit der Reinigung beginnen, was die Reinigungszeit mit minimalem Aufwand um die H\u00e4lfte reduziert.<\/p>\n<p>[ad_2]<\/p>\n","protected":false},"excerpt":{"rendered":"<p>Produktbeschreibung Produktspezifikationen: Saugroboter. Produktfarbe: Schwarz\/Produktgr\u00f6\u00dfe: ca. 16 x 16 x 5,4 cm\/6,29 x 6,29 x 2,12 Zoll. Produktmerkmale: Saugf\u00e4hig, kompakt, lange Batterie. Anwendbare Szenarien: Sal\u00f3n, Comedor, Dormitorio, Office, etc. Kombination aus Saugroboter, Saugroboter und effizientem Trapezreiniger Die Sensoren und Algorithmen des Saugroboters garantieren eine vollst\u00e4ndige \u00dcberwachung Ihres Zuhauses, beseitigen Hindernisse und sorgen f\u00fcr eine automatische [&hellip;]<\/p>\n","protected":false},"featured_media":1253,"comment_status":"open","ping_status":"closed","template":"","meta":{"_aipt_faq_data":""},"store":[],"product_brand":[262],"product_cat":[111],"product_tag":[261],"class_list":{"0":"post-1252","1":"product","2":"type-product","3":"status-publish","4":"has-post-thumbnail","6":"product_brand-generico","7":"product_cat-pflegeassistenz-roboter","8":"product_tag-mobile-pflegeassistenz-roboter","10":"first","11":"instock","12":"sale","13":"shipping-taxable","14":"product-type-external"},"yoast_head":"<!-- This site is optimized with the Yoast SEO plugin v27.4 - https:\/\/yoast.com\/product\/yoast-seo-wordpress\/ -->\n<title>Mini-Roboterger\u00e4t zum Wischen, kompakt, kabellos, 16 x 16 cm, intelligenter automatischer Mopp | K\u00fcche, Flur, Eingang unter dem Bett, Sofa, M\u00f6bel, Schreibtisch - EasyLifeBro<\/title>\n<meta name=\"description\" content=\"Entdecken Sie smarte Roboter f\u00fcr Zuhause, Garten, Bildung und Sicherheit. Vergleichen Sie Saugroboter, Rasenm\u00e4hroboter, KI-Begleitroboter und mehr bei EasyLifeRobo.\" \/>\n<meta name=\"robots\" content=\"index, follow, max-snippet:-1, max-image-preview:large, max-video-preview:-1\" \/>\n<link rel=\"canonical\" href=\"https:\/\/easyliferobo.com\/de\/product\/mini-robotergeraet-zum-wischen-kompakt-kabellos-16-x-16-cm-intelligenter-automatischer-mopp-kueche-flur-eingang-unter-dem-bett-sofa-moebel-schreibtisch\/\" \/>\n<meta property=\"og:locale\" content=\"de_DE\" \/>\n<meta property=\"og:type\" content=\"article\" \/>\n<meta property=\"og:title\" content=\"Mini-Roboterger\u00e4t zum Wischen, kompakt, kabellos, 16 x 16 cm, intelligenter automatischer Mopp | K\u00fcche, Flur, Eingang unter dem Bett, Sofa, M\u00f6bel, Schreibtisch - EasyLifeBro\" \/>\n<meta property=\"og:description\" content=\"Entdecken Sie smarte Roboter f\u00fcr Zuhause, Garten, Bildung und Sicherheit. Vergleichen Sie Saugroboter, Rasenm\u00e4hroboter, KI-Begleitroboter und mehr bei EasyLifeRobo.\" \/>\n<meta property=\"og:url\" content=\"https:\/\/easyliferobo.com\/de\/product\/mini-robotergeraet-zum-wischen-kompakt-kabellos-16-x-16-cm-intelligenter-automatischer-mopp-kueche-flur-eingang-unter-dem-bett-sofa-moebel-schreibtisch\/\" \/>\n<meta property=\"og:site_name\" content=\"EasyLifeBro\" \/>\n<meta property=\"article:modified_time\" content=\"2026-02-22T23:35:39+00:00\" \/>\n<meta property=\"og:image\" content=\"https:\/\/easyliferobo.com\/de\/wp-content\/uploads\/2026\/02\/61ZsEiryCAL._AC_SL1500_.jpg\" \/>\n\t<meta property=\"og:image:width\" content=\"1500\" \/>\n\t<meta property=\"og:image:height\" content=\"1230\" \/>\n\t<meta property=\"og:image:type\" content=\"image\/jpeg\" \/>\n<meta name=\"twitter:card\" content=\"summary_large_image\" \/>\n<meta name=\"twitter:label1\" content=\"Gesch\u00e4tzte Lesezeit\" \/>\n\t<meta name=\"twitter:data1\" content=\"2\u00a0Minuten\" \/>\n<script type=\"application\/ld+json\" class=\"yoast-schema-graph\">{\"@context\":\"https:\\\/\\\/schema.org\",\"@graph\":[{\"@type\":\"WebPage\",\"@id\":\"https:\\\/\\\/easyliferobo.com\\\/de\\\/product\\\/mini-robotergeraet-zum-wischen-kompakt-kabellos-16-x-16-cm-intelligenter-automatischer-mopp-kueche-flur-eingang-unter-dem-bett-sofa-moebel-schreibtisch\\\/\",\"url\":\"https:\\\/\\\/easyliferobo.com\\\/de\\\/product\\\/mini-robotergeraet-zum-wischen-kompakt-kabellos-16-x-16-cm-intelligenter-automatischer-mopp-kueche-flur-eingang-unter-dem-bett-sofa-moebel-schreibtisch\\\/\",\"name\":\"Mini-Roboterger\u00e4t zum Wischen, kompakt, kabellos, 16 x 16 cm, intelligenter automatischer Mopp | K\u00fcche, Flur, Eingang unter dem Bett, Sofa, M\u00f6bel, Schreibtisch - EasyLifeBro\",\"isPartOf\":{\"@id\":\"https:\\\/\\\/easyliferobo.com\\\/de\\\/#website\"},\"primaryImageOfPage\":{\"@id\":\"https:\\\/\\\/easyliferobo.com\\\/de\\\/product\\\/mini-robotergeraet-zum-wischen-kompakt-kabellos-16-x-16-cm-intelligenter-automatischer-mopp-kueche-flur-eingang-unter-dem-bett-sofa-moebel-schreibtisch\\\/#primaryimage\"},\"image\":{\"@id\":\"https:\\\/\\\/easyliferobo.com\\\/de\\\/product\\\/mini-robotergeraet-zum-wischen-kompakt-kabellos-16-x-16-cm-intelligenter-automatischer-mopp-kueche-flur-eingang-unter-dem-bett-sofa-moebel-schreibtisch\\\/#primaryimage\"},\"thumbnailUrl\":\"https:\\\/\\\/easyliferobo.com\\\/de\\\/wp-content\\\/uploads\\\/2026\\\/02\\\/61ZsEiryCAL._AC_SL1500_.jpg\",\"datePublished\":\"2026-02-22T20:00:23+00:00\",\"dateModified\":\"2026-02-22T23:35:39+00:00\",\"description\":\"Entdecken Sie smarte Roboter f\u00fcr Zuhause, Garten, Bildung und Sicherheit. Vergleichen Sie Saugroboter, Rasenm\u00e4hroboter, KI-Begleitroboter und mehr bei EasyLifeRobo.\",\"breadcrumb\":{\"@id\":\"https:\\\/\\\/easyliferobo.com\\\/de\\\/product\\\/mini-robotergeraet-zum-wischen-kompakt-kabellos-16-x-16-cm-intelligenter-automatischer-mopp-kueche-flur-eingang-unter-dem-bett-sofa-moebel-schreibtisch\\\/#breadcrumb\"},\"inLanguage\":\"de\",\"potentialAction\":[{\"@type\":\"ReadAction\",\"target\":[\"https:\\\/\\\/easyliferobo.com\\\/de\\\/product\\\/mini-robotergeraet-zum-wischen-kompakt-kabellos-16-x-16-cm-intelligenter-automatischer-mopp-kueche-flur-eingang-unter-dem-bett-sofa-moebel-schreibtisch\\\/\"]}]},{\"@type\":\"ImageObject\",\"inLanguage\":\"de\",\"@id\":\"https:\\\/\\\/easyliferobo.com\\\/de\\\/product\\\/mini-robotergeraet-zum-wischen-kompakt-kabellos-16-x-16-cm-intelligenter-automatischer-mopp-kueche-flur-eingang-unter-dem-bett-sofa-moebel-schreibtisch\\\/#primaryimage\",\"url\":\"https:\\\/\\\/easyliferobo.com\\\/de\\\/wp-content\\\/uploads\\\/2026\\\/02\\\/61ZsEiryCAL._AC_SL1500_.jpg\",\"contentUrl\":\"https:\\\/\\\/easyliferobo.com\\\/de\\\/wp-content\\\/uploads\\\/2026\\\/02\\\/61ZsEiryCAL._AC_SL1500_.jpg\",\"width\":1500,\"height\":1230},{\"@type\":\"BreadcrumbList\",\"@id\":\"https:\\\/\\\/easyliferobo.com\\\/de\\\/product\\\/mini-robotergeraet-zum-wischen-kompakt-kabellos-16-x-16-cm-intelligenter-automatischer-mopp-kueche-flur-eingang-unter-dem-bett-sofa-moebel-schreibtisch\\\/#breadcrumb\",\"itemListElement\":[{\"@type\":\"ListItem\",\"position\":1,\"name\":\"Home\",\"item\":\"https:\\\/\\\/easyliferobo.com\\\/de\\\/\"},{\"@type\":\"ListItem\",\"position\":2,\"name\":\"Shop\",\"item\":\"https:\\\/\\\/easyliferobo.com\\\/de\\\/shop\\\/\"},{\"@type\":\"ListItem\",\"position\":3,\"name\":\"Mini-Roboterger\u00e4t zum Wischen, kompakt, kabellos, 16 x 16 cm, intelligenter automatischer Mopp | K\u00fcche, Flur, Eingang unter dem Bett, Sofa, M\u00f6bel, Schreibtisch\"}]},{\"@type\":\"WebSite\",\"@id\":\"https:\\\/\\\/easyliferobo.com\\\/de\\\/#website\",\"url\":\"https:\\\/\\\/easyliferobo.com\\\/de\\\/\",\"name\":\"EasyLifeBro\",\"description\":\"Smarte Roboter f\u00fcr Zuhause, Garten &amp; Bildung\",\"publisher\":{\"@id\":\"https:\\\/\\\/easyliferobo.com\\\/de\\\/#organization\"},\"potentialAction\":[{\"@type\":\"SearchAction\",\"target\":{\"@type\":\"EntryPoint\",\"urlTemplate\":\"https:\\\/\\\/easyliferobo.com\\\/de\\\/?s={search_term_string}\"},\"query-input\":{\"@type\":\"PropertyValueSpecification\",\"valueRequired\":true,\"valueName\":\"search_term_string\"}}],\"inLanguage\":\"de\"},{\"@type\":\"Organization\",\"@id\":\"https:\\\/\\\/easyliferobo.com\\\/de\\\/#organization\",\"name\":\"EasyLifeBro\",\"url\":\"https:\\\/\\\/easyliferobo.com\\\/de\\\/\",\"logo\":{\"@type\":\"ImageObject\",\"inLanguage\":\"de\",\"@id\":\"https:\\\/\\\/easyliferobo.com\\\/de\\\/#\\\/schema\\\/logo\\\/image\\\/\",\"url\":\"https:\\\/\\\/easyliferobo.com\\\/de\\\/wp-content\\\/uploads\\\/2026\\\/02\\\/Screenshot-2026-02-22-at-2.25.03-PM.png\",\"contentUrl\":\"https:\\\/\\\/easyliferobo.com\\\/de\\\/wp-content\\\/uploads\\\/2026\\\/02\\\/Screenshot-2026-02-22-at-2.25.03-PM.png\",\"width\":1858,\"height\":430,\"caption\":\"EasyLifeBro\"},\"image\":{\"@id\":\"https:\\\/\\\/easyliferobo.com\\\/de\\\/#\\\/schema\\\/logo\\\/image\\\/\"}}]}<\/script>\n<!-- \/ Yoast SEO plugin. -->","yoast_head_json":{"title":"Mini-Roboterger\u00e4t zum Wischen, kompakt, kabellos, 16 x 16 cm, intelligenter automatischer Mopp | K\u00fcche, Flur, Eingang unter dem Bett, Sofa, M\u00f6bel, Schreibtisch - EasyLifeBro","description":"Entdecken Sie smarte Roboter f\u00fcr Zuhause, Garten, Bildung und Sicherheit. Vergleichen Sie Saugroboter, Rasenm\u00e4hroboter, KI-Begleitroboter und mehr bei EasyLifeRobo.","robots":{"index":"index","follow":"follow","max-snippet":"max-snippet:-1","max-image-preview":"max-image-preview:large","max-video-preview":"max-video-preview:-1"},"canonical":"https:\/\/easyliferobo.com\/de\/product\/mini-robotergeraet-zum-wischen-kompakt-kabellos-16-x-16-cm-intelligenter-automatischer-mopp-kueche-flur-eingang-unter-dem-bett-sofa-moebel-schreibtisch\/","og_locale":"de_DE","og_type":"article","og_title":"Mini-Roboterger\u00e4t zum Wischen, kompakt, kabellos, 16 x 16 cm, intelligenter automatischer Mopp | K\u00fcche, Flur, Eingang unter dem Bett, Sofa, M\u00f6bel, Schreibtisch - EasyLifeBro","og_description":"Entdecken Sie smarte Roboter f\u00fcr Zuhause, Garten, Bildung und Sicherheit. Vergleichen Sie Saugroboter, Rasenm\u00e4hroboter, KI-Begleitroboter und mehr bei EasyLifeRobo.","og_url":"https:\/\/easyliferobo.com\/de\/product\/mini-robotergeraet-zum-wischen-kompakt-kabellos-16-x-16-cm-intelligenter-automatischer-mopp-kueche-flur-eingang-unter-dem-bett-sofa-moebel-schreibtisch\/","og_site_name":"EasyLifeBro","article_modified_time":"2026-02-22T23:35:39+00:00","og_image":[{"width":1500,"height":1230,"url":"https:\/\/easyliferobo.com\/de\/wp-content\/uploads\/2026\/02\/61ZsEiryCAL._AC_SL1500_.jpg","type":"image\/jpeg"}],"twitter_card":"summary_large_image","twitter_misc":{"Gesch\u00e4tzte Lesezeit":"2\u00a0Minuten"},"schema":{"@context":"https:\/\/schema.org","@graph":[{"@type":"WebPage","@id":"https:\/\/easyliferobo.com\/de\/product\/mini-robotergeraet-zum-wischen-kompakt-kabellos-16-x-16-cm-intelligenter-automatischer-mopp-kueche-flur-eingang-unter-dem-bett-sofa-moebel-schreibtisch\/","url":"https:\/\/easyliferobo.com\/de\/product\/mini-robotergeraet-zum-wischen-kompakt-kabellos-16-x-16-cm-intelligenter-automatischer-mopp-kueche-flur-eingang-unter-dem-bett-sofa-moebel-schreibtisch\/","name":"Mini-Roboterger\u00e4t zum Wischen, kompakt, kabellos, 16 x 16 cm, intelligenter automatischer Mopp | K\u00fcche, Flur, Eingang unter dem Bett, Sofa, M\u00f6bel, Schreibtisch - EasyLifeBro","isPartOf":{"@id":"https:\/\/easyliferobo.com\/de\/#website"},"primaryImageOfPage":{"@id":"https:\/\/easyliferobo.com\/de\/product\/mini-robotergeraet-zum-wischen-kompakt-kabellos-16-x-16-cm-intelligenter-automatischer-mopp-kueche-flur-eingang-unter-dem-bett-sofa-moebel-schreibtisch\/#primaryimage"},"image":{"@id":"https:\/\/easyliferobo.com\/de\/product\/mini-robotergeraet-zum-wischen-kompakt-kabellos-16-x-16-cm-intelligenter-automatischer-mopp-kueche-flur-eingang-unter-dem-bett-sofa-moebel-schreibtisch\/#primaryimage"},"thumbnailUrl":"https:\/\/easyliferobo.com\/de\/wp-content\/uploads\/2026\/02\/61ZsEiryCAL._AC_SL1500_.jpg","datePublished":"2026-02-22T20:00:23+00:00","dateModified":"2026-02-22T23:35:39+00:00","description":"Entdecken Sie smarte Roboter f\u00fcr Zuhause, Garten, Bildung und Sicherheit. Vergleichen Sie Saugroboter, Rasenm\u00e4hroboter, KI-Begleitroboter und mehr bei EasyLifeRobo.","breadcrumb":{"@id":"https:\/\/easyliferobo.com\/de\/product\/mini-robotergeraet-zum-wischen-kompakt-kabellos-16-x-16-cm-intelligenter-automatischer-mopp-kueche-flur-eingang-unter-dem-bett-sofa-moebel-schreibtisch\/#breadcrumb"},"inLanguage":"de","potentialAction":[{"@type":"ReadAction","target":["https:\/\/easyliferobo.com\/de\/product\/mini-robotergeraet-zum-wischen-kompakt-kabellos-16-x-16-cm-intelligenter-automatischer-mopp-kueche-flur-eingang-unter-dem-bett-sofa-moebel-schreibtisch\/"]}]},{"@type":"ImageObject","inLanguage":"de","@id":"https:\/\/easyliferobo.com\/de\/product\/mini-robotergeraet-zum-wischen-kompakt-kabellos-16-x-16-cm-intelligenter-automatischer-mopp-kueche-flur-eingang-unter-dem-bett-sofa-moebel-schreibtisch\/#primaryimage","url":"https:\/\/easyliferobo.com\/de\/wp-content\/uploads\/2026\/02\/61ZsEiryCAL._AC_SL1500_.jpg","contentUrl":"https:\/\/easyliferobo.com\/de\/wp-content\/uploads\/2026\/02\/61ZsEiryCAL._AC_SL1500_.jpg","width":1500,"height":1230},{"@type":"BreadcrumbList","@id":"https:\/\/easyliferobo.com\/de\/product\/mini-robotergeraet-zum-wischen-kompakt-kabellos-16-x-16-cm-intelligenter-automatischer-mopp-kueche-flur-eingang-unter-dem-bett-sofa-moebel-schreibtisch\/#breadcrumb","itemListElement":[{"@type":"ListItem","position":1,"name":"Home","item":"https:\/\/easyliferobo.com\/de\/"},{"@type":"ListItem","position":2,"name":"Shop","item":"https:\/\/easyliferobo.com\/de\/shop\/"},{"@type":"ListItem","position":3,"name":"Mini-Roboterger\u00e4t zum Wischen, kompakt, kabellos, 16 x 16 cm, intelligenter automatischer Mopp | K\u00fcche, Flur, Eingang unter dem Bett, Sofa, M\u00f6bel, Schreibtisch"}]},{"@type":"WebSite","@id":"https:\/\/easyliferobo.com\/de\/#website","url":"https:\/\/easyliferobo.com\/de\/","name":"EasyLifeBro","description":"Smarte Roboter f\u00fcr Zuhause, Garten &amp; Bildung","publisher":{"@id":"https:\/\/easyliferobo.com\/de\/#organization"},"potentialAction":[{"@type":"SearchAction","target":{"@type":"EntryPoint","urlTemplate":"https:\/\/easyliferobo.com\/de\/?s={search_term_string}"},"query-input":{"@type":"PropertyValueSpecification","valueRequired":true,"valueName":"search_term_string"}}],"inLanguage":"de"},{"@type":"Organization","@id":"https:\/\/easyliferobo.com\/de\/#organization","name":"EasyLifeBro","url":"https:\/\/easyliferobo.com\/de\/","logo":{"@type":"ImageObject","inLanguage":"de","@id":"https:\/\/easyliferobo.com\/de\/#\/schema\/logo\/image\/","url":"https:\/\/easyliferobo.com\/de\/wp-content\/uploads\/2026\/02\/Screenshot-2026-02-22-at-2.25.03-PM.png","contentUrl":"https:\/\/easyliferobo.com\/de\/wp-content\/uploads\/2026\/02\/Screenshot-2026-02-22-at-2.25.03-PM.png","width":1858,"height":430,"caption":"EasyLifeBro"},"image":{"@id":"https:\/\/easyliferobo.com\/de\/#\/schema\/logo\/image\/"}}]}},"_links":{"self":[{"href":"https:\/\/easyliferobo.com\/de\/wp-json\/wp\/v2\/product\/1252","targetHints":{"allow":["GET"]}}],"collection":[{"href":"https:\/\/easyliferobo.com\/de\/wp-json\/wp\/v2\/product"}],"about":[{"href":"https:\/\/easyliferobo.com\/de\/wp-json\/wp\/v2\/types\/product"}],"replies":[{"embeddable":true,"href":"https:\/\/easyliferobo.com\/de\/wp-json\/wp\/v2\/comments?post=1252"}],"wp:featuredmedia":[{"embeddable":true,"href":"https:\/\/easyliferobo.com\/de\/wp-json\/wp\/v2\/media\/1253"}],"wp:attachment":[{"href":"https:\/\/easyliferobo.com\/de\/wp-json\/wp\/v2\/media?parent=1252"}],"wp:term":[{"taxonomy":"store","embeddable":true,"href":"https:\/\/easyliferobo.com\/de\/wp-json\/wp\/v2\/store?post=1252"},{"taxonomy":"product_brand","embeddable":true,"href":"https:\/\/easyliferobo.com\/de\/wp-json\/wp\/v2\/product_brand?post=1252"},{"taxonomy":"product_cat","embeddable":true,"href":"https:\/\/easyliferobo.com\/de\/wp-json\/wp\/v2\/product_cat?post=1252"},{"taxonomy":"product_tag","embeddable":true,"href":"https:\/\/easyliferobo.com\/de\/wp-json\/wp\/v2\/product_tag?post=1252"}],"curies":[{"name":"wp","href":"https:\/\/api.w.org\/{rel}","templated":true}]}}