
{"id":1243,"date":"2026-02-22T19:58:41","date_gmt":"2026-02-22T19:58:41","guid":{"rendered":"https:\/\/easyliferobo.com\/de\/product\/wlan-ueberwachungskamera-fuer-den-innenbereich-360-kameraueberwachung-mit-ki-bewegungserkennung-individuelle-szenariowarnungen-zwei-wege-audio-funktioniert-mit-alexa-24-ghz-2-stueck\/"},"modified":"2026-02-22T19:58:58","modified_gmt":"2026-02-22T19:58:58","slug":"wlan-ueberwachungskamera-fuer-den-innenbereich-360-kameraueberwachung-mit-ki-bewegungserkennung-individuelle-szenariowarnungen-zwei-wege-audio-funktioniert-mit-alexa-24-ghz-2-stueck","status":"publish","type":"product","link":"https:\/\/easyliferobo.com\/de\/product\/wlan-ueberwachungskamera-fuer-den-innenbereich-360-kameraueberwachung-mit-ki-bewegungserkennung-individuelle-szenariowarnungen-zwei-wege-audio-funktioniert-mit-alexa-24-ghz-2-stueck\/","title":{"rendered":"WLAN-\u00dcberwachungskamera f\u00fcr den I..."},"content":{"rendered":"<p>\n                                             Von der Marke   <\/p>\n<p>                                              <img decoding=\"async\" alt=\"Geteilte Ansicht, die eine Au\u00dfen\u00fcberwachungskamera zeigt, die an der Au\u00dfenwand montiert ist, zusammen mit einem Video-Feed-Display, das die Kameraansicht zeigt.\" src=\"https:\/\/images-na.ssl-images-amazon.com\/images\/G\/01\/x-locale\/common\/grey-pixel.gif\" class=\"a-lazy-loaded\" data-src=\"https:\/\/m.media-amazon.com\/images\/S\/aplus-media-library-service-media\/add244be-2860-41c0-86fe-7ce371f2a407.__CR0,0,1464,625_PT0_SX1464_V1___.jpg\"><img decoding=\"async\" alt=\"Geteilte Ansicht, die eine Au\u00dfen\u00fcberwachungskamera zeigt, die an der Au\u00dfenwand montiert ist, zusammen mit einem Video-Feed-Display, das die Kameraansicht zeigt.\" src=\"https:\/\/m.media-amazon.com\/images\/S\/aplus-media-library-service-media\/add244be-2860-41c0-86fe-7ce371f2a407.__CR0,0,1464,625_PT0_SX1464_V1___.jpg\">  <\/p>\n<p>                                              <img decoding=\"async\" alt=\"eine Grafik, die die verschiedenen Arten von Sicherheitssystemen\" src=\"https:\/\/images-na.ssl-images-amazon.com\/images\/G\/01\/x-locale\/common\/grey-pixel.gif\" class=\"a-lazy-loaded\" data-src=\"https:\/\/m.media-amazon.com\/images\/S\/aplus-media-library-service-media\/7df639c1-ef2d-4fc6-b44d-84b00fcd030a.__CR0,0,362,453_PT0_SX362_V1___.jpg\"><img decoding=\"async\" alt=\"eine Grafik, die die verschiedenen Arten von Sicherheitssystemen\" src=\"https:\/\/m.media-amazon.com\/images\/S\/aplus-media-library-service-media\/7df639c1-ef2d-4fc6-b44d-84b00fcd030a.__CR0,0,362,453_PT0_SX362_V1___.jpg\">  <\/p>\n<p>                                              <img decoding=\"async\" alt=\"Aplus-Inhaltsbild\" src=\"https:\/\/images-na.ssl-images-amazon.com\/images\/G\/01\/x-locale\/common\/grey-pixel.gif\" class=\"a-lazy-loaded\" data-src=\"https:\/\/m.media-amazon.com\/images\/S\/aplus-media-library-service-media\/cbd359cf-501a-46e2-a92d-b56b3599add6.__CR0,0,362,453_PT0_SX362_V1___.jpg\"><img decoding=\"async\" alt=\"Aplus-Inhaltsbild\" src=\"https:\/\/m.media-amazon.com\/images\/S\/aplus-media-library-service-media\/cbd359cf-501a-46e2-a92d-b56b3599add6.__CR0,0,362,453_PT0_SX362_V1___.jpg\">  <\/p>\n<p>                                              <img decoding=\"async\" alt=\"Aplus-Inhaltsbild\" src=\"https:\/\/images-na.ssl-images-amazon.com\/images\/G\/01\/x-locale\/common\/grey-pixel.gif\" class=\"a-lazy-loaded\" data-src=\"https:\/\/m.media-amazon.com\/images\/S\/aplus-media-library-service-media\/ac8f4bd4-552d-4042-9541-5a73c7b5cc42.__CR0,0,362,453_PT0_SX362_V1___.jpg\"><img decoding=\"async\" alt=\"Aplus-Inhaltsbild\" src=\"https:\/\/m.media-amazon.com\/images\/S\/aplus-media-library-service-media\/ac8f4bd4-552d-4042-9541-5a73c7b5cc42.__CR0,0,362,453_PT0_SX362_V1___.jpg\">  <\/p>\n<p>                                              <img decoding=\"async\" alt=\"Aplus-Inhaltsbild\" src=\"https:\/\/images-na.ssl-images-amazon.com\/images\/G\/01\/x-locale\/common\/grey-pixel.gif\" class=\"a-lazy-loaded\" data-src=\"https:\/\/m.media-amazon.com\/images\/S\/aplus-media-library-service-media\/17bde031-9c7c-465d-9e77-1f57a520fea5.__CR0,0,362,453_PT0_SX362_V1___.jpg\"><img decoding=\"async\" alt=\"Aplus-Inhaltsbild\" src=\"https:\/\/m.media-amazon.com\/images\/S\/aplus-media-library-service-media\/17bde031-9c7c-465d-9e77-1f57a520fea5.__CR0,0,362,453_PT0_SX362_V1___.jpg\">  <\/p>\n<p>                                              <img decoding=\"async\" alt=\"\" src=\"https:\/\/images-na.ssl-images-amazon.com\/images\/G\/01\/x-locale\/common\/grey-pixel.gif\" class=\"a-lazy-loaded\" data-src=\"https:\/\/m.media-amazon.com\/images\/S\/aplus-media-library-service-media\/d350731f-861a-44ad-9d59-001e0ee8f286.__CR0,0,362,453_PT0_SX362_V1___.jpg\"><img decoding=\"async\" alt=\"\" src=\"https:\/\/m.media-amazon.com\/images\/S\/aplus-media-library-service-media\/d350731f-861a-44ad-9d59-001e0ee8f286.__CR0,0,362,453_PT0_SX362_V1___.jpg\">  <\/p>\n<h3>  4G \u00dcberwachungskamera Solar <\/h3>\n<h3>  AMOROM \u00dcberwachungskamera <\/h3>\n<p>                                              <img decoding=\"async\" alt=\"Zusammengesetztes Bild mit vier Bereichen: moderner Eingangst\u00fcreingang, Garageninnenraum mit Autos, \u00fcppiger Garten mit Rasen und Bauernhaus mit wei\u00dfem Zaun. Jeder Abschnitt ist auf Deutsch beschriftet\" src=\"https:\/\/images-na.ssl-images-amazon.com\/images\/G\/01\/x-locale\/common\/grey-pixel.gif\" class=\"a-lazy-loaded\" data-src=\"https:\/\/m.media-amazon.com\/images\/S\/aplus-media-library-service-media\/22ee5659-6239-44b1-b5c3-fe25f8bb2514.__CR0,0,362,453_PT0_SX362_V1___.jpg\"><img decoding=\"async\" alt=\"Zusammengesetztes Bild mit vier Bereichen: moderner Eingangst\u00fcreingang, Garageninnenraum mit Autos, \u00fcppiger Garten mit Rasen und Bauernhaus mit wei\u00dfem Zaun. Jeder Abschnitt ist auf Deutsch beschriftet\" src=\"https:\/\/m.media-amazon.com\/images\/S\/aplus-media-library-service-media\/22ee5659-6239-44b1-b5c3-fe25f8bb2514.__CR0,0,362,453_PT0_SX362_V1___.jpg\">  <\/p>\n<p>                                              <img decoding=\"async\" alt=\"Intelligentes Lautsprecherger\u00e4t mit schwarzer Oberseite und roter Basis in festlicher Umgebung mit Bokeh-Lichtern im Hintergrund.\" src=\"https:\/\/images-na.ssl-images-amazon.com\/images\/G\/01\/x-locale\/common\/grey-pixel.gif\" class=\"a-lazy-loaded\" data-src=\"https:\/\/m.media-amazon.com\/images\/S\/aplus-media-library-service-media\/b21077f6-103d-480d-970c-5736b8d92174.__CR0,0,362,453_PT0_SX362_V1___.jpg\"><img decoding=\"async\" alt=\"Intelligentes Lautsprecherger\u00e4t mit schwarzer Oberseite und roter Basis in festlicher Umgebung mit Bokeh-Lichtern im Hintergrund.\" src=\"https:\/\/m.media-amazon.com\/images\/S\/aplus-media-library-service-media\/b21077f6-103d-480d-970c-5736b8d92174.__CR0,0,362,453_PT0_SX362_V1___.jpg\">  <\/p>\n<p>                                              <img decoding=\"async\" alt=\"\u00dcberwachungskamera\" src=\"https:\/\/images-na.ssl-images-amazon.com\/images\/G\/01\/x-locale\/common\/grey-pixel.gif\" class=\"a-lazy-loaded\" data-src=\"https:\/\/m.media-amazon.com\/images\/S\/aplus-media-library-service-media\/b07d738e-c8f9-44c8-abfe-0f86c0a0e4d9.__CR0,0,362,453_PT0_SX362_V1___.jpg\"><img decoding=\"async\" alt=\"\u00dcberwachungskamera\" src=\"https:\/\/m.media-amazon.com\/images\/S\/aplus-media-library-service-media\/b07d738e-c8f9-44c8-abfe-0f86c0a0e4d9.__CR0,0,362,453_PT0_SX362_V1___.jpg\">  <\/p>\n<p>Sanfter Schlaf, sichere Eltern: Dank KI-gest\u00fctzter Ger\u00e4uscherkennung werden Sie sofort benachrichtigt, wenn Ihr Baby weint. Die kristallklare Nachtsicht und das sanfte Statuslicht sorgen daf\u00fcr, dass der Schlaf Ihres Kindes ungest\u00f6rt bleibt, w\u00e4hrend Sie volle Sicherheit haben.<br \/>F\u00fcrsorge ohne Grenzen: Ideal f\u00fcr die diskrete Unterst\u00fctzung \u00e4lterer Angeh\u00f6riger. Mit der Zwei-Wege-Audiofunktion k\u00f6nnen Sie jederzeit sprechen und zuh\u00f6ren. Geben Sie Ihrer Familie Sicherheit, indem Sie wissen, dass im Notfall eine sofortige Kommunikation m\u00f6glich ist.<br \/>Bleiben Sie nah an Ihrem Liebling. Verfolgen Sie die Abenteuer Ihres Haustiers mit der 360\u00b0-Rundumsicht. Erhalten Sie intelligente Benachrichtigungen bei Bewegung und beruhigen Sie Ihren Hund oder Ihre Katze unterwegs per App. Verpassen Sie nie wieder einen verspielten Moment.<br \/>Ihre Privatsph\u00e4re ist uns heilig: Maximale Sicherheit f\u00fcr Ihr Zuhause. Unsere Kamera unterst\u00fctzt lokale Speicherung (SD-Karte) und verschl\u00fcsselte Cloud-Optionen, die strikt den europ\u00e4ischen Datenschutzstandards (DSGVO) entsprechen. Ihr Privatleben bleibt privat.<br \/>Intelligente Integration: kompatibel mit Alexa. Bitten Sie einfach \u201eAlexa, zeig mir das Kinderzimmer\u201c, um den Livestream auf Ihrer Echo Show anzusehen. Einfache Installation in weniger als 3 Minuten \u2013 perfekt f\u00fcr das moderne Smart Home.<\/p>\n<p>[ad_2]<\/p>\n","protected":false},"excerpt":{"rendered":"<p>Von der Marke 4G \u00dcberwachungskamera Solar AMOROM \u00dcberwachungskamera Sanfter Schlaf, sichere Eltern: Dank KI-gest\u00fctzter Ger\u00e4uscherkennung werden Sie sofort benachrichtigt, wenn Ihr Baby weint. Die kristallklare Nachtsicht und das sanfte Statuslicht sorgen daf\u00fcr, dass der Schlaf Ihres Kindes ungest\u00f6rt bleibt, w\u00e4hrend Sie volle Sicherheit haben.F\u00fcrsorge ohne Grenzen: Ideal f\u00fcr die diskrete Unterst\u00fctzung \u00e4lterer Angeh\u00f6riger. Mit der [&hellip;]<\/p>\n","protected":false},"featured_media":1244,"comment_status":"open","ping_status":"closed","template":"","meta":{"_aipt_faq_data":""},"store":[],"product_brand":[260],"product_cat":[113],"product_tag":[259],"class_list":{"0":"post-1243","1":"product","2":"type-product","3":"status-publish","4":"has-post-thumbnail","6":"product_brand-amorom","7":"product_cat-ueberwachungsroboter","8":"product_tag-ueberwachungsroboter-mit-ki-erkennung","10":"first","11":"instock","12":"sale","13":"shipping-taxable","14":"product-type-external"},"yoast_head":"<!-- This site is optimized with the Yoast SEO plugin v27.0 - https:\/\/yoast.com\/product\/yoast-seo-wordpress\/ -->\n<title>WLAN-\u00dcberwachungskamera f\u00fcr den Innenbereich, 360\u00b0-Kamera\u00fcberwachung mit KI-Bewegungserkennung, individuelle Szenariowarnungen, Zwei-Wege-Audio, funktioniert mit Alexa, 2,4 GHz, 2 St\u00fcck - EasyLifeBro<\/title>\n<meta name=\"description\" content=\"Entdecken Sie smarte Roboter f\u00fcr Zuhause, Garten, Bildung und Sicherheit. Vergleichen Sie Saugroboter, Rasenm\u00e4hroboter, KI-Begleitroboter und mehr bei EasyLifeRobo.\" \/>\n<meta name=\"robots\" content=\"index, follow, max-snippet:-1, max-image-preview:large, max-video-preview:-1\" \/>\n<link rel=\"canonical\" href=\"https:\/\/easyliferobo.com\/de\/product\/wlan-ueberwachungskamera-fuer-den-innenbereich-360-kameraueberwachung-mit-ki-bewegungserkennung-individuelle-szenariowarnungen-zwei-wege-audio-funktioniert-mit-alexa-24-ghz-2-stueck\/\" \/>\n<meta property=\"og:locale\" content=\"de_DE\" \/>\n<meta property=\"og:type\" content=\"article\" \/>\n<meta property=\"og:title\" content=\"WLAN-\u00dcberwachungskamera f\u00fcr den Innenbereich, 360\u00b0-Kamera\u00fcberwachung mit KI-Bewegungserkennung, individuelle Szenariowarnungen, Zwei-Wege-Audio, funktioniert mit Alexa, 2,4 GHz, 2 St\u00fcck - EasyLifeBro\" \/>\n<meta property=\"og:description\" content=\"Entdecken Sie smarte Roboter f\u00fcr Zuhause, Garten, Bildung und Sicherheit. Vergleichen Sie Saugroboter, Rasenm\u00e4hroboter, KI-Begleitroboter und mehr bei EasyLifeRobo.\" \/>\n<meta property=\"og:url\" content=\"https:\/\/easyliferobo.com\/de\/product\/wlan-ueberwachungskamera-fuer-den-innenbereich-360-kameraueberwachung-mit-ki-bewegungserkennung-individuelle-szenariowarnungen-zwei-wege-audio-funktioniert-mit-alexa-24-ghz-2-stueck\/\" \/>\n<meta property=\"og:site_name\" content=\"EasyLifeBro\" \/>\n<meta property=\"article:modified_time\" content=\"2026-02-22T19:58:58+00:00\" \/>\n<meta property=\"og:image\" content=\"https:\/\/easyliferobo.com\/de\/wp-content\/uploads\/2026\/02\/61z2uux8giL._AC_SL1500_.jpg\" \/>\n\t<meta property=\"og:image:width\" content=\"1496\" \/>\n\t<meta property=\"og:image:height\" content=\"1288\" \/>\n\t<meta property=\"og:image:type\" content=\"image\/jpeg\" \/>\n<meta name=\"twitter:card\" content=\"summary_large_image\" \/>\n<meta name=\"twitter:label1\" content=\"Gesch\u00e4tzte Lesezeit\" \/>\n\t<meta name=\"twitter:data1\" content=\"1\u00a0Minute\" \/>\n<script type=\"application\/ld+json\" class=\"yoast-schema-graph\">{\"@context\":\"https:\/\/schema.org\",\"@graph\":[{\"@type\":\"WebPage\",\"@id\":\"https:\/\/easyliferobo.com\/de\/product\/wlan-ueberwachungskamera-fuer-den-innenbereich-360-kameraueberwachung-mit-ki-bewegungserkennung-individuelle-szenariowarnungen-zwei-wege-audio-funktioniert-mit-alexa-24-ghz-2-stueck\/\",\"url\":\"https:\/\/easyliferobo.com\/de\/product\/wlan-ueberwachungskamera-fuer-den-innenbereich-360-kameraueberwachung-mit-ki-bewegungserkennung-individuelle-szenariowarnungen-zwei-wege-audio-funktioniert-mit-alexa-24-ghz-2-stueck\/\",\"name\":\"WLAN-\u00dcberwachungskamera f\u00fcr den Innenbereich, 360\u00b0-Kamera\u00fcberwachung mit KI-Bewegungserkennung, individuelle Szenariowarnungen, Zwei-Wege-Audio, funktioniert mit Alexa, 2,4 GHz, 2 St\u00fcck - EasyLifeBro\",\"isPartOf\":{\"@id\":\"https:\/\/easyliferobo.com\/de\/#website\"},\"primaryImageOfPage\":{\"@id\":\"https:\/\/easyliferobo.com\/de\/product\/wlan-ueberwachungskamera-fuer-den-innenbereich-360-kameraueberwachung-mit-ki-bewegungserkennung-individuelle-szenariowarnungen-zwei-wege-audio-funktioniert-mit-alexa-24-ghz-2-stueck\/#primaryimage\"},\"image\":{\"@id\":\"https:\/\/easyliferobo.com\/de\/product\/wlan-ueberwachungskamera-fuer-den-innenbereich-360-kameraueberwachung-mit-ki-bewegungserkennung-individuelle-szenariowarnungen-zwei-wege-audio-funktioniert-mit-alexa-24-ghz-2-stueck\/#primaryimage\"},\"thumbnailUrl\":\"https:\/\/easyliferobo.com\/de\/wp-content\/uploads\/2026\/02\/61z2uux8giL._AC_SL1500_.jpg\",\"datePublished\":\"2026-02-22T19:58:41+00:00\",\"dateModified\":\"2026-02-22T19:58:58+00:00\",\"description\":\"Entdecken Sie smarte Roboter f\u00fcr Zuhause, Garten, Bildung und Sicherheit. Vergleichen Sie Saugroboter, Rasenm\u00e4hroboter, KI-Begleitroboter und mehr bei EasyLifeRobo.\",\"breadcrumb\":{\"@id\":\"https:\/\/easyliferobo.com\/de\/product\/wlan-ueberwachungskamera-fuer-den-innenbereich-360-kameraueberwachung-mit-ki-bewegungserkennung-individuelle-szenariowarnungen-zwei-wege-audio-funktioniert-mit-alexa-24-ghz-2-stueck\/#breadcrumb\"},\"inLanguage\":\"de\",\"potentialAction\":[{\"@type\":\"ReadAction\",\"target\":[\"https:\/\/easyliferobo.com\/de\/product\/wlan-ueberwachungskamera-fuer-den-innenbereich-360-kameraueberwachung-mit-ki-bewegungserkennung-individuelle-szenariowarnungen-zwei-wege-audio-funktioniert-mit-alexa-24-ghz-2-stueck\/\"]}]},{\"@type\":\"ImageObject\",\"inLanguage\":\"de\",\"@id\":\"https:\/\/easyliferobo.com\/de\/product\/wlan-ueberwachungskamera-fuer-den-innenbereich-360-kameraueberwachung-mit-ki-bewegungserkennung-individuelle-szenariowarnungen-zwei-wege-audio-funktioniert-mit-alexa-24-ghz-2-stueck\/#primaryimage\",\"url\":\"https:\/\/easyliferobo.com\/de\/wp-content\/uploads\/2026\/02\/61z2uux8giL._AC_SL1500_.jpg\",\"contentUrl\":\"https:\/\/easyliferobo.com\/de\/wp-content\/uploads\/2026\/02\/61z2uux8giL._AC_SL1500_.jpg\",\"width\":1496,\"height\":1288},{\"@type\":\"BreadcrumbList\",\"@id\":\"https:\/\/easyliferobo.com\/de\/product\/wlan-ueberwachungskamera-fuer-den-innenbereich-360-kameraueberwachung-mit-ki-bewegungserkennung-individuelle-szenariowarnungen-zwei-wege-audio-funktioniert-mit-alexa-24-ghz-2-stueck\/#breadcrumb\",\"itemListElement\":[{\"@type\":\"ListItem\",\"position\":1,\"name\":\"Home\",\"item\":\"https:\/\/easyliferobo.com\/de\/\"},{\"@type\":\"ListItem\",\"position\":2,\"name\":\"Shop\",\"item\":\"https:\/\/easyliferobo.com\/de\/shop\/\"},{\"@type\":\"ListItem\",\"position\":3,\"name\":\"WLAN-\u00dcberwachungskamera f\u00fcr den I...\"}]},{\"@type\":\"WebSite\",\"@id\":\"https:\/\/easyliferobo.com\/de\/#website\",\"url\":\"https:\/\/easyliferobo.com\/de\/\",\"name\":\"EasyLifeBro\",\"description\":\"Smarte Roboter f\u00fcr Zuhause, Garten &amp; Bildung\",\"publisher\":{\"@id\":\"https:\/\/easyliferobo.com\/de\/#organization\"},\"potentialAction\":[{\"@type\":\"SearchAction\",\"target\":{\"@type\":\"EntryPoint\",\"urlTemplate\":\"https:\/\/easyliferobo.com\/de\/?s={search_term_string}\"},\"query-input\":{\"@type\":\"PropertyValueSpecification\",\"valueRequired\":true,\"valueName\":\"search_term_string\"}}],\"inLanguage\":\"de\"},{\"@type\":\"Organization\",\"@id\":\"https:\/\/easyliferobo.com\/de\/#organization\",\"name\":\"EasyLifeBro\",\"url\":\"https:\/\/easyliferobo.com\/de\/\",\"logo\":{\"@type\":\"ImageObject\",\"inLanguage\":\"de\",\"@id\":\"https:\/\/easyliferobo.com\/de\/#\/schema\/logo\/image\/\",\"url\":\"https:\/\/easyliferobo.com\/de\/wp-content\/uploads\/2026\/02\/Screenshot-2026-02-22-at-2.25.03-PM.png\",\"contentUrl\":\"https:\/\/easyliferobo.com\/de\/wp-content\/uploads\/2026\/02\/Screenshot-2026-02-22-at-2.25.03-PM.png\",\"width\":1858,\"height\":430,\"caption\":\"EasyLifeBro\"},\"image\":{\"@id\":\"https:\/\/easyliferobo.com\/de\/#\/schema\/logo\/image\/\"}}]}<\/script>\n<!-- \/ Yoast SEO plugin. -->","yoast_head_json":{"title":"WLAN-\u00dcberwachungskamera f\u00fcr den Innenbereich, 360\u00b0-Kamera\u00fcberwachung mit KI-Bewegungserkennung, individuelle Szenariowarnungen, Zwei-Wege-Audio, funktioniert mit Alexa, 2,4 GHz, 2 St\u00fcck - EasyLifeBro","description":"Entdecken Sie smarte Roboter f\u00fcr Zuhause, Garten, Bildung und Sicherheit. Vergleichen Sie Saugroboter, Rasenm\u00e4hroboter, KI-Begleitroboter und mehr bei EasyLifeRobo.","robots":{"index":"index","follow":"follow","max-snippet":"max-snippet:-1","max-image-preview":"max-image-preview:large","max-video-preview":"max-video-preview:-1"},"canonical":"https:\/\/easyliferobo.com\/de\/product\/wlan-ueberwachungskamera-fuer-den-innenbereich-360-kameraueberwachung-mit-ki-bewegungserkennung-individuelle-szenariowarnungen-zwei-wege-audio-funktioniert-mit-alexa-24-ghz-2-stueck\/","og_locale":"de_DE","og_type":"article","og_title":"WLAN-\u00dcberwachungskamera f\u00fcr den Innenbereich, 360\u00b0-Kamera\u00fcberwachung mit KI-Bewegungserkennung, individuelle Szenariowarnungen, Zwei-Wege-Audio, funktioniert mit Alexa, 2,4 GHz, 2 St\u00fcck - EasyLifeBro","og_description":"Entdecken Sie smarte Roboter f\u00fcr Zuhause, Garten, Bildung und Sicherheit. Vergleichen Sie Saugroboter, Rasenm\u00e4hroboter, KI-Begleitroboter und mehr bei EasyLifeRobo.","og_url":"https:\/\/easyliferobo.com\/de\/product\/wlan-ueberwachungskamera-fuer-den-innenbereich-360-kameraueberwachung-mit-ki-bewegungserkennung-individuelle-szenariowarnungen-zwei-wege-audio-funktioniert-mit-alexa-24-ghz-2-stueck\/","og_site_name":"EasyLifeBro","article_modified_time":"2026-02-22T19:58:58+00:00","og_image":[{"width":1496,"height":1288,"url":"https:\/\/easyliferobo.com\/de\/wp-content\/uploads\/2026\/02\/61z2uux8giL._AC_SL1500_.jpg","type":"image\/jpeg"}],"twitter_card":"summary_large_image","twitter_misc":{"Gesch\u00e4tzte Lesezeit":"1\u00a0Minute"},"schema":{"@context":"https:\/\/schema.org","@graph":[{"@type":"WebPage","@id":"https:\/\/easyliferobo.com\/de\/product\/wlan-ueberwachungskamera-fuer-den-innenbereich-360-kameraueberwachung-mit-ki-bewegungserkennung-individuelle-szenariowarnungen-zwei-wege-audio-funktioniert-mit-alexa-24-ghz-2-stueck\/","url":"https:\/\/easyliferobo.com\/de\/product\/wlan-ueberwachungskamera-fuer-den-innenbereich-360-kameraueberwachung-mit-ki-bewegungserkennung-individuelle-szenariowarnungen-zwei-wege-audio-funktioniert-mit-alexa-24-ghz-2-stueck\/","name":"WLAN-\u00dcberwachungskamera f\u00fcr den Innenbereich, 360\u00b0-Kamera\u00fcberwachung mit KI-Bewegungserkennung, individuelle Szenariowarnungen, Zwei-Wege-Audio, funktioniert mit Alexa, 2,4 GHz, 2 St\u00fcck - EasyLifeBro","isPartOf":{"@id":"https:\/\/easyliferobo.com\/de\/#website"},"primaryImageOfPage":{"@id":"https:\/\/easyliferobo.com\/de\/product\/wlan-ueberwachungskamera-fuer-den-innenbereich-360-kameraueberwachung-mit-ki-bewegungserkennung-individuelle-szenariowarnungen-zwei-wege-audio-funktioniert-mit-alexa-24-ghz-2-stueck\/#primaryimage"},"image":{"@id":"https:\/\/easyliferobo.com\/de\/product\/wlan-ueberwachungskamera-fuer-den-innenbereich-360-kameraueberwachung-mit-ki-bewegungserkennung-individuelle-szenariowarnungen-zwei-wege-audio-funktioniert-mit-alexa-24-ghz-2-stueck\/#primaryimage"},"thumbnailUrl":"https:\/\/easyliferobo.com\/de\/wp-content\/uploads\/2026\/02\/61z2uux8giL._AC_SL1500_.jpg","datePublished":"2026-02-22T19:58:41+00:00","dateModified":"2026-02-22T19:58:58+00:00","description":"Entdecken Sie smarte Roboter f\u00fcr Zuhause, Garten, Bildung und Sicherheit. Vergleichen Sie Saugroboter, Rasenm\u00e4hroboter, KI-Begleitroboter und mehr bei EasyLifeRobo.","breadcrumb":{"@id":"https:\/\/easyliferobo.com\/de\/product\/wlan-ueberwachungskamera-fuer-den-innenbereich-360-kameraueberwachung-mit-ki-bewegungserkennung-individuelle-szenariowarnungen-zwei-wege-audio-funktioniert-mit-alexa-24-ghz-2-stueck\/#breadcrumb"},"inLanguage":"de","potentialAction":[{"@type":"ReadAction","target":["https:\/\/easyliferobo.com\/de\/product\/wlan-ueberwachungskamera-fuer-den-innenbereich-360-kameraueberwachung-mit-ki-bewegungserkennung-individuelle-szenariowarnungen-zwei-wege-audio-funktioniert-mit-alexa-24-ghz-2-stueck\/"]}]},{"@type":"ImageObject","inLanguage":"de","@id":"https:\/\/easyliferobo.com\/de\/product\/wlan-ueberwachungskamera-fuer-den-innenbereich-360-kameraueberwachung-mit-ki-bewegungserkennung-individuelle-szenariowarnungen-zwei-wege-audio-funktioniert-mit-alexa-24-ghz-2-stueck\/#primaryimage","url":"https:\/\/easyliferobo.com\/de\/wp-content\/uploads\/2026\/02\/61z2uux8giL._AC_SL1500_.jpg","contentUrl":"https:\/\/easyliferobo.com\/de\/wp-content\/uploads\/2026\/02\/61z2uux8giL._AC_SL1500_.jpg","width":1496,"height":1288},{"@type":"BreadcrumbList","@id":"https:\/\/easyliferobo.com\/de\/product\/wlan-ueberwachungskamera-fuer-den-innenbereich-360-kameraueberwachung-mit-ki-bewegungserkennung-individuelle-szenariowarnungen-zwei-wege-audio-funktioniert-mit-alexa-24-ghz-2-stueck\/#breadcrumb","itemListElement":[{"@type":"ListItem","position":1,"name":"Home","item":"https:\/\/easyliferobo.com\/de\/"},{"@type":"ListItem","position":2,"name":"Shop","item":"https:\/\/easyliferobo.com\/de\/shop\/"},{"@type":"ListItem","position":3,"name":"WLAN-\u00dcberwachungskamera f\u00fcr den I..."}]},{"@type":"WebSite","@id":"https:\/\/easyliferobo.com\/de\/#website","url":"https:\/\/easyliferobo.com\/de\/","name":"EasyLifeBro","description":"Smarte Roboter f\u00fcr Zuhause, Garten &amp; Bildung","publisher":{"@id":"https:\/\/easyliferobo.com\/de\/#organization"},"potentialAction":[{"@type":"SearchAction","target":{"@type":"EntryPoint","urlTemplate":"https:\/\/easyliferobo.com\/de\/?s={search_term_string}"},"query-input":{"@type":"PropertyValueSpecification","valueRequired":true,"valueName":"search_term_string"}}],"inLanguage":"de"},{"@type":"Organization","@id":"https:\/\/easyliferobo.com\/de\/#organization","name":"EasyLifeBro","url":"https:\/\/easyliferobo.com\/de\/","logo":{"@type":"ImageObject","inLanguage":"de","@id":"https:\/\/easyliferobo.com\/de\/#\/schema\/logo\/image\/","url":"https:\/\/easyliferobo.com\/de\/wp-content\/uploads\/2026\/02\/Screenshot-2026-02-22-at-2.25.03-PM.png","contentUrl":"https:\/\/easyliferobo.com\/de\/wp-content\/uploads\/2026\/02\/Screenshot-2026-02-22-at-2.25.03-PM.png","width":1858,"height":430,"caption":"EasyLifeBro"},"image":{"@id":"https:\/\/easyliferobo.com\/de\/#\/schema\/logo\/image\/"}}]}},"_links":{"self":[{"href":"https:\/\/easyliferobo.com\/de\/wp-json\/wp\/v2\/product\/1243","targetHints":{"allow":["GET"]}}],"collection":[{"href":"https:\/\/easyliferobo.com\/de\/wp-json\/wp\/v2\/product"}],"about":[{"href":"https:\/\/easyliferobo.com\/de\/wp-json\/wp\/v2\/types\/product"}],"replies":[{"embeddable":true,"href":"https:\/\/easyliferobo.com\/de\/wp-json\/wp\/v2\/comments?post=1243"}],"wp:featuredmedia":[{"embeddable":true,"href":"https:\/\/easyliferobo.com\/de\/wp-json\/wp\/v2\/media\/1244"}],"wp:attachment":[{"href":"https:\/\/easyliferobo.com\/de\/wp-json\/wp\/v2\/media?parent=1243"}],"wp:term":[{"taxonomy":"store","embeddable":true,"href":"https:\/\/easyliferobo.com\/de\/wp-json\/wp\/v2\/store?post=1243"},{"taxonomy":"product_brand","embeddable":true,"href":"https:\/\/easyliferobo.com\/de\/wp-json\/wp\/v2\/product_brand?post=1243"},{"taxonomy":"product_cat","embeddable":true,"href":"https:\/\/easyliferobo.com\/de\/wp-json\/wp\/v2\/product_cat?post=1243"},{"taxonomy":"product_tag","embeddable":true,"href":"https:\/\/easyliferobo.com\/de\/wp-json\/wp\/v2\/product_tag?post=1243"}],"curies":[{"name":"wp","href":"https:\/\/api.w.org\/{rel}","templated":true}]}}