
{"id":1232,"date":"2026-02-22T19:56:54","date_gmt":"2026-02-22T19:56:54","guid":{"rendered":"https:\/\/easyliferobo.com\/de\/product\/sungooyue-hochpraezise-servant-motorsteuerung-fuer-bldc-foc-mit-bewegungsmodus-fuer-feedback-simulator-von-inspektionsrobotern-automobilrobotern\/"},"modified":"2026-02-22T23:35:39","modified_gmt":"2026-02-22T23:35:39","slug":"sungooyue-hochpraezise-servant-motorsteuerung-fuer-bldc-foc-mit-bewegungsmodus-fuer-feedback-simulator-von-inspektionsrobotern-automobilrobotern","status":"publish","type":"product","link":"https:\/\/easyliferobo.com\/de\/product\/sungooyue-hochpraezise-servant-motorsteuerung-fuer-bldc-foc-mit-bewegungsmodus-fuer-feedback-simulator-von-inspektionsrobotern-automobilrobotern\/","title":{"rendered":"SUNGOOYUE Hochpr\u00e4zise Servant-Moto..."},"content":{"rendered":"<p>    <span>1. Bewegungsmodus Die Registerkarte \u201eServing Engine Controller without Brush\u201c unterst\u00fctzt Geschwindigkeit, Position, Strom, Drehung, Flugbahn und andere Motorsteuerungsmodi mit starker Kompatibilit\u00e4t, um mehr Nutzungsanforderungen zu erf\u00fcllen. <br \/>2 Gro\u00dfbritannien <br \/>3 Mit USB-, PWM-, ORT-, Can-, Analogeingangs-, Schritt- und Richtungs-, GPIO- und ASCII-COM-Schnittstellen. <br \/>4 US <br \/>5 US <br \/>Technische Daten: <br \/>Artikeltyp: Servomotor-Controller ohne B\u00fcrste. <br \/>Hardwareversion: F\u00fcr ODESC v4.2 <br \/>Getriebemotor: CC-Motor ohne B\u00fcrsten (BLDC). <br \/>Bremsmodus: Leistungswiderstand, Batterierecycling. <br \/>Mikroprozessor: f\u00fcr STM32F405RGT6 <br \/>Betriebsspannung: 8-24 V. <br \/>Maximaler Strom: 120a. <br \/>Dauerstrom: 70 <br \/>Ma\u00dfe: ca. 63 x 58 x 30 mm \/ 2,5 x 2,3 x 1,2 Zoll. <br \/>Anwendung: <br \/>Verwendung mit Motor. <br \/>Paketliste: <br \/>1 x Autofahrer. <br \/>1 Typ-C-Typ-C-Datenkabel. <br \/>1 x Potenza 50W 2\u03a9 Widerstand <br \/>2 x 12AWG Silikonf\u00e4den. <br \/>1 x SH1,0 mm 2P-Einzelkopfkabel. <br \/>1 x SH1,0 mm 5p Einzelkopfkabel. <br \/>1 x 1,0 mm 6p mit Einzelkabel <br \/>1 x Sh1,0 mm 5p Doppelkopfkabel. <br \/>1 x Sh1,0 mm 6p Doppelkopf<\/span>    <br \/>Pr\u00e4zise Motorsteuerung: Garantiert genaue Drehzahlanpassung, Drehmoment\u00fcberwachung und Drehmomenteinstellungen.<br \/>(Easy Interface) bietet intuitive Schnittstellen wie USB, PWM, UART, CAN und einen analogen Eingang f\u00fcr den nicht zorbelisierten Betrieb.<br \/>Langlebige Konstruktion: oft mit Kupferschicht und langlebigem Institutsprozess hergestellt.<br \/>Verschiedene Anwendungen: geeignet f\u00fcr industrielle Automatisierung, Roboterwaffen, 3D-Drucker und Feedback-Simulatoren.<br \/>Fortschrittliche W\u00e4rmeabteilung: Verf\u00fcgt \u00fcber einen Aluminium-W\u00e4rmeableiter, um eine \u00dcberhitzung w\u00e4hrend des Betriebs zu vermeiden.<\/p>\n<p>[ad_2]<\/p>\n","protected":false},"excerpt":{"rendered":"<p>1. Bewegungsmodus Die Registerkarte \u201eServing Engine Controller without Brush\u201c unterst\u00fctzt Geschwindigkeit, Position, Strom, Drehung, Flugbahn und andere Motorsteuerungsmodi mit starker Kompatibilit\u00e4t, um mehr Nutzungsanforderungen zu erf\u00fcllen. 2 Gro\u00dfbritannien 3 Mit USB-, PWM-, ORT-, Can-, Analogeingangs-, Schritt- und Richtungs-, GPIO- und ASCII-COM-Schnittstellen. 4 US 5 US Technische Daten: Artikeltyp: Servomotor-Controller ohne B\u00fcrste. Hardwareversion: F\u00fcr ODESC v4.2 [&hellip;]<\/p>\n","protected":false},"featured_media":1233,"comment_status":"open","ping_status":"closed","template":"","meta":{"_aipt_faq_data":""},"store":[],"product_brand":[],"product_cat":[114],"product_tag":[258],"class_list":{"0":"post-1232","1":"product","2":"type-product","3":"status-publish","4":"has-post-thumbnail","6":"product_cat-inspektionsroboter","7":"product_tag-industrielle-inspektionsroboter","9":"first","10":"instock","11":"sale","12":"shipping-taxable","13":"product-type-external"},"yoast_head":"<!-- This site is optimized with the Yoast SEO plugin v27.4 - https:\/\/yoast.com\/product\/yoast-seo-wordpress\/ -->\n<title>SUNGOOYUE Hochpr\u00e4zise Servant-Motorsteuerung f\u00fcr BLDC-FOC mit Bewegungsmodus f\u00fcr Feedback-Simulator von Inspektionsrobotern, Automobilrobotern - EasyLifeBro<\/title>\n<meta name=\"description\" content=\"Entdecken Sie smarte Roboter f\u00fcr Zuhause, Garten, Bildung und Sicherheit. Vergleichen Sie Saugroboter, Rasenm\u00e4hroboter, KI-Begleitroboter und mehr bei EasyLifeRobo.\" \/>\n<meta name=\"robots\" content=\"index, follow, max-snippet:-1, max-image-preview:large, max-video-preview:-1\" \/>\n<link rel=\"canonical\" href=\"https:\/\/easyliferobo.com\/de\/product\/sungooyue-hochpraezise-servant-motorsteuerung-fuer-bldc-foc-mit-bewegungsmodus-fuer-feedback-simulator-von-inspektionsrobotern-automobilrobotern\/\" \/>\n<meta property=\"og:locale\" content=\"de_DE\" \/>\n<meta property=\"og:type\" content=\"article\" \/>\n<meta property=\"og:title\" content=\"SUNGOOYUE Hochpr\u00e4zise Servant-Motorsteuerung f\u00fcr BLDC-FOC mit Bewegungsmodus f\u00fcr Feedback-Simulator von Inspektionsrobotern, Automobilrobotern - EasyLifeBro\" \/>\n<meta property=\"og:description\" content=\"Entdecken Sie smarte Roboter f\u00fcr Zuhause, Garten, Bildung und Sicherheit. Vergleichen Sie Saugroboter, Rasenm\u00e4hroboter, KI-Begleitroboter und mehr bei EasyLifeRobo.\" \/>\n<meta property=\"og:url\" content=\"https:\/\/easyliferobo.com\/de\/product\/sungooyue-hochpraezise-servant-motorsteuerung-fuer-bldc-foc-mit-bewegungsmodus-fuer-feedback-simulator-von-inspektionsrobotern-automobilrobotern\/\" \/>\n<meta property=\"og:site_name\" content=\"EasyLifeBro\" \/>\n<meta property=\"article:modified_time\" content=\"2026-02-22T23:35:39+00:00\" \/>\n<meta property=\"og:image\" content=\"https:\/\/easyliferobo.com\/de\/wp-content\/uploads\/2026\/02\/71TLKSRM9qL._AC_SL1500_.jpg\" \/>\n\t<meta property=\"og:image:width\" content=\"1393\" \/>\n\t<meta property=\"og:image:height\" content=\"1281\" \/>\n\t<meta property=\"og:image:type\" content=\"image\/jpeg\" \/>\n<meta name=\"twitter:card\" content=\"summary_large_image\" \/>\n<meta name=\"twitter:label1\" content=\"Gesch\u00e4tzte Lesezeit\" \/>\n\t<meta name=\"twitter:data1\" content=\"1\u00a0Minute\" \/>\n<script type=\"application\/ld+json\" class=\"yoast-schema-graph\">{\"@context\":\"https:\\\/\\\/schema.org\",\"@graph\":[{\"@type\":\"WebPage\",\"@id\":\"https:\\\/\\\/easyliferobo.com\\\/de\\\/product\\\/sungooyue-hochpraezise-servant-motorsteuerung-fuer-bldc-foc-mit-bewegungsmodus-fuer-feedback-simulator-von-inspektionsrobotern-automobilrobotern\\\/\",\"url\":\"https:\\\/\\\/easyliferobo.com\\\/de\\\/product\\\/sungooyue-hochpraezise-servant-motorsteuerung-fuer-bldc-foc-mit-bewegungsmodus-fuer-feedback-simulator-von-inspektionsrobotern-automobilrobotern\\\/\",\"name\":\"SUNGOOYUE Hochpr\u00e4zise Servant-Motorsteuerung f\u00fcr BLDC-FOC mit Bewegungsmodus f\u00fcr Feedback-Simulator von Inspektionsrobotern, Automobilrobotern - EasyLifeBro\",\"isPartOf\":{\"@id\":\"https:\\\/\\\/easyliferobo.com\\\/de\\\/#website\"},\"primaryImageOfPage\":{\"@id\":\"https:\\\/\\\/easyliferobo.com\\\/de\\\/product\\\/sungooyue-hochpraezise-servant-motorsteuerung-fuer-bldc-foc-mit-bewegungsmodus-fuer-feedback-simulator-von-inspektionsrobotern-automobilrobotern\\\/#primaryimage\"},\"image\":{\"@id\":\"https:\\\/\\\/easyliferobo.com\\\/de\\\/product\\\/sungooyue-hochpraezise-servant-motorsteuerung-fuer-bldc-foc-mit-bewegungsmodus-fuer-feedback-simulator-von-inspektionsrobotern-automobilrobotern\\\/#primaryimage\"},\"thumbnailUrl\":\"https:\\\/\\\/easyliferobo.com\\\/de\\\/wp-content\\\/uploads\\\/2026\\\/02\\\/71TLKSRM9qL._AC_SL1500_.jpg\",\"datePublished\":\"2026-02-22T19:56:54+00:00\",\"dateModified\":\"2026-02-22T23:35:39+00:00\",\"description\":\"Entdecken Sie smarte Roboter f\u00fcr Zuhause, Garten, Bildung und Sicherheit. Vergleichen Sie Saugroboter, Rasenm\u00e4hroboter, KI-Begleitroboter und mehr bei EasyLifeRobo.\",\"breadcrumb\":{\"@id\":\"https:\\\/\\\/easyliferobo.com\\\/de\\\/product\\\/sungooyue-hochpraezise-servant-motorsteuerung-fuer-bldc-foc-mit-bewegungsmodus-fuer-feedback-simulator-von-inspektionsrobotern-automobilrobotern\\\/#breadcrumb\"},\"inLanguage\":\"de\",\"potentialAction\":[{\"@type\":\"ReadAction\",\"target\":[\"https:\\\/\\\/easyliferobo.com\\\/de\\\/product\\\/sungooyue-hochpraezise-servant-motorsteuerung-fuer-bldc-foc-mit-bewegungsmodus-fuer-feedback-simulator-von-inspektionsrobotern-automobilrobotern\\\/\"]}]},{\"@type\":\"ImageObject\",\"inLanguage\":\"de\",\"@id\":\"https:\\\/\\\/easyliferobo.com\\\/de\\\/product\\\/sungooyue-hochpraezise-servant-motorsteuerung-fuer-bldc-foc-mit-bewegungsmodus-fuer-feedback-simulator-von-inspektionsrobotern-automobilrobotern\\\/#primaryimage\",\"url\":\"https:\\\/\\\/easyliferobo.com\\\/de\\\/wp-content\\\/uploads\\\/2026\\\/02\\\/71TLKSRM9qL._AC_SL1500_.jpg\",\"contentUrl\":\"https:\\\/\\\/easyliferobo.com\\\/de\\\/wp-content\\\/uploads\\\/2026\\\/02\\\/71TLKSRM9qL._AC_SL1500_.jpg\",\"width\":1393,\"height\":1281},{\"@type\":\"BreadcrumbList\",\"@id\":\"https:\\\/\\\/easyliferobo.com\\\/de\\\/product\\\/sungooyue-hochpraezise-servant-motorsteuerung-fuer-bldc-foc-mit-bewegungsmodus-fuer-feedback-simulator-von-inspektionsrobotern-automobilrobotern\\\/#breadcrumb\",\"itemListElement\":[{\"@type\":\"ListItem\",\"position\":1,\"name\":\"Home\",\"item\":\"https:\\\/\\\/easyliferobo.com\\\/de\\\/\"},{\"@type\":\"ListItem\",\"position\":2,\"name\":\"Shop\",\"item\":\"https:\\\/\\\/easyliferobo.com\\\/de\\\/shop\\\/\"},{\"@type\":\"ListItem\",\"position\":3,\"name\":\"SUNGOOYUE Hochpr\u00e4zise Servant-Motorsteuerung f\u00fcr BLDC-FOC mit Bewegungsmodus f\u00fcr Feedback-Simulator von Inspektionsrobotern, Automobilrobotern\"}]},{\"@type\":\"WebSite\",\"@id\":\"https:\\\/\\\/easyliferobo.com\\\/de\\\/#website\",\"url\":\"https:\\\/\\\/easyliferobo.com\\\/de\\\/\",\"name\":\"EasyLifeBro\",\"description\":\"Smarte Roboter f\u00fcr Zuhause, Garten &amp; Bildung\",\"publisher\":{\"@id\":\"https:\\\/\\\/easyliferobo.com\\\/de\\\/#organization\"},\"potentialAction\":[{\"@type\":\"SearchAction\",\"target\":{\"@type\":\"EntryPoint\",\"urlTemplate\":\"https:\\\/\\\/easyliferobo.com\\\/de\\\/?s={search_term_string}\"},\"query-input\":{\"@type\":\"PropertyValueSpecification\",\"valueRequired\":true,\"valueName\":\"search_term_string\"}}],\"inLanguage\":\"de\"},{\"@type\":\"Organization\",\"@id\":\"https:\\\/\\\/easyliferobo.com\\\/de\\\/#organization\",\"name\":\"EasyLifeBro\",\"url\":\"https:\\\/\\\/easyliferobo.com\\\/de\\\/\",\"logo\":{\"@type\":\"ImageObject\",\"inLanguage\":\"de\",\"@id\":\"https:\\\/\\\/easyliferobo.com\\\/de\\\/#\\\/schema\\\/logo\\\/image\\\/\",\"url\":\"https:\\\/\\\/easyliferobo.com\\\/de\\\/wp-content\\\/uploads\\\/2026\\\/02\\\/Screenshot-2026-02-22-at-2.25.03-PM.png\",\"contentUrl\":\"https:\\\/\\\/easyliferobo.com\\\/de\\\/wp-content\\\/uploads\\\/2026\\\/02\\\/Screenshot-2026-02-22-at-2.25.03-PM.png\",\"width\":1858,\"height\":430,\"caption\":\"EasyLifeBro\"},\"image\":{\"@id\":\"https:\\\/\\\/easyliferobo.com\\\/de\\\/#\\\/schema\\\/logo\\\/image\\\/\"}}]}<\/script>\n<!-- \/ Yoast SEO plugin. -->","yoast_head_json":{"title":"SUNGOOYUE Hochpr\u00e4zise Servant-Motorsteuerung f\u00fcr BLDC-FOC mit Bewegungsmodus f\u00fcr Feedback-Simulator von Inspektionsrobotern, Automobilrobotern - EasyLifeBro","description":"Entdecken Sie smarte Roboter f\u00fcr Zuhause, Garten, Bildung und Sicherheit. Vergleichen Sie Saugroboter, Rasenm\u00e4hroboter, KI-Begleitroboter und mehr bei EasyLifeRobo.","robots":{"index":"index","follow":"follow","max-snippet":"max-snippet:-1","max-image-preview":"max-image-preview:large","max-video-preview":"max-video-preview:-1"},"canonical":"https:\/\/easyliferobo.com\/de\/product\/sungooyue-hochpraezise-servant-motorsteuerung-fuer-bldc-foc-mit-bewegungsmodus-fuer-feedback-simulator-von-inspektionsrobotern-automobilrobotern\/","og_locale":"de_DE","og_type":"article","og_title":"SUNGOOYUE Hochpr\u00e4zise Servant-Motorsteuerung f\u00fcr BLDC-FOC mit Bewegungsmodus f\u00fcr Feedback-Simulator von Inspektionsrobotern, Automobilrobotern - EasyLifeBro","og_description":"Entdecken Sie smarte Roboter f\u00fcr Zuhause, Garten, Bildung und Sicherheit. Vergleichen Sie Saugroboter, Rasenm\u00e4hroboter, KI-Begleitroboter und mehr bei EasyLifeRobo.","og_url":"https:\/\/easyliferobo.com\/de\/product\/sungooyue-hochpraezise-servant-motorsteuerung-fuer-bldc-foc-mit-bewegungsmodus-fuer-feedback-simulator-von-inspektionsrobotern-automobilrobotern\/","og_site_name":"EasyLifeBro","article_modified_time":"2026-02-22T23:35:39+00:00","og_image":[{"width":1393,"height":1281,"url":"https:\/\/easyliferobo.com\/de\/wp-content\/uploads\/2026\/02\/71TLKSRM9qL._AC_SL1500_.jpg","type":"image\/jpeg"}],"twitter_card":"summary_large_image","twitter_misc":{"Gesch\u00e4tzte Lesezeit":"1\u00a0Minute"},"schema":{"@context":"https:\/\/schema.org","@graph":[{"@type":"WebPage","@id":"https:\/\/easyliferobo.com\/de\/product\/sungooyue-hochpraezise-servant-motorsteuerung-fuer-bldc-foc-mit-bewegungsmodus-fuer-feedback-simulator-von-inspektionsrobotern-automobilrobotern\/","url":"https:\/\/easyliferobo.com\/de\/product\/sungooyue-hochpraezise-servant-motorsteuerung-fuer-bldc-foc-mit-bewegungsmodus-fuer-feedback-simulator-von-inspektionsrobotern-automobilrobotern\/","name":"SUNGOOYUE Hochpr\u00e4zise Servant-Motorsteuerung f\u00fcr BLDC-FOC mit Bewegungsmodus f\u00fcr Feedback-Simulator von Inspektionsrobotern, Automobilrobotern - EasyLifeBro","isPartOf":{"@id":"https:\/\/easyliferobo.com\/de\/#website"},"primaryImageOfPage":{"@id":"https:\/\/easyliferobo.com\/de\/product\/sungooyue-hochpraezise-servant-motorsteuerung-fuer-bldc-foc-mit-bewegungsmodus-fuer-feedback-simulator-von-inspektionsrobotern-automobilrobotern\/#primaryimage"},"image":{"@id":"https:\/\/easyliferobo.com\/de\/product\/sungooyue-hochpraezise-servant-motorsteuerung-fuer-bldc-foc-mit-bewegungsmodus-fuer-feedback-simulator-von-inspektionsrobotern-automobilrobotern\/#primaryimage"},"thumbnailUrl":"https:\/\/easyliferobo.com\/de\/wp-content\/uploads\/2026\/02\/71TLKSRM9qL._AC_SL1500_.jpg","datePublished":"2026-02-22T19:56:54+00:00","dateModified":"2026-02-22T23:35:39+00:00","description":"Entdecken Sie smarte Roboter f\u00fcr Zuhause, Garten, Bildung und Sicherheit. Vergleichen Sie Saugroboter, Rasenm\u00e4hroboter, KI-Begleitroboter und mehr bei EasyLifeRobo.","breadcrumb":{"@id":"https:\/\/easyliferobo.com\/de\/product\/sungooyue-hochpraezise-servant-motorsteuerung-fuer-bldc-foc-mit-bewegungsmodus-fuer-feedback-simulator-von-inspektionsrobotern-automobilrobotern\/#breadcrumb"},"inLanguage":"de","potentialAction":[{"@type":"ReadAction","target":["https:\/\/easyliferobo.com\/de\/product\/sungooyue-hochpraezise-servant-motorsteuerung-fuer-bldc-foc-mit-bewegungsmodus-fuer-feedback-simulator-von-inspektionsrobotern-automobilrobotern\/"]}]},{"@type":"ImageObject","inLanguage":"de","@id":"https:\/\/easyliferobo.com\/de\/product\/sungooyue-hochpraezise-servant-motorsteuerung-fuer-bldc-foc-mit-bewegungsmodus-fuer-feedback-simulator-von-inspektionsrobotern-automobilrobotern\/#primaryimage","url":"https:\/\/easyliferobo.com\/de\/wp-content\/uploads\/2026\/02\/71TLKSRM9qL._AC_SL1500_.jpg","contentUrl":"https:\/\/easyliferobo.com\/de\/wp-content\/uploads\/2026\/02\/71TLKSRM9qL._AC_SL1500_.jpg","width":1393,"height":1281},{"@type":"BreadcrumbList","@id":"https:\/\/easyliferobo.com\/de\/product\/sungooyue-hochpraezise-servant-motorsteuerung-fuer-bldc-foc-mit-bewegungsmodus-fuer-feedback-simulator-von-inspektionsrobotern-automobilrobotern\/#breadcrumb","itemListElement":[{"@type":"ListItem","position":1,"name":"Home","item":"https:\/\/easyliferobo.com\/de\/"},{"@type":"ListItem","position":2,"name":"Shop","item":"https:\/\/easyliferobo.com\/de\/shop\/"},{"@type":"ListItem","position":3,"name":"SUNGOOYUE Hochpr\u00e4zise Servant-Motorsteuerung f\u00fcr BLDC-FOC mit Bewegungsmodus f\u00fcr Feedback-Simulator von Inspektionsrobotern, Automobilrobotern"}]},{"@type":"WebSite","@id":"https:\/\/easyliferobo.com\/de\/#website","url":"https:\/\/easyliferobo.com\/de\/","name":"EasyLifeBro","description":"Smarte Roboter f\u00fcr Zuhause, Garten &amp; Bildung","publisher":{"@id":"https:\/\/easyliferobo.com\/de\/#organization"},"potentialAction":[{"@type":"SearchAction","target":{"@type":"EntryPoint","urlTemplate":"https:\/\/easyliferobo.com\/de\/?s={search_term_string}"},"query-input":{"@type":"PropertyValueSpecification","valueRequired":true,"valueName":"search_term_string"}}],"inLanguage":"de"},{"@type":"Organization","@id":"https:\/\/easyliferobo.com\/de\/#organization","name":"EasyLifeBro","url":"https:\/\/easyliferobo.com\/de\/","logo":{"@type":"ImageObject","inLanguage":"de","@id":"https:\/\/easyliferobo.com\/de\/#\/schema\/logo\/image\/","url":"https:\/\/easyliferobo.com\/de\/wp-content\/uploads\/2026\/02\/Screenshot-2026-02-22-at-2.25.03-PM.png","contentUrl":"https:\/\/easyliferobo.com\/de\/wp-content\/uploads\/2026\/02\/Screenshot-2026-02-22-at-2.25.03-PM.png","width":1858,"height":430,"caption":"EasyLifeBro"},"image":{"@id":"https:\/\/easyliferobo.com\/de\/#\/schema\/logo\/image\/"}}]}},"_links":{"self":[{"href":"https:\/\/easyliferobo.com\/de\/wp-json\/wp\/v2\/product\/1232","targetHints":{"allow":["GET"]}}],"collection":[{"href":"https:\/\/easyliferobo.com\/de\/wp-json\/wp\/v2\/product"}],"about":[{"href":"https:\/\/easyliferobo.com\/de\/wp-json\/wp\/v2\/types\/product"}],"replies":[{"embeddable":true,"href":"https:\/\/easyliferobo.com\/de\/wp-json\/wp\/v2\/comments?post=1232"}],"wp:featuredmedia":[{"embeddable":true,"href":"https:\/\/easyliferobo.com\/de\/wp-json\/wp\/v2\/media\/1233"}],"wp:attachment":[{"href":"https:\/\/easyliferobo.com\/de\/wp-json\/wp\/v2\/media?parent=1232"}],"wp:term":[{"taxonomy":"store","embeddable":true,"href":"https:\/\/easyliferobo.com\/de\/wp-json\/wp\/v2\/store?post=1232"},{"taxonomy":"product_brand","embeddable":true,"href":"https:\/\/easyliferobo.com\/de\/wp-json\/wp\/v2\/product_brand?post=1232"},{"taxonomy":"product_cat","embeddable":true,"href":"https:\/\/easyliferobo.com\/de\/wp-json\/wp\/v2\/product_cat?post=1232"},{"taxonomy":"product_tag","embeddable":true,"href":"https:\/\/easyliferobo.com\/de\/wp-json\/wp\/v2\/product_tag?post=1232"}],"curies":[{"name":"wp","href":"https:\/\/api.w.org\/{rel}","templated":true}]}}