
{"id":1205,"date":"2026-02-22T19:54:06","date_gmt":"2026-02-22T19:54:06","guid":{"rendered":"https:\/\/easyliferobo.com\/de\/product\/xiaomi-saugroboter-x20-pro-7000-pa-saugleistung-dual-mopp-system-75-tage-staubbehaelterkapazitaet-4-reinigungsmodi-und-5200-mah-akku-fuer-gruendliche-und-intelligente-reinigung-im-haushal\/"},"modified":"2026-02-22T19:54:33","modified_gmt":"2026-02-22T19:54:33","slug":"xiaomi-saugroboter-x20-pro-7000-pa-saugleistung-dual-mopp-system-75-tage-staubbehaelterkapazitaet-4-reinigungsmodi-und-5200-mah-akku-fuer-gruendliche-und-intelligente-reinigung-im-haushal","status":"publish","type":"product","link":"https:\/\/easyliferobo.com\/de\/product\/xiaomi-saugroboter-x20-pro-7000-pa-saugleistung-dual-mopp-system-75-tage-staubbehaelterkapazitaet-4-reinigungsmodi-und-5200-mah-akku-fuer-gruendliche-und-intelligente-reinigung-im-haushal\/","title":{"rendered":"Xiaomi Saugroboter X20 Pro \u2013 7000..."},"content":{"rendered":"<p>\n                                             Von der Marke   <\/p>\n<p>                                              <img decoding=\"async\" alt=\"Aplus-Inhaltsbild\" src=\"https:\/\/images-na.ssl-images-amazon.com\/images\/G\/01\/x-locale\/common\/grey-pixel.gif\" class=\"a-lazy-loaded\" data-src=\"https:\/\/m.media-amazon.com\/images\/S\/aplus-media-library-service-media\/a7df2ac1-89ce-4ada-8799-be5f10dd9c9e.__CR0,0,1464,625_PT0_SX1464_V1___.jpg\"><img decoding=\"async\" alt=\"Aplus-Inhaltsbild\" src=\"https:\/\/m.media-amazon.com\/images\/S\/aplus-media-library-service-media\/a7df2ac1-89ce-4ada-8799-be5f10dd9c9e.__CR0,0,1464,625_PT0_SX1464_V1___.jpg\">  <\/p>\n<h3>  Roboterstaubsauger mit Wischfunktion <\/h3>\n<p>                                              <img decoding=\"async\" alt=\"\" src=\"https:\/\/images-na.ssl-images-amazon.com\/images\/G\/01\/x-locale\/common\/grey-pixel.gif\" class=\"a-lazy-loaded\" data-src=\"https:\/\/m.media-amazon.com\/images\/S\/aplus-media-library-service-media\/930ded20-ea1c-4693-86e5-02ed95509dad.__CR0,0,315,145_PT0_SX315_V1___.jpg\"><img decoding=\"async\" alt=\"\" src=\"https:\/\/m.media-amazon.com\/images\/S\/aplus-media-library-service-media\/930ded20-ea1c-4693-86e5-02ed95509dad.__CR0,0,315,145_PT0_SX315_V1___.jpg\">  <\/p>\n<h3>  Xiaomi \u2013 Innovation f\u00fcr alle <\/h3>\n<p>  Wir glauben, dass hochwertige Technologie f\u00fcr jeden erschwinglich sein sollte. Unsere smarten und stylischen Produkte \u2013 vom Smartphone bis zum Smart Home \u2013 sind eng vernetzt und machen Ihr Leben smarter. <\/p>\n<p>                                              <img decoding=\"async\" alt=\"Wei\u00dfer zylindrischer Roboterstaubsauger aus mehreren Blickwinkeln vor wei\u00dfem Hintergrund, der sein schlankes Profil und sein modernes Design zur Geltung bringt.\" src=\"https:\/\/images-na.ssl-images-amazon.com\/images\/G\/01\/x-locale\/common\/grey-pixel.gif\" class=\"a-lazy-loaded\" data-src=\"https:\/\/m.media-amazon.com\/images\/S\/aplus-media-library-service-media\/73e8cdbd-d810-4b76-a60e-34d4155c18c8.__CR0,0,362,453_PT0_SX362_V1___.jpg\"><img decoding=\"async\" alt=\"Wei\u00dfer zylindrischer Roboterstaubsauger aus mehreren Blickwinkeln vor wei\u00dfem Hintergrund, der sein schlankes Profil und sein modernes Design zur Geltung bringt.\" src=\"https:\/\/m.media-amazon.com\/images\/S\/aplus-media-library-service-media\/73e8cdbd-d810-4b76-a60e-34d4155c18c8.__CR0,0,362,453_PT0_SX362_V1___.jpg\">  <\/p>\n<p>                                              <img decoding=\"async\" alt=\"Aplus-Inhaltsbild\" src=\"https:\/\/images-na.ssl-images-amazon.com\/images\/G\/01\/x-locale\/common\/grey-pixel.gif\" class=\"a-lazy-loaded\" data-src=\"https:\/\/m.media-amazon.com\/images\/S\/aplus-media-library-service-media\/bcccc482-b74a-4654-8a1c-741a15c357be.__CR0,0,362,453_PT0_SX362_V1___.jpg\"><img decoding=\"async\" alt=\"Aplus-Inhaltsbild\" src=\"https:\/\/m.media-amazon.com\/images\/S\/aplus-media-library-service-media\/bcccc482-b74a-4654-8a1c-741a15c357be.__CR0,0,362,453_PT0_SX362_V1___.jpg\">  <\/p>\n<p>                                                         Was macht unser Produkt einzigartig?                                       <\/p>\n<p> 1. Unschlagbares Preis-Leistungs-Verh\u00e4ltnis <\/p>\n<p>  2-Intelligentes \u00d6kosystem <\/p>\n<p>  3 Co-Creation mit Benutzern <\/p>\n<p>                                                         Warum lieben wir, was wir tun?                                       <\/p>\n<p> 1-Unsere Mission <\/p>\n<p>  2-Ingenieur-Kultur <\/p>\n<p>                                                         K\u00f6nnen unsere Waren nachhaltig produziert werden?                                       <\/p>\n<p> 1. Umweltengagement: Xiaomi setzt sich f\u00fcr Nachhaltigkeit ein. <\/p>\n<p>  2-Konkrete Ma\u00dfnahmen <\/p>\n<p>Basisstation mit automatischem Waschen der Wischpads, Hei\u00dflufttrocknung und Staubsammlung, automatischer Reinigung der Wischmopps und Hei\u00dflufttrocknung, automatische Staubentleerung, nur alle 75 Tage entleeren<br \/>7000Pa leistungsstarker Sauggebl\u00e4semotor: Starke Saugleistung f\u00fcr schnelle Aufnahme von Staub, Schmutz und Haaren. Die App unterst\u00fctzt vier einstellbare Saugstufen: leise, Standard, stark und Turbo f\u00fcr eine effiziente Staubreinigung auf verschiedenen Bodentypen<br \/>Hochpr\u00e4zises Hindernisvermeidungssystem, mit Weitwinkelwahrnehmung, pr\u00e4zise und wendig, es kombiniert strukturiertes Licht mit einem 120\u00b0 Weitwinkelbereich und einem Kantensensor, der hochpr\u00e4zise ist<br \/>Sobald die Wischmopps angehoben werden, wird eine st\u00e4rkere Saugkraft aktiviert, um Haare und tiefsitzenden Staub effektiv vom Teppich zu entfernen, ohne ihn nass zu machen. Die Wischpads k\u00f6nnen automatisch um bis zu 10 mm angehoben werden<br \/>5200 mAh Langzeitakku, meistert gro\u00dfe Wohnungen m\u00fchelos, h\u00e4lt im Standardmodus bis zu 160 Minuten f\u00fcr eine umfassende und komfortable Reinigung auch in gro\u00dfen R\u00e4umen<\/p>\n<p>[ad_2]<\/p>\n","protected":false},"excerpt":{"rendered":"<p>Von der Marke Roboterstaubsauger mit Wischfunktion Xiaomi \u2013 Innovation f\u00fcr alle Wir glauben, dass hochwertige Technologie f\u00fcr jeden erschwinglich sein sollte. Unsere smarten und stylischen Produkte \u2013 vom Smartphone bis zum Smart Home \u2013 sind eng vernetzt und machen Ihr Leben smarter. Was macht unser Produkt einzigartig? 1. Unschlagbares Preis-Leistungs-Verh\u00e4ltnis 2-Intelligentes \u00d6kosystem 3 Co-Creation mit [&hellip;]<\/p>\n","protected":false},"featured_media":1206,"comment_status":"open","ping_status":"closed","template":"","meta":{"_aipt_faq_data":""},"store":[],"product_brand":[201],"product_cat":[116],"product_tag":[256],"class_list":{"0":"post-1205","1":"product","2":"type-product","3":"status-publish","4":"has-post-thumbnail","6":"product_brand-xiaomi","7":"product_cat-innen-aussen-sicherheitsroboter","8":"product_tag-batteriebetriebene-innen-aussen-sicherheitsroboter","10":"first","11":"instock","12":"sale","13":"shipping-taxable","14":"product-type-external"},"yoast_head":"<!-- This site is optimized with the Yoast SEO plugin v27.0 - https:\/\/yoast.com\/product\/yoast-seo-wordpress\/ -->\n<title>Xiaomi Saugroboter X20 Pro \u2013 7000 Pa Saugleistung, Dual-Mopp-System, 75 Tage Staubbeh\u00e4lterkapazit\u00e4t, 4 Reinigungsmodi und 5200 mAh Akku f\u00fcr gr\u00fcndliche und intelligente Reinigung im Haushalt - EasyLifeBro<\/title>\n<meta name=\"description\" content=\"Entdecken Sie smarte Roboter f\u00fcr Zuhause, Garten, Bildung und Sicherheit. Vergleichen Sie Saugroboter, Rasenm\u00e4hroboter, KI-Begleitroboter und mehr bei EasyLifeRobo.\" \/>\n<meta name=\"robots\" content=\"index, follow, max-snippet:-1, max-image-preview:large, max-video-preview:-1\" \/>\n<link rel=\"canonical\" href=\"https:\/\/easyliferobo.com\/de\/product\/xiaomi-saugroboter-x20-pro-7000-pa-saugleistung-dual-mopp-system-75-tage-staubbehaelterkapazitaet-4-reinigungsmodi-und-5200-mah-akku-fuer-gruendliche-und-intelligente-reinigung-im-haushal\/\" \/>\n<meta property=\"og:locale\" content=\"de_DE\" \/>\n<meta property=\"og:type\" content=\"article\" \/>\n<meta property=\"og:title\" content=\"Xiaomi Saugroboter X20 Pro \u2013 7000 Pa Saugleistung, Dual-Mopp-System, 75 Tage Staubbeh\u00e4lterkapazit\u00e4t, 4 Reinigungsmodi und 5200 mAh Akku f\u00fcr gr\u00fcndliche und intelligente Reinigung im Haushalt - EasyLifeBro\" \/>\n<meta property=\"og:description\" content=\"Entdecken Sie smarte Roboter f\u00fcr Zuhause, Garten, Bildung und Sicherheit. Vergleichen Sie Saugroboter, Rasenm\u00e4hroboter, KI-Begleitroboter und mehr bei EasyLifeRobo.\" \/>\n<meta property=\"og:url\" content=\"https:\/\/easyliferobo.com\/de\/product\/xiaomi-saugroboter-x20-pro-7000-pa-saugleistung-dual-mopp-system-75-tage-staubbehaelterkapazitaet-4-reinigungsmodi-und-5200-mah-akku-fuer-gruendliche-und-intelligente-reinigung-im-haushal\/\" \/>\n<meta property=\"og:site_name\" content=\"EasyLifeBro\" \/>\n<meta property=\"article:modified_time\" content=\"2026-02-22T19:54:33+00:00\" \/>\n<meta property=\"og:image\" content=\"https:\/\/easyliferobo.com\/de\/wp-content\/uploads\/2026\/02\/618pwLvbM5L._AC_SL1500_.jpg\" \/>\n\t<meta property=\"og:image:width\" content=\"1348\" \/>\n\t<meta property=\"og:image:height\" content=\"1348\" \/>\n\t<meta property=\"og:image:type\" content=\"image\/jpeg\" \/>\n<meta name=\"twitter:card\" content=\"summary_large_image\" \/>\n<meta name=\"twitter:label1\" content=\"Gesch\u00e4tzte Lesezeit\" \/>\n\t<meta name=\"twitter:data1\" content=\"1\u00a0Minute\" \/>\n<script type=\"application\/ld+json\" class=\"yoast-schema-graph\">{\"@context\":\"https:\/\/schema.org\",\"@graph\":[{\"@type\":\"WebPage\",\"@id\":\"https:\/\/easyliferobo.com\/de\/product\/xiaomi-saugroboter-x20-pro-7000-pa-saugleistung-dual-mopp-system-75-tage-staubbehaelterkapazitaet-4-reinigungsmodi-und-5200-mah-akku-fuer-gruendliche-und-intelligente-reinigung-im-haushal\/\",\"url\":\"https:\/\/easyliferobo.com\/de\/product\/xiaomi-saugroboter-x20-pro-7000-pa-saugleistung-dual-mopp-system-75-tage-staubbehaelterkapazitaet-4-reinigungsmodi-und-5200-mah-akku-fuer-gruendliche-und-intelligente-reinigung-im-haushal\/\",\"name\":\"Xiaomi Saugroboter X20 Pro \u2013 7000 Pa Saugleistung, Dual-Mopp-System, 75 Tage Staubbeh\u00e4lterkapazit\u00e4t, 4 Reinigungsmodi und 5200 mAh Akku f\u00fcr gr\u00fcndliche und intelligente Reinigung im Haushalt - EasyLifeBro\",\"isPartOf\":{\"@id\":\"https:\/\/easyliferobo.com\/de\/#website\"},\"primaryImageOfPage\":{\"@id\":\"https:\/\/easyliferobo.com\/de\/product\/xiaomi-saugroboter-x20-pro-7000-pa-saugleistung-dual-mopp-system-75-tage-staubbehaelterkapazitaet-4-reinigungsmodi-und-5200-mah-akku-fuer-gruendliche-und-intelligente-reinigung-im-haushal\/#primaryimage\"},\"image\":{\"@id\":\"https:\/\/easyliferobo.com\/de\/product\/xiaomi-saugroboter-x20-pro-7000-pa-saugleistung-dual-mopp-system-75-tage-staubbehaelterkapazitaet-4-reinigungsmodi-und-5200-mah-akku-fuer-gruendliche-und-intelligente-reinigung-im-haushal\/#primaryimage\"},\"thumbnailUrl\":\"https:\/\/easyliferobo.com\/de\/wp-content\/uploads\/2026\/02\/618pwLvbM5L._AC_SL1500_.jpg\",\"datePublished\":\"2026-02-22T19:54:06+00:00\",\"dateModified\":\"2026-02-22T19:54:33+00:00\",\"description\":\"Entdecken Sie smarte Roboter f\u00fcr Zuhause, Garten, Bildung und Sicherheit. Vergleichen Sie Saugroboter, Rasenm\u00e4hroboter, KI-Begleitroboter und mehr bei EasyLifeRobo.\",\"breadcrumb\":{\"@id\":\"https:\/\/easyliferobo.com\/de\/product\/xiaomi-saugroboter-x20-pro-7000-pa-saugleistung-dual-mopp-system-75-tage-staubbehaelterkapazitaet-4-reinigungsmodi-und-5200-mah-akku-fuer-gruendliche-und-intelligente-reinigung-im-haushal\/#breadcrumb\"},\"inLanguage\":\"de\",\"potentialAction\":[{\"@type\":\"ReadAction\",\"target\":[\"https:\/\/easyliferobo.com\/de\/product\/xiaomi-saugroboter-x20-pro-7000-pa-saugleistung-dual-mopp-system-75-tage-staubbehaelterkapazitaet-4-reinigungsmodi-und-5200-mah-akku-fuer-gruendliche-und-intelligente-reinigung-im-haushal\/\"]}]},{\"@type\":\"ImageObject\",\"inLanguage\":\"de\",\"@id\":\"https:\/\/easyliferobo.com\/de\/product\/xiaomi-saugroboter-x20-pro-7000-pa-saugleistung-dual-mopp-system-75-tage-staubbehaelterkapazitaet-4-reinigungsmodi-und-5200-mah-akku-fuer-gruendliche-und-intelligente-reinigung-im-haushal\/#primaryimage\",\"url\":\"https:\/\/easyliferobo.com\/de\/wp-content\/uploads\/2026\/02\/618pwLvbM5L._AC_SL1500_.jpg\",\"contentUrl\":\"https:\/\/easyliferobo.com\/de\/wp-content\/uploads\/2026\/02\/618pwLvbM5L._AC_SL1500_.jpg\",\"width\":1348,\"height\":1348},{\"@type\":\"BreadcrumbList\",\"@id\":\"https:\/\/easyliferobo.com\/de\/product\/xiaomi-saugroboter-x20-pro-7000-pa-saugleistung-dual-mopp-system-75-tage-staubbehaelterkapazitaet-4-reinigungsmodi-und-5200-mah-akku-fuer-gruendliche-und-intelligente-reinigung-im-haushal\/#breadcrumb\",\"itemListElement\":[{\"@type\":\"ListItem\",\"position\":1,\"name\":\"Home\",\"item\":\"https:\/\/easyliferobo.com\/de\/\"},{\"@type\":\"ListItem\",\"position\":2,\"name\":\"Shop\",\"item\":\"https:\/\/easyliferobo.com\/de\/shop\/\"},{\"@type\":\"ListItem\",\"position\":3,\"name\":\"Xiaomi Saugroboter X20 Pro \u2013 7000...\"}]},{\"@type\":\"WebSite\",\"@id\":\"https:\/\/easyliferobo.com\/de\/#website\",\"url\":\"https:\/\/easyliferobo.com\/de\/\",\"name\":\"EasyLifeBro\",\"description\":\"Smarte Roboter f\u00fcr Zuhause, Garten &amp; Bildung\",\"publisher\":{\"@id\":\"https:\/\/easyliferobo.com\/de\/#organization\"},\"potentialAction\":[{\"@type\":\"SearchAction\",\"target\":{\"@type\":\"EntryPoint\",\"urlTemplate\":\"https:\/\/easyliferobo.com\/de\/?s={search_term_string}\"},\"query-input\":{\"@type\":\"PropertyValueSpecification\",\"valueRequired\":true,\"valueName\":\"search_term_string\"}}],\"inLanguage\":\"de\"},{\"@type\":\"Organization\",\"@id\":\"https:\/\/easyliferobo.com\/de\/#organization\",\"name\":\"EasyLifeBro\",\"url\":\"https:\/\/easyliferobo.com\/de\/\",\"logo\":{\"@type\":\"ImageObject\",\"inLanguage\":\"de\",\"@id\":\"https:\/\/easyliferobo.com\/de\/#\/schema\/logo\/image\/\",\"url\":\"https:\/\/easyliferobo.com\/de\/wp-content\/uploads\/2026\/02\/Screenshot-2026-02-22-at-2.25.03-PM.png\",\"contentUrl\":\"https:\/\/easyliferobo.com\/de\/wp-content\/uploads\/2026\/02\/Screenshot-2026-02-22-at-2.25.03-PM.png\",\"width\":1858,\"height\":430,\"caption\":\"EasyLifeBro\"},\"image\":{\"@id\":\"https:\/\/easyliferobo.com\/de\/#\/schema\/logo\/image\/\"}}]}<\/script>\n<!-- \/ Yoast SEO plugin. -->","yoast_head_json":{"title":"Xiaomi Saugroboter X20 Pro \u2013 7000 Pa Saugleistung, Dual-Mopp-System, 75 Tage Staubbeh\u00e4lterkapazit\u00e4t, 4 Reinigungsmodi und 5200 mAh Akku f\u00fcr gr\u00fcndliche und intelligente Reinigung im Haushalt - EasyLifeBro","description":"Entdecken Sie smarte Roboter f\u00fcr Zuhause, Garten, Bildung und Sicherheit. Vergleichen Sie Saugroboter, Rasenm\u00e4hroboter, KI-Begleitroboter und mehr bei EasyLifeRobo.","robots":{"index":"index","follow":"follow","max-snippet":"max-snippet:-1","max-image-preview":"max-image-preview:large","max-video-preview":"max-video-preview:-1"},"canonical":"https:\/\/easyliferobo.com\/de\/product\/xiaomi-saugroboter-x20-pro-7000-pa-saugleistung-dual-mopp-system-75-tage-staubbehaelterkapazitaet-4-reinigungsmodi-und-5200-mah-akku-fuer-gruendliche-und-intelligente-reinigung-im-haushal\/","og_locale":"de_DE","og_type":"article","og_title":"Xiaomi Saugroboter X20 Pro \u2013 7000 Pa Saugleistung, Dual-Mopp-System, 75 Tage Staubbeh\u00e4lterkapazit\u00e4t, 4 Reinigungsmodi und 5200 mAh Akku f\u00fcr gr\u00fcndliche und intelligente Reinigung im Haushalt - EasyLifeBro","og_description":"Entdecken Sie smarte Roboter f\u00fcr Zuhause, Garten, Bildung und Sicherheit. Vergleichen Sie Saugroboter, Rasenm\u00e4hroboter, KI-Begleitroboter und mehr bei EasyLifeRobo.","og_url":"https:\/\/easyliferobo.com\/de\/product\/xiaomi-saugroboter-x20-pro-7000-pa-saugleistung-dual-mopp-system-75-tage-staubbehaelterkapazitaet-4-reinigungsmodi-und-5200-mah-akku-fuer-gruendliche-und-intelligente-reinigung-im-haushal\/","og_site_name":"EasyLifeBro","article_modified_time":"2026-02-22T19:54:33+00:00","og_image":[{"width":1348,"height":1348,"url":"https:\/\/easyliferobo.com\/de\/wp-content\/uploads\/2026\/02\/618pwLvbM5L._AC_SL1500_.jpg","type":"image\/jpeg"}],"twitter_card":"summary_large_image","twitter_misc":{"Gesch\u00e4tzte Lesezeit":"1\u00a0Minute"},"schema":{"@context":"https:\/\/schema.org","@graph":[{"@type":"WebPage","@id":"https:\/\/easyliferobo.com\/de\/product\/xiaomi-saugroboter-x20-pro-7000-pa-saugleistung-dual-mopp-system-75-tage-staubbehaelterkapazitaet-4-reinigungsmodi-und-5200-mah-akku-fuer-gruendliche-und-intelligente-reinigung-im-haushal\/","url":"https:\/\/easyliferobo.com\/de\/product\/xiaomi-saugroboter-x20-pro-7000-pa-saugleistung-dual-mopp-system-75-tage-staubbehaelterkapazitaet-4-reinigungsmodi-und-5200-mah-akku-fuer-gruendliche-und-intelligente-reinigung-im-haushal\/","name":"Xiaomi Saugroboter X20 Pro \u2013 7000 Pa Saugleistung, Dual-Mopp-System, 75 Tage Staubbeh\u00e4lterkapazit\u00e4t, 4 Reinigungsmodi und 5200 mAh Akku f\u00fcr gr\u00fcndliche und intelligente Reinigung im Haushalt - EasyLifeBro","isPartOf":{"@id":"https:\/\/easyliferobo.com\/de\/#website"},"primaryImageOfPage":{"@id":"https:\/\/easyliferobo.com\/de\/product\/xiaomi-saugroboter-x20-pro-7000-pa-saugleistung-dual-mopp-system-75-tage-staubbehaelterkapazitaet-4-reinigungsmodi-und-5200-mah-akku-fuer-gruendliche-und-intelligente-reinigung-im-haushal\/#primaryimage"},"image":{"@id":"https:\/\/easyliferobo.com\/de\/product\/xiaomi-saugroboter-x20-pro-7000-pa-saugleistung-dual-mopp-system-75-tage-staubbehaelterkapazitaet-4-reinigungsmodi-und-5200-mah-akku-fuer-gruendliche-und-intelligente-reinigung-im-haushal\/#primaryimage"},"thumbnailUrl":"https:\/\/easyliferobo.com\/de\/wp-content\/uploads\/2026\/02\/618pwLvbM5L._AC_SL1500_.jpg","datePublished":"2026-02-22T19:54:06+00:00","dateModified":"2026-02-22T19:54:33+00:00","description":"Entdecken Sie smarte Roboter f\u00fcr Zuhause, Garten, Bildung und Sicherheit. Vergleichen Sie Saugroboter, Rasenm\u00e4hroboter, KI-Begleitroboter und mehr bei EasyLifeRobo.","breadcrumb":{"@id":"https:\/\/easyliferobo.com\/de\/product\/xiaomi-saugroboter-x20-pro-7000-pa-saugleistung-dual-mopp-system-75-tage-staubbehaelterkapazitaet-4-reinigungsmodi-und-5200-mah-akku-fuer-gruendliche-und-intelligente-reinigung-im-haushal\/#breadcrumb"},"inLanguage":"de","potentialAction":[{"@type":"ReadAction","target":["https:\/\/easyliferobo.com\/de\/product\/xiaomi-saugroboter-x20-pro-7000-pa-saugleistung-dual-mopp-system-75-tage-staubbehaelterkapazitaet-4-reinigungsmodi-und-5200-mah-akku-fuer-gruendliche-und-intelligente-reinigung-im-haushal\/"]}]},{"@type":"ImageObject","inLanguage":"de","@id":"https:\/\/easyliferobo.com\/de\/product\/xiaomi-saugroboter-x20-pro-7000-pa-saugleistung-dual-mopp-system-75-tage-staubbehaelterkapazitaet-4-reinigungsmodi-und-5200-mah-akku-fuer-gruendliche-und-intelligente-reinigung-im-haushal\/#primaryimage","url":"https:\/\/easyliferobo.com\/de\/wp-content\/uploads\/2026\/02\/618pwLvbM5L._AC_SL1500_.jpg","contentUrl":"https:\/\/easyliferobo.com\/de\/wp-content\/uploads\/2026\/02\/618pwLvbM5L._AC_SL1500_.jpg","width":1348,"height":1348},{"@type":"BreadcrumbList","@id":"https:\/\/easyliferobo.com\/de\/product\/xiaomi-saugroboter-x20-pro-7000-pa-saugleistung-dual-mopp-system-75-tage-staubbehaelterkapazitaet-4-reinigungsmodi-und-5200-mah-akku-fuer-gruendliche-und-intelligente-reinigung-im-haushal\/#breadcrumb","itemListElement":[{"@type":"ListItem","position":1,"name":"Home","item":"https:\/\/easyliferobo.com\/de\/"},{"@type":"ListItem","position":2,"name":"Shop","item":"https:\/\/easyliferobo.com\/de\/shop\/"},{"@type":"ListItem","position":3,"name":"Xiaomi Saugroboter X20 Pro \u2013 7000..."}]},{"@type":"WebSite","@id":"https:\/\/easyliferobo.com\/de\/#website","url":"https:\/\/easyliferobo.com\/de\/","name":"EasyLifeBro","description":"Smarte Roboter f\u00fcr Zuhause, Garten &amp; Bildung","publisher":{"@id":"https:\/\/easyliferobo.com\/de\/#organization"},"potentialAction":[{"@type":"SearchAction","target":{"@type":"EntryPoint","urlTemplate":"https:\/\/easyliferobo.com\/de\/?s={search_term_string}"},"query-input":{"@type":"PropertyValueSpecification","valueRequired":true,"valueName":"search_term_string"}}],"inLanguage":"de"},{"@type":"Organization","@id":"https:\/\/easyliferobo.com\/de\/#organization","name":"EasyLifeBro","url":"https:\/\/easyliferobo.com\/de\/","logo":{"@type":"ImageObject","inLanguage":"de","@id":"https:\/\/easyliferobo.com\/de\/#\/schema\/logo\/image\/","url":"https:\/\/easyliferobo.com\/de\/wp-content\/uploads\/2026\/02\/Screenshot-2026-02-22-at-2.25.03-PM.png","contentUrl":"https:\/\/easyliferobo.com\/de\/wp-content\/uploads\/2026\/02\/Screenshot-2026-02-22-at-2.25.03-PM.png","width":1858,"height":430,"caption":"EasyLifeBro"},"image":{"@id":"https:\/\/easyliferobo.com\/de\/#\/schema\/logo\/image\/"}}]}},"_links":{"self":[{"href":"https:\/\/easyliferobo.com\/de\/wp-json\/wp\/v2\/product\/1205","targetHints":{"allow":["GET"]}}],"collection":[{"href":"https:\/\/easyliferobo.com\/de\/wp-json\/wp\/v2\/product"}],"about":[{"href":"https:\/\/easyliferobo.com\/de\/wp-json\/wp\/v2\/types\/product"}],"replies":[{"embeddable":true,"href":"https:\/\/easyliferobo.com\/de\/wp-json\/wp\/v2\/comments?post=1205"}],"wp:featuredmedia":[{"embeddable":true,"href":"https:\/\/easyliferobo.com\/de\/wp-json\/wp\/v2\/media\/1206"}],"wp:attachment":[{"href":"https:\/\/easyliferobo.com\/de\/wp-json\/wp\/v2\/media?parent=1205"}],"wp:term":[{"taxonomy":"store","embeddable":true,"href":"https:\/\/easyliferobo.com\/de\/wp-json\/wp\/v2\/store?post=1205"},{"taxonomy":"product_brand","embeddable":true,"href":"https:\/\/easyliferobo.com\/de\/wp-json\/wp\/v2\/product_brand?post=1205"},{"taxonomy":"product_cat","embeddable":true,"href":"https:\/\/easyliferobo.com\/de\/wp-json\/wp\/v2\/product_cat?post=1205"},{"taxonomy":"product_tag","embeddable":true,"href":"https:\/\/easyliferobo.com\/de\/wp-json\/wp\/v2\/product_tag?post=1205"}],"curies":[{"name":"wp","href":"https:\/\/api.w.org\/{rel}","templated":true}]}}