
{"id":1183,"date":"2026-02-22T19:50:08","date_gmt":"2026-02-22T19:50:08","guid":{"rendered":"https:\/\/easyliferobo.com\/de\/product\/vexilar-w15-roboter-staubsauger-mit-wischfunktion-beutelloser-multi-zyklon-saugstation-staubsaugerroboter-10000-pa-lidar-navigation-3-in-1-saug-und-wischroboter-180-min-max-app-stimme\/"},"modified":"2026-02-22T19:50:31","modified_gmt":"2026-02-22T19:50:31","slug":"vexilar-w15-roboter-staubsauger-mit-wischfunktion-beutelloser-multi-zyklon-saugstation-staubsaugerroboter-10000-pa-lidar-navigation-3-in-1-saug-und-wischroboter-180-min-max-app-stimme","status":"publish","type":"product","link":"https:\/\/easyliferobo.com\/de\/product\/vexilar-w15-roboter-staubsauger-mit-wischfunktion-beutelloser-multi-zyklon-saugstation-staubsaugerroboter-10000-pa-lidar-navigation-3-in-1-saug-und-wischroboter-180-min-max-app-stimme\/","title":{"rendered":"Vexilar W15 Roboter-Staubsauger mit..."},"content":{"rendered":"<p>\n                                             Von der Marke   <\/p>\n<p>                                              <img decoding=\"async\" alt=\"Aplus-Inhaltsbild\" src=\"https:\/\/images-na.ssl-images-amazon.com\/images\/G\/01\/x-locale\/common\/grey-pixel.gif\" class=\"a-lazy-loaded\" data-src=\"https:\/\/m.media-amazon.com\/images\/S\/aplus-media-library-service-media\/a29d7726-ecfa-44f5-9b8c-eb6f34fb749e.__CR0,0,1464,625_PT0_SX1464_V1___.jpg\"><img decoding=\"async\" alt=\"Aplus-Inhaltsbild\" src=\"https:\/\/m.media-amazon.com\/images\/S\/aplus-media-library-service-media\/a29d7726-ecfa-44f5-9b8c-eb6f34fb749e.__CR0,0,1464,625_PT0_SX1464_V1___.jpg\">  <\/p>\n<p>                                              <img decoding=\"async\" alt=\"\" src=\"https:\/\/images-na.ssl-images-amazon.com\/images\/G\/01\/x-locale\/common\/grey-pixel.gif\" class=\"a-lazy-loaded\" data-src=\"https:\/\/m.media-amazon.com\/images\/S\/aplus-media-library-service-media\/3705eacc-1736-4002-9b7a-b5878be05883.__CR0,162,601,277_PT0_SX315_V1___.png\"><img decoding=\"async\" alt=\"\" src=\"https:\/\/m.media-amazon.com\/images\/S\/aplus-media-library-service-media\/3705eacc-1736-4002-9b7a-b5878be05883.__CR0,162,601,277_PT0_SX315_V1___.png\">  <\/p>\n<h3>  Einfach, immer <\/h3>\n<p>  Markenmission <\/p>\n<p>  Behalten Sie Ihr Zuhause mit weniger Aufwand. <\/p>\n<p>  Markenvision <\/p>\n<p>  Wir m\u00f6chten Menschen dabei helfen, weniger Zeit und M\u00fche f\u00fcr wichtigere Dinge aufzuwenden. <\/p>\n<p>  Wie unterscheiden wir uns? <\/p>\n<p>  Wir streben danach, ein Gleichgewicht zwischen Komfort, Qualit\u00e4t und Preis zu finden und dabei das Kundenerlebnis an erster Stelle zu stellen. <\/p>\n<h3>  Kostenlose Reinigungszeit <\/h3>\n<p class=\"apm-brand-story-stores-link\">\n<p>                                              <img decoding=\"async\" alt=\"\" src=\"https:\/\/images-na.ssl-images-amazon.com\/images\/G\/01\/x-locale\/common\/grey-pixel.gif\" class=\"a-lazy-loaded\" data-src=\"https:\/\/m.media-amazon.com\/images\/S\/aplus-media-library-service-media\/a1a31649-4f37-4efc-9c4f-a62da2445268.__CR0,0,362,453_PT0_SX362_V1___.jpg\"><img decoding=\"async\" alt=\"\" src=\"https:\/\/m.media-amazon.com\/images\/S\/aplus-media-library-service-media\/a1a31649-4f37-4efc-9c4f-a62da2445268.__CR0,0,362,453_PT0_SX362_V1___.jpg\">  <\/p>\n<h3>  Cleanova W15 <\/h3>\n<p>                                              <img decoding=\"async\" alt=\"\" src=\"https:\/\/images-na.ssl-images-amazon.com\/images\/G\/01\/x-locale\/common\/grey-pixel.gif\" class=\"a-lazy-loaded\" data-src=\"https:\/\/m.media-amazon.com\/images\/S\/aplus-media-library-service-media\/07b1b71d-7eb2-4111-be79-1a5b775760f6.__CR0,0,362,453_PT0_SX362_V1___.jpg\"><img decoding=\"async\" alt=\"\" src=\"https:\/\/m.media-amazon.com\/images\/S\/aplus-media-library-service-media\/07b1b71d-7eb2-4111-be79-1a5b775760f6.__CR0,0,362,453_PT0_SX362_V1___.jpg\">  <\/p>\n<h3>  Cleanova W9 <\/h3>\n<p>                                              <img decoding=\"async\" alt=\"\" src=\"https:\/\/images-na.ssl-images-amazon.com\/images\/G\/01\/x-locale\/common\/grey-pixel.gif\" class=\"a-lazy-loaded\" data-src=\"https:\/\/m.media-amazon.com\/images\/S\/aplus-media-library-service-media\/95a30541-ba2f-42f5-bf25-00ceb0a98f52.__CR0,0,362,453_PT0_SX362_V1___.jpg\"><img decoding=\"async\" alt=\"\" src=\"https:\/\/m.media-amazon.com\/images\/S\/aplus-media-library-service-media\/95a30541-ba2f-42f5-bf25-00ceb0a98f52.__CR0,0,362,453_PT0_SX362_V1___.jpg\">  <\/p>\n<h3>  Blitz c8 <\/h3>\n<p>                                              <img decoding=\"async\" alt=\"\" src=\"https:\/\/images-na.ssl-images-amazon.com\/images\/G\/01\/x-locale\/common\/grey-pixel.gif\" class=\"a-lazy-loaded\" data-src=\"https:\/\/m.media-amazon.com\/images\/S\/aplus-media-library-service-media\/16064d6f-281e-48e1-b735-465b80f9ef94.__CR0,0,362,453_PT0_SX362_V1___.jpg\"><img decoding=\"async\" alt=\"\" src=\"https:\/\/m.media-amazon.com\/images\/S\/aplus-media-library-service-media\/16064d6f-281e-48e1-b735-465b80f9ef94.__CR0,0,362,453_PT0_SX362_V1___.jpg\">  <\/p>\n<h3>  Flash V10PRO <\/h3>\n<p>                                              <img decoding=\"async\" alt=\"\" src=\"https:\/\/images-na.ssl-images-amazon.com\/images\/G\/01\/x-locale\/common\/grey-pixel.gif\" class=\"a-lazy-loaded\" data-src=\"https:\/\/m.media-amazon.com\/images\/S\/aplus-media-library-service-media\/f7ab112b-6b9c-405a-8e53-404911d2dd3c.__CR0,23,463,579_PT0_SX362_V1___.jpg\"><img decoding=\"async\" alt=\"\" src=\"https:\/\/m.media-amazon.com\/images\/S\/aplus-media-library-service-media\/f7ab112b-6b9c-405a-8e53-404911d2dd3c.__CR0,23,463,579_PT0_SX362_V1___.jpg\">  <\/p>\n<h3>  Blitz V15 Max <\/h3>\n<p>                                              <img decoding=\"async\" alt=\"\" src=\"https:\/\/images-na.ssl-images-amazon.com\/images\/G\/01\/x-locale\/common\/grey-pixel.gif\" class=\"a-lazy-loaded\" data-src=\"https:\/\/m.media-amazon.com\/images\/S\/aplus-media-library-service-media\/46553009-9ba3-460e-b4ea-0418d6dfed10.__CR0,0,362,453_PT0_SX362_V1___.jpg\"><img decoding=\"async\" alt=\"\" src=\"https:\/\/m.media-amazon.com\/images\/S\/aplus-media-library-service-media\/46553009-9ba3-460e-b4ea-0418d6dfed10.__CR0,0,362,453_PT0_SX362_V1___.jpg\">  <\/p>\n<h3>  Flash V12 <\/h3>\n<p>Beutellose Selbstentleerung \u2013 effizient, umweltfreundlich und praktisch: Der Saug- und Wischroboter W15 ist mit einer innovativen Multizyklon-Selbstentleerungsstation ohne Beutel ausgestattet. Nach jeder Reinigung wird der Staubbeh\u00e4lter des Roboters in nur etwa 10 Sekunden automatisch geleert \u2013 ohne Kontakt und Staubverwirbelung. Das beutellose Design erspart nicht nur den wiederholten Einkauf von Verbrauchsmaterialien, sondern ist auch langfristig wirtschaftlicher und umweltfreundlicher. (Hinweis: W\u00e4hrend des Selbstentleerungsvorgangs ist die Betriebslautst\u00e4rke h\u00f6her. Dies ist normal. Bitte starten Sie diese Funktion au\u00dferhalb der Ruhezeiten.)<br \/>\u30104L-Riesentank \u2013 drei Monate wartungsfrei:\u3011Dank der gro\u00dfz\u00fcgigen 4L-Kapazit\u00e4t h\u00e4lt der Sammeltank Staub und Schmutz bis zu etwa 90 Tage lang \u2013 f\u00fcr echte freih\u00e4ndige Freiheit. Ebenso einfach ist das Entleeren: Knopf oben an der Station dr\u00fccken, Tank vom Griff abnehmen, \u00fcber den M\u00fclleimer halten und Bodenklappe \u00f6ffnen \u2013 der Inhalt f\u00e4llt hygienisch ohne Staub und direkten Kontakt heraus. Der Tank ist zudem komplett waschbar und bleibt sauber und hygienisch.<br \/>10.000 Pa Zyklon-Saugkraft \u2013 leise ab 60 dB: Mit einem leistungsstarken b\u00fcrstenlosen Motor erreicht der W15 Saugroboter mit Wischfunktion bis zu 10.000 Pa Saugkraft und entfernt m\u00fchelos Staub, Kr\u00fcmel und Tierhaare von allen Bodenarten. Drei Saugstufen (leise, Standard, max) sorgen f\u00fcr Flexibilit\u00e4t. Der Ruhemodus funktioniert bereits bei ca. 60 dB \u2013 Ideal f\u00fcr Haushalte mit Kindern, Senioren oder Haustieren.<br \/>Pr\u00e4zise Lidar-Navigation \u2013 effiziente Routenplanung und Hindernisvermeidung: Der W15 Saug- und Wischroboter scannt mit 360\u00b0-Lidar 2.160 Mal\/Sek. (8 m Reichweite) und erstellt in ca. 15 Minuten. eine genaue Hauskarte f\u00fcr optimale Reinigungswege. Er verf\u00fcgt \u00fcber eine ausgezeichnete Umweltwahrnehmung: Er erkennt Abgr\u00fcnde >100 mm, \u00fcberwindet Hindernisse >80 mm, \u00fcberwindet 15 mm (ohne Mopphalter) bzw. 13 mm (mit Halterung).<br \/>3-in-1-Reinigung \u2013 Kehren, saugen und wischen in einem Gang: Der Roboterstaubsauger W15 verf\u00fcgt \u00fcber ein 2-in-1-Tank-Design (300 ml Staubbeh\u00e4lter + 200 ml Wassertank) und kann in einem Arbeitsgang saugen und nass wischen. Drei Saug- und drei Wasserstufen sind frei kombinierbar, f\u00fcr eine pr\u00e4zise Reinigung unterschiedlicher B\u00f6den wie Fliesen oder Holz. (Hinweis: Verwenden Sie beim Reinigen von Teppichen bitte nur den Saugmodus, um ein Durchn\u00e4ssen zu vermeiden.)<br \/>Bis zu 180 Minuten Laufzeit \u2013 Intelligente Fortsetzung nach dem Laden: Mit vier leistungsstarken 3.200-mAh-Akkus erreicht der Staubsaugerroboter W15 im Leisemodus eine Laufzeit von bis zu 180 Minuten \u2013 ausreichend f\u00fcr gro\u00dfe Wohnbereiche von 150-200 m\u00b2. Bei niedrigem Akkustand f\u00e4hrt er automatisch zur Ladestation, l\u00e4dt und reinigt genau an der Unterbrechungsstelle weiter. So wird jede Ecke ohne manuelles Eingreifen erfasst.<br \/>Individuelle Reinigung \u2013 intelligent wie ein pers\u00f6nlicher Butler: Der W15 Wischroboter kann bis zu 5 Karten verschiedener Etagen und 15 Sperrzonen\/virtuelle W\u00e4nde speichern. Auf der Karte k\u00f6nnen Sie gezielt Reinigungsbereiche (z. B. unter dem Esstisch) oder Tabuzonen (z. B. Fressnapf oder Spielmatte) festlegen. Dar\u00fcber hinaus k\u00f6nnen Reinigungszeiten, -reihenfolge und -modi f\u00fcr ein ganz individuelles Reinigungserlebnis frei angepasst werden.<br \/>Vielseitige Steuerung \u2013 f\u00fcr die ganze Familie geeignet: Der Staubsaugerroboter W15 mit Wischfunktion unterst\u00fctzt ausschlie\u00dflich 2,4-GHz-WLAN und l\u00e4sst sich bequem per Smartphone-App steuern. Au\u00dferdem ist es kompatibel mit Alexa, Google Assistant und Apple Siri (auch f\u00fcr Apple Watch) \u2013 Starten und Stoppen per Sprachbefehl. Die mitgelieferte Fernbedienung ist sofort einsatzbereit, intuitiv zu bedienen und daher auch ideal f\u00fcr Senioren und Kinder.<\/p>\n<p>[ad_2]<\/p>\n","protected":false},"excerpt":{"rendered":"<p>Von der Marke Einfach, immer Markenmission Behalten Sie Ihr Zuhause mit weniger Aufwand. Markenvision Wir m\u00f6chten Menschen dabei helfen, weniger Zeit und M\u00fche f\u00fcr wichtigere Dinge aufzuwenden. Wie unterscheiden wir uns? Wir streben danach, ein Gleichgewicht zwischen Komfort, Qualit\u00e4t und Preis zu finden und dabei das Kundenerlebnis an erster Stelle zu stellen. Kostenlose Reinigungszeit Cleanova [&hellip;]<\/p>\n","protected":false},"featured_media":1184,"comment_status":"open","ping_status":"closed","template":"","meta":{"_aipt_faq_data":""},"store":[],"product_brand":[236],"product_cat":[72],"product_tag":[255],"class_list":{"0":"post-1183","1":"product","2":"type-product","3":"status-publish","4":"has-post-thumbnail","6":"product_brand-vexilar","7":"product_cat-saugroboter","8":"product_tag-saugroboter-mit-app-steuerung","10":"first","11":"instock","12":"sale","13":"shipping-taxable","14":"product-type-external"},"yoast_head":"<!-- This site is optimized with the Yoast SEO plugin v27.4 - https:\/\/yoast.com\/product\/yoast-seo-wordpress\/ -->\n<title>Vexilar W15 Roboter-Staubsauger mit Wischfunktion, beutelloser Multi-Zyklon-Saugstation-Staubsaugerroboter, 10000 Pa, LiDAR-Navigation, 3-in-1-Saug- und Wischroboter, 180 Min. Max., App &amp; Stimme - EasyLifeBro<\/title>\n<meta name=\"description\" content=\"Entdecken Sie smarte Roboter f\u00fcr Zuhause, Garten, Bildung und Sicherheit. Vergleichen Sie Saugroboter, Rasenm\u00e4hroboter, KI-Begleitroboter und mehr bei EasyLifeRobo.\" \/>\n<meta name=\"robots\" content=\"index, follow, max-snippet:-1, max-image-preview:large, max-video-preview:-1\" \/>\n<link rel=\"canonical\" href=\"https:\/\/easyliferobo.com\/de\/product\/vexilar-w15-roboter-staubsauger-mit-wischfunktion-beutelloser-multi-zyklon-saugstation-staubsaugerroboter-10000-pa-lidar-navigation-3-in-1-saug-und-wischroboter-180-min-max-app-stimme\/\" \/>\n<meta property=\"og:locale\" content=\"de_DE\" \/>\n<meta property=\"og:type\" content=\"article\" \/>\n<meta property=\"og:title\" content=\"Vexilar W15 Roboter-Staubsauger mit Wischfunktion, beutelloser Multi-Zyklon-Saugstation-Staubsaugerroboter, 10000 Pa, LiDAR-Navigation, 3-in-1-Saug- und Wischroboter, 180 Min. Max., App &amp; Stimme - EasyLifeBro\" \/>\n<meta property=\"og:description\" content=\"Entdecken Sie smarte Roboter f\u00fcr Zuhause, Garten, Bildung und Sicherheit. Vergleichen Sie Saugroboter, Rasenm\u00e4hroboter, KI-Begleitroboter und mehr bei EasyLifeRobo.\" \/>\n<meta property=\"og:url\" content=\"https:\/\/easyliferobo.com\/de\/product\/vexilar-w15-roboter-staubsauger-mit-wischfunktion-beutelloser-multi-zyklon-saugstation-staubsaugerroboter-10000-pa-lidar-navigation-3-in-1-saug-und-wischroboter-180-min-max-app-stimme\/\" \/>\n<meta property=\"og:site_name\" content=\"EasyLifeBro\" \/>\n<meta property=\"article:modified_time\" content=\"2026-02-22T19:50:31+00:00\" \/>\n<meta property=\"og:image\" content=\"https:\/\/easyliferobo.com\/de\/wp-content\/uploads\/2026\/02\/712dpYhZdGL._AC_SL1500_.jpg\" \/>\n\t<meta property=\"og:image:width\" content=\"1465\" \/>\n\t<meta property=\"og:image:height\" content=\"1500\" \/>\n\t<meta property=\"og:image:type\" content=\"image\/jpeg\" \/>\n<meta name=\"twitter:card\" content=\"summary_large_image\" \/>\n<meta name=\"twitter:label1\" content=\"Gesch\u00e4tzte Lesezeit\" \/>\n\t<meta name=\"twitter:data1\" content=\"3\u00a0Minuten\" \/>\n<script type=\"application\/ld+json\" class=\"yoast-schema-graph\">{\"@context\":\"https:\\\/\\\/schema.org\",\"@graph\":[{\"@type\":\"WebPage\",\"@id\":\"https:\\\/\\\/easyliferobo.com\\\/de\\\/product\\\/vexilar-w15-roboter-staubsauger-mit-wischfunktion-beutelloser-multi-zyklon-saugstation-staubsaugerroboter-10000-pa-lidar-navigation-3-in-1-saug-und-wischroboter-180-min-max-app-stimme\\\/\",\"url\":\"https:\\\/\\\/easyliferobo.com\\\/de\\\/product\\\/vexilar-w15-roboter-staubsauger-mit-wischfunktion-beutelloser-multi-zyklon-saugstation-staubsaugerroboter-10000-pa-lidar-navigation-3-in-1-saug-und-wischroboter-180-min-max-app-stimme\\\/\",\"name\":\"Vexilar W15 Roboter-Staubsauger mit Wischfunktion, beutelloser Multi-Zyklon-Saugstation-Staubsaugerroboter, 10000 Pa, LiDAR-Navigation, 3-in-1-Saug- und Wischroboter, 180 Min. Max., App & Stimme - EasyLifeBro\",\"isPartOf\":{\"@id\":\"https:\\\/\\\/easyliferobo.com\\\/de\\\/#website\"},\"primaryImageOfPage\":{\"@id\":\"https:\\\/\\\/easyliferobo.com\\\/de\\\/product\\\/vexilar-w15-roboter-staubsauger-mit-wischfunktion-beutelloser-multi-zyklon-saugstation-staubsaugerroboter-10000-pa-lidar-navigation-3-in-1-saug-und-wischroboter-180-min-max-app-stimme\\\/#primaryimage\"},\"image\":{\"@id\":\"https:\\\/\\\/easyliferobo.com\\\/de\\\/product\\\/vexilar-w15-roboter-staubsauger-mit-wischfunktion-beutelloser-multi-zyklon-saugstation-staubsaugerroboter-10000-pa-lidar-navigation-3-in-1-saug-und-wischroboter-180-min-max-app-stimme\\\/#primaryimage\"},\"thumbnailUrl\":\"https:\\\/\\\/easyliferobo.com\\\/de\\\/wp-content\\\/uploads\\\/2026\\\/02\\\/712dpYhZdGL._AC_SL1500_.jpg\",\"datePublished\":\"2026-02-22T19:50:08+00:00\",\"dateModified\":\"2026-02-22T19:50:31+00:00\",\"description\":\"Entdecken Sie smarte Roboter f\u00fcr Zuhause, Garten, Bildung und Sicherheit. Vergleichen Sie Saugroboter, Rasenm\u00e4hroboter, KI-Begleitroboter und mehr bei EasyLifeRobo.\",\"breadcrumb\":{\"@id\":\"https:\\\/\\\/easyliferobo.com\\\/de\\\/product\\\/vexilar-w15-roboter-staubsauger-mit-wischfunktion-beutelloser-multi-zyklon-saugstation-staubsaugerroboter-10000-pa-lidar-navigation-3-in-1-saug-und-wischroboter-180-min-max-app-stimme\\\/#breadcrumb\"},\"inLanguage\":\"de\",\"potentialAction\":[{\"@type\":\"ReadAction\",\"target\":[\"https:\\\/\\\/easyliferobo.com\\\/de\\\/product\\\/vexilar-w15-roboter-staubsauger-mit-wischfunktion-beutelloser-multi-zyklon-saugstation-staubsaugerroboter-10000-pa-lidar-navigation-3-in-1-saug-und-wischroboter-180-min-max-app-stimme\\\/\"]}]},{\"@type\":\"ImageObject\",\"inLanguage\":\"de\",\"@id\":\"https:\\\/\\\/easyliferobo.com\\\/de\\\/product\\\/vexilar-w15-roboter-staubsauger-mit-wischfunktion-beutelloser-multi-zyklon-saugstation-staubsaugerroboter-10000-pa-lidar-navigation-3-in-1-saug-und-wischroboter-180-min-max-app-stimme\\\/#primaryimage\",\"url\":\"https:\\\/\\\/easyliferobo.com\\\/de\\\/wp-content\\\/uploads\\\/2026\\\/02\\\/712dpYhZdGL._AC_SL1500_.jpg\",\"contentUrl\":\"https:\\\/\\\/easyliferobo.com\\\/de\\\/wp-content\\\/uploads\\\/2026\\\/02\\\/712dpYhZdGL._AC_SL1500_.jpg\",\"width\":1465,\"height\":1500},{\"@type\":\"BreadcrumbList\",\"@id\":\"https:\\\/\\\/easyliferobo.com\\\/de\\\/product\\\/vexilar-w15-roboter-staubsauger-mit-wischfunktion-beutelloser-multi-zyklon-saugstation-staubsaugerroboter-10000-pa-lidar-navigation-3-in-1-saug-und-wischroboter-180-min-max-app-stimme\\\/#breadcrumb\",\"itemListElement\":[{\"@type\":\"ListItem\",\"position\":1,\"name\":\"Home\",\"item\":\"https:\\\/\\\/easyliferobo.com\\\/de\\\/\"},{\"@type\":\"ListItem\",\"position\":2,\"name\":\"Shop\",\"item\":\"https:\\\/\\\/easyliferobo.com\\\/de\\\/shop\\\/\"},{\"@type\":\"ListItem\",\"position\":3,\"name\":\"Vexilar W15 Roboter-Staubsauger mit...\"}]},{\"@type\":\"WebSite\",\"@id\":\"https:\\\/\\\/easyliferobo.com\\\/de\\\/#website\",\"url\":\"https:\\\/\\\/easyliferobo.com\\\/de\\\/\",\"name\":\"EasyLifeBro\",\"description\":\"Smarte Roboter f\u00fcr Zuhause, Garten &amp; Bildung\",\"publisher\":{\"@id\":\"https:\\\/\\\/easyliferobo.com\\\/de\\\/#organization\"},\"potentialAction\":[{\"@type\":\"SearchAction\",\"target\":{\"@type\":\"EntryPoint\",\"urlTemplate\":\"https:\\\/\\\/easyliferobo.com\\\/de\\\/?s={search_term_string}\"},\"query-input\":{\"@type\":\"PropertyValueSpecification\",\"valueRequired\":true,\"valueName\":\"search_term_string\"}}],\"inLanguage\":\"de\"},{\"@type\":\"Organization\",\"@id\":\"https:\\\/\\\/easyliferobo.com\\\/de\\\/#organization\",\"name\":\"EasyLifeBro\",\"url\":\"https:\\\/\\\/easyliferobo.com\\\/de\\\/\",\"logo\":{\"@type\":\"ImageObject\",\"inLanguage\":\"de\",\"@id\":\"https:\\\/\\\/easyliferobo.com\\\/de\\\/#\\\/schema\\\/logo\\\/image\\\/\",\"url\":\"https:\\\/\\\/easyliferobo.com\\\/de\\\/wp-content\\\/uploads\\\/2026\\\/02\\\/Screenshot-2026-02-22-at-2.25.03-PM.png\",\"contentUrl\":\"https:\\\/\\\/easyliferobo.com\\\/de\\\/wp-content\\\/uploads\\\/2026\\\/02\\\/Screenshot-2026-02-22-at-2.25.03-PM.png\",\"width\":1858,\"height\":430,\"caption\":\"EasyLifeBro\"},\"image\":{\"@id\":\"https:\\\/\\\/easyliferobo.com\\\/de\\\/#\\\/schema\\\/logo\\\/image\\\/\"}}]}<\/script>\n<!-- \/ Yoast SEO plugin. -->","yoast_head_json":{"title":"Vexilar W15 Roboter-Staubsauger mit Wischfunktion, beutelloser Multi-Zyklon-Saugstation-Staubsaugerroboter, 10000 Pa, LiDAR-Navigation, 3-in-1-Saug- und Wischroboter, 180 Min. Max., App & Stimme - EasyLifeBro","description":"Entdecken Sie smarte Roboter f\u00fcr Zuhause, Garten, Bildung und Sicherheit. Vergleichen Sie Saugroboter, Rasenm\u00e4hroboter, KI-Begleitroboter und mehr bei EasyLifeRobo.","robots":{"index":"index","follow":"follow","max-snippet":"max-snippet:-1","max-image-preview":"max-image-preview:large","max-video-preview":"max-video-preview:-1"},"canonical":"https:\/\/easyliferobo.com\/de\/product\/vexilar-w15-roboter-staubsauger-mit-wischfunktion-beutelloser-multi-zyklon-saugstation-staubsaugerroboter-10000-pa-lidar-navigation-3-in-1-saug-und-wischroboter-180-min-max-app-stimme\/","og_locale":"de_DE","og_type":"article","og_title":"Vexilar W15 Roboter-Staubsauger mit Wischfunktion, beutelloser Multi-Zyklon-Saugstation-Staubsaugerroboter, 10000 Pa, LiDAR-Navigation, 3-in-1-Saug- und Wischroboter, 180 Min. Max., App & Stimme - EasyLifeBro","og_description":"Entdecken Sie smarte Roboter f\u00fcr Zuhause, Garten, Bildung und Sicherheit. Vergleichen Sie Saugroboter, Rasenm\u00e4hroboter, KI-Begleitroboter und mehr bei EasyLifeRobo.","og_url":"https:\/\/easyliferobo.com\/de\/product\/vexilar-w15-roboter-staubsauger-mit-wischfunktion-beutelloser-multi-zyklon-saugstation-staubsaugerroboter-10000-pa-lidar-navigation-3-in-1-saug-und-wischroboter-180-min-max-app-stimme\/","og_site_name":"EasyLifeBro","article_modified_time":"2026-02-22T19:50:31+00:00","og_image":[{"width":1465,"height":1500,"url":"https:\/\/easyliferobo.com\/de\/wp-content\/uploads\/2026\/02\/712dpYhZdGL._AC_SL1500_.jpg","type":"image\/jpeg"}],"twitter_card":"summary_large_image","twitter_misc":{"Gesch\u00e4tzte Lesezeit":"3\u00a0Minuten"},"schema":{"@context":"https:\/\/schema.org","@graph":[{"@type":"WebPage","@id":"https:\/\/easyliferobo.com\/de\/product\/vexilar-w15-roboter-staubsauger-mit-wischfunktion-beutelloser-multi-zyklon-saugstation-staubsaugerroboter-10000-pa-lidar-navigation-3-in-1-saug-und-wischroboter-180-min-max-app-stimme\/","url":"https:\/\/easyliferobo.com\/de\/product\/vexilar-w15-roboter-staubsauger-mit-wischfunktion-beutelloser-multi-zyklon-saugstation-staubsaugerroboter-10000-pa-lidar-navigation-3-in-1-saug-und-wischroboter-180-min-max-app-stimme\/","name":"Vexilar W15 Roboter-Staubsauger mit Wischfunktion, beutelloser Multi-Zyklon-Saugstation-Staubsaugerroboter, 10000 Pa, LiDAR-Navigation, 3-in-1-Saug- und Wischroboter, 180 Min. Max., App & Stimme - EasyLifeBro","isPartOf":{"@id":"https:\/\/easyliferobo.com\/de\/#website"},"primaryImageOfPage":{"@id":"https:\/\/easyliferobo.com\/de\/product\/vexilar-w15-roboter-staubsauger-mit-wischfunktion-beutelloser-multi-zyklon-saugstation-staubsaugerroboter-10000-pa-lidar-navigation-3-in-1-saug-und-wischroboter-180-min-max-app-stimme\/#primaryimage"},"image":{"@id":"https:\/\/easyliferobo.com\/de\/product\/vexilar-w15-roboter-staubsauger-mit-wischfunktion-beutelloser-multi-zyklon-saugstation-staubsaugerroboter-10000-pa-lidar-navigation-3-in-1-saug-und-wischroboter-180-min-max-app-stimme\/#primaryimage"},"thumbnailUrl":"https:\/\/easyliferobo.com\/de\/wp-content\/uploads\/2026\/02\/712dpYhZdGL._AC_SL1500_.jpg","datePublished":"2026-02-22T19:50:08+00:00","dateModified":"2026-02-22T19:50:31+00:00","description":"Entdecken Sie smarte Roboter f\u00fcr Zuhause, Garten, Bildung und Sicherheit. Vergleichen Sie Saugroboter, Rasenm\u00e4hroboter, KI-Begleitroboter und mehr bei EasyLifeRobo.","breadcrumb":{"@id":"https:\/\/easyliferobo.com\/de\/product\/vexilar-w15-roboter-staubsauger-mit-wischfunktion-beutelloser-multi-zyklon-saugstation-staubsaugerroboter-10000-pa-lidar-navigation-3-in-1-saug-und-wischroboter-180-min-max-app-stimme\/#breadcrumb"},"inLanguage":"de","potentialAction":[{"@type":"ReadAction","target":["https:\/\/easyliferobo.com\/de\/product\/vexilar-w15-roboter-staubsauger-mit-wischfunktion-beutelloser-multi-zyklon-saugstation-staubsaugerroboter-10000-pa-lidar-navigation-3-in-1-saug-und-wischroboter-180-min-max-app-stimme\/"]}]},{"@type":"ImageObject","inLanguage":"de","@id":"https:\/\/easyliferobo.com\/de\/product\/vexilar-w15-roboter-staubsauger-mit-wischfunktion-beutelloser-multi-zyklon-saugstation-staubsaugerroboter-10000-pa-lidar-navigation-3-in-1-saug-und-wischroboter-180-min-max-app-stimme\/#primaryimage","url":"https:\/\/easyliferobo.com\/de\/wp-content\/uploads\/2026\/02\/712dpYhZdGL._AC_SL1500_.jpg","contentUrl":"https:\/\/easyliferobo.com\/de\/wp-content\/uploads\/2026\/02\/712dpYhZdGL._AC_SL1500_.jpg","width":1465,"height":1500},{"@type":"BreadcrumbList","@id":"https:\/\/easyliferobo.com\/de\/product\/vexilar-w15-roboter-staubsauger-mit-wischfunktion-beutelloser-multi-zyklon-saugstation-staubsaugerroboter-10000-pa-lidar-navigation-3-in-1-saug-und-wischroboter-180-min-max-app-stimme\/#breadcrumb","itemListElement":[{"@type":"ListItem","position":1,"name":"Home","item":"https:\/\/easyliferobo.com\/de\/"},{"@type":"ListItem","position":2,"name":"Shop","item":"https:\/\/easyliferobo.com\/de\/shop\/"},{"@type":"ListItem","position":3,"name":"Vexilar W15 Roboter-Staubsauger mit..."}]},{"@type":"WebSite","@id":"https:\/\/easyliferobo.com\/de\/#website","url":"https:\/\/easyliferobo.com\/de\/","name":"EasyLifeBro","description":"Smarte Roboter f\u00fcr Zuhause, Garten &amp; Bildung","publisher":{"@id":"https:\/\/easyliferobo.com\/de\/#organization"},"potentialAction":[{"@type":"SearchAction","target":{"@type":"EntryPoint","urlTemplate":"https:\/\/easyliferobo.com\/de\/?s={search_term_string}"},"query-input":{"@type":"PropertyValueSpecification","valueRequired":true,"valueName":"search_term_string"}}],"inLanguage":"de"},{"@type":"Organization","@id":"https:\/\/easyliferobo.com\/de\/#organization","name":"EasyLifeBro","url":"https:\/\/easyliferobo.com\/de\/","logo":{"@type":"ImageObject","inLanguage":"de","@id":"https:\/\/easyliferobo.com\/de\/#\/schema\/logo\/image\/","url":"https:\/\/easyliferobo.com\/de\/wp-content\/uploads\/2026\/02\/Screenshot-2026-02-22-at-2.25.03-PM.png","contentUrl":"https:\/\/easyliferobo.com\/de\/wp-content\/uploads\/2026\/02\/Screenshot-2026-02-22-at-2.25.03-PM.png","width":1858,"height":430,"caption":"EasyLifeBro"},"image":{"@id":"https:\/\/easyliferobo.com\/de\/#\/schema\/logo\/image\/"}}]}},"_links":{"self":[{"href":"https:\/\/easyliferobo.com\/de\/wp-json\/wp\/v2\/product\/1183","targetHints":{"allow":["GET"]}}],"collection":[{"href":"https:\/\/easyliferobo.com\/de\/wp-json\/wp\/v2\/product"}],"about":[{"href":"https:\/\/easyliferobo.com\/de\/wp-json\/wp\/v2\/types\/product"}],"replies":[{"embeddable":true,"href":"https:\/\/easyliferobo.com\/de\/wp-json\/wp\/v2\/comments?post=1183"}],"wp:featuredmedia":[{"embeddable":true,"href":"https:\/\/easyliferobo.com\/de\/wp-json\/wp\/v2\/media\/1184"}],"wp:attachment":[{"href":"https:\/\/easyliferobo.com\/de\/wp-json\/wp\/v2\/media?parent=1183"}],"wp:term":[{"taxonomy":"store","embeddable":true,"href":"https:\/\/easyliferobo.com\/de\/wp-json\/wp\/v2\/store?post=1183"},{"taxonomy":"product_brand","embeddable":true,"href":"https:\/\/easyliferobo.com\/de\/wp-json\/wp\/v2\/product_brand?post=1183"},{"taxonomy":"product_cat","embeddable":true,"href":"https:\/\/easyliferobo.com\/de\/wp-json\/wp\/v2\/product_cat?post=1183"},{"taxonomy":"product_tag","embeddable":true,"href":"https:\/\/easyliferobo.com\/de\/wp-json\/wp\/v2\/product_tag?post=1183"}],"curies":[{"name":"wp","href":"https:\/\/api.w.org\/{rel}","templated":true}]}}