
{"id":1173,"date":"2026-02-22T19:48:05","date_gmt":"2026-02-22T19:48:05","guid":{"rendered":"https:\/\/easyliferobo.com\/de\/product\/saugroboter-mit-wischfunktion-staubsaugerroboter-mit-saugstation-35-l-5000-pa-saugleistung-lidar-navigation-e10-saug-und-wischroboter-fuer-tierhaare-teppichboeden-ca\/"},"modified":"2026-02-22T19:48:24","modified_gmt":"2026-02-22T19:48:24","slug":"saugroboter-mit-wischfunktion-staubsaugerroboter-mit-saugstation-35-l-5000-pa-saugleistung-lidar-navigation-e10-saug-und-wischroboter-fuer-tierhaare-teppichboeden-ca","status":"publish","type":"product","link":"https:\/\/easyliferobo.com\/de\/product\/saugroboter-mit-wischfunktion-staubsaugerroboter-mit-saugstation-35-l-5000-pa-saugleistung-lidar-navigation-e10-saug-und-wischroboter-fuer-tierhaare-teppichboeden-ca\/","title":{"rendered":"Saugroboter mit Wischfunktion, Stau..."},"content":{"rendered":"<p>\n                                             Von der Marke   <\/p>\n<p>                                              <img decoding=\"async\" alt=\"Aplus-Inhaltsbild\" src=\"https:\/\/images-na.ssl-images-amazon.com\/images\/G\/01\/x-locale\/common\/grey-pixel.gif\" class=\"a-lazy-loaded\" data-src=\"https:\/\/m.media-amazon.com\/images\/S\/aplus-media-library-service-media\/ac86573a-ec70-48fa-886d-366ae17e75f9.__CR0,0,1464,625_PT0_SX1464_V1___.png\"><img decoding=\"async\" alt=\"Aplus-Inhaltsbild\" src=\"https:\/\/m.media-amazon.com\/images\/S\/aplus-media-library-service-media\/ac86573a-ec70-48fa-886d-366ae17e75f9.__CR0,0,1464,625_PT0_SX1464_V1___.png\">  <\/p>\n<p>                                              <img decoding=\"async\" alt=\"\" src=\"https:\/\/images-na.ssl-images-amazon.com\/images\/G\/01\/x-locale\/common\/grey-pixel.gif\" class=\"a-lazy-loaded\" data-src=\"https:\/\/m.media-amazon.com\/images\/S\/aplus-media-library-service-media\/0e351d01-cc5a-45cf-9d77-16d1ebfcafde.__CR0,0,315,145_PT0_SX315_V1___.png\"><img decoding=\"async\" alt=\"\" src=\"https:\/\/m.media-amazon.com\/images\/S\/aplus-media-library-service-media\/0e351d01-cc5a-45cf-9d77-16d1ebfcafde.__CR0,0,315,145_PT0_SX315_V1___.png\">  <\/p>\n<p>  BOTLUXE konzentriert sich auf Forschung und Innovation im Bereich der intelligenten Haushaltsreinigung und setzt sich daf\u00fcr ein, Nutzern weltweit ein intelligentes, bequemes und komfortables Leben zu erm\u00f6glichen. Zu den Hauptprodukten des Unternehmens geh\u00f6ren Staubsaugerroboter und Poolreinigungsroboter, die Ihnen dabei helfen, den Haushalt m\u00fchelos zu reinigen. <\/p>\n<h3>  BOTLUXE E10+ <\/h3>\n<p>                                              <img decoding=\"async\" alt=\"Aplus-Inhaltsbild\" src=\"https:\/\/images-na.ssl-images-amazon.com\/images\/G\/01\/x-locale\/common\/grey-pixel.gif\" class=\"a-lazy-loaded\" data-src=\"https:\/\/m.media-amazon.com\/images\/S\/aplus-media-library-service-media\/81584858-2b98-41f6-bf73-721067b72f25.__CR0,0,1810,2265_PT0_SX362_V1___.png\"><img decoding=\"async\" alt=\"Aplus-Inhaltsbild\" src=\"https:\/\/m.media-amazon.com\/images\/S\/aplus-media-library-service-media\/81584858-2b98-41f6-bf73-721067b72f25.__CR0,0,1810,2265_PT0_SX362_V1___.png\">  <\/p>\n<p>                                              <img decoding=\"async\" alt=\"Aplus-Inhaltsbild\" src=\"https:\/\/images-na.ssl-images-amazon.com\/images\/G\/01\/x-locale\/common\/grey-pixel.gif\" class=\"a-lazy-loaded\" data-src=\"https:\/\/m.media-amazon.com\/images\/S\/aplus-media-library-service-media\/90189207-0837-42fb-8864-c3904fb13b09.__CR0,0,1810,2265_PT0_SX362_V1___.png\"><img decoding=\"async\" alt=\"Aplus-Inhaltsbild\" src=\"https:\/\/m.media-amazon.com\/images\/S\/aplus-media-library-service-media\/90189207-0837-42fb-8864-c3904fb13b09.__CR0,0,1810,2265_PT0_SX362_V1___.png\">  <\/p>\n<p>                                              <img decoding=\"async\" alt=\"Aplus-Inhaltsbild\" src=\"https:\/\/images-na.ssl-images-amazon.com\/images\/G\/01\/x-locale\/common\/grey-pixel.gif\" class=\"a-lazy-loaded\" data-src=\"https:\/\/m.media-amazon.com\/images\/S\/aplus-media-library-service-media\/d902daab-5382-45ae-9457-49c2776182aa.__CR0,0,1810,2265_PT0_SX362_V1___.png\"><img decoding=\"async\" alt=\"Aplus-Inhaltsbild\" src=\"https:\/\/m.media-amazon.com\/images\/S\/aplus-media-library-service-media\/d902daab-5382-45ae-9457-49c2776182aa.__CR0,0,1810,2265_PT0_SX362_V1___.png\">  <\/p>\n<p>                                              <img decoding=\"async\" alt=\"Aplus-Inhaltsbild\" src=\"https:\/\/images-na.ssl-images-amazon.com\/images\/G\/01\/x-locale\/common\/grey-pixel.gif\" class=\"a-lazy-loaded\" data-src=\"https:\/\/m.media-amazon.com\/images\/S\/aplus-media-library-service-media\/5a56a134-5df6-4b1e-8616-bd3ab51369a9.__CR0,0,1810,2265_PT0_SX362_V1___.png\"><img decoding=\"async\" alt=\"Aplus-Inhaltsbild\" src=\"https:\/\/m.media-amazon.com\/images\/S\/aplus-media-library-service-media\/5a56a134-5df6-4b1e-8616-bd3ab51369a9.__CR0,0,1810,2265_PT0_SX362_V1___.png\">  <\/p>\n<p>                                              <img decoding=\"async\" alt=\"Aplus-Inhaltsbild\" src=\"https:\/\/images-na.ssl-images-amazon.com\/images\/G\/01\/x-locale\/common\/grey-pixel.gif\" class=\"a-lazy-loaded\" data-src=\"https:\/\/m.media-amazon.com\/images\/S\/aplus-media-library-service-media\/44641895-08e8-4b47-9b36-dff736873069.__CR0,0,1810,2265_PT0_SX362_V1___.png\"><img decoding=\"async\" alt=\"Aplus-Inhaltsbild\" src=\"https:\/\/m.media-amazon.com\/images\/S\/aplus-media-library-service-media\/44641895-08e8-4b47-9b36-dff736873069.__CR0,0,1810,2265_PT0_SX362_V1___.png\">  <\/p>\n<p>                                              <img decoding=\"async\" alt=\"Aplus-Inhaltsbild\" src=\"https:\/\/images-na.ssl-images-amazon.com\/images\/G\/01\/x-locale\/common\/grey-pixel.gif\" class=\"a-lazy-loaded\" data-src=\"https:\/\/m.media-amazon.com\/images\/S\/aplus-media-library-service-media\/88e3e8fc-6b9e-479e-b474-270058cfa34d.__CR0,0,1810,2265_PT0_SX362_V1___.png\"><img decoding=\"async\" alt=\"Aplus-Inhaltsbild\" src=\"https:\/\/m.media-amazon.com\/images\/S\/aplus-media-library-service-media\/88e3e8fc-6b9e-479e-b474-270058cfa34d.__CR0,0,1810,2265_PT0_SX362_V1___.png\">  <\/p>\n<p>75 Tage freih\u00e4ndig Der Roboterstaubsauger mit Saugstation verf\u00fcgt \u00fcber einen 3,5-L-Staubbeh\u00e4lter, der Schmutz automatisch auff\u00e4ngt. Dadurch k\u00f6nnen Sie das Entleeren des Staubbeh\u00e4lters bis zu 75 Tage lang vermeiden. Ideal f\u00fcr vielbesch\u00e4ftigte Familien und Haustierbesitzer.<br \/>Hochleistungs-Saugkraft 5000 Pa: Dieser Staubsaugerroboter mit Wischfunktion bietet 4 einstellbare Saugstufen mit einer maximalen Saugkraft von bis zu 5000 Pa und entfernt m\u00fchelos Haare, Staub und Schmutz. Der Staubsaugerroboter verf\u00fcgt \u00fcber eine abnehmbare schwimmende Hauptb\u00fcrste, die sich besser an alle Arten von Bodenbel\u00e4gen anpasst.<br \/>Pr\u00e4zise LiDAR-Navigation: Der E10+ ist mit einem 360\u00b0-LiDAR-System ausgestattet, das seine Umgebung 4320 Mal pro Sekunde mit einer Reichweite von bis zu 8 Metern scannt. Es ist sechsmal schneller als herk\u00f6mmliche Methoden, kartiert Ihr Zuhause schnell und plant die effizienteste Reinigungsroute. Selbst in komplexen Umgebungen umgeht es zuverl\u00e4ssig Hindernisse. Der Saugroboter \u00fcberwindet m\u00fchelos bis zu 20 mm hohe Hindernisse wie T\u00fcrschwellen und sorgt so f\u00fcr eine gr\u00fcndliche Reinigung aller Ecken.<br \/>3 in 1 Kehren, Wischen und Staubsaugen: Der Saug- und Wischroboter E10+ vereint Kehren, Staubsaugen und Wischen. Sie k\u00f6nnen ganz einfach zwischen nur Kehren, nur Wischen oder sowohl Kehren als auch Wischen wechseln. Der elektronisch gesteuerte 2-in-1-Wassertank unterst\u00fctzt drei Wasserdurchflussstufen, sodass Sie die Waschintensit\u00e4t je nach Verschmutzungsgrad w\u00e4hlen k\u00f6nnen.<br \/>APP Smart Control: Dieser Staubsaugerroboter mit Saugstation mit Wischfunktion kann \u00fcber die Smart Life App gesteuert werden. Sie k\u00f6nnen die Reinigungszeit und -reihenfolge des Roboters einstellen, den gew\u00fcnschten Reinigungsmodus ausw\u00e4hlen, bestimmte R\u00e4ume reinigen, virtuelle W\u00e4nde und Sperrzonen einrichten usw. Sie k\u00f6nnen die Reinigung \u00fcber Alexa und Google Assistant starten oder stoppen.<br \/>Extra lange Laufzeit &#038; automatische Ladefunktion: Der Roboterstaubsauger E10+ l\u00e4uft mit einer einzigen Ladung bis zu 150 Minuten und reinigt ein Haus bis zu 150 \u33a1. Wenn der Akku leer ist, kehrt er zur Ladestation zur\u00fcck, l\u00e4dt sich auf und kann dort weitermachen, wo er zuvor aufgeh\u00f6rt hat. Der Saugroboter verf\u00fcgt \u00fcber eine Ladefunktion f\u00fcr geringe Ladezeiten, um Energie zu sparen und Ihren Saugroboter stets einsatzbereit zu halten.<br \/>Lieferumfang: 1 x E10+ Roboterstaubsauger, 1 x 2-in-1-Staub- und Wasserbeh\u00e4lter, 1 x Hauptb\u00fcrste, 1 x Hauptb\u00fcrstenabdeckung, 1 x Reinigungsb\u00fcrste, 1 x Einweg-Staubbeutel, 1 x Seitenb\u00fcrste, 1 x Wischmodul, 1 x Bedienungsanleitung. BOTLUXE Wischer und Roboterstaubsauger versprechen 24 Monate Garantie, sorgenfreien Kundenservice.<br \/>Hinweis: F\u00fcr die App-Verbindung ist 2,4-GHz-WLAN erforderlich.<\/p>\n<p>[ad_2]<\/p>\n","protected":false},"excerpt":{"rendered":"<p>Von der Marke BOTLUXE konzentriert sich auf Forschung und Innovation im Bereich der intelligenten Haushaltsreinigung und setzt sich daf\u00fcr ein, Nutzern weltweit ein intelligentes, bequemes und komfortables Leben zu erm\u00f6glichen. Zu den Hauptprodukten des Unternehmens geh\u00f6ren Staubsaugerroboter und Poolreinigungsroboter, die Ihnen dabei helfen, den Haushalt m\u00fchelos zu reinigen. BOTLUXE E10+ 75 Tage freih\u00e4ndig Der Roboterstaubsauger [&hellip;]<\/p>\n","protected":false},"featured_media":1174,"comment_status":"open","ping_status":"closed","template":"","meta":{"_aipt_faq_data":""},"store":[],"product_brand":[254],"product_cat":[73],"product_tag":[253],"class_list":{"0":"post-1173","1":"product","2":"type-product","3":"status-publish","4":"has-post-thumbnail","6":"product_brand-botluxe","7":"product_cat-wischroboter","8":"product_tag-robuste-wischroboter-fuer-laminat","10":"first","11":"instock","12":"sale","13":"shipping-taxable","14":"product-type-external"},"yoast_head":"<!-- This site is optimized with the Yoast SEO plugin v27.0 - https:\/\/yoast.com\/product\/yoast-seo-wordpress\/ -->\n<title>Saugroboter mit Wischfunktion, Staubsaugerroboter mit Saugstation 3,5 L, 5000 Pa Saugleistung, LiDAR-Navigation, E10+ Saug- und Wischroboter f\u00fcr Tierhaare, Teppichb\u00f6den, ca - EasyLifeBro<\/title>\n<meta name=\"description\" content=\"Entdecken Sie smarte Roboter f\u00fcr Zuhause, Garten, Bildung und Sicherheit. Vergleichen Sie Saugroboter, Rasenm\u00e4hroboter, KI-Begleitroboter und mehr bei EasyLifeRobo.\" \/>\n<meta name=\"robots\" content=\"index, follow, max-snippet:-1, max-image-preview:large, max-video-preview:-1\" \/>\n<link rel=\"canonical\" href=\"https:\/\/easyliferobo.com\/de\/product\/saugroboter-mit-wischfunktion-staubsaugerroboter-mit-saugstation-35-l-5000-pa-saugleistung-lidar-navigation-e10-saug-und-wischroboter-fuer-tierhaare-teppichboeden-ca\/\" \/>\n<meta property=\"og:locale\" content=\"de_DE\" \/>\n<meta property=\"og:type\" content=\"article\" \/>\n<meta property=\"og:title\" content=\"Saugroboter mit Wischfunktion, Staubsaugerroboter mit Saugstation 3,5 L, 5000 Pa Saugleistung, LiDAR-Navigation, E10+ Saug- und Wischroboter f\u00fcr Tierhaare, Teppichb\u00f6den, ca - EasyLifeBro\" \/>\n<meta property=\"og:description\" content=\"Entdecken Sie smarte Roboter f\u00fcr Zuhause, Garten, Bildung und Sicherheit. Vergleichen Sie Saugroboter, Rasenm\u00e4hroboter, KI-Begleitroboter und mehr bei EasyLifeRobo.\" \/>\n<meta property=\"og:url\" content=\"https:\/\/easyliferobo.com\/de\/product\/saugroboter-mit-wischfunktion-staubsaugerroboter-mit-saugstation-35-l-5000-pa-saugleistung-lidar-navigation-e10-saug-und-wischroboter-fuer-tierhaare-teppichboeden-ca\/\" \/>\n<meta property=\"og:site_name\" content=\"EasyLifeBro\" \/>\n<meta property=\"article:modified_time\" content=\"2026-02-22T19:48:24+00:00\" \/>\n<meta property=\"og:image\" content=\"https:\/\/easyliferobo.com\/de\/wp-content\/uploads\/2026\/02\/615HTW-P0BL._AC_SL1500_.jpg\" \/>\n\t<meta property=\"og:image:width\" content=\"1500\" \/>\n\t<meta property=\"og:image:height\" content=\"1327\" \/>\n\t<meta property=\"og:image:type\" content=\"image\/jpeg\" \/>\n<meta name=\"twitter:card\" content=\"summary_large_image\" \/>\n<meta name=\"twitter:label1\" content=\"Gesch\u00e4tzte Lesezeit\" \/>\n\t<meta name=\"twitter:data1\" content=\"2\u00a0Minuten\" \/>\n<script type=\"application\/ld+json\" class=\"yoast-schema-graph\">{\"@context\":\"https:\/\/schema.org\",\"@graph\":[{\"@type\":\"WebPage\",\"@id\":\"https:\/\/easyliferobo.com\/de\/product\/saugroboter-mit-wischfunktion-staubsaugerroboter-mit-saugstation-35-l-5000-pa-saugleistung-lidar-navigation-e10-saug-und-wischroboter-fuer-tierhaare-teppichboeden-ca\/\",\"url\":\"https:\/\/easyliferobo.com\/de\/product\/saugroboter-mit-wischfunktion-staubsaugerroboter-mit-saugstation-35-l-5000-pa-saugleistung-lidar-navigation-e10-saug-und-wischroboter-fuer-tierhaare-teppichboeden-ca\/\",\"name\":\"Saugroboter mit Wischfunktion, Staubsaugerroboter mit Saugstation 3,5 L, 5000 Pa Saugleistung, LiDAR-Navigation, E10+ Saug- und Wischroboter f\u00fcr Tierhaare, Teppichb\u00f6den, ca - EasyLifeBro\",\"isPartOf\":{\"@id\":\"https:\/\/easyliferobo.com\/de\/#website\"},\"primaryImageOfPage\":{\"@id\":\"https:\/\/easyliferobo.com\/de\/product\/saugroboter-mit-wischfunktion-staubsaugerroboter-mit-saugstation-35-l-5000-pa-saugleistung-lidar-navigation-e10-saug-und-wischroboter-fuer-tierhaare-teppichboeden-ca\/#primaryimage\"},\"image\":{\"@id\":\"https:\/\/easyliferobo.com\/de\/product\/saugroboter-mit-wischfunktion-staubsaugerroboter-mit-saugstation-35-l-5000-pa-saugleistung-lidar-navigation-e10-saug-und-wischroboter-fuer-tierhaare-teppichboeden-ca\/#primaryimage\"},\"thumbnailUrl\":\"https:\/\/easyliferobo.com\/de\/wp-content\/uploads\/2026\/02\/615HTW-P0BL._AC_SL1500_.jpg\",\"datePublished\":\"2026-02-22T19:48:05+00:00\",\"dateModified\":\"2026-02-22T19:48:24+00:00\",\"description\":\"Entdecken Sie smarte Roboter f\u00fcr Zuhause, Garten, Bildung und Sicherheit. Vergleichen Sie Saugroboter, Rasenm\u00e4hroboter, KI-Begleitroboter und mehr bei EasyLifeRobo.\",\"breadcrumb\":{\"@id\":\"https:\/\/easyliferobo.com\/de\/product\/saugroboter-mit-wischfunktion-staubsaugerroboter-mit-saugstation-35-l-5000-pa-saugleistung-lidar-navigation-e10-saug-und-wischroboter-fuer-tierhaare-teppichboeden-ca\/#breadcrumb\"},\"inLanguage\":\"de\",\"potentialAction\":[{\"@type\":\"ReadAction\",\"target\":[\"https:\/\/easyliferobo.com\/de\/product\/saugroboter-mit-wischfunktion-staubsaugerroboter-mit-saugstation-35-l-5000-pa-saugleistung-lidar-navigation-e10-saug-und-wischroboter-fuer-tierhaare-teppichboeden-ca\/\"]}]},{\"@type\":\"ImageObject\",\"inLanguage\":\"de\",\"@id\":\"https:\/\/easyliferobo.com\/de\/product\/saugroboter-mit-wischfunktion-staubsaugerroboter-mit-saugstation-35-l-5000-pa-saugleistung-lidar-navigation-e10-saug-und-wischroboter-fuer-tierhaare-teppichboeden-ca\/#primaryimage\",\"url\":\"https:\/\/easyliferobo.com\/de\/wp-content\/uploads\/2026\/02\/615HTW-P0BL._AC_SL1500_.jpg\",\"contentUrl\":\"https:\/\/easyliferobo.com\/de\/wp-content\/uploads\/2026\/02\/615HTW-P0BL._AC_SL1500_.jpg\",\"width\":1500,\"height\":1327},{\"@type\":\"BreadcrumbList\",\"@id\":\"https:\/\/easyliferobo.com\/de\/product\/saugroboter-mit-wischfunktion-staubsaugerroboter-mit-saugstation-35-l-5000-pa-saugleistung-lidar-navigation-e10-saug-und-wischroboter-fuer-tierhaare-teppichboeden-ca\/#breadcrumb\",\"itemListElement\":[{\"@type\":\"ListItem\",\"position\":1,\"name\":\"Home\",\"item\":\"https:\/\/easyliferobo.com\/de\/\"},{\"@type\":\"ListItem\",\"position\":2,\"name\":\"Shop\",\"item\":\"https:\/\/easyliferobo.com\/de\/shop\/\"},{\"@type\":\"ListItem\",\"position\":3,\"name\":\"Saugroboter mit Wischfunktion, Staubsaugerroboter mit Saugstation 3,5 L, 5000 Pa Saugleistung, LiDAR-Navigation, E10+ Saug- und Wischroboter f\u00fcr Tierhaare, Teppichb\u00f6den, ca\"}]},{\"@type\":\"WebSite\",\"@id\":\"https:\/\/easyliferobo.com\/de\/#website\",\"url\":\"https:\/\/easyliferobo.com\/de\/\",\"name\":\"EasyLifeBro\",\"description\":\"Smarte Roboter f\u00fcr Zuhause, Garten &amp; Bildung\",\"publisher\":{\"@id\":\"https:\/\/easyliferobo.com\/de\/#organization\"},\"potentialAction\":[{\"@type\":\"SearchAction\",\"target\":{\"@type\":\"EntryPoint\",\"urlTemplate\":\"https:\/\/easyliferobo.com\/de\/?s={search_term_string}\"},\"query-input\":{\"@type\":\"PropertyValueSpecification\",\"valueRequired\":true,\"valueName\":\"search_term_string\"}}],\"inLanguage\":\"de\"},{\"@type\":\"Organization\",\"@id\":\"https:\/\/easyliferobo.com\/de\/#organization\",\"name\":\"EasyLifeBro\",\"url\":\"https:\/\/easyliferobo.com\/de\/\",\"logo\":{\"@type\":\"ImageObject\",\"inLanguage\":\"de\",\"@id\":\"https:\/\/easyliferobo.com\/de\/#\/schema\/logo\/image\/\",\"url\":\"https:\/\/easyliferobo.com\/de\/wp-content\/uploads\/2026\/02\/Screenshot-2026-02-22-at-2.25.03-PM.png\",\"contentUrl\":\"https:\/\/easyliferobo.com\/de\/wp-content\/uploads\/2026\/02\/Screenshot-2026-02-22-at-2.25.03-PM.png\",\"width\":1858,\"height\":430,\"caption\":\"EasyLifeBro\"},\"image\":{\"@id\":\"https:\/\/easyliferobo.com\/de\/#\/schema\/logo\/image\/\"}}]}<\/script>\n<!-- \/ Yoast SEO plugin. -->","yoast_head_json":{"title":"Saugroboter mit Wischfunktion, Staubsaugerroboter mit Saugstation 3,5 L, 5000 Pa Saugleistung, LiDAR-Navigation, E10+ Saug- und Wischroboter f\u00fcr Tierhaare, Teppichb\u00f6den, ca - EasyLifeBro","description":"Entdecken Sie smarte Roboter f\u00fcr Zuhause, Garten, Bildung und Sicherheit. Vergleichen Sie Saugroboter, Rasenm\u00e4hroboter, KI-Begleitroboter und mehr bei EasyLifeRobo.","robots":{"index":"index","follow":"follow","max-snippet":"max-snippet:-1","max-image-preview":"max-image-preview:large","max-video-preview":"max-video-preview:-1"},"canonical":"https:\/\/easyliferobo.com\/de\/product\/saugroboter-mit-wischfunktion-staubsaugerroboter-mit-saugstation-35-l-5000-pa-saugleistung-lidar-navigation-e10-saug-und-wischroboter-fuer-tierhaare-teppichboeden-ca\/","og_locale":"de_DE","og_type":"article","og_title":"Saugroboter mit Wischfunktion, Staubsaugerroboter mit Saugstation 3,5 L, 5000 Pa Saugleistung, LiDAR-Navigation, E10+ Saug- und Wischroboter f\u00fcr Tierhaare, Teppichb\u00f6den, ca - EasyLifeBro","og_description":"Entdecken Sie smarte Roboter f\u00fcr Zuhause, Garten, Bildung und Sicherheit. Vergleichen Sie Saugroboter, Rasenm\u00e4hroboter, KI-Begleitroboter und mehr bei EasyLifeRobo.","og_url":"https:\/\/easyliferobo.com\/de\/product\/saugroboter-mit-wischfunktion-staubsaugerroboter-mit-saugstation-35-l-5000-pa-saugleistung-lidar-navigation-e10-saug-und-wischroboter-fuer-tierhaare-teppichboeden-ca\/","og_site_name":"EasyLifeBro","article_modified_time":"2026-02-22T19:48:24+00:00","og_image":[{"width":1500,"height":1327,"url":"https:\/\/easyliferobo.com\/de\/wp-content\/uploads\/2026\/02\/615HTW-P0BL._AC_SL1500_.jpg","type":"image\/jpeg"}],"twitter_card":"summary_large_image","twitter_misc":{"Gesch\u00e4tzte Lesezeit":"2\u00a0Minuten"},"schema":{"@context":"https:\/\/schema.org","@graph":[{"@type":"WebPage","@id":"https:\/\/easyliferobo.com\/de\/product\/saugroboter-mit-wischfunktion-staubsaugerroboter-mit-saugstation-35-l-5000-pa-saugleistung-lidar-navigation-e10-saug-und-wischroboter-fuer-tierhaare-teppichboeden-ca\/","url":"https:\/\/easyliferobo.com\/de\/product\/saugroboter-mit-wischfunktion-staubsaugerroboter-mit-saugstation-35-l-5000-pa-saugleistung-lidar-navigation-e10-saug-und-wischroboter-fuer-tierhaare-teppichboeden-ca\/","name":"Saugroboter mit Wischfunktion, Staubsaugerroboter mit Saugstation 3,5 L, 5000 Pa Saugleistung, LiDAR-Navigation, E10+ Saug- und Wischroboter f\u00fcr Tierhaare, Teppichb\u00f6den, ca - EasyLifeBro","isPartOf":{"@id":"https:\/\/easyliferobo.com\/de\/#website"},"primaryImageOfPage":{"@id":"https:\/\/easyliferobo.com\/de\/product\/saugroboter-mit-wischfunktion-staubsaugerroboter-mit-saugstation-35-l-5000-pa-saugleistung-lidar-navigation-e10-saug-und-wischroboter-fuer-tierhaare-teppichboeden-ca\/#primaryimage"},"image":{"@id":"https:\/\/easyliferobo.com\/de\/product\/saugroboter-mit-wischfunktion-staubsaugerroboter-mit-saugstation-35-l-5000-pa-saugleistung-lidar-navigation-e10-saug-und-wischroboter-fuer-tierhaare-teppichboeden-ca\/#primaryimage"},"thumbnailUrl":"https:\/\/easyliferobo.com\/de\/wp-content\/uploads\/2026\/02\/615HTW-P0BL._AC_SL1500_.jpg","datePublished":"2026-02-22T19:48:05+00:00","dateModified":"2026-02-22T19:48:24+00:00","description":"Entdecken Sie smarte Roboter f\u00fcr Zuhause, Garten, Bildung und Sicherheit. Vergleichen Sie Saugroboter, Rasenm\u00e4hroboter, KI-Begleitroboter und mehr bei EasyLifeRobo.","breadcrumb":{"@id":"https:\/\/easyliferobo.com\/de\/product\/saugroboter-mit-wischfunktion-staubsaugerroboter-mit-saugstation-35-l-5000-pa-saugleistung-lidar-navigation-e10-saug-und-wischroboter-fuer-tierhaare-teppichboeden-ca\/#breadcrumb"},"inLanguage":"de","potentialAction":[{"@type":"ReadAction","target":["https:\/\/easyliferobo.com\/de\/product\/saugroboter-mit-wischfunktion-staubsaugerroboter-mit-saugstation-35-l-5000-pa-saugleistung-lidar-navigation-e10-saug-und-wischroboter-fuer-tierhaare-teppichboeden-ca\/"]}]},{"@type":"ImageObject","inLanguage":"de","@id":"https:\/\/easyliferobo.com\/de\/product\/saugroboter-mit-wischfunktion-staubsaugerroboter-mit-saugstation-35-l-5000-pa-saugleistung-lidar-navigation-e10-saug-und-wischroboter-fuer-tierhaare-teppichboeden-ca\/#primaryimage","url":"https:\/\/easyliferobo.com\/de\/wp-content\/uploads\/2026\/02\/615HTW-P0BL._AC_SL1500_.jpg","contentUrl":"https:\/\/easyliferobo.com\/de\/wp-content\/uploads\/2026\/02\/615HTW-P0BL._AC_SL1500_.jpg","width":1500,"height":1327},{"@type":"BreadcrumbList","@id":"https:\/\/easyliferobo.com\/de\/product\/saugroboter-mit-wischfunktion-staubsaugerroboter-mit-saugstation-35-l-5000-pa-saugleistung-lidar-navigation-e10-saug-und-wischroboter-fuer-tierhaare-teppichboeden-ca\/#breadcrumb","itemListElement":[{"@type":"ListItem","position":1,"name":"Home","item":"https:\/\/easyliferobo.com\/de\/"},{"@type":"ListItem","position":2,"name":"Shop","item":"https:\/\/easyliferobo.com\/de\/shop\/"},{"@type":"ListItem","position":3,"name":"Saugroboter mit Wischfunktion, Staubsaugerroboter mit Saugstation 3,5 L, 5000 Pa Saugleistung, LiDAR-Navigation, E10+ Saug- und Wischroboter f\u00fcr Tierhaare, Teppichb\u00f6den, ca"}]},{"@type":"WebSite","@id":"https:\/\/easyliferobo.com\/de\/#website","url":"https:\/\/easyliferobo.com\/de\/","name":"EasyLifeBro","description":"Smarte Roboter f\u00fcr Zuhause, Garten &amp; Bildung","publisher":{"@id":"https:\/\/easyliferobo.com\/de\/#organization"},"potentialAction":[{"@type":"SearchAction","target":{"@type":"EntryPoint","urlTemplate":"https:\/\/easyliferobo.com\/de\/?s={search_term_string}"},"query-input":{"@type":"PropertyValueSpecification","valueRequired":true,"valueName":"search_term_string"}}],"inLanguage":"de"},{"@type":"Organization","@id":"https:\/\/easyliferobo.com\/de\/#organization","name":"EasyLifeBro","url":"https:\/\/easyliferobo.com\/de\/","logo":{"@type":"ImageObject","inLanguage":"de","@id":"https:\/\/easyliferobo.com\/de\/#\/schema\/logo\/image\/","url":"https:\/\/easyliferobo.com\/de\/wp-content\/uploads\/2026\/02\/Screenshot-2026-02-22-at-2.25.03-PM.png","contentUrl":"https:\/\/easyliferobo.com\/de\/wp-content\/uploads\/2026\/02\/Screenshot-2026-02-22-at-2.25.03-PM.png","width":1858,"height":430,"caption":"EasyLifeBro"},"image":{"@id":"https:\/\/easyliferobo.com\/de\/#\/schema\/logo\/image\/"}}]}},"_links":{"self":[{"href":"https:\/\/easyliferobo.com\/de\/wp-json\/wp\/v2\/product\/1173","targetHints":{"allow":["GET"]}}],"collection":[{"href":"https:\/\/easyliferobo.com\/de\/wp-json\/wp\/v2\/product"}],"about":[{"href":"https:\/\/easyliferobo.com\/de\/wp-json\/wp\/v2\/types\/product"}],"replies":[{"embeddable":true,"href":"https:\/\/easyliferobo.com\/de\/wp-json\/wp\/v2\/comments?post=1173"}],"wp:featuredmedia":[{"embeddable":true,"href":"https:\/\/easyliferobo.com\/de\/wp-json\/wp\/v2\/media\/1174"}],"wp:attachment":[{"href":"https:\/\/easyliferobo.com\/de\/wp-json\/wp\/v2\/media?parent=1173"}],"wp:term":[{"taxonomy":"store","embeddable":true,"href":"https:\/\/easyliferobo.com\/de\/wp-json\/wp\/v2\/store?post=1173"},{"taxonomy":"product_brand","embeddable":true,"href":"https:\/\/easyliferobo.com\/de\/wp-json\/wp\/v2\/product_brand?post=1173"},{"taxonomy":"product_cat","embeddable":true,"href":"https:\/\/easyliferobo.com\/de\/wp-json\/wp\/v2\/product_cat?post=1173"},{"taxonomy":"product_tag","embeddable":true,"href":"https:\/\/easyliferobo.com\/de\/wp-json\/wp\/v2\/product_tag?post=1173"}],"curies":[{"name":"wp","href":"https:\/\/api.w.org\/{rel}","templated":true}]}}