
{"id":1151,"date":"2026-02-22T19:44:55","date_gmt":"2026-02-22T19:44:55","guid":{"rendered":"https:\/\/easyliferobo.com\/de\/product\/beatbot-aquasense-2-pro-poolroboter-set-mit-klaerer-set-pool-staubsauger-design-fuer-die-reinigung-von-boden-waenden-oberflaechen-und-klaerung-von-wasser-schwimmt-nach-der-reinigung-auf-der-wasser\/"},"modified":"2026-02-22T23:35:39","modified_gmt":"2026-02-22T23:35:39","slug":"beatbot-aquasense-2-pro-poolroboter-set-mit-klaerer-set-pool-staubsauger-design-fuer-die-reinigung-von-boden-waenden-oberflaechen-und-klaerung-von-wasser-schwimmt-nach-der-reinigung-auf-der-wasser","status":"publish","type":"product","link":"https:\/\/easyliferobo.com\/de\/product\/beatbot-aquasense-2-pro-poolroboter-set-mit-klaerer-set-pool-staubsauger-design-fuer-die-reinigung-von-boden-waenden-oberflaechen-und-klaerung-von-wasser-schwimmt-nach-der-reinigung-auf-der-wasser\/","title":{"rendered":"Beatbot AquaSense 2 Pro Poolroboter..."},"content":{"rendered":"<p>\n                                             Von der Marke   <\/p>\n<p>                                              <img decoding=\"async\" alt=\"Der Text lautet \u201eRealFeel\u201c. Weite Panoramaaussicht auf das Meer mit blauem Wasser und bew\u00f6lktem Horizont.\" src=\"https:\/\/images-na.ssl-images-amazon.com\/images\/G\/01\/x-locale\/common\/grey-pixel.gif\" class=\"a-lazy-loaded\" data-src=\"https:\/\/m.media-amazon.com\/images\/S\/aplus-media-library-service-media\/d239bd86-46d5-4edc-adab-6a902876e6ba.__CR0,0,1464,625_PT0_SX1464_V1___.png\"><img decoding=\"async\" alt=\"Der Text lautet \u201eRealFeel\u201c. Weite Panoramaaussicht auf das Meer mit blauem Wasser und bew\u00f6lktem Horizont.\" src=\"https:\/\/m.media-amazon.com\/images\/S\/aplus-media-library-service-media\/d239bd86-46d5-4edc-adab-6a902876e6ba.__CR0,0,1464,625_PT0_SX1464_V1___.png\">  <\/p>\n<p>                                              <img decoding=\"async\" alt=\"\" src=\"https:\/\/images-na.ssl-images-amazon.com\/images\/G\/01\/x-locale\/common\/grey-pixel.gif\" class=\"a-lazy-loaded\" data-src=\"https:\/\/m.media-amazon.com\/images\/S\/aplus-media-library-service-media\/84c98505-b1a2-4512-9412-9e3160af4f3a.__CR0,0,315,145_PT0_SX315_V1___.png\"><img decoding=\"async\" alt=\"\" src=\"https:\/\/m.media-amazon.com\/images\/S\/aplus-media-library-service-media\/84c98505-b1a2-4512-9412-9e3160af4f3a.__CR0,0,315,145_PT0_SX315_V1___.png\">  <\/p>\n<p>  Wer ist Beatbot? <\/p>\n<p>  Beatbot geh\u00f6rt weltweit zu den am schnellsten wachsenden Marken im Bereich der Poolreinigung. Durch kontinuierliche Innovation hilft sie Menschen zum perfekten Poolerlebnis und bereichert so ihren Alltag. Mit dezent im Hintergrund arbeitender Technologie definiert Beatbot einen neuen Lebensstandard \u2013 damit Zeit, Entspannung und Wohlbefinden wieder mehr Raum bekommen. <\/p>\n<p>                                              <img decoding=\"async\" alt=\"Der Text lautet \u201eAuszeichnungen\u201c. Sammlung von Auszeichnungen und Zertifizierungslogos, darunter der iF Design Award, der Red Dot Award und verschiedene andere professionelle Anerkennungssymbole.\" src=\"https:\/\/images-na.ssl-images-amazon.com\/images\/G\/01\/x-locale\/common\/grey-pixel.gif\" class=\"a-lazy-loaded\" data-src=\"https:\/\/m.media-amazon.com\/images\/S\/aplus-media-library-service-media\/81428301-68a4-4154-96e9-064c6d4cea5a.__CR0,0,362,453_PT0_SX362_V1___.jpg\"><img decoding=\"async\" alt=\"Der Text lautet \u201eAuszeichnungen\u201c. Sammlung von Auszeichnungen und Zertifizierungslogos, darunter der iF Design Award, der Red Dot Award und verschiedene andere professionelle Anerkennungssymbole.\" src=\"https:\/\/m.media-amazon.com\/images\/S\/aplus-media-library-service-media\/81428301-68a4-4154-96e9-064c6d4cea5a.__CR0,0,362,453_PT0_SX362_V1___.jpg\">  <\/p>\n<p>                                              <img decoding=\"async\" alt=\"Aplus-Inhaltsbild\" src=\"https:\/\/images-na.ssl-images-amazon.com\/images\/G\/01\/x-locale\/common\/grey-pixel.gif\" class=\"a-lazy-loaded\" data-src=\"https:\/\/m.media-amazon.com\/images\/S\/aplus-media-library-service-media\/7e512b10-b368-429e-9004-9e1485bb311f.__CR0,0,362,453_PT0_SX362_V1___.jpg\"><img decoding=\"async\" alt=\"Aplus-Inhaltsbild\" src=\"https:\/\/m.media-amazon.com\/images\/S\/aplus-media-library-service-media\/7e512b10-b368-429e-9004-9e1485bb311f.__CR0,0,362,453_PT0_SX362_V1___.jpg\">  <\/p>\n<h3>  Beatbot AquaSense 2 Ultra <\/h3>\n<h3>  Beatbot AquaSense 2 Pro <\/h3>\n<h3>  Beatbot AquaSense 2 <\/h3>\n<h3>  Beatbot Zubeh\u00f6r <\/h3>\n<p>                                              <img decoding=\"async\" alt=\"Beatbot\" src=\"https:\/\/images-na.ssl-images-amazon.com\/images\/G\/01\/x-locale\/common\/grey-pixel.gif\" class=\"a-lazy-loaded\" data-src=\"https:\/\/m.media-amazon.com\/images\/S\/aplus-media-library-service-media\/2a54b9b1-bbe9-43c7-aee6-e5eb388ee7bf.__CR0,0,362,453_PT0_SX362_V1___.jpg\"><img decoding=\"async\" alt=\"Beatbot\" src=\"https:\/\/m.media-amazon.com\/images\/S\/aplus-media-library-service-media\/2a54b9b1-bbe9-43c7-aee6-e5eb388ee7bf.__CR0,0,362,453_PT0_SX362_V1___.jpg\">  <\/p>\n<p>Lieferumfang: 1 x AquaSense 2 Pro Pool-Reinigungsroboter, 1 x Ladestation, 3 x Kl\u00e4rbecken-Set, 1 x Haken, 1 x Doppelfilterkorb, 2 x Seitenb\u00fcrsten, 1 x Schraubendreher, 4 x Schrauben f\u00fcr Seitenb\u00fcrsten, 1 x Original-Staub- und wasserdichte Abdeckung, 1 x Kurzanleitung, 1 x Bedienungsanleitung.<br \/>Branchenf\u00fchrende Reinigungspr\u00e4zision mit KI-Kartierung: Navigieren Sie ultrapr\u00e4zise und genie\u00dfen Sie die vollst\u00e4ndige Abdeckung dank einer branchenweit einzigartigen Kombination aus KI-Kamera, Infrarot- und Ultraschallsensoren. Das Ger\u00e4t kartiert und optimiert die Wege f\u00fcr jede Beckenform und bew\u00e4ltigt effizient Hindernisse und Steckenbleiben.<br \/>Branchenf\u00fchrende Abdeckung mit 5-in-1-Reinigung: Reinigen Sie Ihren Pool von Kopf bis Fu\u00df \u2013 Oberfl\u00e4che, Wasserlinie, W\u00e4nde, Boden und reinigen Sie sogar das Wasser \u2013 alles mit nur einem Ger\u00e4t. Sparen Sie Zeit, Geld und M\u00fche mit dem innovativen Unterwasserantriebssystem. Sie ben\u00f6tigen also keine zus\u00e4tzlichen Ger\u00e4te mehr<br \/>Fortschrittliche KI-Schmutzerkennung und mehrstufige Poolreinigung: Profitieren Sie von einem makellosen Pool dank modernster KI-Vision, die gezielt \u00fcbersehene Ablagerungen erfasst und die Routenplanung anpasst, um komplexe mehrstufige Bereiche mit links zu navigieren \u2013 f\u00fcr eine gr\u00fcndliche Reinigung bei jeder Poolform oder jedem Design.<br \/>Automatische Wasserkl\u00e4rung: Entfernen Sie m\u00fchelos Schmutz, \u00d6le und R\u00fcckst\u00e4nde mit der exklusiven ClearWater-Technologie von Beatbot. Nat\u00fcrliche Reinigungsmittel aus Krabbenschalen binden feine Partikel f\u00fcr eine atemberaubende Filterung und reinigen bis zu 374.755 Liter viermal schneller als herk\u00f6mmliche Kl\u00e4rbecken \u2013 mit weniger Chemikalien und m\u00fchelos!<br \/>Komfortables intelligentes Oberfl\u00e4chenparken: Der Roboter kehrt nach Abschluss der Reinigung oder bei niedrigem Akkustand automatisch zum Beckenrand zur\u00fcck und parkt \u00fcber der Wasseroberfl\u00e4che. Gleichzeitig sorgt SmartDrain daf\u00fcr, dass das Wasser automatisch abgelassen wird, sodass das Herausheben zum Kinderspiel wird. Vergessen Sie schweres Heben und m\u00fchsames Angeln!<br \/>Fernbedienung auf der Wasseroberfl\u00e4che: Steuern Sie die Richtung des Roboters, beschleunigen Sie den Reinigungsspa\u00df und lassen Sie das Ger\u00e4t mit nur einem Tastendruck andocken \u2013 alles ganz einfach \u00fcber die App. Diese Branchenneuheiten sorgen f\u00fcr eine pr\u00e4zise Reinigung der Oberfl\u00e4che. Mit dem Roboter haben Sie Ihren Pool in der Hand!<br \/>ERWEITERTE APP-STEUERUNG MIT DOPPELTER KONNEKTIVIT\u00c4T Behalten Sie dank 5G\/2,4G-WLAN und Bluetooth die Kontrolle mit erweiterten App-Funktionen. Behalten Sie den \u00dcberblick \u00fcber Wasser- und Umgebungstemperaturen, steuern und personalisieren Sie die Reinigung, profitieren Sie von OTA-Updates und mehr \u2013 alles mit einer zuverl\u00e4ssigen Verbindung mit gro\u00dfer Reichweite f\u00fcr maximalen Komfort.<\/p>\n<p>[ad_2]<\/p>\n","protected":false},"excerpt":{"rendered":"<p>Von der Marke Wer ist Beatbot? Beatbot geh\u00f6rt weltweit zu den am schnellsten wachsenden Marken im Bereich der Poolreinigung. Durch kontinuierliche Innovation hilft sie Menschen zum perfekten Poolerlebnis und bereichert so ihren Alltag. Mit dezent im Hintergrund arbeitender Technologie definiert Beatbot einen neuen Lebensstandard \u2013 damit Zeit, Entspannung und Wohlbefinden wieder mehr Raum bekommen. Beatbot [&hellip;]<\/p>\n","protected":false},"featured_media":1152,"comment_status":"open","ping_status":"closed","template":"","meta":{"_aipt_faq_data":""},"store":[],"product_brand":[],"product_cat":[75],"product_tag":[250],"class_list":{"0":"post-1151","1":"product","2":"type-product","3":"status-publish","4":"has-post-thumbnail","6":"product_cat-poolroboter","7":"product_tag-poolroboter-fuer-grosse-pools","9":"first","10":"instock","11":"sale","12":"shipping-taxable","13":"product-type-external"},"yoast_head":"<!-- This site is optimized with the Yoast SEO plugin v27.0 - https:\/\/yoast.com\/product\/yoast-seo-wordpress\/ -->\n<title>Beatbot AquaSense 2 Pro Poolroboter-Set mit Kl\u00e4rer-Set, Pool-Staubsauger-Design f\u00fcr die Reinigung von Boden, W\u00e4nden, Oberfl\u00e4chen und Kl\u00e4rung von Wasser, schwimmt nach der Reinigung auf der Wasseroberfl\u00e4che - EasyLifeBro<\/title>\n<meta name=\"description\" content=\"Entdecken Sie smarte Roboter f\u00fcr Zuhause, Garten, Bildung und Sicherheit. Vergleichen Sie Saugroboter, Rasenm\u00e4hroboter, KI-Begleitroboter und mehr bei EasyLifeRobo.\" \/>\n<meta name=\"robots\" content=\"index, follow, max-snippet:-1, max-image-preview:large, max-video-preview:-1\" \/>\n<link rel=\"canonical\" href=\"https:\/\/easyliferobo.com\/de\/product\/beatbot-aquasense-2-pro-poolroboter-set-mit-klaerer-set-pool-staubsauger-design-fuer-die-reinigung-von-boden-waenden-oberflaechen-und-klaerung-von-wasser-schwimmt-nach-der-reinigung-auf-der-wasser\/\" \/>\n<meta property=\"og:locale\" content=\"de_DE\" \/>\n<meta property=\"og:type\" content=\"article\" \/>\n<meta property=\"og:title\" content=\"Beatbot AquaSense 2 Pro Poolroboter-Set mit Kl\u00e4rer-Set, Pool-Staubsauger-Design f\u00fcr die Reinigung von Boden, W\u00e4nden, Oberfl\u00e4chen und Kl\u00e4rung von Wasser, schwimmt nach der Reinigung auf der Wasseroberfl\u00e4che - EasyLifeBro\" \/>\n<meta property=\"og:description\" content=\"Entdecken Sie smarte Roboter f\u00fcr Zuhause, Garten, Bildung und Sicherheit. Vergleichen Sie Saugroboter, Rasenm\u00e4hroboter, KI-Begleitroboter und mehr bei EasyLifeRobo.\" \/>\n<meta property=\"og:url\" content=\"https:\/\/easyliferobo.com\/de\/product\/beatbot-aquasense-2-pro-poolroboter-set-mit-klaerer-set-pool-staubsauger-design-fuer-die-reinigung-von-boden-waenden-oberflaechen-und-klaerung-von-wasser-schwimmt-nach-der-reinigung-auf-der-wasser\/\" \/>\n<meta property=\"og:site_name\" content=\"EasyLifeBro\" \/>\n<meta property=\"article:modified_time\" content=\"2026-02-22T23:35:39+00:00\" \/>\n<meta property=\"og:image\" content=\"https:\/\/easyliferobo.com\/de\/wp-content\/uploads\/2026\/02\/71pK5ojRc9L._AC_SL1500_.jpg\" \/>\n\t<meta property=\"og:image:width\" content=\"1500\" \/>\n\t<meta property=\"og:image:height\" content=\"1395\" \/>\n\t<meta property=\"og:image:type\" content=\"image\/jpeg\" \/>\n<meta name=\"twitter:card\" content=\"summary_large_image\" \/>\n<meta name=\"twitter:label1\" content=\"Gesch\u00e4tzte Lesezeit\" \/>\n\t<meta name=\"twitter:data1\" content=\"2\u00a0Minuten\" \/>\n<script type=\"application\/ld+json\" class=\"yoast-schema-graph\">{\"@context\":\"https:\/\/schema.org\",\"@graph\":[{\"@type\":\"WebPage\",\"@id\":\"https:\/\/easyliferobo.com\/de\/product\/beatbot-aquasense-2-pro-poolroboter-set-mit-klaerer-set-pool-staubsauger-design-fuer-die-reinigung-von-boden-waenden-oberflaechen-und-klaerung-von-wasser-schwimmt-nach-der-reinigung-auf-der-wasser\/\",\"url\":\"https:\/\/easyliferobo.com\/de\/product\/beatbot-aquasense-2-pro-poolroboter-set-mit-klaerer-set-pool-staubsauger-design-fuer-die-reinigung-von-boden-waenden-oberflaechen-und-klaerung-von-wasser-schwimmt-nach-der-reinigung-auf-der-wasser\/\",\"name\":\"Beatbot AquaSense 2 Pro Poolroboter-Set mit Kl\u00e4rer-Set, Pool-Staubsauger-Design f\u00fcr die Reinigung von Boden, W\u00e4nden, Oberfl\u00e4chen und Kl\u00e4rung von Wasser, schwimmt nach der Reinigung auf der Wasseroberfl\u00e4che - EasyLifeBro\",\"isPartOf\":{\"@id\":\"https:\/\/easyliferobo.com\/de\/#website\"},\"primaryImageOfPage\":{\"@id\":\"https:\/\/easyliferobo.com\/de\/product\/beatbot-aquasense-2-pro-poolroboter-set-mit-klaerer-set-pool-staubsauger-design-fuer-die-reinigung-von-boden-waenden-oberflaechen-und-klaerung-von-wasser-schwimmt-nach-der-reinigung-auf-der-wasser\/#primaryimage\"},\"image\":{\"@id\":\"https:\/\/easyliferobo.com\/de\/product\/beatbot-aquasense-2-pro-poolroboter-set-mit-klaerer-set-pool-staubsauger-design-fuer-die-reinigung-von-boden-waenden-oberflaechen-und-klaerung-von-wasser-schwimmt-nach-der-reinigung-auf-der-wasser\/#primaryimage\"},\"thumbnailUrl\":\"https:\/\/easyliferobo.com\/de\/wp-content\/uploads\/2026\/02\/71pK5ojRc9L._AC_SL1500_.jpg\",\"datePublished\":\"2026-02-22T19:44:55+00:00\",\"dateModified\":\"2026-02-22T23:35:39+00:00\",\"description\":\"Entdecken Sie smarte Roboter f\u00fcr Zuhause, Garten, Bildung und Sicherheit. Vergleichen Sie Saugroboter, Rasenm\u00e4hroboter, KI-Begleitroboter und mehr bei EasyLifeRobo.\",\"breadcrumb\":{\"@id\":\"https:\/\/easyliferobo.com\/de\/product\/beatbot-aquasense-2-pro-poolroboter-set-mit-klaerer-set-pool-staubsauger-design-fuer-die-reinigung-von-boden-waenden-oberflaechen-und-klaerung-von-wasser-schwimmt-nach-der-reinigung-auf-der-wasser\/#breadcrumb\"},\"inLanguage\":\"de\",\"potentialAction\":[{\"@type\":\"ReadAction\",\"target\":[\"https:\/\/easyliferobo.com\/de\/product\/beatbot-aquasense-2-pro-poolroboter-set-mit-klaerer-set-pool-staubsauger-design-fuer-die-reinigung-von-boden-waenden-oberflaechen-und-klaerung-von-wasser-schwimmt-nach-der-reinigung-auf-der-wasser\/\"]}]},{\"@type\":\"ImageObject\",\"inLanguage\":\"de\",\"@id\":\"https:\/\/easyliferobo.com\/de\/product\/beatbot-aquasense-2-pro-poolroboter-set-mit-klaerer-set-pool-staubsauger-design-fuer-die-reinigung-von-boden-waenden-oberflaechen-und-klaerung-von-wasser-schwimmt-nach-der-reinigung-auf-der-wasser\/#primaryimage\",\"url\":\"https:\/\/easyliferobo.com\/de\/wp-content\/uploads\/2026\/02\/71pK5ojRc9L._AC_SL1500_.jpg\",\"contentUrl\":\"https:\/\/easyliferobo.com\/de\/wp-content\/uploads\/2026\/02\/71pK5ojRc9L._AC_SL1500_.jpg\",\"width\":1500,\"height\":1395},{\"@type\":\"BreadcrumbList\",\"@id\":\"https:\/\/easyliferobo.com\/de\/product\/beatbot-aquasense-2-pro-poolroboter-set-mit-klaerer-set-pool-staubsauger-design-fuer-die-reinigung-von-boden-waenden-oberflaechen-und-klaerung-von-wasser-schwimmt-nach-der-reinigung-auf-der-wasser\/#breadcrumb\",\"itemListElement\":[{\"@type\":\"ListItem\",\"position\":1,\"name\":\"Home\",\"item\":\"https:\/\/easyliferobo.com\/de\/\"},{\"@type\":\"ListItem\",\"position\":2,\"name\":\"Shop\",\"item\":\"https:\/\/easyliferobo.com\/de\/shop\/\"},{\"@type\":\"ListItem\",\"position\":3,\"name\":\"Beatbot AquaSense 2 Pro Poolroboter...\"}]},{\"@type\":\"WebSite\",\"@id\":\"https:\/\/easyliferobo.com\/de\/#website\",\"url\":\"https:\/\/easyliferobo.com\/de\/\",\"name\":\"EasyLifeBro\",\"description\":\"Smarte Roboter f\u00fcr Zuhause, Garten &amp; Bildung\",\"publisher\":{\"@id\":\"https:\/\/easyliferobo.com\/de\/#organization\"},\"potentialAction\":[{\"@type\":\"SearchAction\",\"target\":{\"@type\":\"EntryPoint\",\"urlTemplate\":\"https:\/\/easyliferobo.com\/de\/?s={search_term_string}\"},\"query-input\":{\"@type\":\"PropertyValueSpecification\",\"valueRequired\":true,\"valueName\":\"search_term_string\"}}],\"inLanguage\":\"de\"},{\"@type\":\"Organization\",\"@id\":\"https:\/\/easyliferobo.com\/de\/#organization\",\"name\":\"EasyLifeBro\",\"url\":\"https:\/\/easyliferobo.com\/de\/\",\"logo\":{\"@type\":\"ImageObject\",\"inLanguage\":\"de\",\"@id\":\"https:\/\/easyliferobo.com\/de\/#\/schema\/logo\/image\/\",\"url\":\"https:\/\/easyliferobo.com\/de\/wp-content\/uploads\/2026\/02\/Screenshot-2026-02-22-at-2.25.03-PM.png\",\"contentUrl\":\"https:\/\/easyliferobo.com\/de\/wp-content\/uploads\/2026\/02\/Screenshot-2026-02-22-at-2.25.03-PM.png\",\"width\":1858,\"height\":430,\"caption\":\"EasyLifeBro\"},\"image\":{\"@id\":\"https:\/\/easyliferobo.com\/de\/#\/schema\/logo\/image\/\"}}]}<\/script>\n<!-- \/ Yoast SEO plugin. -->","yoast_head_json":{"title":"Beatbot AquaSense 2 Pro Poolroboter-Set mit Kl\u00e4rer-Set, Pool-Staubsauger-Design f\u00fcr die Reinigung von Boden, W\u00e4nden, Oberfl\u00e4chen und Kl\u00e4rung von Wasser, schwimmt nach der Reinigung auf der Wasseroberfl\u00e4che - EasyLifeBro","description":"Entdecken Sie smarte Roboter f\u00fcr Zuhause, Garten, Bildung und Sicherheit. Vergleichen Sie Saugroboter, Rasenm\u00e4hroboter, KI-Begleitroboter und mehr bei EasyLifeRobo.","robots":{"index":"index","follow":"follow","max-snippet":"max-snippet:-1","max-image-preview":"max-image-preview:large","max-video-preview":"max-video-preview:-1"},"canonical":"https:\/\/easyliferobo.com\/de\/product\/beatbot-aquasense-2-pro-poolroboter-set-mit-klaerer-set-pool-staubsauger-design-fuer-die-reinigung-von-boden-waenden-oberflaechen-und-klaerung-von-wasser-schwimmt-nach-der-reinigung-auf-der-wasser\/","og_locale":"de_DE","og_type":"article","og_title":"Beatbot AquaSense 2 Pro Poolroboter-Set mit Kl\u00e4rer-Set, Pool-Staubsauger-Design f\u00fcr die Reinigung von Boden, W\u00e4nden, Oberfl\u00e4chen und Kl\u00e4rung von Wasser, schwimmt nach der Reinigung auf der Wasseroberfl\u00e4che - EasyLifeBro","og_description":"Entdecken Sie smarte Roboter f\u00fcr Zuhause, Garten, Bildung und Sicherheit. Vergleichen Sie Saugroboter, Rasenm\u00e4hroboter, KI-Begleitroboter und mehr bei EasyLifeRobo.","og_url":"https:\/\/easyliferobo.com\/de\/product\/beatbot-aquasense-2-pro-poolroboter-set-mit-klaerer-set-pool-staubsauger-design-fuer-die-reinigung-von-boden-waenden-oberflaechen-und-klaerung-von-wasser-schwimmt-nach-der-reinigung-auf-der-wasser\/","og_site_name":"EasyLifeBro","article_modified_time":"2026-02-22T23:35:39+00:00","og_image":[{"width":1500,"height":1395,"url":"https:\/\/easyliferobo.com\/de\/wp-content\/uploads\/2026\/02\/71pK5ojRc9L._AC_SL1500_.jpg","type":"image\/jpeg"}],"twitter_card":"summary_large_image","twitter_misc":{"Gesch\u00e4tzte Lesezeit":"2\u00a0Minuten"},"schema":{"@context":"https:\/\/schema.org","@graph":[{"@type":"WebPage","@id":"https:\/\/easyliferobo.com\/de\/product\/beatbot-aquasense-2-pro-poolroboter-set-mit-klaerer-set-pool-staubsauger-design-fuer-die-reinigung-von-boden-waenden-oberflaechen-und-klaerung-von-wasser-schwimmt-nach-der-reinigung-auf-der-wasser\/","url":"https:\/\/easyliferobo.com\/de\/product\/beatbot-aquasense-2-pro-poolroboter-set-mit-klaerer-set-pool-staubsauger-design-fuer-die-reinigung-von-boden-waenden-oberflaechen-und-klaerung-von-wasser-schwimmt-nach-der-reinigung-auf-der-wasser\/","name":"Beatbot AquaSense 2 Pro Poolroboter-Set mit Kl\u00e4rer-Set, Pool-Staubsauger-Design f\u00fcr die Reinigung von Boden, W\u00e4nden, Oberfl\u00e4chen und Kl\u00e4rung von Wasser, schwimmt nach der Reinigung auf der Wasseroberfl\u00e4che - EasyLifeBro","isPartOf":{"@id":"https:\/\/easyliferobo.com\/de\/#website"},"primaryImageOfPage":{"@id":"https:\/\/easyliferobo.com\/de\/product\/beatbot-aquasense-2-pro-poolroboter-set-mit-klaerer-set-pool-staubsauger-design-fuer-die-reinigung-von-boden-waenden-oberflaechen-und-klaerung-von-wasser-schwimmt-nach-der-reinigung-auf-der-wasser\/#primaryimage"},"image":{"@id":"https:\/\/easyliferobo.com\/de\/product\/beatbot-aquasense-2-pro-poolroboter-set-mit-klaerer-set-pool-staubsauger-design-fuer-die-reinigung-von-boden-waenden-oberflaechen-und-klaerung-von-wasser-schwimmt-nach-der-reinigung-auf-der-wasser\/#primaryimage"},"thumbnailUrl":"https:\/\/easyliferobo.com\/de\/wp-content\/uploads\/2026\/02\/71pK5ojRc9L._AC_SL1500_.jpg","datePublished":"2026-02-22T19:44:55+00:00","dateModified":"2026-02-22T23:35:39+00:00","description":"Entdecken Sie smarte Roboter f\u00fcr Zuhause, Garten, Bildung und Sicherheit. Vergleichen Sie Saugroboter, Rasenm\u00e4hroboter, KI-Begleitroboter und mehr bei EasyLifeRobo.","breadcrumb":{"@id":"https:\/\/easyliferobo.com\/de\/product\/beatbot-aquasense-2-pro-poolroboter-set-mit-klaerer-set-pool-staubsauger-design-fuer-die-reinigung-von-boden-waenden-oberflaechen-und-klaerung-von-wasser-schwimmt-nach-der-reinigung-auf-der-wasser\/#breadcrumb"},"inLanguage":"de","potentialAction":[{"@type":"ReadAction","target":["https:\/\/easyliferobo.com\/de\/product\/beatbot-aquasense-2-pro-poolroboter-set-mit-klaerer-set-pool-staubsauger-design-fuer-die-reinigung-von-boden-waenden-oberflaechen-und-klaerung-von-wasser-schwimmt-nach-der-reinigung-auf-der-wasser\/"]}]},{"@type":"ImageObject","inLanguage":"de","@id":"https:\/\/easyliferobo.com\/de\/product\/beatbot-aquasense-2-pro-poolroboter-set-mit-klaerer-set-pool-staubsauger-design-fuer-die-reinigung-von-boden-waenden-oberflaechen-und-klaerung-von-wasser-schwimmt-nach-der-reinigung-auf-der-wasser\/#primaryimage","url":"https:\/\/easyliferobo.com\/de\/wp-content\/uploads\/2026\/02\/71pK5ojRc9L._AC_SL1500_.jpg","contentUrl":"https:\/\/easyliferobo.com\/de\/wp-content\/uploads\/2026\/02\/71pK5ojRc9L._AC_SL1500_.jpg","width":1500,"height":1395},{"@type":"BreadcrumbList","@id":"https:\/\/easyliferobo.com\/de\/product\/beatbot-aquasense-2-pro-poolroboter-set-mit-klaerer-set-pool-staubsauger-design-fuer-die-reinigung-von-boden-waenden-oberflaechen-und-klaerung-von-wasser-schwimmt-nach-der-reinigung-auf-der-wasser\/#breadcrumb","itemListElement":[{"@type":"ListItem","position":1,"name":"Home","item":"https:\/\/easyliferobo.com\/de\/"},{"@type":"ListItem","position":2,"name":"Shop","item":"https:\/\/easyliferobo.com\/de\/shop\/"},{"@type":"ListItem","position":3,"name":"Beatbot AquaSense 2 Pro Poolroboter..."}]},{"@type":"WebSite","@id":"https:\/\/easyliferobo.com\/de\/#website","url":"https:\/\/easyliferobo.com\/de\/","name":"EasyLifeBro","description":"Smarte Roboter f\u00fcr Zuhause, Garten &amp; Bildung","publisher":{"@id":"https:\/\/easyliferobo.com\/de\/#organization"},"potentialAction":[{"@type":"SearchAction","target":{"@type":"EntryPoint","urlTemplate":"https:\/\/easyliferobo.com\/de\/?s={search_term_string}"},"query-input":{"@type":"PropertyValueSpecification","valueRequired":true,"valueName":"search_term_string"}}],"inLanguage":"de"},{"@type":"Organization","@id":"https:\/\/easyliferobo.com\/de\/#organization","name":"EasyLifeBro","url":"https:\/\/easyliferobo.com\/de\/","logo":{"@type":"ImageObject","inLanguage":"de","@id":"https:\/\/easyliferobo.com\/de\/#\/schema\/logo\/image\/","url":"https:\/\/easyliferobo.com\/de\/wp-content\/uploads\/2026\/02\/Screenshot-2026-02-22-at-2.25.03-PM.png","contentUrl":"https:\/\/easyliferobo.com\/de\/wp-content\/uploads\/2026\/02\/Screenshot-2026-02-22-at-2.25.03-PM.png","width":1858,"height":430,"caption":"EasyLifeBro"},"image":{"@id":"https:\/\/easyliferobo.com\/de\/#\/schema\/logo\/image\/"}}]}},"_links":{"self":[{"href":"https:\/\/easyliferobo.com\/de\/wp-json\/wp\/v2\/product\/1151","targetHints":{"allow":["GET"]}}],"collection":[{"href":"https:\/\/easyliferobo.com\/de\/wp-json\/wp\/v2\/product"}],"about":[{"href":"https:\/\/easyliferobo.com\/de\/wp-json\/wp\/v2\/types\/product"}],"replies":[{"embeddable":true,"href":"https:\/\/easyliferobo.com\/de\/wp-json\/wp\/v2\/comments?post=1151"}],"wp:featuredmedia":[{"embeddable":true,"href":"https:\/\/easyliferobo.com\/de\/wp-json\/wp\/v2\/media\/1152"}],"wp:attachment":[{"href":"https:\/\/easyliferobo.com\/de\/wp-json\/wp\/v2\/media?parent=1151"}],"wp:term":[{"taxonomy":"store","embeddable":true,"href":"https:\/\/easyliferobo.com\/de\/wp-json\/wp\/v2\/store?post=1151"},{"taxonomy":"product_brand","embeddable":true,"href":"https:\/\/easyliferobo.com\/de\/wp-json\/wp\/v2\/product_brand?post=1151"},{"taxonomy":"product_cat","embeddable":true,"href":"https:\/\/easyliferobo.com\/de\/wp-json\/wp\/v2\/product_cat?post=1151"},{"taxonomy":"product_tag","embeddable":true,"href":"https:\/\/easyliferobo.com\/de\/wp-json\/wp\/v2\/product_tag?post=1151"}],"curies":[{"name":"wp","href":"https:\/\/api.w.org\/{rel}","templated":true}]}}