
{"id":1133,"date":"2026-02-22T11:47:46","date_gmt":"2026-02-22T11:47:46","guid":{"rendered":"https:\/\/easyliferobo.com\/de\/product\/sillbird-technik-roboter-kinder-konstruktionsspielzeug-programmierbarer-roboterbausatz-ferngesteuerter-roboter-mit-licht-und-ton-360-drehung-stem-bauspielzeug-jungengeschenk-von-8-12-jahren\/"},"modified":"2026-02-22T23:35:39","modified_gmt":"2026-02-22T23:35:39","slug":"sillbird-technik-roboter-kinder-konstruktionsspielzeug-programmierbarer-roboterbausatz-ferngesteuerter-roboter-mit-licht-und-ton-360-drehung-stem-bauspielzeug-jungengeschenk-von-8-12-jahren","status":"publish","type":"product","link":"https:\/\/easyliferobo.com\/de\/product\/sillbird-technik-roboter-kinder-konstruktionsspielzeug-programmierbarer-roboterbausatz-ferngesteuerter-roboter-mit-licht-und-ton-360-drehung-stem-bauspielzeug-jungengeschenk-von-8-12-jahren\/","title":{"rendered":"Sillbird Technik Roboter Kinder Kon..."},"content":{"rendered":"<p>\n                                             Von der Marke   <\/p>\n<p>                                              <img decoding=\"async\" alt=\"\" src=\"https:\/\/images-na.ssl-images-amazon.com\/images\/G\/01\/x-locale\/common\/grey-pixel.gif\" class=\"a-lazy-loaded\" data-src=\"https:\/\/m.media-amazon.com\/images\/S\/aplus-media-library-service-media\/6dc125b6-ce83-4482-96b5-d709bfafa478.__CR0,0,1464,625_PT0_SX1464_V1___.jpg\"><img decoding=\"async\" alt=\"\" src=\"https:\/\/m.media-amazon.com\/images\/S\/aplus-media-library-service-media\/6dc125b6-ce83-4482-96b5-d709bfafa478.__CR0,0,1464,625_PT0_SX1464_V1___.jpg\">  <\/p>\n<h3>  WILLKOMMEN IM SILLBIRD STORE <\/h3>\n<p>  Sillbird war stets bestrebt, die besten Produkte und Dienstleistungen anzubieten. <\/p>\n<h3>  HEIBE-PRODUKT <\/h3>\n<h3>  NEUE ANK\u00dcNFTE <\/h3>\n<h3>  Lernspielzeug: <\/h3>\n<p>Bewegliche Gelenke und leuchtende Augen mit 3 Farben: Jedes Gelenk am Roboter ist beweglich und die pr\u00e4zise Steuerung sorgt f\u00fcr ein \u00e4u\u00dferst realistisches Erlebnis. Die Augen k\u00f6nnen leuchten und in Wei\u00df, Blau und Rot erscheinen. Lichter und Ger\u00e4usche. Auch kleine Kinder f\u00fchlen sich ohne Zutun davon angezogen.<br \/>Leistungsstarker Motor und wiederaufladbar \u00fcber USB: Dieses MINT-Bauspielzeug verf\u00fcgt \u00fcber einen leistungsstarken Motor und einen Akku mit hoher Kapazit\u00e4t, der eine optimale Laufzeit von bis zu 60 Minuten bietet. Der Motor ist kraftvoll, wodurch der Roboter stabil auf dem Boden bleibt, ohne zu verrutschen.<br \/>Sprachsteuerung &#038; Fernbedienung &#038; App: Der STEM-Roboter kann nicht nur \u00fcber eine 2,4-GHz-Fernbedienung (maximale Entfernung 20 m), sondern auch \u00fcber eine Handy-App \u00fcber Bluetooth gesteuert werden. Pr\u00e4zise Steuerung sorgt f\u00fcr ein \u00e4u\u00dferst realistisches Erlebnis. Durch die Sprachsteuerung haben Sie au\u00dferdem die H\u00e4nde frei.<br \/>Einfach zusammenzubauen: Dieses Bauspielzeug besteht aus 468 Teilen und ist ein leicht fortgeschrittener Bausatz f\u00fcr Jungen im Alter von 8\u201312 Jahren. Dieser Roboter-Technologiebausatz enth\u00e4lt eine Schritt-f\u00fcr-Schritt-Bauanleitung und eine einfache App. Es kann auch von Menschen, die nicht gerne lesen, problemlos zusammengebaut werden.<br \/>Bestes p\u00e4dagogisches Geschenk: Alle Teile des programmierbaren Roboters bestehen aus kinderfreundlichen, ungiftigen Materialien und k\u00f6nnen in kaltem oder hei\u00dfem Wasser gewaschen werden. Sie sind konsistent, kompatibel, leicht zu verbinden und nicht leicht auseinanderzufallen. Er verf\u00fcgt \u00fcber alle w\u00fcnschenswerten Eigenschaften eines Roboters zu einem erschwinglichen Preis und ist ein tolles Geschenk zum Geburtstag\/Kindertag\/Weihnachten\/Ostern.<\/p>\n<p>[ad_2]<\/p>\n","protected":false},"excerpt":{"rendered":"<p>Von der Marke WILLKOMMEN IM SILLBIRD STORE Sillbird war stets bestrebt, die besten Produkte und Dienstleistungen anzubieten. HEIBE-PRODUKT NEUE ANK\u00dcNFTE Lernspielzeug: Bewegliche Gelenke und leuchtende Augen mit 3 Farben: Jedes Gelenk am Roboter ist beweglich und die pr\u00e4zise Steuerung sorgt f\u00fcr ein \u00e4u\u00dferst realistisches Erlebnis. Die Augen k\u00f6nnen leuchten und in Wei\u00df, Blau und Rot [&hellip;]<\/p>\n","protected":false},"featured_media":1134,"comment_status":"open","ping_status":"closed","template":"","meta":{"_aipt_faq_data":""},"store":[],"product_brand":[],"product_cat":[78],"product_tag":[247],"class_list":{"0":"post-1133","1":"product","2":"type-product","3":"status-publish","4":"has-post-thumbnail","6":"product_cat-programmierroboter-fuer-kinder","7":"product_tag-programmierroboter-fuer-kinder-mit-app","9":"first","10":"instock","11":"sale","12":"shipping-taxable","13":"product-type-external"},"yoast_head":"<!-- This site is optimized with the Yoast SEO plugin v27.0 - https:\/\/yoast.com\/product\/yoast-seo-wordpress\/ -->\n<title>Sillbird Technik Roboter Kinder Konstruktionsspielzeug, Programmierbarer Roboterbausatz, Ferngesteuerter Roboter mit Licht und Ton, 360\u00b0 Drehung, STEM-Bauspielzeug, Jungengeschenk von 8-12 Jahren Jungen - EasyLifeBro<\/title>\n<meta name=\"description\" content=\"Entdecken Sie smarte Roboter f\u00fcr Zuhause, Garten, Bildung und Sicherheit. Vergleichen Sie Saugroboter, Rasenm\u00e4hroboter, KI-Begleitroboter und mehr bei EasyLifeRobo.\" \/>\n<meta name=\"robots\" content=\"index, follow, max-snippet:-1, max-image-preview:large, max-video-preview:-1\" \/>\n<link rel=\"canonical\" href=\"https:\/\/easyliferobo.com\/de\/product\/sillbird-technik-roboter-kinder-konstruktionsspielzeug-programmierbarer-roboterbausatz-ferngesteuerter-roboter-mit-licht-und-ton-360-drehung-stem-bauspielzeug-jungengeschenk-von-8-12-jahren\/\" \/>\n<meta property=\"og:locale\" content=\"de_DE\" \/>\n<meta property=\"og:type\" content=\"article\" \/>\n<meta property=\"og:title\" content=\"Sillbird Technik Roboter Kinder Konstruktionsspielzeug, Programmierbarer Roboterbausatz, Ferngesteuerter Roboter mit Licht und Ton, 360\u00b0 Drehung, STEM-Bauspielzeug, Jungengeschenk von 8-12 Jahren Jungen - EasyLifeBro\" \/>\n<meta property=\"og:description\" content=\"Entdecken Sie smarte Roboter f\u00fcr Zuhause, Garten, Bildung und Sicherheit. Vergleichen Sie Saugroboter, Rasenm\u00e4hroboter, KI-Begleitroboter und mehr bei EasyLifeRobo.\" \/>\n<meta property=\"og:url\" content=\"https:\/\/easyliferobo.com\/de\/product\/sillbird-technik-roboter-kinder-konstruktionsspielzeug-programmierbarer-roboterbausatz-ferngesteuerter-roboter-mit-licht-und-ton-360-drehung-stem-bauspielzeug-jungengeschenk-von-8-12-jahren\/\" \/>\n<meta property=\"og:site_name\" content=\"EasyLifeBro\" \/>\n<meta property=\"article:modified_time\" content=\"2026-02-22T23:35:39+00:00\" \/>\n<meta property=\"og:image\" content=\"https:\/\/easyliferobo.com\/de\/wp-content\/uploads\/2026\/02\/81XfufN7f4L._AC_SL1500_.jpg\" \/>\n\t<meta property=\"og:image:width\" content=\"1500\" \/>\n\t<meta property=\"og:image:height\" content=\"1495\" \/>\n\t<meta property=\"og:image:type\" content=\"image\/jpeg\" \/>\n<meta name=\"twitter:card\" content=\"summary_large_image\" \/>\n<meta name=\"twitter:label1\" content=\"Gesch\u00e4tzte Lesezeit\" \/>\n\t<meta name=\"twitter:data1\" content=\"1\u00a0Minute\" \/>\n<script type=\"application\/ld+json\" class=\"yoast-schema-graph\">{\"@context\":\"https:\/\/schema.org\",\"@graph\":[{\"@type\":\"WebPage\",\"@id\":\"https:\/\/easyliferobo.com\/de\/product\/sillbird-technik-roboter-kinder-konstruktionsspielzeug-programmierbarer-roboterbausatz-ferngesteuerter-roboter-mit-licht-und-ton-360-drehung-stem-bauspielzeug-jungengeschenk-von-8-12-jahren\/\",\"url\":\"https:\/\/easyliferobo.com\/de\/product\/sillbird-technik-roboter-kinder-konstruktionsspielzeug-programmierbarer-roboterbausatz-ferngesteuerter-roboter-mit-licht-und-ton-360-drehung-stem-bauspielzeug-jungengeschenk-von-8-12-jahren\/\",\"name\":\"Sillbird Technik Roboter Kinder Konstruktionsspielzeug, Programmierbarer Roboterbausatz, Ferngesteuerter Roboter mit Licht und Ton, 360\u00b0 Drehung, STEM-Bauspielzeug, Jungengeschenk von 8-12 Jahren Jungen - EasyLifeBro\",\"isPartOf\":{\"@id\":\"https:\/\/easyliferobo.com\/de\/#website\"},\"primaryImageOfPage\":{\"@id\":\"https:\/\/easyliferobo.com\/de\/product\/sillbird-technik-roboter-kinder-konstruktionsspielzeug-programmierbarer-roboterbausatz-ferngesteuerter-roboter-mit-licht-und-ton-360-drehung-stem-bauspielzeug-jungengeschenk-von-8-12-jahren\/#primaryimage\"},\"image\":{\"@id\":\"https:\/\/easyliferobo.com\/de\/product\/sillbird-technik-roboter-kinder-konstruktionsspielzeug-programmierbarer-roboterbausatz-ferngesteuerter-roboter-mit-licht-und-ton-360-drehung-stem-bauspielzeug-jungengeschenk-von-8-12-jahren\/#primaryimage\"},\"thumbnailUrl\":\"https:\/\/easyliferobo.com\/de\/wp-content\/uploads\/2026\/02\/81XfufN7f4L._AC_SL1500_.jpg\",\"datePublished\":\"2026-02-22T11:47:46+00:00\",\"dateModified\":\"2026-02-22T23:35:39+00:00\",\"description\":\"Entdecken Sie smarte Roboter f\u00fcr Zuhause, Garten, Bildung und Sicherheit. Vergleichen Sie Saugroboter, Rasenm\u00e4hroboter, KI-Begleitroboter und mehr bei EasyLifeRobo.\",\"breadcrumb\":{\"@id\":\"https:\/\/easyliferobo.com\/de\/product\/sillbird-technik-roboter-kinder-konstruktionsspielzeug-programmierbarer-roboterbausatz-ferngesteuerter-roboter-mit-licht-und-ton-360-drehung-stem-bauspielzeug-jungengeschenk-von-8-12-jahren\/#breadcrumb\"},\"inLanguage\":\"de\",\"potentialAction\":[{\"@type\":\"ReadAction\",\"target\":[\"https:\/\/easyliferobo.com\/de\/product\/sillbird-technik-roboter-kinder-konstruktionsspielzeug-programmierbarer-roboterbausatz-ferngesteuerter-roboter-mit-licht-und-ton-360-drehung-stem-bauspielzeug-jungengeschenk-von-8-12-jahren\/\"]}]},{\"@type\":\"ImageObject\",\"inLanguage\":\"de\",\"@id\":\"https:\/\/easyliferobo.com\/de\/product\/sillbird-technik-roboter-kinder-konstruktionsspielzeug-programmierbarer-roboterbausatz-ferngesteuerter-roboter-mit-licht-und-ton-360-drehung-stem-bauspielzeug-jungengeschenk-von-8-12-jahren\/#primaryimage\",\"url\":\"https:\/\/easyliferobo.com\/de\/wp-content\/uploads\/2026\/02\/81XfufN7f4L._AC_SL1500_.jpg\",\"contentUrl\":\"https:\/\/easyliferobo.com\/de\/wp-content\/uploads\/2026\/02\/81XfufN7f4L._AC_SL1500_.jpg\",\"width\":1500,\"height\":1495},{\"@type\":\"BreadcrumbList\",\"@id\":\"https:\/\/easyliferobo.com\/de\/product\/sillbird-technik-roboter-kinder-konstruktionsspielzeug-programmierbarer-roboterbausatz-ferngesteuerter-roboter-mit-licht-und-ton-360-drehung-stem-bauspielzeug-jungengeschenk-von-8-12-jahren\/#breadcrumb\",\"itemListElement\":[{\"@type\":\"ListItem\",\"position\":1,\"name\":\"Home\",\"item\":\"https:\/\/easyliferobo.com\/de\/\"},{\"@type\":\"ListItem\",\"position\":2,\"name\":\"Shop\",\"item\":\"https:\/\/easyliferobo.com\/de\/shop\/\"},{\"@type\":\"ListItem\",\"position\":3,\"name\":\"Sillbird Technik Roboter Kinder Konstruktionsspielzeug, Programmierbarer Roboterbausatz, Ferngesteuerter Roboter mit Licht und Ton, 360\u00b0 Drehung, STEM-Bauspielzeug, Jungengeschenk von 8-12 Jahren Jungen\"}]},{\"@type\":\"WebSite\",\"@id\":\"https:\/\/easyliferobo.com\/de\/#website\",\"url\":\"https:\/\/easyliferobo.com\/de\/\",\"name\":\"EasyLifeBro\",\"description\":\"Smarte Roboter f\u00fcr Zuhause, Garten &amp; Bildung\",\"publisher\":{\"@id\":\"https:\/\/easyliferobo.com\/de\/#organization\"},\"potentialAction\":[{\"@type\":\"SearchAction\",\"target\":{\"@type\":\"EntryPoint\",\"urlTemplate\":\"https:\/\/easyliferobo.com\/de\/?s={search_term_string}\"},\"query-input\":{\"@type\":\"PropertyValueSpecification\",\"valueRequired\":true,\"valueName\":\"search_term_string\"}}],\"inLanguage\":\"de\"},{\"@type\":\"Organization\",\"@id\":\"https:\/\/easyliferobo.com\/de\/#organization\",\"name\":\"EasyLifeBro\",\"url\":\"https:\/\/easyliferobo.com\/de\/\",\"logo\":{\"@type\":\"ImageObject\",\"inLanguage\":\"de\",\"@id\":\"https:\/\/easyliferobo.com\/de\/#\/schema\/logo\/image\/\",\"url\":\"https:\/\/easyliferobo.com\/de\/wp-content\/uploads\/2026\/02\/Screenshot-2026-02-22-at-2.25.03-PM.png\",\"contentUrl\":\"https:\/\/easyliferobo.com\/de\/wp-content\/uploads\/2026\/02\/Screenshot-2026-02-22-at-2.25.03-PM.png\",\"width\":1858,\"height\":430,\"caption\":\"EasyLifeBro\"},\"image\":{\"@id\":\"https:\/\/easyliferobo.com\/de\/#\/schema\/logo\/image\/\"}}]}<\/script>\n<!-- \/ Yoast SEO plugin. -->","yoast_head_json":{"title":"Sillbird Technik Roboter Kinder Konstruktionsspielzeug, Programmierbarer Roboterbausatz, Ferngesteuerter Roboter mit Licht und Ton, 360\u00b0 Drehung, STEM-Bauspielzeug, Jungengeschenk von 8-12 Jahren Jungen - EasyLifeBro","description":"Entdecken Sie smarte Roboter f\u00fcr Zuhause, Garten, Bildung und Sicherheit. Vergleichen Sie Saugroboter, Rasenm\u00e4hroboter, KI-Begleitroboter und mehr bei EasyLifeRobo.","robots":{"index":"index","follow":"follow","max-snippet":"max-snippet:-1","max-image-preview":"max-image-preview:large","max-video-preview":"max-video-preview:-1"},"canonical":"https:\/\/easyliferobo.com\/de\/product\/sillbird-technik-roboter-kinder-konstruktionsspielzeug-programmierbarer-roboterbausatz-ferngesteuerter-roboter-mit-licht-und-ton-360-drehung-stem-bauspielzeug-jungengeschenk-von-8-12-jahren\/","og_locale":"de_DE","og_type":"article","og_title":"Sillbird Technik Roboter Kinder Konstruktionsspielzeug, Programmierbarer Roboterbausatz, Ferngesteuerter Roboter mit Licht und Ton, 360\u00b0 Drehung, STEM-Bauspielzeug, Jungengeschenk von 8-12 Jahren Jungen - EasyLifeBro","og_description":"Entdecken Sie smarte Roboter f\u00fcr Zuhause, Garten, Bildung und Sicherheit. Vergleichen Sie Saugroboter, Rasenm\u00e4hroboter, KI-Begleitroboter und mehr bei EasyLifeRobo.","og_url":"https:\/\/easyliferobo.com\/de\/product\/sillbird-technik-roboter-kinder-konstruktionsspielzeug-programmierbarer-roboterbausatz-ferngesteuerter-roboter-mit-licht-und-ton-360-drehung-stem-bauspielzeug-jungengeschenk-von-8-12-jahren\/","og_site_name":"EasyLifeBro","article_modified_time":"2026-02-22T23:35:39+00:00","og_image":[{"width":1500,"height":1495,"url":"https:\/\/easyliferobo.com\/de\/wp-content\/uploads\/2026\/02\/81XfufN7f4L._AC_SL1500_.jpg","type":"image\/jpeg"}],"twitter_card":"summary_large_image","twitter_misc":{"Gesch\u00e4tzte Lesezeit":"1\u00a0Minute"},"schema":{"@context":"https:\/\/schema.org","@graph":[{"@type":"WebPage","@id":"https:\/\/easyliferobo.com\/de\/product\/sillbird-technik-roboter-kinder-konstruktionsspielzeug-programmierbarer-roboterbausatz-ferngesteuerter-roboter-mit-licht-und-ton-360-drehung-stem-bauspielzeug-jungengeschenk-von-8-12-jahren\/","url":"https:\/\/easyliferobo.com\/de\/product\/sillbird-technik-roboter-kinder-konstruktionsspielzeug-programmierbarer-roboterbausatz-ferngesteuerter-roboter-mit-licht-und-ton-360-drehung-stem-bauspielzeug-jungengeschenk-von-8-12-jahren\/","name":"Sillbird Technik Roboter Kinder Konstruktionsspielzeug, Programmierbarer Roboterbausatz, Ferngesteuerter Roboter mit Licht und Ton, 360\u00b0 Drehung, STEM-Bauspielzeug, Jungengeschenk von 8-12 Jahren Jungen - EasyLifeBro","isPartOf":{"@id":"https:\/\/easyliferobo.com\/de\/#website"},"primaryImageOfPage":{"@id":"https:\/\/easyliferobo.com\/de\/product\/sillbird-technik-roboter-kinder-konstruktionsspielzeug-programmierbarer-roboterbausatz-ferngesteuerter-roboter-mit-licht-und-ton-360-drehung-stem-bauspielzeug-jungengeschenk-von-8-12-jahren\/#primaryimage"},"image":{"@id":"https:\/\/easyliferobo.com\/de\/product\/sillbird-technik-roboter-kinder-konstruktionsspielzeug-programmierbarer-roboterbausatz-ferngesteuerter-roboter-mit-licht-und-ton-360-drehung-stem-bauspielzeug-jungengeschenk-von-8-12-jahren\/#primaryimage"},"thumbnailUrl":"https:\/\/easyliferobo.com\/de\/wp-content\/uploads\/2026\/02\/81XfufN7f4L._AC_SL1500_.jpg","datePublished":"2026-02-22T11:47:46+00:00","dateModified":"2026-02-22T23:35:39+00:00","description":"Entdecken Sie smarte Roboter f\u00fcr Zuhause, Garten, Bildung und Sicherheit. Vergleichen Sie Saugroboter, Rasenm\u00e4hroboter, KI-Begleitroboter und mehr bei EasyLifeRobo.","breadcrumb":{"@id":"https:\/\/easyliferobo.com\/de\/product\/sillbird-technik-roboter-kinder-konstruktionsspielzeug-programmierbarer-roboterbausatz-ferngesteuerter-roboter-mit-licht-und-ton-360-drehung-stem-bauspielzeug-jungengeschenk-von-8-12-jahren\/#breadcrumb"},"inLanguage":"de","potentialAction":[{"@type":"ReadAction","target":["https:\/\/easyliferobo.com\/de\/product\/sillbird-technik-roboter-kinder-konstruktionsspielzeug-programmierbarer-roboterbausatz-ferngesteuerter-roboter-mit-licht-und-ton-360-drehung-stem-bauspielzeug-jungengeschenk-von-8-12-jahren\/"]}]},{"@type":"ImageObject","inLanguage":"de","@id":"https:\/\/easyliferobo.com\/de\/product\/sillbird-technik-roboter-kinder-konstruktionsspielzeug-programmierbarer-roboterbausatz-ferngesteuerter-roboter-mit-licht-und-ton-360-drehung-stem-bauspielzeug-jungengeschenk-von-8-12-jahren\/#primaryimage","url":"https:\/\/easyliferobo.com\/de\/wp-content\/uploads\/2026\/02\/81XfufN7f4L._AC_SL1500_.jpg","contentUrl":"https:\/\/easyliferobo.com\/de\/wp-content\/uploads\/2026\/02\/81XfufN7f4L._AC_SL1500_.jpg","width":1500,"height":1495},{"@type":"BreadcrumbList","@id":"https:\/\/easyliferobo.com\/de\/product\/sillbird-technik-roboter-kinder-konstruktionsspielzeug-programmierbarer-roboterbausatz-ferngesteuerter-roboter-mit-licht-und-ton-360-drehung-stem-bauspielzeug-jungengeschenk-von-8-12-jahren\/#breadcrumb","itemListElement":[{"@type":"ListItem","position":1,"name":"Home","item":"https:\/\/easyliferobo.com\/de\/"},{"@type":"ListItem","position":2,"name":"Shop","item":"https:\/\/easyliferobo.com\/de\/shop\/"},{"@type":"ListItem","position":3,"name":"Sillbird Technik Roboter Kinder Konstruktionsspielzeug, Programmierbarer Roboterbausatz, Ferngesteuerter Roboter mit Licht und Ton, 360\u00b0 Drehung, STEM-Bauspielzeug, Jungengeschenk von 8-12 Jahren Jungen"}]},{"@type":"WebSite","@id":"https:\/\/easyliferobo.com\/de\/#website","url":"https:\/\/easyliferobo.com\/de\/","name":"EasyLifeBro","description":"Smarte Roboter f\u00fcr Zuhause, Garten &amp; Bildung","publisher":{"@id":"https:\/\/easyliferobo.com\/de\/#organization"},"potentialAction":[{"@type":"SearchAction","target":{"@type":"EntryPoint","urlTemplate":"https:\/\/easyliferobo.com\/de\/?s={search_term_string}"},"query-input":{"@type":"PropertyValueSpecification","valueRequired":true,"valueName":"search_term_string"}}],"inLanguage":"de"},{"@type":"Organization","@id":"https:\/\/easyliferobo.com\/de\/#organization","name":"EasyLifeBro","url":"https:\/\/easyliferobo.com\/de\/","logo":{"@type":"ImageObject","inLanguage":"de","@id":"https:\/\/easyliferobo.com\/de\/#\/schema\/logo\/image\/","url":"https:\/\/easyliferobo.com\/de\/wp-content\/uploads\/2026\/02\/Screenshot-2026-02-22-at-2.25.03-PM.png","contentUrl":"https:\/\/easyliferobo.com\/de\/wp-content\/uploads\/2026\/02\/Screenshot-2026-02-22-at-2.25.03-PM.png","width":1858,"height":430,"caption":"EasyLifeBro"},"image":{"@id":"https:\/\/easyliferobo.com\/de\/#\/schema\/logo\/image\/"}}]}},"_links":{"self":[{"href":"https:\/\/easyliferobo.com\/de\/wp-json\/wp\/v2\/product\/1133","targetHints":{"allow":["GET"]}}],"collection":[{"href":"https:\/\/easyliferobo.com\/de\/wp-json\/wp\/v2\/product"}],"about":[{"href":"https:\/\/easyliferobo.com\/de\/wp-json\/wp\/v2\/types\/product"}],"replies":[{"embeddable":true,"href":"https:\/\/easyliferobo.com\/de\/wp-json\/wp\/v2\/comments?post=1133"}],"wp:featuredmedia":[{"embeddable":true,"href":"https:\/\/easyliferobo.com\/de\/wp-json\/wp\/v2\/media\/1134"}],"wp:attachment":[{"href":"https:\/\/easyliferobo.com\/de\/wp-json\/wp\/v2\/media?parent=1133"}],"wp:term":[{"taxonomy":"store","embeddable":true,"href":"https:\/\/easyliferobo.com\/de\/wp-json\/wp\/v2\/store?post=1133"},{"taxonomy":"product_brand","embeddable":true,"href":"https:\/\/easyliferobo.com\/de\/wp-json\/wp\/v2\/product_brand?post=1133"},{"taxonomy":"product_cat","embeddable":true,"href":"https:\/\/easyliferobo.com\/de\/wp-json\/wp\/v2\/product_cat?post=1133"},{"taxonomy":"product_tag","embeddable":true,"href":"https:\/\/easyliferobo.com\/de\/wp-json\/wp\/v2\/product_tag?post=1133"}],"curies":[{"name":"wp","href":"https:\/\/api.w.org\/{rel}","templated":true}]}}