
{"id":1121,"date":"2026-02-22T11:46:41","date_gmt":"2026-02-22T11:46:41","guid":{"rendered":"https:\/\/easyliferobo.com\/de\/product\/erfinder-kit-fuer-vincibot-roboter-mit-7-x-baustilen-5-x-elektronischen-modulen-1-x-modulanschluss-fuer-sensoren-wie-arduino-usw-stem-spielzeug-programmier-und-elektronikprojekte\/"},"modified":"2026-02-22T23:35:39","modified_gmt":"2026-02-22T23:35:39","slug":"erfinder-kit-fuer-vincibot-roboter-mit-7-x-baustilen-5-x-elektronischen-modulen-1-x-modulanschluss-fuer-sensoren-wie-arduino-usw-stem-spielzeug-programmier-und-elektronikprojekte","status":"publish","type":"product","link":"https:\/\/easyliferobo.com\/de\/product\/erfinder-kit-fuer-vincibot-roboter-mit-7-x-baustilen-5-x-elektronischen-modulen-1-x-modulanschluss-fuer-sensoren-wie-arduino-usw-stem-spielzeug-programmier-und-elektronikprojekte\/","title":{"rendered":"Erfinder-Kit f\u00fcr Vincibot-Roboter ..."},"content":{"rendered":"<p>\n                                             Von der Marke   <\/p>\n<p>                                              <img decoding=\"async\" alt=\"Der Text lautet \u201ePRICE CUT SALE\u201c. auf orangefarbenem Hintergrund mit kleinen Symbolen f\u00fcr Elektronikprodukte, die in geschwungenen Linien angeordnet sind, darunter Laptops, Kameras und andere Ger\u00e4te.\" src=\"https:\/\/images-na.ssl-images-amazon.com\/images\/G\/01\/x-locale\/common\/grey-pixel.gif\" class=\"a-lazy-loaded\" data-src=\"https:\/\/m.media-amazon.com\/images\/S\/aplus-media-library-service-media\/b17ee10c-cbf4-4a61-9809-3c08ac9f552b.__CR0,1,2928,1250_PT0_SX1464_V1___.jpg\"><img decoding=\"async\" alt=\"Der Text lautet \u201ePRICE CUT SALE\u201c. auf orangefarbenem Hintergrund mit kleinen Symbolen f\u00fcr Elektronikprodukte, die in geschwungenen Linien angeordnet sind, darunter Laptops, Kameras und andere Ger\u00e4te.\" src=\"https:\/\/m.media-amazon.com\/images\/S\/aplus-media-library-service-media\/b17ee10c-cbf4-4a61-9809-3c08ac9f552b.__CR0,1,2928,1250_PT0_SX1464_V1___.jpg\">  <\/p>\n<p>                                              <img decoding=\"async\" alt=\"\" src=\"https:\/\/images-na.ssl-images-amazon.com\/images\/G\/01\/x-locale\/common\/grey-pixel.gif\" class=\"a-lazy-loaded\" data-src=\"https:\/\/m.media-amazon.com\/images\/S\/aplus-media-library-service-media\/e1795835-2eb3-4b6a-95f2-d3f3eac10f53.__CR0,0,315,145_PT0_SX315_V1___.png\"><img decoding=\"async\" alt=\"\" src=\"https:\/\/m.media-amazon.com\/images\/S\/aplus-media-library-service-media\/e1795835-2eb3-4b6a-95f2-d3f3eac10f53.__CR0,0,315,145_PT0_SX315_V1___.png\">  <\/p>\n<p>  MatataStudio wurde 2017 gegr\u00fcndet und ist ein Unternehmen f\u00fcr Technologiebildung, das Schulen, Institutionen und Familien auf der ganzen Welt innovative MINT-Ausbildung anbietet. <\/p>\n<p>  Unser Ziel ist es, den Innovationsgeist von Kindern zu f\u00f6rdern, damit sie sich der Welt stellen und sie ver\u00e4ndern k\u00f6nnen. <\/p>\n<p>  Mit umfangreichen p\u00e4dagogischen Ressourcen und h\u00f6chster Fachkompetenz unterst\u00fctzen wir mittlerweile \u00fcber 20.000 Kinderg\u00e4rten, Schulen und Bildungseinrichtungen. <\/p>\n<p>                                              <img decoding=\"async\" alt=\"Aplus-Inhaltsbild\" src=\"https:\/\/images-na.ssl-images-amazon.com\/images\/G\/01\/x-locale\/common\/grey-pixel.gif\" class=\"a-lazy-loaded\" data-src=\"https:\/\/m.media-amazon.com\/images\/S\/aplus-media-library-service-media\/2f80a385-3b59-4dfc-8881-ecfccf2e7161.__CR0,47,965,1208_PT0_SX362_V1___.png\"><img decoding=\"async\" alt=\"Aplus-Inhaltsbild\" src=\"https:\/\/m.media-amazon.com\/images\/S\/aplus-media-library-service-media\/2f80a385-3b59-4dfc-8881-ecfccf2e7161.__CR0,47,965,1208_PT0_SX362_V1___.png\">  <\/p>\n<h3>  Geeignet f\u00fcr Kinder ab 3 Jahren <\/h3>\n<p class=\"apm-brand-story-stores-link\">\n<h3>  Geeignet f\u00fcr Kinder ab 4 Jahren <\/h3>\n<p class=\"apm-brand-story-stores-link\">\n<h3>  Geeignet f\u00fcr Kinder ab 8 Jahren <\/h3>\n<p class=\"apm-brand-story-stores-link\">\n<p>                                              <img decoding=\"async\" alt=\"\" src=\"https:\/\/images-na.ssl-images-amazon.com\/images\/G\/01\/x-locale\/common\/grey-pixel.gif\" class=\"a-lazy-loaded\" data-src=\"https:\/\/m.media-amazon.com\/images\/S\/aplus-media-library-service-media\/9fdae884-61b9-4ebb-8e5f-1fd5b433fe74.__CR0,0,362,453_PT0_SX362_V1___.png\"><img decoding=\"async\" alt=\"\" src=\"https:\/\/m.media-amazon.com\/images\/S\/aplus-media-library-service-media\/9fdae884-61b9-4ebb-8e5f-1fd5b433fe74.__CR0,0,362,453_PT0_SX362_V1___.png\">  <\/p>\n<p>                                              <img decoding=\"async\" alt=\"Der Text lautet: \u201eNous AI Set 12+\u201c und zeigt das Logo des iF Design Award 2024. Kleiner Roboter oder KI-Ger\u00e4t auf R\u00e4dern vor rotem Hintergrund.\" src=\"https:\/\/images-na.ssl-images-amazon.com\/images\/G\/01\/x-locale\/common\/grey-pixel.gif\" class=\"a-lazy-loaded\" data-src=\"https:\/\/m.media-amazon.com\/images\/S\/aplus-media-library-service-media\/485bda06-fbdb-4368-b6c1-1a6003cb2415.__CR0,0,724,906_PT0_SX362_V1___.jpg\"><img decoding=\"async\" alt=\"Der Text lautet: \u201eNous AI Set 12+\u201c und zeigt das Logo des iF Design Award 2024. Kleiner Roboter oder KI-Ger\u00e4t auf R\u00e4dern vor rotem Hintergrund.\" src=\"https:\/\/m.media-amazon.com\/images\/S\/aplus-media-library-service-media\/485bda06-fbdb-4368-b6c1-1a6003cb2415.__CR0,0,724,906_PT0_SX362_V1___.jpg\">  <\/p>\n<h3>  Digitales Mikroskop <\/h3>\n<p class=\"apm-brand-story-stores-link\">\n<h3>  Biologisches Mikroskop <\/h3>\n<p class=\"apm-brand-story-stores-link\">\n<p>                                              <img decoding=\"async\" alt=\"Aplus-Inhaltsbild\" src=\"https:\/\/images-na.ssl-images-amazon.com\/images\/G\/01\/x-locale\/common\/grey-pixel.gif\" class=\"a-lazy-loaded\" data-src=\"https:\/\/m.media-amazon.com\/images\/S\/aplus-media-library-service-media\/6b477e96-9eea-4611-8981-b4628544862d.__CR0,0,362,453_PT0_SX362_V1___.png\"><img decoding=\"async\" alt=\"Aplus-Inhaltsbild\" src=\"https:\/\/m.media-amazon.com\/images\/S\/aplus-media-library-service-media\/6b477e96-9eea-4611-8981-b4628544862d.__CR0,0,362,453_PT0_SX362_V1___.png\">  <\/p>\n<p>                                              <img decoding=\"async\" alt=\"Aplus-Inhaltsbild\" src=\"https:\/\/images-na.ssl-images-amazon.com\/images\/G\/01\/x-locale\/common\/grey-pixel.gif\" class=\"a-lazy-loaded\" data-src=\"https:\/\/m.media-amazon.com\/images\/S\/aplus-media-library-service-media\/cc17fcaa-29ed-4404-897a-e9804a154b8e.__CR0,0,362,453_PT0_SX362_V1___.png\"><img decoding=\"async\" alt=\"Aplus-Inhaltsbild\" src=\"https:\/\/m.media-amazon.com\/images\/S\/aplus-media-library-service-media\/cc17fcaa-29ed-4404-897a-e9804a154b8e.__CR0,0,362,453_PT0_SX362_V1___.png\">  <\/p>\n<p>Paketliste: MatataStudio Inventor Kit ist ein Erweiterungspaket f\u00fcr VinciBot, das zum Erlernen und Erstellen verschiedener interaktiver elektronischer Projekte verwendet wird. Enth\u00e4lt 1 x Drehwinkelsensor, 1 x Temperatur- und Feuchtigkeitssensor, 1 x Joystick, 1 x 360\u00b0-Digitalservo, 1 x LED-Lichtleiste, 1 x modulare Verbindungseinheit f\u00fcr VinciBot-Roboter, 1 x USB-C-Kabel, 1 x Papiermodell, 1 x Bedienungsanleitung mit 7 x Lernkoffern und 128 x Bausteinen<br \/>Erstellen Sie ein STEM-Elektronikprojekt: Das MatataStudio Inventor-Kit ist mit 5 programmierbaren Elektronikmodulen ausgestattet, darunter 360\u00b0-Digitalservo, Temperatur- und Feuchtigkeitssensor, LED-Lichtleiste, Drehwinkelsensor und Joystick. Mit dem ferngesteuerten Programmierroboter VinciBot k\u00f6nnen Kinder im Alter von 8 bis 12 Jahren interaktive MINT-Elektronikspiele erstellen, um ihr Verst\u00e4ndnis f\u00fcr Elektronik und die Beherrschung elektronischer Prinzipien zu verbessern<br \/>Erweiterungsmodul f\u00fcr grenzenlosen Spa\u00df: Das MatataStudio Inventor Kit enth\u00e4lt eine Modulverbindungseinheit, die Sensormodule von Drittanbietern wie Arduino und Micro:bit nahtlos verbinden kann. Erm\u00f6glicht Kindern die einfache Integration externer elektronischer Komponenten in VinciBot-Roboter, um ein interessanteres und umfassenderes Gameplay zu schaffen, ihre Kreativit\u00e4t anzuregen und die schnelle Entwicklung von technischem Denken und Designdenken zu f\u00f6rdern<br \/>EINFACH ZU BAUEN UND ZU PROGRAMMIEREN: Mit der kostenlosen Schritt-f\u00fcr-Schritt-Bauanleitung k\u00f6nnen Sch\u00fcler, Lehrer und Eltern das Inventor Kit ganz einfach verwenden, um VinciBot-Roboter kreativ zu bauen. Die MatataStudio VinciBot-Programmierplattform hat speziell relevante grafische Programmierbl\u00f6cke f\u00fcr diese f\u00fcnf elektronischen Komponenten entwickelt, um die Kreativit\u00e4t von Kindern in den Bereichen Konstruktion, Programmierung und Elektronik zu entfesseln<br \/>Unglaubliches Geschenk f\u00fcr Kinder: Dieses supercoole Erfinder-Set wird Ihre Kinder faszinieren und sie dazu ermutigen, die geheimnisvolle Welt der Programmierung und Elektronik zu erkunden. Dieses MINT-Lernset ist ein ideales Lernspielzeug und Lerngeschenk f\u00fcr Grund- und Mittelsch\u00fcler, Jungen und M\u00e4dchen im Alter von 8\u201312 Jahren, perfekt f\u00fcr Geburtstage, Kindertage, Weihnachten, Ostern, Chanukka, Sommercamp-Aktivit\u00e4ten, Heimkehr- und Familienunterhaltung und andere zeitliche Anl\u00e4sse<br \/>\u201eMatataStudio\u201c ist der aktualisierte Markenname von \u201eMatatalab\u201c&#8230;<\/p>\n<p>[ad_2]<\/p>\n","protected":false},"excerpt":{"rendered":"<p>Von der Marke MatataStudio wurde 2017 gegr\u00fcndet und ist ein Unternehmen f\u00fcr Technologiebildung, das Schulen, Institutionen und Familien auf der ganzen Welt innovative MINT-Ausbildung anbietet. Unser Ziel ist es, den Innovationsgeist von Kindern zu f\u00f6rdern, damit sie sich der Welt stellen und sie ver\u00e4ndern k\u00f6nnen. Mit umfangreichen p\u00e4dagogischen Ressourcen und h\u00f6chster Fachkompetenz unterst\u00fctzen wir mittlerweile [&hellip;]<\/p>\n","protected":false},"featured_media":1122,"comment_status":"open","ping_status":"closed","template":"","meta":{"_aipt_faq_data":""},"store":[],"product_brand":[246],"product_cat":[79],"product_tag":[245],"class_list":{"0":"post-1121","1":"product","2":"type-product","3":"status-publish","4":"has-post-thumbnail","6":"product_brand-matatastudio","7":"product_cat-stem-roboter","8":"product_tag-stem-roboter-mit-sensoren","10":"first","11":"instock","12":"sale","13":"shipping-taxable","14":"product-type-external"},"yoast_head":"<!-- This site is optimized with the Yoast SEO plugin v27.4 - https:\/\/yoast.com\/product\/yoast-seo-wordpress\/ -->\n<title>Erfinder-Kit f\u00fcr Vincibot-Roboter mit 7 x Baustilen, 5 x elektronischen Modulen, 1 x Modulanschluss f\u00fcr Sensoren wie Arduino usw. STEM-Spielzeug, Programmier- und Elektronikprojekte - EasyLifeBro<\/title>\n<meta name=\"description\" content=\"Entdecken Sie smarte Roboter f\u00fcr Zuhause, Garten, Bildung und Sicherheit. Vergleichen Sie Saugroboter, Rasenm\u00e4hroboter, KI-Begleitroboter und mehr bei EasyLifeRobo.\" \/>\n<meta name=\"robots\" content=\"index, follow, max-snippet:-1, max-image-preview:large, max-video-preview:-1\" \/>\n<link rel=\"canonical\" href=\"https:\/\/easyliferobo.com\/de\/product\/erfinder-kit-fuer-vincibot-roboter-mit-7-x-baustilen-5-x-elektronischen-modulen-1-x-modulanschluss-fuer-sensoren-wie-arduino-usw-stem-spielzeug-programmier-und-elektronikprojekte\/\" \/>\n<meta property=\"og:locale\" content=\"de_DE\" \/>\n<meta property=\"og:type\" content=\"article\" \/>\n<meta property=\"og:title\" content=\"Erfinder-Kit f\u00fcr Vincibot-Roboter mit 7 x Baustilen, 5 x elektronischen Modulen, 1 x Modulanschluss f\u00fcr Sensoren wie Arduino usw. STEM-Spielzeug, Programmier- und Elektronikprojekte - EasyLifeBro\" \/>\n<meta property=\"og:description\" content=\"Entdecken Sie smarte Roboter f\u00fcr Zuhause, Garten, Bildung und Sicherheit. Vergleichen Sie Saugroboter, Rasenm\u00e4hroboter, KI-Begleitroboter und mehr bei EasyLifeRobo.\" \/>\n<meta property=\"og:url\" content=\"https:\/\/easyliferobo.com\/de\/product\/erfinder-kit-fuer-vincibot-roboter-mit-7-x-baustilen-5-x-elektronischen-modulen-1-x-modulanschluss-fuer-sensoren-wie-arduino-usw-stem-spielzeug-programmier-und-elektronikprojekte\/\" \/>\n<meta property=\"og:site_name\" content=\"EasyLifeBro\" \/>\n<meta property=\"article:modified_time\" content=\"2026-02-22T23:35:39+00:00\" \/>\n<meta property=\"og:image\" content=\"https:\/\/easyliferobo.com\/de\/wp-content\/uploads\/2026\/02\/71OnOMB1dgL._AC_SL1500_.jpg\" \/>\n\t<meta property=\"og:image:width\" content=\"1485\" \/>\n\t<meta property=\"og:image:height\" content=\"1500\" \/>\n\t<meta property=\"og:image:type\" content=\"image\/jpeg\" \/>\n<meta name=\"twitter:card\" content=\"summary_large_image\" \/>\n<meta name=\"twitter:label1\" content=\"Gesch\u00e4tzte Lesezeit\" \/>\n\t<meta name=\"twitter:data1\" content=\"2\u00a0Minuten\" \/>\n<script type=\"application\/ld+json\" class=\"yoast-schema-graph\">{\"@context\":\"https:\\\/\\\/schema.org\",\"@graph\":[{\"@type\":\"WebPage\",\"@id\":\"https:\\\/\\\/easyliferobo.com\\\/de\\\/product\\\/erfinder-kit-fuer-vincibot-roboter-mit-7-x-baustilen-5-x-elektronischen-modulen-1-x-modulanschluss-fuer-sensoren-wie-arduino-usw-stem-spielzeug-programmier-und-elektronikprojekte\\\/\",\"url\":\"https:\\\/\\\/easyliferobo.com\\\/de\\\/product\\\/erfinder-kit-fuer-vincibot-roboter-mit-7-x-baustilen-5-x-elektronischen-modulen-1-x-modulanschluss-fuer-sensoren-wie-arduino-usw-stem-spielzeug-programmier-und-elektronikprojekte\\\/\",\"name\":\"Erfinder-Kit f\u00fcr Vincibot-Roboter mit 7 x Baustilen, 5 x elektronischen Modulen, 1 x Modulanschluss f\u00fcr Sensoren wie Arduino usw. STEM-Spielzeug, Programmier- und Elektronikprojekte - EasyLifeBro\",\"isPartOf\":{\"@id\":\"https:\\\/\\\/easyliferobo.com\\\/de\\\/#website\"},\"primaryImageOfPage\":{\"@id\":\"https:\\\/\\\/easyliferobo.com\\\/de\\\/product\\\/erfinder-kit-fuer-vincibot-roboter-mit-7-x-baustilen-5-x-elektronischen-modulen-1-x-modulanschluss-fuer-sensoren-wie-arduino-usw-stem-spielzeug-programmier-und-elektronikprojekte\\\/#primaryimage\"},\"image\":{\"@id\":\"https:\\\/\\\/easyliferobo.com\\\/de\\\/product\\\/erfinder-kit-fuer-vincibot-roboter-mit-7-x-baustilen-5-x-elektronischen-modulen-1-x-modulanschluss-fuer-sensoren-wie-arduino-usw-stem-spielzeug-programmier-und-elektronikprojekte\\\/#primaryimage\"},\"thumbnailUrl\":\"https:\\\/\\\/easyliferobo.com\\\/de\\\/wp-content\\\/uploads\\\/2026\\\/02\\\/71OnOMB1dgL._AC_SL1500_.jpg\",\"datePublished\":\"2026-02-22T11:46:41+00:00\",\"dateModified\":\"2026-02-22T23:35:39+00:00\",\"description\":\"Entdecken Sie smarte Roboter f\u00fcr Zuhause, Garten, Bildung und Sicherheit. Vergleichen Sie Saugroboter, Rasenm\u00e4hroboter, KI-Begleitroboter und mehr bei EasyLifeRobo.\",\"breadcrumb\":{\"@id\":\"https:\\\/\\\/easyliferobo.com\\\/de\\\/product\\\/erfinder-kit-fuer-vincibot-roboter-mit-7-x-baustilen-5-x-elektronischen-modulen-1-x-modulanschluss-fuer-sensoren-wie-arduino-usw-stem-spielzeug-programmier-und-elektronikprojekte\\\/#breadcrumb\"},\"inLanguage\":\"de\",\"potentialAction\":[{\"@type\":\"ReadAction\",\"target\":[\"https:\\\/\\\/easyliferobo.com\\\/de\\\/product\\\/erfinder-kit-fuer-vincibot-roboter-mit-7-x-baustilen-5-x-elektronischen-modulen-1-x-modulanschluss-fuer-sensoren-wie-arduino-usw-stem-spielzeug-programmier-und-elektronikprojekte\\\/\"]}]},{\"@type\":\"ImageObject\",\"inLanguage\":\"de\",\"@id\":\"https:\\\/\\\/easyliferobo.com\\\/de\\\/product\\\/erfinder-kit-fuer-vincibot-roboter-mit-7-x-baustilen-5-x-elektronischen-modulen-1-x-modulanschluss-fuer-sensoren-wie-arduino-usw-stem-spielzeug-programmier-und-elektronikprojekte\\\/#primaryimage\",\"url\":\"https:\\\/\\\/easyliferobo.com\\\/de\\\/wp-content\\\/uploads\\\/2026\\\/02\\\/71OnOMB1dgL._AC_SL1500_.jpg\",\"contentUrl\":\"https:\\\/\\\/easyliferobo.com\\\/de\\\/wp-content\\\/uploads\\\/2026\\\/02\\\/71OnOMB1dgL._AC_SL1500_.jpg\",\"width\":1485,\"height\":1500},{\"@type\":\"BreadcrumbList\",\"@id\":\"https:\\\/\\\/easyliferobo.com\\\/de\\\/product\\\/erfinder-kit-fuer-vincibot-roboter-mit-7-x-baustilen-5-x-elektronischen-modulen-1-x-modulanschluss-fuer-sensoren-wie-arduino-usw-stem-spielzeug-programmier-und-elektronikprojekte\\\/#breadcrumb\",\"itemListElement\":[{\"@type\":\"ListItem\",\"position\":1,\"name\":\"Home\",\"item\":\"https:\\\/\\\/easyliferobo.com\\\/de\\\/\"},{\"@type\":\"ListItem\",\"position\":2,\"name\":\"Shop\",\"item\":\"https:\\\/\\\/easyliferobo.com\\\/de\\\/shop\\\/\"},{\"@type\":\"ListItem\",\"position\":3,\"name\":\"Erfinder-Kit f\u00fcr Vincibot-Roboter mit 7 x Baustilen, 5 x elektronischen Modulen, 1 x Modulanschluss f\u00fcr Sensoren wie Arduino usw. STEM-Spielzeug, Programmier- und Elektronikprojekte\"}]},{\"@type\":\"WebSite\",\"@id\":\"https:\\\/\\\/easyliferobo.com\\\/de\\\/#website\",\"url\":\"https:\\\/\\\/easyliferobo.com\\\/de\\\/\",\"name\":\"EasyLifeBro\",\"description\":\"Smarte Roboter f\u00fcr Zuhause, Garten &amp; Bildung\",\"publisher\":{\"@id\":\"https:\\\/\\\/easyliferobo.com\\\/de\\\/#organization\"},\"potentialAction\":[{\"@type\":\"SearchAction\",\"target\":{\"@type\":\"EntryPoint\",\"urlTemplate\":\"https:\\\/\\\/easyliferobo.com\\\/de\\\/?s={search_term_string}\"},\"query-input\":{\"@type\":\"PropertyValueSpecification\",\"valueRequired\":true,\"valueName\":\"search_term_string\"}}],\"inLanguage\":\"de\"},{\"@type\":\"Organization\",\"@id\":\"https:\\\/\\\/easyliferobo.com\\\/de\\\/#organization\",\"name\":\"EasyLifeBro\",\"url\":\"https:\\\/\\\/easyliferobo.com\\\/de\\\/\",\"logo\":{\"@type\":\"ImageObject\",\"inLanguage\":\"de\",\"@id\":\"https:\\\/\\\/easyliferobo.com\\\/de\\\/#\\\/schema\\\/logo\\\/image\\\/\",\"url\":\"https:\\\/\\\/easyliferobo.com\\\/de\\\/wp-content\\\/uploads\\\/2026\\\/02\\\/Screenshot-2026-02-22-at-2.25.03-PM.png\",\"contentUrl\":\"https:\\\/\\\/easyliferobo.com\\\/de\\\/wp-content\\\/uploads\\\/2026\\\/02\\\/Screenshot-2026-02-22-at-2.25.03-PM.png\",\"width\":1858,\"height\":430,\"caption\":\"EasyLifeBro\"},\"image\":{\"@id\":\"https:\\\/\\\/easyliferobo.com\\\/de\\\/#\\\/schema\\\/logo\\\/image\\\/\"}}]}<\/script>\n<!-- \/ Yoast SEO plugin. -->","yoast_head_json":{"title":"Erfinder-Kit f\u00fcr Vincibot-Roboter mit 7 x Baustilen, 5 x elektronischen Modulen, 1 x Modulanschluss f\u00fcr Sensoren wie Arduino usw. STEM-Spielzeug, Programmier- und Elektronikprojekte - EasyLifeBro","description":"Entdecken Sie smarte Roboter f\u00fcr Zuhause, Garten, Bildung und Sicherheit. Vergleichen Sie Saugroboter, Rasenm\u00e4hroboter, KI-Begleitroboter und mehr bei EasyLifeRobo.","robots":{"index":"index","follow":"follow","max-snippet":"max-snippet:-1","max-image-preview":"max-image-preview:large","max-video-preview":"max-video-preview:-1"},"canonical":"https:\/\/easyliferobo.com\/de\/product\/erfinder-kit-fuer-vincibot-roboter-mit-7-x-baustilen-5-x-elektronischen-modulen-1-x-modulanschluss-fuer-sensoren-wie-arduino-usw-stem-spielzeug-programmier-und-elektronikprojekte\/","og_locale":"de_DE","og_type":"article","og_title":"Erfinder-Kit f\u00fcr Vincibot-Roboter mit 7 x Baustilen, 5 x elektronischen Modulen, 1 x Modulanschluss f\u00fcr Sensoren wie Arduino usw. STEM-Spielzeug, Programmier- und Elektronikprojekte - EasyLifeBro","og_description":"Entdecken Sie smarte Roboter f\u00fcr Zuhause, Garten, Bildung und Sicherheit. Vergleichen Sie Saugroboter, Rasenm\u00e4hroboter, KI-Begleitroboter und mehr bei EasyLifeRobo.","og_url":"https:\/\/easyliferobo.com\/de\/product\/erfinder-kit-fuer-vincibot-roboter-mit-7-x-baustilen-5-x-elektronischen-modulen-1-x-modulanschluss-fuer-sensoren-wie-arduino-usw-stem-spielzeug-programmier-und-elektronikprojekte\/","og_site_name":"EasyLifeBro","article_modified_time":"2026-02-22T23:35:39+00:00","og_image":[{"width":1485,"height":1500,"url":"https:\/\/easyliferobo.com\/de\/wp-content\/uploads\/2026\/02\/71OnOMB1dgL._AC_SL1500_.jpg","type":"image\/jpeg"}],"twitter_card":"summary_large_image","twitter_misc":{"Gesch\u00e4tzte Lesezeit":"2\u00a0Minuten"},"schema":{"@context":"https:\/\/schema.org","@graph":[{"@type":"WebPage","@id":"https:\/\/easyliferobo.com\/de\/product\/erfinder-kit-fuer-vincibot-roboter-mit-7-x-baustilen-5-x-elektronischen-modulen-1-x-modulanschluss-fuer-sensoren-wie-arduino-usw-stem-spielzeug-programmier-und-elektronikprojekte\/","url":"https:\/\/easyliferobo.com\/de\/product\/erfinder-kit-fuer-vincibot-roboter-mit-7-x-baustilen-5-x-elektronischen-modulen-1-x-modulanschluss-fuer-sensoren-wie-arduino-usw-stem-spielzeug-programmier-und-elektronikprojekte\/","name":"Erfinder-Kit f\u00fcr Vincibot-Roboter mit 7 x Baustilen, 5 x elektronischen Modulen, 1 x Modulanschluss f\u00fcr Sensoren wie Arduino usw. STEM-Spielzeug, Programmier- und Elektronikprojekte - EasyLifeBro","isPartOf":{"@id":"https:\/\/easyliferobo.com\/de\/#website"},"primaryImageOfPage":{"@id":"https:\/\/easyliferobo.com\/de\/product\/erfinder-kit-fuer-vincibot-roboter-mit-7-x-baustilen-5-x-elektronischen-modulen-1-x-modulanschluss-fuer-sensoren-wie-arduino-usw-stem-spielzeug-programmier-und-elektronikprojekte\/#primaryimage"},"image":{"@id":"https:\/\/easyliferobo.com\/de\/product\/erfinder-kit-fuer-vincibot-roboter-mit-7-x-baustilen-5-x-elektronischen-modulen-1-x-modulanschluss-fuer-sensoren-wie-arduino-usw-stem-spielzeug-programmier-und-elektronikprojekte\/#primaryimage"},"thumbnailUrl":"https:\/\/easyliferobo.com\/de\/wp-content\/uploads\/2026\/02\/71OnOMB1dgL._AC_SL1500_.jpg","datePublished":"2026-02-22T11:46:41+00:00","dateModified":"2026-02-22T23:35:39+00:00","description":"Entdecken Sie smarte Roboter f\u00fcr Zuhause, Garten, Bildung und Sicherheit. Vergleichen Sie Saugroboter, Rasenm\u00e4hroboter, KI-Begleitroboter und mehr bei EasyLifeRobo.","breadcrumb":{"@id":"https:\/\/easyliferobo.com\/de\/product\/erfinder-kit-fuer-vincibot-roboter-mit-7-x-baustilen-5-x-elektronischen-modulen-1-x-modulanschluss-fuer-sensoren-wie-arduino-usw-stem-spielzeug-programmier-und-elektronikprojekte\/#breadcrumb"},"inLanguage":"de","potentialAction":[{"@type":"ReadAction","target":["https:\/\/easyliferobo.com\/de\/product\/erfinder-kit-fuer-vincibot-roboter-mit-7-x-baustilen-5-x-elektronischen-modulen-1-x-modulanschluss-fuer-sensoren-wie-arduino-usw-stem-spielzeug-programmier-und-elektronikprojekte\/"]}]},{"@type":"ImageObject","inLanguage":"de","@id":"https:\/\/easyliferobo.com\/de\/product\/erfinder-kit-fuer-vincibot-roboter-mit-7-x-baustilen-5-x-elektronischen-modulen-1-x-modulanschluss-fuer-sensoren-wie-arduino-usw-stem-spielzeug-programmier-und-elektronikprojekte\/#primaryimage","url":"https:\/\/easyliferobo.com\/de\/wp-content\/uploads\/2026\/02\/71OnOMB1dgL._AC_SL1500_.jpg","contentUrl":"https:\/\/easyliferobo.com\/de\/wp-content\/uploads\/2026\/02\/71OnOMB1dgL._AC_SL1500_.jpg","width":1485,"height":1500},{"@type":"BreadcrumbList","@id":"https:\/\/easyliferobo.com\/de\/product\/erfinder-kit-fuer-vincibot-roboter-mit-7-x-baustilen-5-x-elektronischen-modulen-1-x-modulanschluss-fuer-sensoren-wie-arduino-usw-stem-spielzeug-programmier-und-elektronikprojekte\/#breadcrumb","itemListElement":[{"@type":"ListItem","position":1,"name":"Home","item":"https:\/\/easyliferobo.com\/de\/"},{"@type":"ListItem","position":2,"name":"Shop","item":"https:\/\/easyliferobo.com\/de\/shop\/"},{"@type":"ListItem","position":3,"name":"Erfinder-Kit f\u00fcr Vincibot-Roboter mit 7 x Baustilen, 5 x elektronischen Modulen, 1 x Modulanschluss f\u00fcr Sensoren wie Arduino usw. STEM-Spielzeug, Programmier- und Elektronikprojekte"}]},{"@type":"WebSite","@id":"https:\/\/easyliferobo.com\/de\/#website","url":"https:\/\/easyliferobo.com\/de\/","name":"EasyLifeBro","description":"Smarte Roboter f\u00fcr Zuhause, Garten &amp; Bildung","publisher":{"@id":"https:\/\/easyliferobo.com\/de\/#organization"},"potentialAction":[{"@type":"SearchAction","target":{"@type":"EntryPoint","urlTemplate":"https:\/\/easyliferobo.com\/de\/?s={search_term_string}"},"query-input":{"@type":"PropertyValueSpecification","valueRequired":true,"valueName":"search_term_string"}}],"inLanguage":"de"},{"@type":"Organization","@id":"https:\/\/easyliferobo.com\/de\/#organization","name":"EasyLifeBro","url":"https:\/\/easyliferobo.com\/de\/","logo":{"@type":"ImageObject","inLanguage":"de","@id":"https:\/\/easyliferobo.com\/de\/#\/schema\/logo\/image\/","url":"https:\/\/easyliferobo.com\/de\/wp-content\/uploads\/2026\/02\/Screenshot-2026-02-22-at-2.25.03-PM.png","contentUrl":"https:\/\/easyliferobo.com\/de\/wp-content\/uploads\/2026\/02\/Screenshot-2026-02-22-at-2.25.03-PM.png","width":1858,"height":430,"caption":"EasyLifeBro"},"image":{"@id":"https:\/\/easyliferobo.com\/de\/#\/schema\/logo\/image\/"}}]}},"_links":{"self":[{"href":"https:\/\/easyliferobo.com\/de\/wp-json\/wp\/v2\/product\/1121","targetHints":{"allow":["GET"]}}],"collection":[{"href":"https:\/\/easyliferobo.com\/de\/wp-json\/wp\/v2\/product"}],"about":[{"href":"https:\/\/easyliferobo.com\/de\/wp-json\/wp\/v2\/types\/product"}],"replies":[{"embeddable":true,"href":"https:\/\/easyliferobo.com\/de\/wp-json\/wp\/v2\/comments?post=1121"}],"wp:featuredmedia":[{"embeddable":true,"href":"https:\/\/easyliferobo.com\/de\/wp-json\/wp\/v2\/media\/1122"}],"wp:attachment":[{"href":"https:\/\/easyliferobo.com\/de\/wp-json\/wp\/v2\/media?parent=1121"}],"wp:term":[{"taxonomy":"store","embeddable":true,"href":"https:\/\/easyliferobo.com\/de\/wp-json\/wp\/v2\/store?post=1121"},{"taxonomy":"product_brand","embeddable":true,"href":"https:\/\/easyliferobo.com\/de\/wp-json\/wp\/v2\/product_brand?post=1121"},{"taxonomy":"product_cat","embeddable":true,"href":"https:\/\/easyliferobo.com\/de\/wp-json\/wp\/v2\/product_cat?post=1121"},{"taxonomy":"product_tag","embeddable":true,"href":"https:\/\/easyliferobo.com\/de\/wp-json\/wp\/v2\/product_tag?post=1121"}],"curies":[{"name":"wp","href":"https:\/\/api.w.org\/{rel}","templated":true}]}}