
{"id":1103,"date":"2026-02-22T11:30:05","date_gmt":"2026-02-22T11:30:05","guid":{"rendered":"https:\/\/easyliferobo.com\/de\/product\/sunfounder-universal-maker-sensor-kit-kompatibel-mit-arduino-mega-r3-r4-minima-wifi-nano-raspberry-pi-5-4b-3b-zero-2w-pico-w-esp32-c-python-micropython-anfaenger-und-techniker\/"},"modified":"2026-02-22T23:35:39","modified_gmt":"2026-02-22T23:35:39","slug":"sunfounder-universal-maker-sensor-kit-kompatibel-mit-arduino-mega-r3-r4-minima-wifi-nano-raspberry-pi-5-4b-3b-zero-2w-pico-w-esp32-c-python-micropython-anfaenger-und-techniker","status":"publish","type":"product","link":"https:\/\/easyliferobo.com\/de\/product\/sunfounder-universal-maker-sensor-kit-kompatibel-mit-arduino-mega-r3-r4-minima-wifi-nano-raspberry-pi-5-4b-3b-zero-2w-pico-w-esp32-c-python-micropython-anfaenger-und-techniker\/","title":{"rendered":"SunFounder Universal Maker Sensor K..."},"content":{"rendered":"<p>\n                                             Produktbeschreibung   <\/p>\n<p>                                                                             <img decoding=\"async\" alt=\"Infografik mit Unternehmensstatistiken: 30 Millionen Nutzer, 20.000 Schulen, \u00fcber 210 L\u00e4nder und mehr als 10 Jahre Innovation. Logos von Forbes, CNET, Elektro und Tom\u2019s Hardware werden angezeigt.\" src=\"https:\/\/images-na.ssl-images-amazon.com\/images\/G\/01\/x-locale\/common\/grey-pixel.gif\" class=\"a-spacing-base a-lazy-loaded\" data-src=\"https:\/\/m.media-amazon.com\/images\/S\/aplus-media-library-service-media\/b1ec3c5f-0547-4e1e-a9f7-1857eaa75376.__CR0,0,970,600_PT0_SX970_V1___.jpg\"><img decoding=\"async\" alt=\"Infografik mit Unternehmensstatistiken: 30 Millionen Nutzer, 20.000 Schulen, \u00fcber 210 L\u00e4nder und mehr als 10 Jahre Innovation. Logos von Forbes, CNET, Elektro und Tom\u2019s Hardware werden angezeigt.\" src=\"https:\/\/m.media-amazon.com\/images\/S\/aplus-media-library-service-media\/b1ec3c5f-0547-4e1e-a9f7-1857eaa75376.__CR0,0,970,600_PT0_SX970_V1___.jpg\">                                                                    <\/p>\n<p>                                                  <img decoding=\"async\" alt=\"Elektronischer Komponentenbausatz mit verschiedenen Sensoren und Modulen auf einer grauen Oberfl\u00e4che. Kompatibel mit Arduino-, Raspberry Pi- und ESP32-Plattformen.\" src=\"https:\/\/images-na.ssl-images-amazon.com\/images\/G\/01\/x-locale\/common\/grey-pixel.gif\" class=\"a-lazy-loaded\" data-src=\"https:\/\/m.media-amazon.com\/images\/S\/aplus-media-library-service-media\/8c9ecc8d-305b-47bb-bedc-8c9e167e8aec.__CR0,0,970,300_PT0_SX970_V1___.jpg\"><img decoding=\"async\" alt=\"Elektronischer Komponentenbausatz mit verschiedenen Sensoren und Modulen auf einer grauen Oberfl\u00e4che. Kompatibel mit Arduino-, Raspberry Pi- und ESP32-Plattformen.\" src=\"https:\/\/m.media-amazon.com\/images\/S\/aplus-media-library-service-media\/8c9ecc8d-305b-47bb-bedc-8c9e167e8aec.__CR0,0,970,300_PT0_SX970_V1___.jpg\">  <\/p>\n<p>                                                                             <img decoding=\"async\" alt=\"Kind arbeitet an einem elektronischen Schaltungsprojekt mit Steckbrett, Dr\u00e4hten und Komponenten. Ein Laptop in der N\u00e4he weist auf ein Codierungs- oder Programmierelement f\u00fcr die Aktivit\u00e4t hin.\" src=\"https:\/\/images-na.ssl-images-amazon.com\/images\/G\/01\/x-locale\/common\/grey-pixel.gif\" class=\"a-spacing-base a-lazy-loaded\" data-src=\"https:\/\/m.media-amazon.com\/images\/S\/aplus-media-library-service-media\/c6887c6a-c08b-4203-a413-52ec2f037f37.__CR55,0,1345,832_PT0_SX970_V1___.jpg\"><img decoding=\"async\" alt=\"Kind arbeitet an einem elektronischen Schaltungsprojekt mit Steckbrett, Dr\u00e4hten und Komponenten. Ein Laptop in der N\u00e4he weist auf ein Codierungs- oder Programmierelement f\u00fcr die Aktivit\u00e4t hin.\" src=\"https:\/\/m.media-amazon.com\/images\/S\/aplus-media-library-service-media\/c6887c6a-c08b-4203-a413-52ec2f037f37.__CR55,0,1345,832_PT0_SX970_V1___.jpg\">                                                                    <\/p>\n<p>                                                                             <img decoding=\"async\" alt=\"\u00c4lterer Mann nutzt ein Sensorset zum kognitiven Training. Das Bild zeigt den Mann, wie er mit einem Ger\u00e4t interagiert, w\u00e4hrend im Vordergrund eine Box mit Sensoren angezeigt wird.\" src=\"https:\/\/images-na.ssl-images-amazon.com\/images\/G\/01\/x-locale\/common\/grey-pixel.gif\" class=\"a-spacing-base a-lazy-loaded\" data-src=\"https:\/\/m.media-amazon.com\/images\/S\/aplus-media-library-service-media\/d941c80d-ef3c-4bfc-8710-77dfeb76df19.__CR0,0,970,600_PT0_SX970_V1___.jpg\"><img decoding=\"async\" alt=\"\u00c4lterer Mann nutzt ein Sensorset zum kognitiven Training. Das Bild zeigt den Mann, wie er mit einem Ger\u00e4t interagiert, w\u00e4hrend im Vordergrund eine Box mit Sensoren angezeigt wird.\" src=\"https:\/\/m.media-amazon.com\/images\/S\/aplus-media-library-service-media\/d941c80d-ef3c-4bfc-8710-77dfeb76df19.__CR0,0,970,600_PT0_SX970_V1___.jpg\">                                                                    <\/p>\n<p>                                                                             <img decoding=\"async\" alt=\"Mann im blauen Pullover arbeitet am Schreibtisch an einer elektronischen Leiterplatte, Laptop, Werkzeuge und Komponenten sind sichtbar.\" src=\"https:\/\/images-na.ssl-images-amazon.com\/images\/G\/01\/x-locale\/common\/grey-pixel.gif\" class=\"a-spacing-base a-lazy-loaded\" data-src=\"https:\/\/m.media-amazon.com\/images\/S\/aplus-media-library-service-media\/d179b7ac-b42a-40f1-8fba-0d1d99961863.__CR11,0,1371,848_PT0_SX970_V1___.jpg\"><img decoding=\"async\" alt=\"Mann im blauen Pullover arbeitet am Schreibtisch an einer elektronischen Leiterplatte, Laptop, Werkzeuge und Komponenten sind sichtbar.\" src=\"https:\/\/m.media-amazon.com\/images\/S\/aplus-media-library-service-media\/d179b7ac-b42a-40f1-8fba-0d1d99961863.__CR11,0,1371,848_PT0_SX970_V1___.jpg\">                                                                    <\/p>\n<p>                                                                             <img decoding=\"async\" alt=\"Sortiment elektronischer Komponenten, darunter Sensoren, Dr\u00e4hte, Steckbretter und Leiterplatten, angeordnet auf einer wei\u00dfen Oberfl\u00e4che. Es sind verschiedene Gr\u00f6\u00dfen und Arten von Komponenten sichtbar.\" src=\"https:\/\/images-na.ssl-images-amazon.com\/images\/G\/01\/x-locale\/common\/grey-pixel.gif\" class=\"a-spacing-base a-lazy-loaded\" data-src=\"https:\/\/m.media-amazon.com\/images\/S\/aplus-media-library-service-media\/e704e845-ec88-4e7a-b58c-aa72e6cc256d.__CR0,0,970,600_PT0_SX970_V1___.jpg\"><img decoding=\"async\" alt=\"Sortiment elektronischer Komponenten, darunter Sensoren, Dr\u00e4hte, Steckbretter und Leiterplatten, angeordnet auf einer wei\u00dfen Oberfl\u00e4che. Es sind verschiedene Gr\u00f6\u00dfen und Arten von Bauteilen sichtbar.\" src=\"https:\/\/m.media-amazon.com\/images\/S\/aplus-media-library-service-media\/e704e845-ec88-4e7a-b58c-aa72e6cc256d.__CR0,0,970,600_PT0_SX970_V1___.jpg\">                                                                    <\/p>\n<p>                         Zum Warenkorb hinzuf\u00fcgen Zum Warenkorb hinzuf\u00fcgen Zum Warenkorb hinzuf\u00fcgen Kundenrezensionen 4,4 von 5 Sternen 82 4,3 von 5 Sternen 214 4,6 von 5 Sternen 34 4,4 von 5 Sternen 108 4,6 von 5 Sternen 147 4,6 von 5 Sternen 141 Preis 58,99 \u20ac 58,99 \u20ac \u2013 keine Daten \u2013 keine Daten 72,99 \u20ac72,99 \u20ac 69,99 \u20ac69,99 \u20ac \u2014 keine Daten Enthaltenes Board Nein Nein Pico W Pico 2 W Nein Pico Kompatibles Board Raspberry Pi 5\/4\/3B+\/3B\/Zero w Raspberry Pi 5\/4\/3B+\/3B\/Zero w Pico W Pico 2 W Raspberry Pi 5\/4\/3B+\/3B\/Zero w\/ Pico W Pico Videokurse \u2713 \u2713 \u2713 \u2713 Nein Nein Online-Dokumente \u2713 \u2713 \u2713 \u2713 \u2713 \u2713 Empfohlenes Alter 10+ 10+ 8+ 8+ 10+ 8+ Programmiersprache Python\/C\/Java\/Scratch\/Node.js Python\/C\/Java\/Scratch\/Node.js MicroPython\/C\/C++\/Piper Make Python\/MicroPython\/C\/C++ Python\/MicroPython\/C\/C++ Micropython\/C\/C++\/Piper Make Curriculum Link raphael-kit-de.rtfd.io davinci-kit-de.rtfd.io kepler-kit-de.rtfd.io pico-2w-kit-de.rtfd.io umsk-de.rtfd.io thales_kit.rtfd.io        <\/p>\n<p>**Breite Kompatibilit\u00e4t**: Unterst\u00fctzt die Arduino-Serie (R4 WiFi\/Minima\/Mega\/R3) und Raspberry Pi 5\/4\/3B+\/3B\/Zero, Raspberry Pi Pico W, ESP32, sodass eine breite Palette von Entwicklungsplattformen verf\u00fcgbar ist. Enth\u00e4lt 169 Projekte. Deutsche Online-Tutorials: umsk-de.rtfd.io<br \/>**Diverse Komponenten**: \u00dcber 25 Sensoren, Aktoren und Anzeigemodule f\u00fcr verschiedenste Projekte. Perfekt f\u00fcr Umgebungs\u00fcberwachung, Smart-Home-Projekte, Robotik und Gamecontroller.<br \/>**SCHRITT-F\u00dcR-SCHRITT-ANLEITUNG**: Umfassende Anleitungen f\u00fcr Arduino, Raspberry Pi, Pico w, ESP32 f\u00fcr jede Komponente, einschlie\u00dflich Kursen in den Programmiersprachen C\/C++ und Python\/MicroPython, ideal f\u00fcr Anf\u00e4nger und Fortgeschrittene f\u00fcr einen schnellen Einstieg.<br \/>**PROJEKTE F\u00dcR ALLE EBENEN**: Bietet Projekte, die dem Benutzer helfen, vom Anf\u00e4nger zum Experten in Elektronik und Programmierung zu gelangen und so Innovation und Kreativit\u00e4t f\u00f6rdern.<br \/>**GEZWECKTER SUPPORT**: Profitieren Sie von unserem kontinuierlichen Support, einschlie\u00dflich eines Community-Forums und zeitnaher technischer Unterst\u00fctzung f\u00fcr ein nahtloses Lernerlebnis.<\/p>\n<p>[ad_2]<\/p>\n","protected":false},"excerpt":{"rendered":"<p>Produktbeschreibung Zum Warenkorb hinzuf\u00fcgen Zum Warenkorb hinzuf\u00fcgen Zum Warenkorb hinzuf\u00fcgen Kundenrezensionen 4,4 von 5 Sternen 82 4,3 von 5 Sternen 214 4,6 von 5 Sternen 34 4,4 von 5 Sternen 108 4,6 von 5 Sternen 147 4,6 von 5 Sternen 141 Preis 58,99 \u20ac 58,99 \u20ac \u2013 keine Daten \u2013 keine Daten 72,99 \u20ac72,99 \u20ac [&hellip;]<\/p>\n","protected":false},"featured_media":1104,"comment_status":"open","ping_status":"closed","template":"","meta":{"_aipt_faq_data":""},"store":[],"product_brand":[243],"product_cat":[81],"product_tag":[242],"class_list":{"0":"post-1103","1":"product","2":"type-product","3":"status-publish","4":"has-post-thumbnail","6":"product_brand-sunfounder","7":"product_cat-arduino-raspberry-pi-kits","8":"product_tag-arduino-raspberry-pi-kits-beginner-projects","10":"first","11":"instock","12":"sale","13":"shipping-taxable","14":"product-type-external"},"yoast_head":"<!-- This site is optimized with the Yoast SEO plugin v27.0 - https:\/\/yoast.com\/product\/yoast-seo-wordpress\/ -->\n<title>SunFounder Universal Maker Sensor Kit kompatibel mit Arduino Mega\/R3\/R4 Minima\/WiFi Nano, Raspberry Pi 5\/4B\/3B+\/Zero 2W\/, Pico W, ESP32, C++, Python, MicroPython, Anf\u00e4nger und Techniker - EasyLifeBro<\/title>\n<meta name=\"description\" content=\"Entdecken Sie smarte Roboter f\u00fcr Zuhause, Garten, Bildung und Sicherheit. Vergleichen Sie Saugroboter, Rasenm\u00e4hroboter, KI-Begleitroboter und mehr bei EasyLifeRobo.\" \/>\n<meta name=\"robots\" content=\"index, follow, max-snippet:-1, max-image-preview:large, max-video-preview:-1\" \/>\n<link rel=\"canonical\" href=\"https:\/\/easyliferobo.com\/de\/product\/sunfounder-universal-maker-sensor-kit-kompatibel-mit-arduino-mega-r3-r4-minima-wifi-nano-raspberry-pi-5-4b-3b-zero-2w-pico-w-esp32-c-python-micropython-anfaenger-und-techniker\/\" \/>\n<meta property=\"og:locale\" content=\"de_DE\" \/>\n<meta property=\"og:type\" content=\"article\" \/>\n<meta property=\"og:title\" content=\"SunFounder Universal Maker Sensor Kit kompatibel mit Arduino Mega\/R3\/R4 Minima\/WiFi Nano, Raspberry Pi 5\/4B\/3B+\/Zero 2W\/, Pico W, ESP32, C++, Python, MicroPython, Anf\u00e4nger und Techniker - EasyLifeBro\" \/>\n<meta property=\"og:description\" content=\"Entdecken Sie smarte Roboter f\u00fcr Zuhause, Garten, Bildung und Sicherheit. Vergleichen Sie Saugroboter, Rasenm\u00e4hroboter, KI-Begleitroboter und mehr bei EasyLifeRobo.\" \/>\n<meta property=\"og:url\" content=\"https:\/\/easyliferobo.com\/de\/product\/sunfounder-universal-maker-sensor-kit-kompatibel-mit-arduino-mega-r3-r4-minima-wifi-nano-raspberry-pi-5-4b-3b-zero-2w-pico-w-esp32-c-python-micropython-anfaenger-und-techniker\/\" \/>\n<meta property=\"og:site_name\" content=\"EasyLifeBro\" \/>\n<meta property=\"article:modified_time\" content=\"2026-02-22T23:35:39+00:00\" \/>\n<meta property=\"og:image\" content=\"https:\/\/easyliferobo.com\/de\/wp-content\/uploads\/2026\/02\/81D2uYL40NL._AC_SL1500_.jpg\" \/>\n\t<meta property=\"og:image:width\" content=\"1500\" \/>\n\t<meta property=\"og:image:height\" content=\"1488\" \/>\n\t<meta property=\"og:image:type\" content=\"image\/jpeg\" \/>\n<meta name=\"twitter:card\" content=\"summary_large_image\" \/>\n<meta name=\"twitter:label1\" content=\"Gesch\u00e4tzte Lesezeit\" \/>\n\t<meta name=\"twitter:data1\" content=\"1\u00a0Minute\" \/>\n<script type=\"application\/ld+json\" class=\"yoast-schema-graph\">{\"@context\":\"https:\/\/schema.org\",\"@graph\":[{\"@type\":\"WebPage\",\"@id\":\"https:\/\/easyliferobo.com\/de\/product\/sunfounder-universal-maker-sensor-kit-kompatibel-mit-arduino-mega-r3-r4-minima-wifi-nano-raspberry-pi-5-4b-3b-zero-2w-pico-w-esp32-c-python-micropython-anfaenger-und-techniker\/\",\"url\":\"https:\/\/easyliferobo.com\/de\/product\/sunfounder-universal-maker-sensor-kit-kompatibel-mit-arduino-mega-r3-r4-minima-wifi-nano-raspberry-pi-5-4b-3b-zero-2w-pico-w-esp32-c-python-micropython-anfaenger-und-techniker\/\",\"name\":\"SunFounder Universal Maker Sensor Kit kompatibel mit Arduino Mega\/R3\/R4 Minima\/WiFi Nano, Raspberry Pi 5\/4B\/3B+\/Zero 2W\/, Pico W, ESP32, C++, Python, MicroPython, Anf\u00e4nger und Techniker - EasyLifeBro\",\"isPartOf\":{\"@id\":\"https:\/\/easyliferobo.com\/de\/#website\"},\"primaryImageOfPage\":{\"@id\":\"https:\/\/easyliferobo.com\/de\/product\/sunfounder-universal-maker-sensor-kit-kompatibel-mit-arduino-mega-r3-r4-minima-wifi-nano-raspberry-pi-5-4b-3b-zero-2w-pico-w-esp32-c-python-micropython-anfaenger-und-techniker\/#primaryimage\"},\"image\":{\"@id\":\"https:\/\/easyliferobo.com\/de\/product\/sunfounder-universal-maker-sensor-kit-kompatibel-mit-arduino-mega-r3-r4-minima-wifi-nano-raspberry-pi-5-4b-3b-zero-2w-pico-w-esp32-c-python-micropython-anfaenger-und-techniker\/#primaryimage\"},\"thumbnailUrl\":\"https:\/\/easyliferobo.com\/de\/wp-content\/uploads\/2026\/02\/81D2uYL40NL._AC_SL1500_.jpg\",\"datePublished\":\"2026-02-22T11:30:05+00:00\",\"dateModified\":\"2026-02-22T23:35:39+00:00\",\"description\":\"Entdecken Sie smarte Roboter f\u00fcr Zuhause, Garten, Bildung und Sicherheit. Vergleichen Sie Saugroboter, Rasenm\u00e4hroboter, KI-Begleitroboter und mehr bei EasyLifeRobo.\",\"breadcrumb\":{\"@id\":\"https:\/\/easyliferobo.com\/de\/product\/sunfounder-universal-maker-sensor-kit-kompatibel-mit-arduino-mega-r3-r4-minima-wifi-nano-raspberry-pi-5-4b-3b-zero-2w-pico-w-esp32-c-python-micropython-anfaenger-und-techniker\/#breadcrumb\"},\"inLanguage\":\"de\",\"potentialAction\":[{\"@type\":\"ReadAction\",\"target\":[\"https:\/\/easyliferobo.com\/de\/product\/sunfounder-universal-maker-sensor-kit-kompatibel-mit-arduino-mega-r3-r4-minima-wifi-nano-raspberry-pi-5-4b-3b-zero-2w-pico-w-esp32-c-python-micropython-anfaenger-und-techniker\/\"]}]},{\"@type\":\"ImageObject\",\"inLanguage\":\"de\",\"@id\":\"https:\/\/easyliferobo.com\/de\/product\/sunfounder-universal-maker-sensor-kit-kompatibel-mit-arduino-mega-r3-r4-minima-wifi-nano-raspberry-pi-5-4b-3b-zero-2w-pico-w-esp32-c-python-micropython-anfaenger-und-techniker\/#primaryimage\",\"url\":\"https:\/\/easyliferobo.com\/de\/wp-content\/uploads\/2026\/02\/81D2uYL40NL._AC_SL1500_.jpg\",\"contentUrl\":\"https:\/\/easyliferobo.com\/de\/wp-content\/uploads\/2026\/02\/81D2uYL40NL._AC_SL1500_.jpg\",\"width\":1500,\"height\":1488},{\"@type\":\"BreadcrumbList\",\"@id\":\"https:\/\/easyliferobo.com\/de\/product\/sunfounder-universal-maker-sensor-kit-kompatibel-mit-arduino-mega-r3-r4-minima-wifi-nano-raspberry-pi-5-4b-3b-zero-2w-pico-w-esp32-c-python-micropython-anfaenger-und-techniker\/#breadcrumb\",\"itemListElement\":[{\"@type\":\"ListItem\",\"position\":1,\"name\":\"Home\",\"item\":\"https:\/\/easyliferobo.com\/de\/\"},{\"@type\":\"ListItem\",\"position\":2,\"name\":\"Shop\",\"item\":\"https:\/\/easyliferobo.com\/de\/shop\/\"},{\"@type\":\"ListItem\",\"position\":3,\"name\":\"SunFounder Universal Maker Sensor K...\"}]},{\"@type\":\"WebSite\",\"@id\":\"https:\/\/easyliferobo.com\/de\/#website\",\"url\":\"https:\/\/easyliferobo.com\/de\/\",\"name\":\"EasyLifeBro\",\"description\":\"Smarte Roboter f\u00fcr Zuhause, Garten &amp; Bildung\",\"publisher\":{\"@id\":\"https:\/\/easyliferobo.com\/de\/#organization\"},\"potentialAction\":[{\"@type\":\"SearchAction\",\"target\":{\"@type\":\"EntryPoint\",\"urlTemplate\":\"https:\/\/easyliferobo.com\/de\/?s={search_term_string}\"},\"query-input\":{\"@type\":\"PropertyValueSpecification\",\"valueRequired\":true,\"valueName\":\"search_term_string\"}}],\"inLanguage\":\"de\"},{\"@type\":\"Organization\",\"@id\":\"https:\/\/easyliferobo.com\/de\/#organization\",\"name\":\"EasyLifeBro\",\"url\":\"https:\/\/easyliferobo.com\/de\/\",\"logo\":{\"@type\":\"ImageObject\",\"inLanguage\":\"de\",\"@id\":\"https:\/\/easyliferobo.com\/de\/#\/schema\/logo\/image\/\",\"url\":\"https:\/\/easyliferobo.com\/de\/wp-content\/uploads\/2026\/02\/Screenshot-2026-02-22-at-2.25.03-PM.png\",\"contentUrl\":\"https:\/\/easyliferobo.com\/de\/wp-content\/uploads\/2026\/02\/Screenshot-2026-02-22-at-2.25.03-PM.png\",\"width\":1858,\"height\":430,\"caption\":\"EasyLifeBro\"},\"image\":{\"@id\":\"https:\/\/easyliferobo.com\/de\/#\/schema\/logo\/image\/\"}}]}<\/script>\n<!-- \/ Yoast SEO plugin. -->","yoast_head_json":{"title":"SunFounder Universal Maker Sensor Kit kompatibel mit Arduino Mega\/R3\/R4 Minima\/WiFi Nano, Raspberry Pi 5\/4B\/3B+\/Zero 2W\/, Pico W, ESP32, C++, Python, MicroPython, Anf\u00e4nger und Techniker - EasyLifeBro","description":"Entdecken Sie smarte Roboter f\u00fcr Zuhause, Garten, Bildung und Sicherheit. Vergleichen Sie Saugroboter, Rasenm\u00e4hroboter, KI-Begleitroboter und mehr bei EasyLifeRobo.","robots":{"index":"index","follow":"follow","max-snippet":"max-snippet:-1","max-image-preview":"max-image-preview:large","max-video-preview":"max-video-preview:-1"},"canonical":"https:\/\/easyliferobo.com\/de\/product\/sunfounder-universal-maker-sensor-kit-kompatibel-mit-arduino-mega-r3-r4-minima-wifi-nano-raspberry-pi-5-4b-3b-zero-2w-pico-w-esp32-c-python-micropython-anfaenger-und-techniker\/","og_locale":"de_DE","og_type":"article","og_title":"SunFounder Universal Maker Sensor Kit kompatibel mit Arduino Mega\/R3\/R4 Minima\/WiFi Nano, Raspberry Pi 5\/4B\/3B+\/Zero 2W\/, Pico W, ESP32, C++, Python, MicroPython, Anf\u00e4nger und Techniker - EasyLifeBro","og_description":"Entdecken Sie smarte Roboter f\u00fcr Zuhause, Garten, Bildung und Sicherheit. Vergleichen Sie Saugroboter, Rasenm\u00e4hroboter, KI-Begleitroboter und mehr bei EasyLifeRobo.","og_url":"https:\/\/easyliferobo.com\/de\/product\/sunfounder-universal-maker-sensor-kit-kompatibel-mit-arduino-mega-r3-r4-minima-wifi-nano-raspberry-pi-5-4b-3b-zero-2w-pico-w-esp32-c-python-micropython-anfaenger-und-techniker\/","og_site_name":"EasyLifeBro","article_modified_time":"2026-02-22T23:35:39+00:00","og_image":[{"width":1500,"height":1488,"url":"https:\/\/easyliferobo.com\/de\/wp-content\/uploads\/2026\/02\/81D2uYL40NL._AC_SL1500_.jpg","type":"image\/jpeg"}],"twitter_card":"summary_large_image","twitter_misc":{"Gesch\u00e4tzte Lesezeit":"1\u00a0Minute"},"schema":{"@context":"https:\/\/schema.org","@graph":[{"@type":"WebPage","@id":"https:\/\/easyliferobo.com\/de\/product\/sunfounder-universal-maker-sensor-kit-kompatibel-mit-arduino-mega-r3-r4-minima-wifi-nano-raspberry-pi-5-4b-3b-zero-2w-pico-w-esp32-c-python-micropython-anfaenger-und-techniker\/","url":"https:\/\/easyliferobo.com\/de\/product\/sunfounder-universal-maker-sensor-kit-kompatibel-mit-arduino-mega-r3-r4-minima-wifi-nano-raspberry-pi-5-4b-3b-zero-2w-pico-w-esp32-c-python-micropython-anfaenger-und-techniker\/","name":"SunFounder Universal Maker Sensor Kit kompatibel mit Arduino Mega\/R3\/R4 Minima\/WiFi Nano, Raspberry Pi 5\/4B\/3B+\/Zero 2W\/, Pico W, ESP32, C++, Python, MicroPython, Anf\u00e4nger und Techniker - EasyLifeBro","isPartOf":{"@id":"https:\/\/easyliferobo.com\/de\/#website"},"primaryImageOfPage":{"@id":"https:\/\/easyliferobo.com\/de\/product\/sunfounder-universal-maker-sensor-kit-kompatibel-mit-arduino-mega-r3-r4-minima-wifi-nano-raspberry-pi-5-4b-3b-zero-2w-pico-w-esp32-c-python-micropython-anfaenger-und-techniker\/#primaryimage"},"image":{"@id":"https:\/\/easyliferobo.com\/de\/product\/sunfounder-universal-maker-sensor-kit-kompatibel-mit-arduino-mega-r3-r4-minima-wifi-nano-raspberry-pi-5-4b-3b-zero-2w-pico-w-esp32-c-python-micropython-anfaenger-und-techniker\/#primaryimage"},"thumbnailUrl":"https:\/\/easyliferobo.com\/de\/wp-content\/uploads\/2026\/02\/81D2uYL40NL._AC_SL1500_.jpg","datePublished":"2026-02-22T11:30:05+00:00","dateModified":"2026-02-22T23:35:39+00:00","description":"Entdecken Sie smarte Roboter f\u00fcr Zuhause, Garten, Bildung und Sicherheit. Vergleichen Sie Saugroboter, Rasenm\u00e4hroboter, KI-Begleitroboter und mehr bei EasyLifeRobo.","breadcrumb":{"@id":"https:\/\/easyliferobo.com\/de\/product\/sunfounder-universal-maker-sensor-kit-kompatibel-mit-arduino-mega-r3-r4-minima-wifi-nano-raspberry-pi-5-4b-3b-zero-2w-pico-w-esp32-c-python-micropython-anfaenger-und-techniker\/#breadcrumb"},"inLanguage":"de","potentialAction":[{"@type":"ReadAction","target":["https:\/\/easyliferobo.com\/de\/product\/sunfounder-universal-maker-sensor-kit-kompatibel-mit-arduino-mega-r3-r4-minima-wifi-nano-raspberry-pi-5-4b-3b-zero-2w-pico-w-esp32-c-python-micropython-anfaenger-und-techniker\/"]}]},{"@type":"ImageObject","inLanguage":"de","@id":"https:\/\/easyliferobo.com\/de\/product\/sunfounder-universal-maker-sensor-kit-kompatibel-mit-arduino-mega-r3-r4-minima-wifi-nano-raspberry-pi-5-4b-3b-zero-2w-pico-w-esp32-c-python-micropython-anfaenger-und-techniker\/#primaryimage","url":"https:\/\/easyliferobo.com\/de\/wp-content\/uploads\/2026\/02\/81D2uYL40NL._AC_SL1500_.jpg","contentUrl":"https:\/\/easyliferobo.com\/de\/wp-content\/uploads\/2026\/02\/81D2uYL40NL._AC_SL1500_.jpg","width":1500,"height":1488},{"@type":"BreadcrumbList","@id":"https:\/\/easyliferobo.com\/de\/product\/sunfounder-universal-maker-sensor-kit-kompatibel-mit-arduino-mega-r3-r4-minima-wifi-nano-raspberry-pi-5-4b-3b-zero-2w-pico-w-esp32-c-python-micropython-anfaenger-und-techniker\/#breadcrumb","itemListElement":[{"@type":"ListItem","position":1,"name":"Home","item":"https:\/\/easyliferobo.com\/de\/"},{"@type":"ListItem","position":2,"name":"Shop","item":"https:\/\/easyliferobo.com\/de\/shop\/"},{"@type":"ListItem","position":3,"name":"SunFounder Universal Maker Sensor K..."}]},{"@type":"WebSite","@id":"https:\/\/easyliferobo.com\/de\/#website","url":"https:\/\/easyliferobo.com\/de\/","name":"EasyLifeBro","description":"Smarte Roboter f\u00fcr Zuhause, Garten &amp; Bildung","publisher":{"@id":"https:\/\/easyliferobo.com\/de\/#organization"},"potentialAction":[{"@type":"SearchAction","target":{"@type":"EntryPoint","urlTemplate":"https:\/\/easyliferobo.com\/de\/?s={search_term_string}"},"query-input":{"@type":"PropertyValueSpecification","valueRequired":true,"valueName":"search_term_string"}}],"inLanguage":"de"},{"@type":"Organization","@id":"https:\/\/easyliferobo.com\/de\/#organization","name":"EasyLifeBro","url":"https:\/\/easyliferobo.com\/de\/","logo":{"@type":"ImageObject","inLanguage":"de","@id":"https:\/\/easyliferobo.com\/de\/#\/schema\/logo\/image\/","url":"https:\/\/easyliferobo.com\/de\/wp-content\/uploads\/2026\/02\/Screenshot-2026-02-22-at-2.25.03-PM.png","contentUrl":"https:\/\/easyliferobo.com\/de\/wp-content\/uploads\/2026\/02\/Screenshot-2026-02-22-at-2.25.03-PM.png","width":1858,"height":430,"caption":"EasyLifeBro"},"image":{"@id":"https:\/\/easyliferobo.com\/de\/#\/schema\/logo\/image\/"}}]}},"_links":{"self":[{"href":"https:\/\/easyliferobo.com\/de\/wp-json\/wp\/v2\/product\/1103","targetHints":{"allow":["GET"]}}],"collection":[{"href":"https:\/\/easyliferobo.com\/de\/wp-json\/wp\/v2\/product"}],"about":[{"href":"https:\/\/easyliferobo.com\/de\/wp-json\/wp\/v2\/types\/product"}],"replies":[{"embeddable":true,"href":"https:\/\/easyliferobo.com\/de\/wp-json\/wp\/v2\/comments?post=1103"}],"wp:featuredmedia":[{"embeddable":true,"href":"https:\/\/easyliferobo.com\/de\/wp-json\/wp\/v2\/media\/1104"}],"wp:attachment":[{"href":"https:\/\/easyliferobo.com\/de\/wp-json\/wp\/v2\/media?parent=1103"}],"wp:term":[{"taxonomy":"store","embeddable":true,"href":"https:\/\/easyliferobo.com\/de\/wp-json\/wp\/v2\/store?post=1103"},{"taxonomy":"product_brand","embeddable":true,"href":"https:\/\/easyliferobo.com\/de\/wp-json\/wp\/v2\/product_brand?post=1103"},{"taxonomy":"product_cat","embeddable":true,"href":"https:\/\/easyliferobo.com\/de\/wp-json\/wp\/v2\/product_cat?post=1103"},{"taxonomy":"product_tag","embeddable":true,"href":"https:\/\/easyliferobo.com\/de\/wp-json\/wp\/v2\/product_tag?post=1103"}],"curies":[{"name":"wp","href":"https:\/\/api.w.org\/{rel}","templated":true}]}}