
{"id":1041,"date":"2026-02-22T11:20:23","date_gmt":"2026-02-22T11:20:23","guid":{"rendered":"https:\/\/easyliferobo.com\/de\/product\/vexilar-saugroboter-mit-wischfunktion-8000pa-staubsaugerroboter-lidar-navigation-5-karten-180-min-laufzeit-50-db-leiser-saugroboter-app-und-sprachsteuerung-fuer-boeden-teppiche\/"},"modified":"2026-02-22T11:20:38","modified_gmt":"2026-02-22T11:20:38","slug":"vexilar-saugroboter-mit-wischfunktion-8000pa-staubsaugerroboter-lidar-navigation-5-karten-180-min-laufzeit-50-db-leiser-saugroboter-app-und-sprachsteuerung-fuer-boeden-teppiche","status":"publish","type":"product","link":"https:\/\/easyliferobo.com\/de\/product\/vexilar-saugroboter-mit-wischfunktion-8000pa-staubsaugerroboter-lidar-navigation-5-karten-180-min-laufzeit-50-db-leiser-saugroboter-app-und-sprachsteuerung-fuer-boeden-teppiche\/","title":{"rendered":"Vexilar Saugroboter mit Wischfunkti..."},"content":{"rendered":"<p>\n                                             Von der Marke   <\/p>\n<p>                                              <img decoding=\"async\" alt=\"Der Text lautet \u201eEin Hauch von Liebe, frei von Staub\u201c. Rosafarbener Hintergrund mit Farbverlauf, schwebender Geschenkbox und Herzillustrationen.\" src=\"https:\/\/images-na.ssl-images-amazon.com\/images\/G\/01\/x-locale\/common\/grey-pixel.gif\" class=\"a-lazy-loaded\" data-src=\"https:\/\/m.media-amazon.com\/images\/S\/aplus-media-library-service-media\/87ff5444-65df-4ff9-a543-0eba2a4e394c.__CR0,0,1464,625_PT0_SX1464_V1___.jpg\"><img decoding=\"async\" alt=\"Der Text lautet \u201eEin Hauch von Liebe, frei von Staub\u201c. Rosafarbener Hintergrund mit Farbverlauf, schwebender Geschenkbox und Herzillustrationen.\" src=\"https:\/\/m.media-amazon.com\/images\/S\/aplus-media-library-service-media\/87ff5444-65df-4ff9-a543-0eba2a4e394c.__CR0,0,1464,625_PT0_SX1464_V1___.jpg\">  <\/p>\n<p>                                              <img decoding=\"async\" alt=\"\" src=\"https:\/\/images-na.ssl-images-amazon.com\/images\/G\/01\/x-locale\/common\/grey-pixel.gif\" class=\"a-lazy-loaded\" data-src=\"https:\/\/m.media-amazon.com\/images\/S\/aplus-media-library-service-media\/3705eacc-1736-4002-9b7a-b5878be05883.__CR0,162,601,277_PT0_SX315_V1___.png\"><img decoding=\"async\" alt=\"\" src=\"https:\/\/m.media-amazon.com\/images\/S\/aplus-media-library-service-media\/3705eacc-1736-4002-9b7a-b5878be05883.__CR0,162,601,277_PT0_SX315_V1___.png\">  <\/p>\n<h3>  Einfach, Immer <\/h3>\n<p>  Marke-Mission <\/p>\n<p>  Halten Sie Ihr Zuhause mit weniger Aufwand. <\/p>\n<p>  Vision der Marke <\/p>\n<p>  Wir m\u00f6chten Menschen helfen, weniger Zeit und M\u00fche f\u00fcr wichtigere Dinge aufzuwenden. <\/p>\n<p>  Wie unterscheiden wir uns? <\/p>\n<p>  Wir sind davon \u00fcberzeugt, ein Gleichgewicht zwischen Komfort, Qualit\u00e4t und Preis zu finden und dabei das Kundenerlebnis an erster Stelle zu halten. <\/p>\n<h3>  Putzzeit freischaufeln! <\/h3>\n<p class=\"apm-brand-story-stores-link\">\n<p>                                              <img decoding=\"async\" alt=\"\" src=\"https:\/\/images-na.ssl-images-amazon.com\/images\/G\/01\/x-locale\/common\/grey-pixel.gif\" class=\"a-lazy-loaded\" data-src=\"https:\/\/m.media-amazon.com\/images\/S\/aplus-media-library-service-media\/16064d6f-281e-48e1-b735-465b80f9ef94.__CR0,0,362,453_PT0_SX362_V1___.jpg\"><img decoding=\"async\" alt=\"\" src=\"https:\/\/m.media-amazon.com\/images\/S\/aplus-media-library-service-media\/16064d6f-281e-48e1-b735-465b80f9ef94.__CR0,0,362,453_PT0_SX362_V1___.jpg\">  <\/p>\n<h3>  Blitz V10PRO <\/h3>\n<p>                                              <img decoding=\"async\" alt=\"\" src=\"https:\/\/images-na.ssl-images-amazon.com\/images\/G\/01\/x-locale\/common\/grey-pixel.gif\" class=\"a-lazy-loaded\" data-src=\"https:\/\/m.media-amazon.com\/images\/S\/aplus-media-library-service-media\/07b1b71d-7eb2-4111-be79-1a5b775760f6.__CR0,0,362,453_PT0_SX362_V1___.jpg\"><img decoding=\"async\" alt=\"\" src=\"https:\/\/m.media-amazon.com\/images\/S\/aplus-media-library-service-media\/07b1b71d-7eb2-4111-be79-1a5b775760f6.__CR0,0,362,453_PT0_SX362_V1___.jpg\">  <\/p>\n<h3>  Cleanova W9 <\/h3>\n<p>                                              <img decoding=\"async\" alt=\"\" src=\"https:\/\/images-na.ssl-images-amazon.com\/images\/G\/01\/x-locale\/common\/grey-pixel.gif\" class=\"a-lazy-loaded\" data-src=\"https:\/\/m.media-amazon.com\/images\/S\/aplus-media-library-service-media\/f7ab112b-6b9c-405a-8e53-404911d2dd3c.__CR0,23,463,579_PT0_SX362_V1___.jpg\"><img decoding=\"async\" alt=\"\" src=\"https:\/\/m.media-amazon.com\/images\/S\/aplus-media-library-service-media\/f7ab112b-6b9c-405a-8e53-404911d2dd3c.__CR0,23,463,579_PT0_SX362_V1___.jpg\">  <\/p>\n<h3>  Blitz V15 Max <\/h3>\n<p>                                              <img decoding=\"async\" alt=\"\" src=\"https:\/\/images-na.ssl-images-amazon.com\/images\/G\/01\/x-locale\/common\/grey-pixel.gif\" class=\"a-lazy-loaded\" data-src=\"https:\/\/m.media-amazon.com\/images\/S\/aplus-media-library-service-media\/37ffc858-ce96-4fde-905c-8b487e12f671.__CR0,0,362,453_PT0_SX362_V1___.jpg\"><img decoding=\"async\" alt=\"\" src=\"https:\/\/m.media-amazon.com\/images\/S\/aplus-media-library-service-media\/37ffc858-ce96-4fde-905c-8b487e12f671.__CR0,0,362,453_PT0_SX362_V1___.jpg\">  <\/p>\n<h3>  Cleanova W15 <\/h3>\n<p>                                              <img decoding=\"async\" alt=\"\" src=\"https:\/\/images-na.ssl-images-amazon.com\/images\/G\/01\/x-locale\/common\/grey-pixel.gif\" class=\"a-lazy-loaded\" data-src=\"https:\/\/m.media-amazon.com\/images\/S\/aplus-media-library-service-media\/95a30541-ba2f-42f5-bf25-00ceb0a98f52.__CR0,0,362,453_PT0_SX362_V1___.jpg\"><img decoding=\"async\" alt=\"\" src=\"https:\/\/m.media-amazon.com\/images\/S\/aplus-media-library-service-media\/95a30541-ba2f-42f5-bf25-00ceb0a98f52.__CR0,0,362,453_PT0_SX362_V1___.jpg\">  <\/p>\n<h3>  Blitz C8 <\/h3>\n<p>                                              <img decoding=\"async\" alt=\"\" src=\"https:\/\/images-na.ssl-images-amazon.com\/images\/G\/01\/x-locale\/common\/grey-pixel.gif\" class=\"a-lazy-loaded\" data-src=\"https:\/\/m.media-amazon.com\/images\/S\/aplus-media-library-service-media\/31903238-7ab3-435e-a36c-2daec40fc415.__CR0,0,362,453_PT0_SX362_V1___.jpg\"><img decoding=\"async\" alt=\"\" src=\"https:\/\/m.media-amazon.com\/images\/S\/aplus-media-library-service-media\/31903238-7ab3-435e-a36c-2daec40fc415.__CR0,0,362,453_PT0_SX362_V1___.jpg\">  <\/p>\n<h3>  Blitz V12 <\/h3>\n<p>\u30103-in-1-Reinigung: Staubsaugen, Kehren, Wischen\u3011 Dieser Roboterstaubsauger mit Wischfunktion ist mit einem kombinierten Staubkessel und Wassertank (300 ml Staubkessel + 200 ml Wassertank) ausgestattet, der gleichzeitig Staubsaugen, Kehren und Wischen durchf\u00fchren kann. Er bietet 3 Wasserstandsstufen \u2013 alles bequem per App steuerbar.<br \/>8000 Pa Leistung, 50 dB leise: Dieser Saug- und Wischroboter bietet 8000 Pa starke Saugkraft, er entfernt tiefsitzenden Schmutz wie Staub, Kr\u00fcmel und Haare von B\u00f6den und Teppichen. Drei Stufen (leise\/Standard\/Turbo) einstellbar. Der b\u00fcrstenlose Motor macht den Leisemodus (50 dB) besonders leise, perfekt f\u00fcr Haushalte mit Haustieren.<br \/>360\u00b0-LiDAR-Navigation f\u00fcr pr\u00e4zises Fahren: Der Saugroboter nutzt LDS-LiDAR- und SLAM-Algorithmen, um schnell eine pr\u00e4zise Karte Ihres Zuhauses zu erstellen (bis zu 5 Karten speicherbar) und intelligent die effizienteste Reinigungsroute zu planen. \u00dcber die App k\u00f6nnen bis zu 15 virtuelle Sperrzonen eingerichtet werden, um z. B. Kinder- oder Haustierbereiche einzusparen<br \/>Extra lange Laufzeit, intelligentes Nachladen und pr\u00e4zises Fortfahren: Dieser Staubsaugerroboter bietet eine starke Akkulaufzeit von bis zu 150 Minuten und reinigt Fl\u00e4chen von bis zu 200 m\u00b2. Besonders clever: Bei einem Akkustand unter 15 % geht er automatisch zur Ladestation, l\u00e4dt sich vollst\u00e4ndig auf und setzt die Reinigung genau an der zuletzt unterbrochenen Stelle fort \u2013 so geht kein Platz mehr verloren.<br \/>Intelligente Sensortechnik f\u00fcr maximale Sicherheit: Sie m\u00fcssen sich keine Sorgen \u00fcber Unf\u00e4lle oder Kollisionen machen. Der Saugroboter ist mit pr\u00e4zisen Kantensensoren ausgestattet, die ihn rechtzeitig an Treppenkanten stoppen. Bis zu 1,5 cm hohe Bodenschwellen \u00fcberwindet er zuverl\u00e4ssig. Au\u00dferdem erkennt und umgeht es intelligent Hindernisse mit einer H\u00f6he von bis zu 8 cm (z. B. Tischbeine oder Spielzeug), um Sie und Ihre M\u00f6bel zu sch\u00fctzen.<br \/>9,8 cm flaches Design und intelligenter Teppich-Boost: Staubsaugerroboter mit einer schlanken H\u00f6he von nur 9,8 cm und einem Durchmesser von 30,6 cm dringt flexibel in niedrige Bereiche unter Sofas und Betten ein. Es erkennt Teppiche automatisch und schaltet sofort in den Booster-Modus, der die Saugleistung maximiert, um tiefsitzenden Staub, Kr\u00fcmel und Tierhaare gr\u00fcndlich zu entfernen.<br \/>Vielf\u00e4ltige Steuerungsm\u00f6glichkeiten: Steuern Sie den Wischroboter bequem per Smartphone-App: Planen Sie Reinigungszeiten, w\u00e4hlen Sie Modi und Bereiche aus oder richten Sie virtuelle W\u00e4nde f\u00fcr sensible Zonen ein. Auch eine Sprachsteuerung mit Alexa oder Google Assistant ist m\u00f6glich. Oder nutzen Sie die mitgelieferte Fernbedienung zur direkten Steuerung. *Hinweis: F\u00fcr die App-Verbindung ist ein 2,4-GHz-WLAN-Netzwerk erforderlich. *<\/p>\n<p>[ad_2]<\/p>\n","protected":false},"excerpt":{"rendered":"<p>Von der Marke Einfach, Immer Marke-Mission Halten Sie Ihr Zuhause mit weniger Aufwand. Vision der Marke Wir m\u00f6chten Menschen helfen, weniger Zeit und M\u00fche f\u00fcr wichtigere Dinge aufzuwenden. Wie unterscheiden wir uns? Wir sind davon \u00fcberzeugt, ein Gleichgewicht zwischen Komfort, Qualit\u00e4t und Preis zu finden und dabei das Kundenerlebnis an erster Stelle zu halten. Putzzeit [&hellip;]<\/p>\n","protected":false},"featured_media":1042,"comment_status":"open","ping_status":"closed","template":"","meta":{"_aipt_faq_data":""},"store":[],"product_brand":[236],"product_cat":[88],"product_tag":[235],"class_list":{"0":"post-1041","1":"product","2":"type-product","3":"status-publish","4":"has-post-thumbnail","6":"product_brand-vexilar","7":"product_cat-interaktive-spielzeugroboter","8":"product_tag-interaktive-spielzeugroboter-programmierbar","10":"first","11":"instock","12":"sale","13":"shipping-taxable","14":"product-type-external"},"yoast_head":"<!-- This site is optimized with the Yoast SEO plugin v27.4 - https:\/\/yoast.com\/product\/yoast-seo-wordpress\/ -->\n<title>Vexilar Saugroboter mit Wischfunktion, 8000Pa Staubsaugerroboter, LiDAR-Navigation, 5 Karten, 180 Min Laufzeit, 50 dB leiser Saugroboter, App- und Sprachsteuerung f\u00fcr B\u00f6den, Teppiche - EasyLifeBro<\/title>\n<meta name=\"description\" content=\"Entdecken Sie smarte Roboter f\u00fcr Zuhause, Garten, Bildung und Sicherheit. Vergleichen Sie Saugroboter, Rasenm\u00e4hroboter, KI-Begleitroboter und mehr bei EasyLifeRobo.\" \/>\n<meta name=\"robots\" content=\"index, follow, max-snippet:-1, max-image-preview:large, max-video-preview:-1\" \/>\n<link rel=\"canonical\" href=\"https:\/\/easyliferobo.com\/de\/product\/vexilar-saugroboter-mit-wischfunktion-8000pa-staubsaugerroboter-lidar-navigation-5-karten-180-min-laufzeit-50-db-leiser-saugroboter-app-und-sprachsteuerung-fuer-boeden-teppiche\/\" \/>\n<meta property=\"og:locale\" content=\"de_DE\" \/>\n<meta property=\"og:type\" content=\"article\" \/>\n<meta property=\"og:title\" content=\"Vexilar Saugroboter mit Wischfunktion, 8000Pa Staubsaugerroboter, LiDAR-Navigation, 5 Karten, 180 Min Laufzeit, 50 dB leiser Saugroboter, App- und Sprachsteuerung f\u00fcr B\u00f6den, Teppiche - EasyLifeBro\" \/>\n<meta property=\"og:description\" content=\"Entdecken Sie smarte Roboter f\u00fcr Zuhause, Garten, Bildung und Sicherheit. Vergleichen Sie Saugroboter, Rasenm\u00e4hroboter, KI-Begleitroboter und mehr bei EasyLifeRobo.\" \/>\n<meta property=\"og:url\" content=\"https:\/\/easyliferobo.com\/de\/product\/vexilar-saugroboter-mit-wischfunktion-8000pa-staubsaugerroboter-lidar-navigation-5-karten-180-min-laufzeit-50-db-leiser-saugroboter-app-und-sprachsteuerung-fuer-boeden-teppiche\/\" \/>\n<meta property=\"og:site_name\" content=\"EasyLifeBro\" \/>\n<meta property=\"article:modified_time\" content=\"2026-02-22T11:20:38+00:00\" \/>\n<meta property=\"og:image\" content=\"https:\/\/easyliferobo.com\/de\/wp-content\/uploads\/2026\/02\/717wgIgeEqL._AC_SL1500_.jpg\" \/>\n\t<meta property=\"og:image:width\" content=\"1475\" \/>\n\t<meta property=\"og:image:height\" content=\"1500\" \/>\n\t<meta property=\"og:image:type\" content=\"image\/jpeg\" \/>\n<meta name=\"twitter:card\" content=\"summary_large_image\" \/>\n<meta name=\"twitter:label1\" content=\"Gesch\u00e4tzte Lesezeit\" \/>\n\t<meta name=\"twitter:data1\" content=\"2\u00a0Minuten\" \/>\n<script type=\"application\/ld+json\" class=\"yoast-schema-graph\">{\"@context\":\"https:\\\/\\\/schema.org\",\"@graph\":[{\"@type\":\"WebPage\",\"@id\":\"https:\\\/\\\/easyliferobo.com\\\/de\\\/product\\\/vexilar-saugroboter-mit-wischfunktion-8000pa-staubsaugerroboter-lidar-navigation-5-karten-180-min-laufzeit-50-db-leiser-saugroboter-app-und-sprachsteuerung-fuer-boeden-teppiche\\\/\",\"url\":\"https:\\\/\\\/easyliferobo.com\\\/de\\\/product\\\/vexilar-saugroboter-mit-wischfunktion-8000pa-staubsaugerroboter-lidar-navigation-5-karten-180-min-laufzeit-50-db-leiser-saugroboter-app-und-sprachsteuerung-fuer-boeden-teppiche\\\/\",\"name\":\"Vexilar Saugroboter mit Wischfunktion, 8000Pa Staubsaugerroboter, LiDAR-Navigation, 5 Karten, 180 Min Laufzeit, 50 dB leiser Saugroboter, App- und Sprachsteuerung f\u00fcr B\u00f6den, Teppiche - EasyLifeBro\",\"isPartOf\":{\"@id\":\"https:\\\/\\\/easyliferobo.com\\\/de\\\/#website\"},\"primaryImageOfPage\":{\"@id\":\"https:\\\/\\\/easyliferobo.com\\\/de\\\/product\\\/vexilar-saugroboter-mit-wischfunktion-8000pa-staubsaugerroboter-lidar-navigation-5-karten-180-min-laufzeit-50-db-leiser-saugroboter-app-und-sprachsteuerung-fuer-boeden-teppiche\\\/#primaryimage\"},\"image\":{\"@id\":\"https:\\\/\\\/easyliferobo.com\\\/de\\\/product\\\/vexilar-saugroboter-mit-wischfunktion-8000pa-staubsaugerroboter-lidar-navigation-5-karten-180-min-laufzeit-50-db-leiser-saugroboter-app-und-sprachsteuerung-fuer-boeden-teppiche\\\/#primaryimage\"},\"thumbnailUrl\":\"https:\\\/\\\/easyliferobo.com\\\/de\\\/wp-content\\\/uploads\\\/2026\\\/02\\\/717wgIgeEqL._AC_SL1500_.jpg\",\"datePublished\":\"2026-02-22T11:20:23+00:00\",\"dateModified\":\"2026-02-22T11:20:38+00:00\",\"description\":\"Entdecken Sie smarte Roboter f\u00fcr Zuhause, Garten, Bildung und Sicherheit. Vergleichen Sie Saugroboter, Rasenm\u00e4hroboter, KI-Begleitroboter und mehr bei EasyLifeRobo.\",\"breadcrumb\":{\"@id\":\"https:\\\/\\\/easyliferobo.com\\\/de\\\/product\\\/vexilar-saugroboter-mit-wischfunktion-8000pa-staubsaugerroboter-lidar-navigation-5-karten-180-min-laufzeit-50-db-leiser-saugroboter-app-und-sprachsteuerung-fuer-boeden-teppiche\\\/#breadcrumb\"},\"inLanguage\":\"de\",\"potentialAction\":[{\"@type\":\"ReadAction\",\"target\":[\"https:\\\/\\\/easyliferobo.com\\\/de\\\/product\\\/vexilar-saugroboter-mit-wischfunktion-8000pa-staubsaugerroboter-lidar-navigation-5-karten-180-min-laufzeit-50-db-leiser-saugroboter-app-und-sprachsteuerung-fuer-boeden-teppiche\\\/\"]}]},{\"@type\":\"ImageObject\",\"inLanguage\":\"de\",\"@id\":\"https:\\\/\\\/easyliferobo.com\\\/de\\\/product\\\/vexilar-saugroboter-mit-wischfunktion-8000pa-staubsaugerroboter-lidar-navigation-5-karten-180-min-laufzeit-50-db-leiser-saugroboter-app-und-sprachsteuerung-fuer-boeden-teppiche\\\/#primaryimage\",\"url\":\"https:\\\/\\\/easyliferobo.com\\\/de\\\/wp-content\\\/uploads\\\/2026\\\/02\\\/717wgIgeEqL._AC_SL1500_.jpg\",\"contentUrl\":\"https:\\\/\\\/easyliferobo.com\\\/de\\\/wp-content\\\/uploads\\\/2026\\\/02\\\/717wgIgeEqL._AC_SL1500_.jpg\",\"width\":1475,\"height\":1500},{\"@type\":\"BreadcrumbList\",\"@id\":\"https:\\\/\\\/easyliferobo.com\\\/de\\\/product\\\/vexilar-saugroboter-mit-wischfunktion-8000pa-staubsaugerroboter-lidar-navigation-5-karten-180-min-laufzeit-50-db-leiser-saugroboter-app-und-sprachsteuerung-fuer-boeden-teppiche\\\/#breadcrumb\",\"itemListElement\":[{\"@type\":\"ListItem\",\"position\":1,\"name\":\"Home\",\"item\":\"https:\\\/\\\/easyliferobo.com\\\/de\\\/\"},{\"@type\":\"ListItem\",\"position\":2,\"name\":\"Shop\",\"item\":\"https:\\\/\\\/easyliferobo.com\\\/de\\\/shop\\\/\"},{\"@type\":\"ListItem\",\"position\":3,\"name\":\"Vexilar Saugroboter mit Wischfunkti...\"}]},{\"@type\":\"WebSite\",\"@id\":\"https:\\\/\\\/easyliferobo.com\\\/de\\\/#website\",\"url\":\"https:\\\/\\\/easyliferobo.com\\\/de\\\/\",\"name\":\"EasyLifeBro\",\"description\":\"Smarte Roboter f\u00fcr Zuhause, Garten &amp; Bildung\",\"publisher\":{\"@id\":\"https:\\\/\\\/easyliferobo.com\\\/de\\\/#organization\"},\"potentialAction\":[{\"@type\":\"SearchAction\",\"target\":{\"@type\":\"EntryPoint\",\"urlTemplate\":\"https:\\\/\\\/easyliferobo.com\\\/de\\\/?s={search_term_string}\"},\"query-input\":{\"@type\":\"PropertyValueSpecification\",\"valueRequired\":true,\"valueName\":\"search_term_string\"}}],\"inLanguage\":\"de\"},{\"@type\":\"Organization\",\"@id\":\"https:\\\/\\\/easyliferobo.com\\\/de\\\/#organization\",\"name\":\"EasyLifeBro\",\"url\":\"https:\\\/\\\/easyliferobo.com\\\/de\\\/\",\"logo\":{\"@type\":\"ImageObject\",\"inLanguage\":\"de\",\"@id\":\"https:\\\/\\\/easyliferobo.com\\\/de\\\/#\\\/schema\\\/logo\\\/image\\\/\",\"url\":\"https:\\\/\\\/easyliferobo.com\\\/de\\\/wp-content\\\/uploads\\\/2026\\\/02\\\/Screenshot-2026-02-22-at-2.25.03-PM.png\",\"contentUrl\":\"https:\\\/\\\/easyliferobo.com\\\/de\\\/wp-content\\\/uploads\\\/2026\\\/02\\\/Screenshot-2026-02-22-at-2.25.03-PM.png\",\"width\":1858,\"height\":430,\"caption\":\"EasyLifeBro\"},\"image\":{\"@id\":\"https:\\\/\\\/easyliferobo.com\\\/de\\\/#\\\/schema\\\/logo\\\/image\\\/\"}}]}<\/script>\n<!-- \/ Yoast SEO plugin. -->","yoast_head_json":{"title":"Vexilar Saugroboter mit Wischfunktion, 8000Pa Staubsaugerroboter, LiDAR-Navigation, 5 Karten, 180 Min Laufzeit, 50 dB leiser Saugroboter, App- und Sprachsteuerung f\u00fcr B\u00f6den, Teppiche - EasyLifeBro","description":"Entdecken Sie smarte Roboter f\u00fcr Zuhause, Garten, Bildung und Sicherheit. Vergleichen Sie Saugroboter, Rasenm\u00e4hroboter, KI-Begleitroboter und mehr bei EasyLifeRobo.","robots":{"index":"index","follow":"follow","max-snippet":"max-snippet:-1","max-image-preview":"max-image-preview:large","max-video-preview":"max-video-preview:-1"},"canonical":"https:\/\/easyliferobo.com\/de\/product\/vexilar-saugroboter-mit-wischfunktion-8000pa-staubsaugerroboter-lidar-navigation-5-karten-180-min-laufzeit-50-db-leiser-saugroboter-app-und-sprachsteuerung-fuer-boeden-teppiche\/","og_locale":"de_DE","og_type":"article","og_title":"Vexilar Saugroboter mit Wischfunktion, 8000Pa Staubsaugerroboter, LiDAR-Navigation, 5 Karten, 180 Min Laufzeit, 50 dB leiser Saugroboter, App- und Sprachsteuerung f\u00fcr B\u00f6den, Teppiche - EasyLifeBro","og_description":"Entdecken Sie smarte Roboter f\u00fcr Zuhause, Garten, Bildung und Sicherheit. Vergleichen Sie Saugroboter, Rasenm\u00e4hroboter, KI-Begleitroboter und mehr bei EasyLifeRobo.","og_url":"https:\/\/easyliferobo.com\/de\/product\/vexilar-saugroboter-mit-wischfunktion-8000pa-staubsaugerroboter-lidar-navigation-5-karten-180-min-laufzeit-50-db-leiser-saugroboter-app-und-sprachsteuerung-fuer-boeden-teppiche\/","og_site_name":"EasyLifeBro","article_modified_time":"2026-02-22T11:20:38+00:00","og_image":[{"width":1475,"height":1500,"url":"https:\/\/easyliferobo.com\/de\/wp-content\/uploads\/2026\/02\/717wgIgeEqL._AC_SL1500_.jpg","type":"image\/jpeg"}],"twitter_card":"summary_large_image","twitter_misc":{"Gesch\u00e4tzte Lesezeit":"2\u00a0Minuten"},"schema":{"@context":"https:\/\/schema.org","@graph":[{"@type":"WebPage","@id":"https:\/\/easyliferobo.com\/de\/product\/vexilar-saugroboter-mit-wischfunktion-8000pa-staubsaugerroboter-lidar-navigation-5-karten-180-min-laufzeit-50-db-leiser-saugroboter-app-und-sprachsteuerung-fuer-boeden-teppiche\/","url":"https:\/\/easyliferobo.com\/de\/product\/vexilar-saugroboter-mit-wischfunktion-8000pa-staubsaugerroboter-lidar-navigation-5-karten-180-min-laufzeit-50-db-leiser-saugroboter-app-und-sprachsteuerung-fuer-boeden-teppiche\/","name":"Vexilar Saugroboter mit Wischfunktion, 8000Pa Staubsaugerroboter, LiDAR-Navigation, 5 Karten, 180 Min Laufzeit, 50 dB leiser Saugroboter, App- und Sprachsteuerung f\u00fcr B\u00f6den, Teppiche - EasyLifeBro","isPartOf":{"@id":"https:\/\/easyliferobo.com\/de\/#website"},"primaryImageOfPage":{"@id":"https:\/\/easyliferobo.com\/de\/product\/vexilar-saugroboter-mit-wischfunktion-8000pa-staubsaugerroboter-lidar-navigation-5-karten-180-min-laufzeit-50-db-leiser-saugroboter-app-und-sprachsteuerung-fuer-boeden-teppiche\/#primaryimage"},"image":{"@id":"https:\/\/easyliferobo.com\/de\/product\/vexilar-saugroboter-mit-wischfunktion-8000pa-staubsaugerroboter-lidar-navigation-5-karten-180-min-laufzeit-50-db-leiser-saugroboter-app-und-sprachsteuerung-fuer-boeden-teppiche\/#primaryimage"},"thumbnailUrl":"https:\/\/easyliferobo.com\/de\/wp-content\/uploads\/2026\/02\/717wgIgeEqL._AC_SL1500_.jpg","datePublished":"2026-02-22T11:20:23+00:00","dateModified":"2026-02-22T11:20:38+00:00","description":"Entdecken Sie smarte Roboter f\u00fcr Zuhause, Garten, Bildung und Sicherheit. Vergleichen Sie Saugroboter, Rasenm\u00e4hroboter, KI-Begleitroboter und mehr bei EasyLifeRobo.","breadcrumb":{"@id":"https:\/\/easyliferobo.com\/de\/product\/vexilar-saugroboter-mit-wischfunktion-8000pa-staubsaugerroboter-lidar-navigation-5-karten-180-min-laufzeit-50-db-leiser-saugroboter-app-und-sprachsteuerung-fuer-boeden-teppiche\/#breadcrumb"},"inLanguage":"de","potentialAction":[{"@type":"ReadAction","target":["https:\/\/easyliferobo.com\/de\/product\/vexilar-saugroboter-mit-wischfunktion-8000pa-staubsaugerroboter-lidar-navigation-5-karten-180-min-laufzeit-50-db-leiser-saugroboter-app-und-sprachsteuerung-fuer-boeden-teppiche\/"]}]},{"@type":"ImageObject","inLanguage":"de","@id":"https:\/\/easyliferobo.com\/de\/product\/vexilar-saugroboter-mit-wischfunktion-8000pa-staubsaugerroboter-lidar-navigation-5-karten-180-min-laufzeit-50-db-leiser-saugroboter-app-und-sprachsteuerung-fuer-boeden-teppiche\/#primaryimage","url":"https:\/\/easyliferobo.com\/de\/wp-content\/uploads\/2026\/02\/717wgIgeEqL._AC_SL1500_.jpg","contentUrl":"https:\/\/easyliferobo.com\/de\/wp-content\/uploads\/2026\/02\/717wgIgeEqL._AC_SL1500_.jpg","width":1475,"height":1500},{"@type":"BreadcrumbList","@id":"https:\/\/easyliferobo.com\/de\/product\/vexilar-saugroboter-mit-wischfunktion-8000pa-staubsaugerroboter-lidar-navigation-5-karten-180-min-laufzeit-50-db-leiser-saugroboter-app-und-sprachsteuerung-fuer-boeden-teppiche\/#breadcrumb","itemListElement":[{"@type":"ListItem","position":1,"name":"Home","item":"https:\/\/easyliferobo.com\/de\/"},{"@type":"ListItem","position":2,"name":"Shop","item":"https:\/\/easyliferobo.com\/de\/shop\/"},{"@type":"ListItem","position":3,"name":"Vexilar Saugroboter mit Wischfunkti..."}]},{"@type":"WebSite","@id":"https:\/\/easyliferobo.com\/de\/#website","url":"https:\/\/easyliferobo.com\/de\/","name":"EasyLifeBro","description":"Smarte Roboter f\u00fcr Zuhause, Garten &amp; Bildung","publisher":{"@id":"https:\/\/easyliferobo.com\/de\/#organization"},"potentialAction":[{"@type":"SearchAction","target":{"@type":"EntryPoint","urlTemplate":"https:\/\/easyliferobo.com\/de\/?s={search_term_string}"},"query-input":{"@type":"PropertyValueSpecification","valueRequired":true,"valueName":"search_term_string"}}],"inLanguage":"de"},{"@type":"Organization","@id":"https:\/\/easyliferobo.com\/de\/#organization","name":"EasyLifeBro","url":"https:\/\/easyliferobo.com\/de\/","logo":{"@type":"ImageObject","inLanguage":"de","@id":"https:\/\/easyliferobo.com\/de\/#\/schema\/logo\/image\/","url":"https:\/\/easyliferobo.com\/de\/wp-content\/uploads\/2026\/02\/Screenshot-2026-02-22-at-2.25.03-PM.png","contentUrl":"https:\/\/easyliferobo.com\/de\/wp-content\/uploads\/2026\/02\/Screenshot-2026-02-22-at-2.25.03-PM.png","width":1858,"height":430,"caption":"EasyLifeBro"},"image":{"@id":"https:\/\/easyliferobo.com\/de\/#\/schema\/logo\/image\/"}}]}},"_links":{"self":[{"href":"https:\/\/easyliferobo.com\/de\/wp-json\/wp\/v2\/product\/1041","targetHints":{"allow":["GET"]}}],"collection":[{"href":"https:\/\/easyliferobo.com\/de\/wp-json\/wp\/v2\/product"}],"about":[{"href":"https:\/\/easyliferobo.com\/de\/wp-json\/wp\/v2\/types\/product"}],"replies":[{"embeddable":true,"href":"https:\/\/easyliferobo.com\/de\/wp-json\/wp\/v2\/comments?post=1041"}],"wp:featuredmedia":[{"embeddable":true,"href":"https:\/\/easyliferobo.com\/de\/wp-json\/wp\/v2\/media\/1042"}],"wp:attachment":[{"href":"https:\/\/easyliferobo.com\/de\/wp-json\/wp\/v2\/media?parent=1041"}],"wp:term":[{"taxonomy":"store","embeddable":true,"href":"https:\/\/easyliferobo.com\/de\/wp-json\/wp\/v2\/store?post=1041"},{"taxonomy":"product_brand","embeddable":true,"href":"https:\/\/easyliferobo.com\/de\/wp-json\/wp\/v2\/product_brand?post=1041"},{"taxonomy":"product_cat","embeddable":true,"href":"https:\/\/easyliferobo.com\/de\/wp-json\/wp\/v2\/product_cat?post=1041"},{"taxonomy":"product_tag","embeddable":true,"href":"https:\/\/easyliferobo.com\/de\/wp-json\/wp\/v2\/product_tag?post=1041"}],"curies":[{"name":"wp","href":"https:\/\/api.w.org\/{rel}","templated":true}]}}