
{"id":1028,"date":"2026-02-22T11:18:31","date_gmt":"2026-02-22T11:18:31","guid":{"rendered":"https:\/\/easyliferobo.com\/de\/product\/technik-roboter-fuer-kinder-bausatz-5-in-1-mit-fernbedienung-und-app-steuerung-520-stueck-rc-wandroboter-tech-roboter-wiederaufladbare-geschenke-fuer-jungen-und-maedchen-im-alter-von-6\/"},"modified":"2026-02-22T11:18:48","modified_gmt":"2026-02-22T11:18:48","slug":"technik-roboter-fuer-kinder-bausatz-5-in-1-mit-fernbedienung-und-app-steuerung-520-stueck-rc-wandroboter-tech-roboter-wiederaufladbare-geschenke-fuer-jungen-und-maedchen-im-alter-von-6","status":"publish","type":"product","link":"https:\/\/easyliferobo.com\/de\/product\/technik-roboter-fuer-kinder-bausatz-5-in-1-mit-fernbedienung-und-app-steuerung-520-stueck-rc-wandroboter-tech-roboter-wiederaufladbare-geschenke-fuer-jungen-und-maedchen-im-alter-von-6\/","title":{"rendered":"Technik Roboter f\u00fcr Kinder Bausatz..."},"content":{"rendered":"<p>\n                                             Von der Marke   <\/p>\n<p>                                              <img decoding=\"async\" alt=\"1\" src=\"https:\/\/images-na.ssl-images-amazon.com\/images\/G\/01\/x-locale\/common\/grey-pixel.gif\" class=\"a-lazy-loaded\" data-src=\"https:\/\/m.media-amazon.com\/images\/S\/aplus-media-library-service-media\/6e01382d-3b52-46cf-b52a-4ebcf3cbc09a.__CR0,0,1464,625_PT0_SX1464_V1___.jpg\"><img decoding=\"async\" alt=\"1\" src=\"https:\/\/m.media-amazon.com\/images\/S\/aplus-media-library-service-media\/6e01382d-3b52-46cf-b52a-4ebcf3cbc09a.__CR0,0,1464,625_PT0_SX1464_V1___.jpg\">  <\/p>\n<p>                                              <img decoding=\"async\" alt=\"\" src=\"https:\/\/images-na.ssl-images-amazon.com\/images\/G\/01\/x-locale\/common\/grey-pixel.gif\" class=\"a-lazy-loaded\" data-src=\"https:\/\/m.media-amazon.com\/images\/S\/aplus-media-library-service-media\/47356913-c488-4954-b993-9efbf15a9033.__CR0,22,4013,1847_PT0_SX315_V1___.png\"><img decoding=\"async\" alt=\"\" src=\"https:\/\/m.media-amazon.com\/images\/S\/aplus-media-library-service-media\/47356913-c488-4954-b993-9efbf15a9033.__CR0,22,4013,1847_PT0_SX315_V1___.png\">  <\/p>\n<p>  HiWEEGO ist eine wachsende Spielzeugmarke, die stets bestrebt ist, ihre Produkte basierend auf Kundenbed\u00fcrfnissen und Branchentrends zu erneuern und zu verbessern. <\/p>\n<p>  Unser Ziel ist es, Ihnen hochwertige Bausteinprodukte anzubieten, damit Sie jederzeit und \u00fcberall den Spa\u00df erleben k\u00f6nnen, den Bausteinspielzeug Ihnen bereitet! <\/p>\n<h3>  Bausatz f\u00fcr Jungen <\/h3>\n<h3>  Hei\u00dfe Verk\u00e4ufe <\/h3>\n<h3>  Bausatz f\u00fcr Jungen <\/h3>\n<p>5-in-1-Technologieroboter \u2013 Mit dem HiWEEGO-Roboterspielzeug k\u00f6nnen Kinder 5 aufregende Modelle bauen und spielen: Wandroboter, einen Technikroboter, einen technischen Panzer, ein Stuntauto. Jedes Design regt die Fantasie an, f\u00f6rdert die Kreativit\u00e4t und st\u00e4rkt die Montagef\u00e4higkeiten, w\u00e4hrend es gleichzeitig stundenlangen Spa\u00df ohne Bildschirm bietet. (Es kann jeweils nur ein Modell gebaut werden.)<br \/>Fernbedienung und App-Steuerung \u2013 Kinder k\u00f6nnen den Technologieroboter Kinder steuern, \u00fcber die mitgelieferte Fernbedienung (Reichweite bis zu 20 m) oder \u00fcber die mobile App. Mit mehreren Steuermodi \u2013 Pfadmodus, Kreiselmodus, einh\u00e4ndiger oder zweih\u00e4ndiger Steuerung und Programmiermodus \u2013 bewegt sich dieser technische RC-Wandroboter frei in alle Richtungen, vorw\u00e4rts, r\u00fcckw\u00e4rts, links und rechts, drinnen oder drau\u00dfen und sorgt f\u00fcr endlosen interaktiven Spa\u00df<br \/>Wiederaufladbar und leistungsstark \u2013 dieser technisch ferngesteuerte Roboter ist mit einem modernen Hochgeschwindigkeitsmotor f\u00fcr sanfte und aufregende Bewegungen ausgestattet. Dank des wiederaufladbaren Designs ist ein h\u00e4ufiges Entladen des Akkus nicht erforderlich. Die 2,4-GHz-Fernbedienung sorgt f\u00fcr stabile, st\u00f6rungsfreie Signale. (Roboterbatterie im Lieferumfang enthalten; Fernbedienung ben\u00f6tigt 2 AA-Batterien, nicht im Lieferumfang enthalten.)<br \/>Programmier-Lernspielzeug \u2013 Mit diesem kreativen Roboter-Bauspielzeug k\u00f6nnen Kinder f\u00fcnf verschiedene Modelle bauen und dabei spielerisch technische und physikalische Konzepte erlernen. Entwickelt f\u00fcr Kinder von 8 bis 12 Jahren, f\u00f6rdert es die Hand-Auge-Koordination, verfeinert die Feinmotorik, regt die Fantasie an und entwickelt logisches Denken. Die enthaltene App-Programmierfunktion sorgt f\u00fcr Spa\u00df am Programmieren und f\u00f6rdert die Neugier und Leidenschaft f\u00fcr Mathematik und Naturwissenschaften.<br \/>IDEALES GESCHENK F\u00dcR KINDER \u2013 Suchen Sie ein lustiges und lehrreiches Geschenk? Dieses coole Roboterspielzeug begeistert Kinder durch sein flexibles Design, die Fernbedienungsfunktionen und das spannende Spielerlebnis. Perfekt f\u00fcr Jungen und M\u00e4dchen von 6 bis 12 Jahren. Es bietet stundenlangen interaktiven Spa\u00df mit Freunden und Familie und f\u00f6rdert die Eltern-Kind-Beziehung. Eine ausgezeichnete Wahl f\u00fcr Geburtstage, Weihnachten, Kindertag und andere besondere Anl\u00e4sse.<\/p>\n<p>[ad_2]<\/p>\n","protected":false},"excerpt":{"rendered":"<p>Von der Marke HiWEEGO ist eine wachsende Spielzeugmarke, die stets bestrebt ist, ihre Produkte basierend auf Kundenbed\u00fcrfnissen und Branchentrends zu erneuern und zu verbessern. Unser Ziel ist es, Ihnen hochwertige Bausteinprodukte anzubieten, damit Sie jederzeit und \u00fcberall den Spa\u00df erleben k\u00f6nnen, den Bausteinspielzeug Ihnen bereitet! Bausatz f\u00fcr Jungen Hei\u00dfe Verk\u00e4ufe Bausatz f\u00fcr Jungen 5-in-1-Technologieroboter \u2013 [&hellip;]<\/p>\n","protected":false},"featured_media":1029,"comment_status":"open","ping_status":"closed","template":"","meta":{"_aipt_faq_data":""},"store":[],"product_brand":[234],"product_cat":[89],"product_tag":[233],"class_list":{"0":"post-1028","1":"product","2":"type-product","3":"status-publish","4":"has-post-thumbnail","6":"product_brand-hiweego","7":"product_cat-roboter-mit-fernbedienung","8":"product_tag-roboter-mit-fernbedienung-programmierbar","10":"first","11":"instock","12":"sale","13":"shipping-taxable","14":"product-type-external"},"yoast_head":"<!-- This site is optimized with the Yoast SEO plugin v27.0 - https:\/\/yoast.com\/product\/yoast-seo-wordpress\/ -->\n<title>Technik Roboter f\u00fcr Kinder Bausatz \u2013 5-in-1 mit Fernbedienung und App-Steuerung | 520 St\u00fcck RC-Wandroboter \/ Tech-Roboter, wiederaufladbare Geschenke f\u00fcr Jungen und M\u00e4dchen im Alter von 6 bis 12 Jahren - EasyLifeBro<\/title>\n<meta name=\"description\" content=\"Entdecken Sie smarte Roboter f\u00fcr Zuhause, Garten, Bildung und Sicherheit. Vergleichen Sie Saugroboter, Rasenm\u00e4hroboter, KI-Begleitroboter und mehr bei EasyLifeRobo.\" \/>\n<meta name=\"robots\" content=\"index, follow, max-snippet:-1, max-image-preview:large, max-video-preview:-1\" \/>\n<link rel=\"canonical\" href=\"https:\/\/easyliferobo.com\/de\/product\/technik-roboter-fuer-kinder-bausatz-5-in-1-mit-fernbedienung-und-app-steuerung-520-stueck-rc-wandroboter-tech-roboter-wiederaufladbare-geschenke-fuer-jungen-und-maedchen-im-alter-von-6\/\" \/>\n<meta property=\"og:locale\" content=\"de_DE\" \/>\n<meta property=\"og:type\" content=\"article\" \/>\n<meta property=\"og:title\" content=\"Technik Roboter f\u00fcr Kinder Bausatz \u2013 5-in-1 mit Fernbedienung und App-Steuerung | 520 St\u00fcck RC-Wandroboter \/ Tech-Roboter, wiederaufladbare Geschenke f\u00fcr Jungen und M\u00e4dchen im Alter von 6 bis 12 Jahren - EasyLifeBro\" \/>\n<meta property=\"og:description\" content=\"Entdecken Sie smarte Roboter f\u00fcr Zuhause, Garten, Bildung und Sicherheit. Vergleichen Sie Saugroboter, Rasenm\u00e4hroboter, KI-Begleitroboter und mehr bei EasyLifeRobo.\" \/>\n<meta property=\"og:url\" content=\"https:\/\/easyliferobo.com\/de\/product\/technik-roboter-fuer-kinder-bausatz-5-in-1-mit-fernbedienung-und-app-steuerung-520-stueck-rc-wandroboter-tech-roboter-wiederaufladbare-geschenke-fuer-jungen-und-maedchen-im-alter-von-6\/\" \/>\n<meta property=\"og:site_name\" content=\"EasyLifeBro\" \/>\n<meta property=\"article:modified_time\" content=\"2026-02-22T11:18:48+00:00\" \/>\n<meta property=\"og:image\" content=\"https:\/\/easyliferobo.com\/de\/wp-content\/uploads\/2026\/02\/81hOkUnfdL._AC_SL1300_.jpg\" \/>\n\t<meta property=\"og:image:width\" content=\"1300\" \/>\n\t<meta property=\"og:image:height\" content=\"1274\" \/>\n\t<meta property=\"og:image:type\" content=\"image\/jpeg\" \/>\n<meta name=\"twitter:card\" content=\"summary_large_image\" \/>\n<meta name=\"twitter:label1\" content=\"Gesch\u00e4tzte Lesezeit\" \/>\n\t<meta name=\"twitter:data1\" content=\"2\u00a0Minuten\" \/>\n<script type=\"application\/ld+json\" class=\"yoast-schema-graph\">{\"@context\":\"https:\/\/schema.org\",\"@graph\":[{\"@type\":\"WebPage\",\"@id\":\"https:\/\/easyliferobo.com\/de\/product\/technik-roboter-fuer-kinder-bausatz-5-in-1-mit-fernbedienung-und-app-steuerung-520-stueck-rc-wandroboter-tech-roboter-wiederaufladbare-geschenke-fuer-jungen-und-maedchen-im-alter-von-6\/\",\"url\":\"https:\/\/easyliferobo.com\/de\/product\/technik-roboter-fuer-kinder-bausatz-5-in-1-mit-fernbedienung-und-app-steuerung-520-stueck-rc-wandroboter-tech-roboter-wiederaufladbare-geschenke-fuer-jungen-und-maedchen-im-alter-von-6\/\",\"name\":\"Technik Roboter f\u00fcr Kinder Bausatz \u2013 5-in-1 mit Fernbedienung und App-Steuerung | 520 St\u00fcck RC-Wandroboter \/ Tech-Roboter, wiederaufladbare Geschenke f\u00fcr Jungen und M\u00e4dchen im Alter von 6 bis 12 Jahren - EasyLifeBro\",\"isPartOf\":{\"@id\":\"https:\/\/easyliferobo.com\/de\/#website\"},\"primaryImageOfPage\":{\"@id\":\"https:\/\/easyliferobo.com\/de\/product\/technik-roboter-fuer-kinder-bausatz-5-in-1-mit-fernbedienung-und-app-steuerung-520-stueck-rc-wandroboter-tech-roboter-wiederaufladbare-geschenke-fuer-jungen-und-maedchen-im-alter-von-6\/#primaryimage\"},\"image\":{\"@id\":\"https:\/\/easyliferobo.com\/de\/product\/technik-roboter-fuer-kinder-bausatz-5-in-1-mit-fernbedienung-und-app-steuerung-520-stueck-rc-wandroboter-tech-roboter-wiederaufladbare-geschenke-fuer-jungen-und-maedchen-im-alter-von-6\/#primaryimage\"},\"thumbnailUrl\":\"https:\/\/easyliferobo.com\/de\/wp-content\/uploads\/2026\/02\/81hOkUnfdL._AC_SL1300_.jpg\",\"datePublished\":\"2026-02-22T11:18:31+00:00\",\"dateModified\":\"2026-02-22T11:18:48+00:00\",\"description\":\"Entdecken Sie smarte Roboter f\u00fcr Zuhause, Garten, Bildung und Sicherheit. Vergleichen Sie Saugroboter, Rasenm\u00e4hroboter, KI-Begleitroboter und mehr bei EasyLifeRobo.\",\"breadcrumb\":{\"@id\":\"https:\/\/easyliferobo.com\/de\/product\/technik-roboter-fuer-kinder-bausatz-5-in-1-mit-fernbedienung-und-app-steuerung-520-stueck-rc-wandroboter-tech-roboter-wiederaufladbare-geschenke-fuer-jungen-und-maedchen-im-alter-von-6\/#breadcrumb\"},\"inLanguage\":\"de\",\"potentialAction\":[{\"@type\":\"ReadAction\",\"target\":[\"https:\/\/easyliferobo.com\/de\/product\/technik-roboter-fuer-kinder-bausatz-5-in-1-mit-fernbedienung-und-app-steuerung-520-stueck-rc-wandroboter-tech-roboter-wiederaufladbare-geschenke-fuer-jungen-und-maedchen-im-alter-von-6\/\"]}]},{\"@type\":\"ImageObject\",\"inLanguage\":\"de\",\"@id\":\"https:\/\/easyliferobo.com\/de\/product\/technik-roboter-fuer-kinder-bausatz-5-in-1-mit-fernbedienung-und-app-steuerung-520-stueck-rc-wandroboter-tech-roboter-wiederaufladbare-geschenke-fuer-jungen-und-maedchen-im-alter-von-6\/#primaryimage\",\"url\":\"https:\/\/easyliferobo.com\/de\/wp-content\/uploads\/2026\/02\/81hOkUnfdL._AC_SL1300_.jpg\",\"contentUrl\":\"https:\/\/easyliferobo.com\/de\/wp-content\/uploads\/2026\/02\/81hOkUnfdL._AC_SL1300_.jpg\",\"width\":1300,\"height\":1274},{\"@type\":\"BreadcrumbList\",\"@id\":\"https:\/\/easyliferobo.com\/de\/product\/technik-roboter-fuer-kinder-bausatz-5-in-1-mit-fernbedienung-und-app-steuerung-520-stueck-rc-wandroboter-tech-roboter-wiederaufladbare-geschenke-fuer-jungen-und-maedchen-im-alter-von-6\/#breadcrumb\",\"itemListElement\":[{\"@type\":\"ListItem\",\"position\":1,\"name\":\"Home\",\"item\":\"https:\/\/easyliferobo.com\/de\/\"},{\"@type\":\"ListItem\",\"position\":2,\"name\":\"Shop\",\"item\":\"https:\/\/easyliferobo.com\/de\/shop\/\"},{\"@type\":\"ListItem\",\"position\":3,\"name\":\"Technik Roboter f\u00fcr Kinder Bausatz...\"}]},{\"@type\":\"WebSite\",\"@id\":\"https:\/\/easyliferobo.com\/de\/#website\",\"url\":\"https:\/\/easyliferobo.com\/de\/\",\"name\":\"EasyLifeBro\",\"description\":\"Smarte Roboter f\u00fcr Zuhause, Garten &amp; Bildung\",\"publisher\":{\"@id\":\"https:\/\/easyliferobo.com\/de\/#organization\"},\"potentialAction\":[{\"@type\":\"SearchAction\",\"target\":{\"@type\":\"EntryPoint\",\"urlTemplate\":\"https:\/\/easyliferobo.com\/de\/?s={search_term_string}\"},\"query-input\":{\"@type\":\"PropertyValueSpecification\",\"valueRequired\":true,\"valueName\":\"search_term_string\"}}],\"inLanguage\":\"de\"},{\"@type\":\"Organization\",\"@id\":\"https:\/\/easyliferobo.com\/de\/#organization\",\"name\":\"EasyLifeBro\",\"url\":\"https:\/\/easyliferobo.com\/de\/\",\"logo\":{\"@type\":\"ImageObject\",\"inLanguage\":\"de\",\"@id\":\"https:\/\/easyliferobo.com\/de\/#\/schema\/logo\/image\/\",\"url\":\"https:\/\/easyliferobo.com\/de\/wp-content\/uploads\/2026\/02\/Screenshot-2026-02-22-at-2.25.03-PM.png\",\"contentUrl\":\"https:\/\/easyliferobo.com\/de\/wp-content\/uploads\/2026\/02\/Screenshot-2026-02-22-at-2.25.03-PM.png\",\"width\":1858,\"height\":430,\"caption\":\"EasyLifeBro\"},\"image\":{\"@id\":\"https:\/\/easyliferobo.com\/de\/#\/schema\/logo\/image\/\"}}]}<\/script>\n<!-- \/ Yoast SEO plugin. -->","yoast_head_json":{"title":"Technik Roboter f\u00fcr Kinder Bausatz \u2013 5-in-1 mit Fernbedienung und App-Steuerung | 520 St\u00fcck RC-Wandroboter \/ Tech-Roboter, wiederaufladbare Geschenke f\u00fcr Jungen und M\u00e4dchen im Alter von 6 bis 12 Jahren - EasyLifeBro","description":"Entdecken Sie smarte Roboter f\u00fcr Zuhause, Garten, Bildung und Sicherheit. Vergleichen Sie Saugroboter, Rasenm\u00e4hroboter, KI-Begleitroboter und mehr bei EasyLifeRobo.","robots":{"index":"index","follow":"follow","max-snippet":"max-snippet:-1","max-image-preview":"max-image-preview:large","max-video-preview":"max-video-preview:-1"},"canonical":"https:\/\/easyliferobo.com\/de\/product\/technik-roboter-fuer-kinder-bausatz-5-in-1-mit-fernbedienung-und-app-steuerung-520-stueck-rc-wandroboter-tech-roboter-wiederaufladbare-geschenke-fuer-jungen-und-maedchen-im-alter-von-6\/","og_locale":"de_DE","og_type":"article","og_title":"Technik Roboter f\u00fcr Kinder Bausatz \u2013 5-in-1 mit Fernbedienung und App-Steuerung | 520 St\u00fcck RC-Wandroboter \/ Tech-Roboter, wiederaufladbare Geschenke f\u00fcr Jungen und M\u00e4dchen im Alter von 6 bis 12 Jahren - EasyLifeBro","og_description":"Entdecken Sie smarte Roboter f\u00fcr Zuhause, Garten, Bildung und Sicherheit. Vergleichen Sie Saugroboter, Rasenm\u00e4hroboter, KI-Begleitroboter und mehr bei EasyLifeRobo.","og_url":"https:\/\/easyliferobo.com\/de\/product\/technik-roboter-fuer-kinder-bausatz-5-in-1-mit-fernbedienung-und-app-steuerung-520-stueck-rc-wandroboter-tech-roboter-wiederaufladbare-geschenke-fuer-jungen-und-maedchen-im-alter-von-6\/","og_site_name":"EasyLifeBro","article_modified_time":"2026-02-22T11:18:48+00:00","og_image":[{"width":1300,"height":1274,"url":"https:\/\/easyliferobo.com\/de\/wp-content\/uploads\/2026\/02\/81hOkUnfdL._AC_SL1300_.jpg","type":"image\/jpeg"}],"twitter_card":"summary_large_image","twitter_misc":{"Gesch\u00e4tzte Lesezeit":"2\u00a0Minuten"},"schema":{"@context":"https:\/\/schema.org","@graph":[{"@type":"WebPage","@id":"https:\/\/easyliferobo.com\/de\/product\/technik-roboter-fuer-kinder-bausatz-5-in-1-mit-fernbedienung-und-app-steuerung-520-stueck-rc-wandroboter-tech-roboter-wiederaufladbare-geschenke-fuer-jungen-und-maedchen-im-alter-von-6\/","url":"https:\/\/easyliferobo.com\/de\/product\/technik-roboter-fuer-kinder-bausatz-5-in-1-mit-fernbedienung-und-app-steuerung-520-stueck-rc-wandroboter-tech-roboter-wiederaufladbare-geschenke-fuer-jungen-und-maedchen-im-alter-von-6\/","name":"Technik Roboter f\u00fcr Kinder Bausatz \u2013 5-in-1 mit Fernbedienung und App-Steuerung | 520 St\u00fcck RC-Wandroboter \/ Tech-Roboter, wiederaufladbare Geschenke f\u00fcr Jungen und M\u00e4dchen im Alter von 6 bis 12 Jahren - EasyLifeBro","isPartOf":{"@id":"https:\/\/easyliferobo.com\/de\/#website"},"primaryImageOfPage":{"@id":"https:\/\/easyliferobo.com\/de\/product\/technik-roboter-fuer-kinder-bausatz-5-in-1-mit-fernbedienung-und-app-steuerung-520-stueck-rc-wandroboter-tech-roboter-wiederaufladbare-geschenke-fuer-jungen-und-maedchen-im-alter-von-6\/#primaryimage"},"image":{"@id":"https:\/\/easyliferobo.com\/de\/product\/technik-roboter-fuer-kinder-bausatz-5-in-1-mit-fernbedienung-und-app-steuerung-520-stueck-rc-wandroboter-tech-roboter-wiederaufladbare-geschenke-fuer-jungen-und-maedchen-im-alter-von-6\/#primaryimage"},"thumbnailUrl":"https:\/\/easyliferobo.com\/de\/wp-content\/uploads\/2026\/02\/81hOkUnfdL._AC_SL1300_.jpg","datePublished":"2026-02-22T11:18:31+00:00","dateModified":"2026-02-22T11:18:48+00:00","description":"Entdecken Sie smarte Roboter f\u00fcr Zuhause, Garten, Bildung und Sicherheit. Vergleichen Sie Saugroboter, Rasenm\u00e4hroboter, KI-Begleitroboter und mehr bei EasyLifeRobo.","breadcrumb":{"@id":"https:\/\/easyliferobo.com\/de\/product\/technik-roboter-fuer-kinder-bausatz-5-in-1-mit-fernbedienung-und-app-steuerung-520-stueck-rc-wandroboter-tech-roboter-wiederaufladbare-geschenke-fuer-jungen-und-maedchen-im-alter-von-6\/#breadcrumb"},"inLanguage":"de","potentialAction":[{"@type":"ReadAction","target":["https:\/\/easyliferobo.com\/de\/product\/technik-roboter-fuer-kinder-bausatz-5-in-1-mit-fernbedienung-und-app-steuerung-520-stueck-rc-wandroboter-tech-roboter-wiederaufladbare-geschenke-fuer-jungen-und-maedchen-im-alter-von-6\/"]}]},{"@type":"ImageObject","inLanguage":"de","@id":"https:\/\/easyliferobo.com\/de\/product\/technik-roboter-fuer-kinder-bausatz-5-in-1-mit-fernbedienung-und-app-steuerung-520-stueck-rc-wandroboter-tech-roboter-wiederaufladbare-geschenke-fuer-jungen-und-maedchen-im-alter-von-6\/#primaryimage","url":"https:\/\/easyliferobo.com\/de\/wp-content\/uploads\/2026\/02\/81hOkUnfdL._AC_SL1300_.jpg","contentUrl":"https:\/\/easyliferobo.com\/de\/wp-content\/uploads\/2026\/02\/81hOkUnfdL._AC_SL1300_.jpg","width":1300,"height":1274},{"@type":"BreadcrumbList","@id":"https:\/\/easyliferobo.com\/de\/product\/technik-roboter-fuer-kinder-bausatz-5-in-1-mit-fernbedienung-und-app-steuerung-520-stueck-rc-wandroboter-tech-roboter-wiederaufladbare-geschenke-fuer-jungen-und-maedchen-im-alter-von-6\/#breadcrumb","itemListElement":[{"@type":"ListItem","position":1,"name":"Home","item":"https:\/\/easyliferobo.com\/de\/"},{"@type":"ListItem","position":2,"name":"Shop","item":"https:\/\/easyliferobo.com\/de\/shop\/"},{"@type":"ListItem","position":3,"name":"Technik Roboter f\u00fcr Kinder Bausatz..."}]},{"@type":"WebSite","@id":"https:\/\/easyliferobo.com\/de\/#website","url":"https:\/\/easyliferobo.com\/de\/","name":"EasyLifeBro","description":"Smarte Roboter f\u00fcr Zuhause, Garten &amp; Bildung","publisher":{"@id":"https:\/\/easyliferobo.com\/de\/#organization"},"potentialAction":[{"@type":"SearchAction","target":{"@type":"EntryPoint","urlTemplate":"https:\/\/easyliferobo.com\/de\/?s={search_term_string}"},"query-input":{"@type":"PropertyValueSpecification","valueRequired":true,"valueName":"search_term_string"}}],"inLanguage":"de"},{"@type":"Organization","@id":"https:\/\/easyliferobo.com\/de\/#organization","name":"EasyLifeBro","url":"https:\/\/easyliferobo.com\/de\/","logo":{"@type":"ImageObject","inLanguage":"de","@id":"https:\/\/easyliferobo.com\/de\/#\/schema\/logo\/image\/","url":"https:\/\/easyliferobo.com\/de\/wp-content\/uploads\/2026\/02\/Screenshot-2026-02-22-at-2.25.03-PM.png","contentUrl":"https:\/\/easyliferobo.com\/de\/wp-content\/uploads\/2026\/02\/Screenshot-2026-02-22-at-2.25.03-PM.png","width":1858,"height":430,"caption":"EasyLifeBro"},"image":{"@id":"https:\/\/easyliferobo.com\/de\/#\/schema\/logo\/image\/"}}]}},"_links":{"self":[{"href":"https:\/\/easyliferobo.com\/de\/wp-json\/wp\/v2\/product\/1028","targetHints":{"allow":["GET"]}}],"collection":[{"href":"https:\/\/easyliferobo.com\/de\/wp-json\/wp\/v2\/product"}],"about":[{"href":"https:\/\/easyliferobo.com\/de\/wp-json\/wp\/v2\/types\/product"}],"replies":[{"embeddable":true,"href":"https:\/\/easyliferobo.com\/de\/wp-json\/wp\/v2\/comments?post=1028"}],"wp:featuredmedia":[{"embeddable":true,"href":"https:\/\/easyliferobo.com\/de\/wp-json\/wp\/v2\/media\/1029"}],"wp:attachment":[{"href":"https:\/\/easyliferobo.com\/de\/wp-json\/wp\/v2\/media?parent=1028"}],"wp:term":[{"taxonomy":"store","embeddable":true,"href":"https:\/\/easyliferobo.com\/de\/wp-json\/wp\/v2\/store?post=1028"},{"taxonomy":"product_brand","embeddable":true,"href":"https:\/\/easyliferobo.com\/de\/wp-json\/wp\/v2\/product_brand?post=1028"},{"taxonomy":"product_cat","embeddable":true,"href":"https:\/\/easyliferobo.com\/de\/wp-json\/wp\/v2\/product_cat?post=1028"},{"taxonomy":"product_tag","embeddable":true,"href":"https:\/\/easyliferobo.com\/de\/wp-json\/wp\/v2\/product_tag?post=1028"}],"curies":[{"name":"wp","href":"https:\/\/api.w.org\/{rel}","templated":true}]}}