
{"id":1015,"date":"2026-02-22T11:16:02","date_gmt":"2026-02-22T11:16:02","guid":{"rendered":"https:\/\/easyliferobo.com\/de\/product\/generico-musikroboter-interaktives-elektrisches-musikspielzeug-in-oktopusform-blinkender-sensor-intelligenter-spielzeugroboter-fuer-kinder-fuer-den-hinterhof-la-c\/"},"modified":"2026-02-22T23:35:39","modified_gmt":"2026-02-22T23:35:39","slug":"generico-musikroboter-interaktives-elektrisches-musikspielzeug-in-oktopusform-blinkender-sensor-intelligenter-spielzeugroboter-fuer-kinder-fuer-den-hinterhof-la-c","status":"publish","type":"product","link":"https:\/\/easyliferobo.com\/de\/product\/generico-musikroboter-interaktives-elektrisches-musikspielzeug-in-oktopusform-blinkender-sensor-intelligenter-spielzeugroboter-fuer-kinder-fuer-den-hinterhof-la-c\/","title":{"rendered":"Generico Musikroboter \u2013 Interakti..."},"content":{"rendered":"<p>\n                                             Produktbeschreibung   <\/p>\n<h3 class=\"a-spacing-mini\"> Robotermusik, Roboterspiel f\u00fcr Kinder <\/h3>\n<p>                                          <img decoding=\"async\" alt=\"Robotermusik, Roboterspiel f\u00fcr Kinder\" src=\"https:\/\/images-na.ssl-images-amazon.com\/images\/G\/01\/x-locale\/common\/grey-pixel.gif\" class=\"a-spacing-base a-lazy-loaded\" data-src=\"https:\/\/m.media-amazon.com\/images\/S\/aplus-media-library-service-media\/28d31bbe-b325-4de0-af69-d0aed56d2614.__CR0,0,970,600_PT0_SX970_V1___.jpg\"><img decoding=\"async\" alt=\"Robotermusik, Roboterspiel f\u00fcr Kinder\" src=\"https:\/\/m.media-amazon.com\/images\/S\/aplus-media-library-service-media\/28d31bbe-b325-4de0-af69-d0aed56d2614.__CR0,0,970,600_PT0_SX970_V1___.jpg\">                                                                    <\/p>\n<p class=\"apm-text-center\">\n                                                      <img decoding=\"async\" alt=\"Forma di polpo\" src=\"https:\/\/images-na.ssl-images-amazon.com\/images\/G\/01\/x-locale\/common\/grey-pixel.gif\" class=\"a-spacing-mini a-lazy-loaded\" data-src=\"https:\/\/m.media-amazon.com\/images\/S\/aplus-media-library-service-media\/9ab910d4-575e-4bbf-a207-ce429a6dabba.__CR0,0,1600,1600_PT0_SX300_V1___.jpg\"><img decoding=\"async\" alt=\"Forma di polpo\" src=\"https:\/\/m.media-amazon.com\/images\/S\/aplus-media-library-service-media\/9ab910d4-575e-4bbf-a207-ce429a6dabba.__CR0,0,1600,1600_PT0_SX300_V1___.jpg\">  <\/p>\n<p>                                                    Forma di polpo                                       <\/p>\n<p> ricco di design, dieser gespielte Roboter-Musical bietet ein attraktives Design von Polpo mit seinen Artli-Mobilen, die ein neues Leben voller Begeisterung f\u00fcr das fantasievolle Spiel hinzuf\u00fcgen. <\/p>\n<p class=\"apm-text-center\">\n                                                      <img decoding=\"async\" alt=\"Trainer f\u00fcr l&#39;intelligenza spaziale\" src=\"https:\/\/images-na.ssl-images-amazon.com\/images\/G\/01\/x-locale\/common\/grey-pixel.gif\" class=\"a-spacing-mini a-lazy-loaded\" data-src=\"https:\/\/m.media-amazon.com\/images\/S\/aplus-media-library-service-media\/e71f04f4-71e8-46ba-907e-a5e7cc7254cd.__CR0,0,1600,1600_PT0_SX300_V1___.jpg\"><img decoding=\"async\" alt=\"Trainer f\u00fcr l&#39;intelligenza spaziale\" src=\"https:\/\/m.media-amazon.com\/images\/S\/aplus-media-library-service-media\/e71f04f4-71e8-46ba-907e-a5e7cc7254cd.__CR0,0,1600,1600_PT0_SX300_V1___.jpg\">  <\/p>\n<p>                                                    Trainer f\u00fcr r\u00e4umliche Intelligenz                                       <\/p>\n<p> Unser gespielter Roboter-Musical ist der Partner, der die kognitiven F\u00e4higkeiten der Kinder f\u00f6rdert. Mit seiner automatischen Sterbe-, Tanz- und Bewegungskapazit\u00e4t sowie einer erweiterten sensorischen Intelligenz f\u00fcr die Aufnahme der Kinder ist die F\u00e4higkeit zur kognitiven r\u00e4umlichen Leistungsf\u00e4higkeit verbessert. <\/p>\n<p class=\"apm-text-center\">\n                                                      <img decoding=\"async\" alt=\"Immagini abbaglianti\" src=\"https:\/\/images-na.ssl-images-amazon.com\/images\/G\/01\/x-locale\/common\/grey-pixel.gif\" class=\"a-spacing-mini a-lazy-loaded\" data-src=\"https:\/\/m.media-amazon.com\/images\/S\/aplus-media-library-service-media\/35d0e121-3af3-472a-9dce-4eb04f1d91ed.__CR0,0,1600,1600_PT0_SX300_V1___.jpg\"><img decoding=\"async\" alt=\"Immagini abbaglianti\" src=\"https:\/\/m.media-amazon.com\/images\/S\/aplus-media-library-service-media\/35d0e121-3af3-472a-9dce-4eb04f1d91ed.__CR0,0,1600,1600_PT0_SX300_V1___.jpg\">  <\/p>\n<p>                                                    Immagini abbaglianti                                       <\/p>\n<p> Immer noch mehr Spa\u00df mit diesem musikalischen Spielroboter, der von LED-Leuchten und Tremolo-Effekten begleitet wird, die durch die Ritmo-Bewegung entstehen, und eine bezaubernde Wirkung f\u00fcr die Spielatmosph\u00e4re schaffen. <\/p>\n<p>  Mit seinem intelligenten Sensor, der LED-Leuchte f\u00fcr Musikrituale und einem Design, das nicht mit Graffiti und Mignoli verziert ist, ist dieses Spiel f\u00fcr Urlaub oder f\u00fcr einen bestimmten Anlass gedacht. <\/p>\n<p>  Spezifisch: <\/p>\n<p>  Produktabmessungen: ca. 17 x 13,5 cm\/6,69 x 5,31 Zoll <\/p>\n<p>  Material: ABS <\/p>\n<p>  Lieferumfang: 3 AA-Batterien (nicht im Lieferumfang enthalten) <\/p>\n<p>  Liste der imballaggio: <\/p>\n<p>  1 St\u00fcck * Giocattolo robot musicale a forma di polipo <\/p>\n<p>KREATIVER SPASS Entdecken Sie die Freude an der Musik mit diesem Oktopus-Spielzeugroboter, der \u00fcber ein bewegliches Sechs-Klauen-Design verf\u00fcgt, das kreatives Spielen mit einem lustigen Cartoon-Look f\u00f6rdert.<br \/>INTELLIGENTES LERNEN DER R\u00c4UMLICHEN Kognition Begeistern Sie Ihr Kind mit diesem automatisch steuernden Spielzeugroboter, der tanzt und geht und mit seinem fortschrittlichen Sensor Hindernisse intelligent erkennt.<br \/>Schillernde Bilder Tauchen Sie noch mehr in den Spa\u00df ein mit diesem Musikspielzeugroboter, der zusammen mit den Rhythmuswechseln mit LEDs flackert und flackert, wodurch ein faszinierender Effekt entsteht und eine spielerische Atmosph\u00e4re entsteht.<br \/>LANGLEBIGE KONSTRUKTION Aus zuverl\u00e4ssigem ABS gefertigt, bietet dieses Musikroboterspielzeug ein langlebiges und wischfreies Erlebnis, das auch den kleinsten Fingern nicht schadet. Aus zuverl\u00e4ssigem Material gefertigt, ist es f\u00fcr Kinder zum Spielen geeignet.<br \/>F\u00d6RDERN SIE FAMILIENBINDUNGEN Unser musikalisches Roboterspielzeug ist ideal als Weihnachtsgeschenk oder als Freude am Kindertag geeignet und sorgt f\u00fcr mehr Spa\u00df und Lernm\u00f6glichkeiten und ermutigt Eltern und Kinder, zu besonderen Anl\u00e4ssen gemeinsam zu spielen und zu tanzen.<\/p>\n<p>[ad_2]<\/p>\n","protected":false},"excerpt":{"rendered":"<p>Produktbeschreibung Robotermusik, Roboterspiel f\u00fcr Kinder Forma di polpo ricco di design, dieser gespielte Roboter-Musical bietet ein attraktives Design von Polpo mit seinen Artli-Mobilen, die ein neues Leben voller Begeisterung f\u00fcr das fantasievolle Spiel hinzuf\u00fcgen. Trainer f\u00fcr r\u00e4umliche Intelligenz Unser gespielter Roboter-Musical ist der Partner, der die kognitiven F\u00e4higkeiten der Kinder f\u00f6rdert. Mit seiner automatischen Sterbe-, [&hellip;]<\/p>\n","protected":false},"featured_media":1016,"comment_status":"open","ping_status":"closed","template":"","meta":{"_aipt_faq_data":""},"store":[],"product_brand":[],"product_cat":[90],"product_tag":[232],"class_list":{"0":"post-1015","1":"product","2":"type-product","3":"status-publish","4":"has-post-thumbnail","6":"product_cat-tanz-musikroboter","7":"product_tag-interaktive-tanz-musikroboter","9":"first","10":"instock","11":"sale","12":"shipping-taxable","13":"product-type-external"},"yoast_head":"<!-- This site is optimized with the Yoast SEO plugin v27.4 - https:\/\/yoast.com\/product\/yoast-seo-wordpress\/ -->\n<title>Generico Musikroboter \u2013 Interaktives elektrisches Musikspielzeug in Oktopusform, blinkender Sensor | Intelligenter Spielzeugroboter f\u00fcr Kinder f\u00fcr den Hinterhof, la c - EasyLifeBro<\/title>\n<meta name=\"description\" content=\"Entdecken Sie smarte Roboter f\u00fcr Zuhause, Garten, Bildung und Sicherheit. Vergleichen Sie Saugroboter, Rasenm\u00e4hroboter, KI-Begleitroboter und mehr bei EasyLifeRobo.\" \/>\n<meta name=\"robots\" content=\"index, follow, max-snippet:-1, max-image-preview:large, max-video-preview:-1\" \/>\n<link rel=\"canonical\" href=\"https:\/\/easyliferobo.com\/de\/product\/generico-musikroboter-interaktives-elektrisches-musikspielzeug-in-oktopusform-blinkender-sensor-intelligenter-spielzeugroboter-fuer-kinder-fuer-den-hinterhof-la-c\/\" \/>\n<meta property=\"og:locale\" content=\"de_DE\" \/>\n<meta property=\"og:type\" content=\"article\" \/>\n<meta property=\"og:title\" content=\"Generico Musikroboter \u2013 Interaktives elektrisches Musikspielzeug in Oktopusform, blinkender Sensor | Intelligenter Spielzeugroboter f\u00fcr Kinder f\u00fcr den Hinterhof, la c - EasyLifeBro\" \/>\n<meta property=\"og:description\" content=\"Entdecken Sie smarte Roboter f\u00fcr Zuhause, Garten, Bildung und Sicherheit. Vergleichen Sie Saugroboter, Rasenm\u00e4hroboter, KI-Begleitroboter und mehr bei EasyLifeRobo.\" \/>\n<meta property=\"og:url\" content=\"https:\/\/easyliferobo.com\/de\/product\/generico-musikroboter-interaktives-elektrisches-musikspielzeug-in-oktopusform-blinkender-sensor-intelligenter-spielzeugroboter-fuer-kinder-fuer-den-hinterhof-la-c\/\" \/>\n<meta property=\"og:site_name\" content=\"EasyLifeBro\" \/>\n<meta property=\"article:modified_time\" content=\"2026-02-22T23:35:39+00:00\" \/>\n<meta property=\"og:image\" content=\"https:\/\/easyliferobo.com\/de\/wp-content\/uploads\/2026\/02\/61rnP9T8QHL._AC_SL1500_.jpg\" \/>\n\t<meta property=\"og:image:width\" content=\"1062\" \/>\n\t<meta property=\"og:image:height\" content=\"1500\" \/>\n\t<meta property=\"og:image:type\" content=\"image\/jpeg\" \/>\n<meta name=\"twitter:card\" content=\"summary_large_image\" \/>\n<meta name=\"twitter:label1\" content=\"Gesch\u00e4tzte Lesezeit\" \/>\n\t<meta name=\"twitter:data1\" content=\"2\u00a0Minuten\" \/>\n<script type=\"application\/ld+json\" class=\"yoast-schema-graph\">{\"@context\":\"https:\\\/\\\/schema.org\",\"@graph\":[{\"@type\":\"WebPage\",\"@id\":\"https:\\\/\\\/easyliferobo.com\\\/de\\\/product\\\/generico-musikroboter-interaktives-elektrisches-musikspielzeug-in-oktopusform-blinkender-sensor-intelligenter-spielzeugroboter-fuer-kinder-fuer-den-hinterhof-la-c\\\/\",\"url\":\"https:\\\/\\\/easyliferobo.com\\\/de\\\/product\\\/generico-musikroboter-interaktives-elektrisches-musikspielzeug-in-oktopusform-blinkender-sensor-intelligenter-spielzeugroboter-fuer-kinder-fuer-den-hinterhof-la-c\\\/\",\"name\":\"Generico Musikroboter \u2013 Interaktives elektrisches Musikspielzeug in Oktopusform, blinkender Sensor | Intelligenter Spielzeugroboter f\u00fcr Kinder f\u00fcr den Hinterhof, la c - EasyLifeBro\",\"isPartOf\":{\"@id\":\"https:\\\/\\\/easyliferobo.com\\\/de\\\/#website\"},\"primaryImageOfPage\":{\"@id\":\"https:\\\/\\\/easyliferobo.com\\\/de\\\/product\\\/generico-musikroboter-interaktives-elektrisches-musikspielzeug-in-oktopusform-blinkender-sensor-intelligenter-spielzeugroboter-fuer-kinder-fuer-den-hinterhof-la-c\\\/#primaryimage\"},\"image\":{\"@id\":\"https:\\\/\\\/easyliferobo.com\\\/de\\\/product\\\/generico-musikroboter-interaktives-elektrisches-musikspielzeug-in-oktopusform-blinkender-sensor-intelligenter-spielzeugroboter-fuer-kinder-fuer-den-hinterhof-la-c\\\/#primaryimage\"},\"thumbnailUrl\":\"https:\\\/\\\/easyliferobo.com\\\/de\\\/wp-content\\\/uploads\\\/2026\\\/02\\\/61rnP9T8QHL._AC_SL1500_.jpg\",\"datePublished\":\"2026-02-22T11:16:02+00:00\",\"dateModified\":\"2026-02-22T23:35:39+00:00\",\"description\":\"Entdecken Sie smarte Roboter f\u00fcr Zuhause, Garten, Bildung und Sicherheit. Vergleichen Sie Saugroboter, Rasenm\u00e4hroboter, KI-Begleitroboter und mehr bei EasyLifeRobo.\",\"breadcrumb\":{\"@id\":\"https:\\\/\\\/easyliferobo.com\\\/de\\\/product\\\/generico-musikroboter-interaktives-elektrisches-musikspielzeug-in-oktopusform-blinkender-sensor-intelligenter-spielzeugroboter-fuer-kinder-fuer-den-hinterhof-la-c\\\/#breadcrumb\"},\"inLanguage\":\"de\",\"potentialAction\":[{\"@type\":\"ReadAction\",\"target\":[\"https:\\\/\\\/easyliferobo.com\\\/de\\\/product\\\/generico-musikroboter-interaktives-elektrisches-musikspielzeug-in-oktopusform-blinkender-sensor-intelligenter-spielzeugroboter-fuer-kinder-fuer-den-hinterhof-la-c\\\/\"]}]},{\"@type\":\"ImageObject\",\"inLanguage\":\"de\",\"@id\":\"https:\\\/\\\/easyliferobo.com\\\/de\\\/product\\\/generico-musikroboter-interaktives-elektrisches-musikspielzeug-in-oktopusform-blinkender-sensor-intelligenter-spielzeugroboter-fuer-kinder-fuer-den-hinterhof-la-c\\\/#primaryimage\",\"url\":\"https:\\\/\\\/easyliferobo.com\\\/de\\\/wp-content\\\/uploads\\\/2026\\\/02\\\/61rnP9T8QHL._AC_SL1500_.jpg\",\"contentUrl\":\"https:\\\/\\\/easyliferobo.com\\\/de\\\/wp-content\\\/uploads\\\/2026\\\/02\\\/61rnP9T8QHL._AC_SL1500_.jpg\",\"width\":1062,\"height\":1500},{\"@type\":\"BreadcrumbList\",\"@id\":\"https:\\\/\\\/easyliferobo.com\\\/de\\\/product\\\/generico-musikroboter-interaktives-elektrisches-musikspielzeug-in-oktopusform-blinkender-sensor-intelligenter-spielzeugroboter-fuer-kinder-fuer-den-hinterhof-la-c\\\/#breadcrumb\",\"itemListElement\":[{\"@type\":\"ListItem\",\"position\":1,\"name\":\"Home\",\"item\":\"https:\\\/\\\/easyliferobo.com\\\/de\\\/\"},{\"@type\":\"ListItem\",\"position\":2,\"name\":\"Shop\",\"item\":\"https:\\\/\\\/easyliferobo.com\\\/de\\\/shop\\\/\"},{\"@type\":\"ListItem\",\"position\":3,\"name\":\"Generico Musikroboter \u2013 Interakti...\"}]},{\"@type\":\"WebSite\",\"@id\":\"https:\\\/\\\/easyliferobo.com\\\/de\\\/#website\",\"url\":\"https:\\\/\\\/easyliferobo.com\\\/de\\\/\",\"name\":\"EasyLifeBro\",\"description\":\"Smarte Roboter f\u00fcr Zuhause, Garten &amp; Bildung\",\"publisher\":{\"@id\":\"https:\\\/\\\/easyliferobo.com\\\/de\\\/#organization\"},\"potentialAction\":[{\"@type\":\"SearchAction\",\"target\":{\"@type\":\"EntryPoint\",\"urlTemplate\":\"https:\\\/\\\/easyliferobo.com\\\/de\\\/?s={search_term_string}\"},\"query-input\":{\"@type\":\"PropertyValueSpecification\",\"valueRequired\":true,\"valueName\":\"search_term_string\"}}],\"inLanguage\":\"de\"},{\"@type\":\"Organization\",\"@id\":\"https:\\\/\\\/easyliferobo.com\\\/de\\\/#organization\",\"name\":\"EasyLifeBro\",\"url\":\"https:\\\/\\\/easyliferobo.com\\\/de\\\/\",\"logo\":{\"@type\":\"ImageObject\",\"inLanguage\":\"de\",\"@id\":\"https:\\\/\\\/easyliferobo.com\\\/de\\\/#\\\/schema\\\/logo\\\/image\\\/\",\"url\":\"https:\\\/\\\/easyliferobo.com\\\/de\\\/wp-content\\\/uploads\\\/2026\\\/02\\\/Screenshot-2026-02-22-at-2.25.03-PM.png\",\"contentUrl\":\"https:\\\/\\\/easyliferobo.com\\\/de\\\/wp-content\\\/uploads\\\/2026\\\/02\\\/Screenshot-2026-02-22-at-2.25.03-PM.png\",\"width\":1858,\"height\":430,\"caption\":\"EasyLifeBro\"},\"image\":{\"@id\":\"https:\\\/\\\/easyliferobo.com\\\/de\\\/#\\\/schema\\\/logo\\\/image\\\/\"}}]}<\/script>\n<!-- \/ Yoast SEO plugin. -->","yoast_head_json":{"title":"Generico Musikroboter \u2013 Interaktives elektrisches Musikspielzeug in Oktopusform, blinkender Sensor | Intelligenter Spielzeugroboter f\u00fcr Kinder f\u00fcr den Hinterhof, la c - EasyLifeBro","description":"Entdecken Sie smarte Roboter f\u00fcr Zuhause, Garten, Bildung und Sicherheit. Vergleichen Sie Saugroboter, Rasenm\u00e4hroboter, KI-Begleitroboter und mehr bei EasyLifeRobo.","robots":{"index":"index","follow":"follow","max-snippet":"max-snippet:-1","max-image-preview":"max-image-preview:large","max-video-preview":"max-video-preview:-1"},"canonical":"https:\/\/easyliferobo.com\/de\/product\/generico-musikroboter-interaktives-elektrisches-musikspielzeug-in-oktopusform-blinkender-sensor-intelligenter-spielzeugroboter-fuer-kinder-fuer-den-hinterhof-la-c\/","og_locale":"de_DE","og_type":"article","og_title":"Generico Musikroboter \u2013 Interaktives elektrisches Musikspielzeug in Oktopusform, blinkender Sensor | Intelligenter Spielzeugroboter f\u00fcr Kinder f\u00fcr den Hinterhof, la c - EasyLifeBro","og_description":"Entdecken Sie smarte Roboter f\u00fcr Zuhause, Garten, Bildung und Sicherheit. Vergleichen Sie Saugroboter, Rasenm\u00e4hroboter, KI-Begleitroboter und mehr bei EasyLifeRobo.","og_url":"https:\/\/easyliferobo.com\/de\/product\/generico-musikroboter-interaktives-elektrisches-musikspielzeug-in-oktopusform-blinkender-sensor-intelligenter-spielzeugroboter-fuer-kinder-fuer-den-hinterhof-la-c\/","og_site_name":"EasyLifeBro","article_modified_time":"2026-02-22T23:35:39+00:00","og_image":[{"width":1062,"height":1500,"url":"https:\/\/easyliferobo.com\/de\/wp-content\/uploads\/2026\/02\/61rnP9T8QHL._AC_SL1500_.jpg","type":"image\/jpeg"}],"twitter_card":"summary_large_image","twitter_misc":{"Gesch\u00e4tzte Lesezeit":"2\u00a0Minuten"},"schema":{"@context":"https:\/\/schema.org","@graph":[{"@type":"WebPage","@id":"https:\/\/easyliferobo.com\/de\/product\/generico-musikroboter-interaktives-elektrisches-musikspielzeug-in-oktopusform-blinkender-sensor-intelligenter-spielzeugroboter-fuer-kinder-fuer-den-hinterhof-la-c\/","url":"https:\/\/easyliferobo.com\/de\/product\/generico-musikroboter-interaktives-elektrisches-musikspielzeug-in-oktopusform-blinkender-sensor-intelligenter-spielzeugroboter-fuer-kinder-fuer-den-hinterhof-la-c\/","name":"Generico Musikroboter \u2013 Interaktives elektrisches Musikspielzeug in Oktopusform, blinkender Sensor | Intelligenter Spielzeugroboter f\u00fcr Kinder f\u00fcr den Hinterhof, la c - EasyLifeBro","isPartOf":{"@id":"https:\/\/easyliferobo.com\/de\/#website"},"primaryImageOfPage":{"@id":"https:\/\/easyliferobo.com\/de\/product\/generico-musikroboter-interaktives-elektrisches-musikspielzeug-in-oktopusform-blinkender-sensor-intelligenter-spielzeugroboter-fuer-kinder-fuer-den-hinterhof-la-c\/#primaryimage"},"image":{"@id":"https:\/\/easyliferobo.com\/de\/product\/generico-musikroboter-interaktives-elektrisches-musikspielzeug-in-oktopusform-blinkender-sensor-intelligenter-spielzeugroboter-fuer-kinder-fuer-den-hinterhof-la-c\/#primaryimage"},"thumbnailUrl":"https:\/\/easyliferobo.com\/de\/wp-content\/uploads\/2026\/02\/61rnP9T8QHL._AC_SL1500_.jpg","datePublished":"2026-02-22T11:16:02+00:00","dateModified":"2026-02-22T23:35:39+00:00","description":"Entdecken Sie smarte Roboter f\u00fcr Zuhause, Garten, Bildung und Sicherheit. Vergleichen Sie Saugroboter, Rasenm\u00e4hroboter, KI-Begleitroboter und mehr bei EasyLifeRobo.","breadcrumb":{"@id":"https:\/\/easyliferobo.com\/de\/product\/generico-musikroboter-interaktives-elektrisches-musikspielzeug-in-oktopusform-blinkender-sensor-intelligenter-spielzeugroboter-fuer-kinder-fuer-den-hinterhof-la-c\/#breadcrumb"},"inLanguage":"de","potentialAction":[{"@type":"ReadAction","target":["https:\/\/easyliferobo.com\/de\/product\/generico-musikroboter-interaktives-elektrisches-musikspielzeug-in-oktopusform-blinkender-sensor-intelligenter-spielzeugroboter-fuer-kinder-fuer-den-hinterhof-la-c\/"]}]},{"@type":"ImageObject","inLanguage":"de","@id":"https:\/\/easyliferobo.com\/de\/product\/generico-musikroboter-interaktives-elektrisches-musikspielzeug-in-oktopusform-blinkender-sensor-intelligenter-spielzeugroboter-fuer-kinder-fuer-den-hinterhof-la-c\/#primaryimage","url":"https:\/\/easyliferobo.com\/de\/wp-content\/uploads\/2026\/02\/61rnP9T8QHL._AC_SL1500_.jpg","contentUrl":"https:\/\/easyliferobo.com\/de\/wp-content\/uploads\/2026\/02\/61rnP9T8QHL._AC_SL1500_.jpg","width":1062,"height":1500},{"@type":"BreadcrumbList","@id":"https:\/\/easyliferobo.com\/de\/product\/generico-musikroboter-interaktives-elektrisches-musikspielzeug-in-oktopusform-blinkender-sensor-intelligenter-spielzeugroboter-fuer-kinder-fuer-den-hinterhof-la-c\/#breadcrumb","itemListElement":[{"@type":"ListItem","position":1,"name":"Home","item":"https:\/\/easyliferobo.com\/de\/"},{"@type":"ListItem","position":2,"name":"Shop","item":"https:\/\/easyliferobo.com\/de\/shop\/"},{"@type":"ListItem","position":3,"name":"Generico Musikroboter \u2013 Interakti..."}]},{"@type":"WebSite","@id":"https:\/\/easyliferobo.com\/de\/#website","url":"https:\/\/easyliferobo.com\/de\/","name":"EasyLifeBro","description":"Smarte Roboter f\u00fcr Zuhause, Garten &amp; Bildung","publisher":{"@id":"https:\/\/easyliferobo.com\/de\/#organization"},"potentialAction":[{"@type":"SearchAction","target":{"@type":"EntryPoint","urlTemplate":"https:\/\/easyliferobo.com\/de\/?s={search_term_string}"},"query-input":{"@type":"PropertyValueSpecification","valueRequired":true,"valueName":"search_term_string"}}],"inLanguage":"de"},{"@type":"Organization","@id":"https:\/\/easyliferobo.com\/de\/#organization","name":"EasyLifeBro","url":"https:\/\/easyliferobo.com\/de\/","logo":{"@type":"ImageObject","inLanguage":"de","@id":"https:\/\/easyliferobo.com\/de\/#\/schema\/logo\/image\/","url":"https:\/\/easyliferobo.com\/de\/wp-content\/uploads\/2026\/02\/Screenshot-2026-02-22-at-2.25.03-PM.png","contentUrl":"https:\/\/easyliferobo.com\/de\/wp-content\/uploads\/2026\/02\/Screenshot-2026-02-22-at-2.25.03-PM.png","width":1858,"height":430,"caption":"EasyLifeBro"},"image":{"@id":"https:\/\/easyliferobo.com\/de\/#\/schema\/logo\/image\/"}}]}},"_links":{"self":[{"href":"https:\/\/easyliferobo.com\/de\/wp-json\/wp\/v2\/product\/1015","targetHints":{"allow":["GET"]}}],"collection":[{"href":"https:\/\/easyliferobo.com\/de\/wp-json\/wp\/v2\/product"}],"about":[{"href":"https:\/\/easyliferobo.com\/de\/wp-json\/wp\/v2\/types\/product"}],"replies":[{"embeddable":true,"href":"https:\/\/easyliferobo.com\/de\/wp-json\/wp\/v2\/comments?post=1015"}],"wp:featuredmedia":[{"embeddable":true,"href":"https:\/\/easyliferobo.com\/de\/wp-json\/wp\/v2\/media\/1016"}],"wp:attachment":[{"href":"https:\/\/easyliferobo.com\/de\/wp-json\/wp\/v2\/media?parent=1015"}],"wp:term":[{"taxonomy":"store","embeddable":true,"href":"https:\/\/easyliferobo.com\/de\/wp-json\/wp\/v2\/store?post=1015"},{"taxonomy":"product_brand","embeddable":true,"href":"https:\/\/easyliferobo.com\/de\/wp-json\/wp\/v2\/product_brand?post=1015"},{"taxonomy":"product_cat","embeddable":true,"href":"https:\/\/easyliferobo.com\/de\/wp-json\/wp\/v2\/product_cat?post=1015"},{"taxonomy":"product_tag","embeddable":true,"href":"https:\/\/easyliferobo.com\/de\/wp-json\/wp\/v2\/product_tag?post=1015"}],"curies":[{"name":"wp","href":"https:\/\/api.w.org\/{rel}","templated":true}]}}