
{"id":1003,"date":"2026-02-22T11:13:08","date_gmt":"2026-02-22T11:13:08","guid":{"rendered":"https:\/\/easyliferobo.com\/de\/product\/technik-roboter-fuer-kinder-jungen-6-12-jahre-6-in-1-roboter-set-programmierbar-mit-app-fernbedienung-geburtstagsgeschenk-fuer-weihnachten-und-geburtstag-631-stueck\/"},"modified":"2026-02-22T11:13:22","modified_gmt":"2026-02-22T11:13:22","slug":"technik-roboter-fuer-kinder-jungen-6-12-jahre-6-in-1-roboter-set-programmierbar-mit-app-fernbedienung-geburtstagsgeschenk-fuer-weihnachten-und-geburtstag-631-stueck","status":"publish","type":"product","link":"https:\/\/easyliferobo.com\/de\/product\/technik-roboter-fuer-kinder-jungen-6-12-jahre-6-in-1-roboter-set-programmierbar-mit-app-fernbedienung-geburtstagsgeschenk-fuer-weihnachten-und-geburtstag-631-stueck\/","title":{"rendered":"Technik Roboter f\u00fcr Kinder Jungen ..."},"content":{"rendered":"<p>\n                                             Von der Marke   <\/p>\n<p>                                              <img decoding=\"async\" alt=\"Aplus-Inhaltsbild\" src=\"https:\/\/images-na.ssl-images-amazon.com\/images\/G\/01\/x-locale\/common\/grey-pixel.gif\" class=\"a-lazy-loaded\" data-src=\"https:\/\/m.media-amazon.com\/images\/S\/aplus-media-library-service-media\/d843e32c-b7be-4014-8b22-789c93e6e874.__CR0,0,1464,625_PT0_SX1464_V1___.jpg\"><img decoding=\"async\" alt=\"Aplus-Inhaltsbild\" src=\"https:\/\/m.media-amazon.com\/images\/S\/aplus-media-library-service-media\/d843e32c-b7be-4014-8b22-789c93e6e874.__CR0,0,1464,625_PT0_SX1464_V1___.jpg\">  <\/p>\n<p>                                              <img decoding=\"async\" alt=\"\" src=\"https:\/\/images-na.ssl-images-amazon.com\/images\/G\/01\/x-locale\/common\/grey-pixel.gif\" class=\"a-lazy-loaded\" data-src=\"https:\/\/m.media-amazon.com\/images\/S\/aplus-media-library-service-media\/2b3efd00-81f7-441a-8f38-4a27655bee94.__CR0,0,315,145_PT0_SX315_V1___.jpg\"><img decoding=\"async\" alt=\"\" src=\"https:\/\/m.media-amazon.com\/images\/S\/aplus-media-library-service-media\/2b3efd00-81f7-441a-8f38-4a27655bee94.__CR0,0,315,145_PT0_SX315_V1___.jpg\">  <\/p>\n<p>  IKUPER ist ein Team von Bauspielherstellern, das mit dem Ziel gegr\u00fcndet wurde, Ihnen grenzenlose Kreativit\u00e4t, Entdeckung und unterhaltsame Erfahrungen zu bieten. <\/p>\n<p>  Unser Ziel ist es, Produkte zu schaffen, die Kindern Gl\u00fcck und bedeutungsvolle Kindheitserfahrungen bringen und gleichzeitig bei Erwachsenen Echo finden. <\/p>\n<p>  IKUPER ist immer auf dem Weg. <\/p>\n<h3>  IKUPER Bausatz <\/h3>\n<p>                                              <img decoding=\"async\" alt=\"Reihe von Charakterillustrationen im Animations- oder Cartoon-Stil mit leuchtenden Effekten vor dunklem Hintergrund.\" src=\"https:\/\/images-na.ssl-images-amazon.com\/images\/G\/01\/x-locale\/common\/grey-pixel.gif\" class=\"a-lazy-loaded\" data-src=\"https:\/\/m.media-amazon.com\/images\/S\/aplus-media-library-service-media\/c951a1c2-2a9e-48c1-a1d9-7d3e2b952894.__CR636,32,436,545_PT0_SX362_V1___.jpg\"><img decoding=\"async\" alt=\"Reihe von Charakterillustrationen im Animations- oder Cartoon-Stil mit leuchtenden Effekten vor dunklem Hintergrund.\" src=\"https:\/\/m.media-amazon.com\/images\/S\/aplus-media-library-service-media\/c951a1c2-2a9e-48c1-a1d9-7d3e2b952894.__CR636,32,436,545_PT0_SX362_V1___.jpg\">  <\/p>\n<p>                                              <img decoding=\"async\" alt=\"Ferngesteuertes Roboterspielzeug mit Panzerstufen, blauen und wei\u00dfen K\u00f6rpern, Gelenkarmen und Leuchtfunktionen. Vorindustrieller Hintergrund mit Blitzeffekten\" src=\"https:\/\/images-na.ssl-images-amazon.com\/images\/G\/01\/x-locale\/common\/grey-pixel.gif\" class=\"a-lazy-loaded\" data-src=\"https:\/\/m.media-amazon.com\/images\/S\/aplus-media-library-service-media\/5c1e9b73-2afc-47cf-abbe-9d28c7d02b33.__CR161,0,1279,1600_PT0_SX362_V1___.jpg\"><img decoding=\"async\" alt=\"Ferngesteuertes Roboterspielzeug mit Panzerstufen, blauen und wei\u00dfen K\u00f6rpern, Gelenkarmen und Leuchtfunktionen. Vorindustrieller Hintergrund mit Blitzeffekten\" src=\"https:\/\/m.media-amazon.com\/images\/S\/aplus-media-library-service-media\/5c1e9b73-2afc-47cf-abbe-9d28c7d02b33.__CR161,0,1279,1600_PT0_SX362_V1___.jpg\">  <\/p>\n<p>                                              <img decoding=\"async\" alt=\"Aplus-Inhaltsbild\" src=\"https:\/\/images-na.ssl-images-amazon.com\/images\/G\/01\/x-locale\/common\/grey-pixel.gif\" class=\"a-lazy-loaded\" data-src=\"https:\/\/m.media-amazon.com\/images\/S\/aplus-media-library-service-media\/27a4cea6-0cbc-4359-af8a-966ad6a159b2.__CR924,0,436,545_PT0_SX362_V1___.jpg\"><img decoding=\"async\" alt=\"Aplus-Inhaltsbild\" src=\"https:\/\/m.media-amazon.com\/images\/S\/aplus-media-library-service-media\/27a4cea6-0cbc-4359-af8a-966ad6a159b2.__CR924,0,436,545_PT0_SX362_V1___.jpg\">  <\/p>\n<p>                                              <img decoding=\"async\" alt=\"Aplus-Inhaltsbild\" src=\"https:\/\/images-na.ssl-images-amazon.com\/images\/G\/01\/x-locale\/common\/grey-pixel.gif\" class=\"a-lazy-loaded\" data-src=\"https:\/\/m.media-amazon.com\/images\/S\/aplus-media-library-service-media\/8bace4da-8cac-4198-9d33-078994ad1d8e.__CR582,10,436,545_PT0_SX362_V1___.jpg\"><img decoding=\"async\" alt=\"Aplus-Inhaltsbild\" src=\"https:\/\/m.media-amazon.com\/images\/S\/aplus-media-library-service-media\/8bace4da-8cac-4198-9d33-078994ad1d8e.__CR582,10,436,545_PT0_SX362_V1___.jpg\">  <\/p>\n<p>In 6 Roboterstilen baubar: Es k\u00f6nnen sechs verschiedene Arten von Roboterspielzeugen zusammengebaut werden: gro\u00dfer Wandroboter, kleiner Wandroboter, Stuntauto, Dreiecksroboter, Dinosaurier und Roboter. Kinder k\u00f6nnen vier verschiedene Bauerlebnisse genie\u00dfen und dabei endlose kreative Fantasie und Spa\u00df entwickeln.<br \/>Fernbedienung und App-Steuerung: IKUPER Roboterbausatz kann \u00fcber eine 2,4-GHz-Fernbedienung (bis zu 50 m Entfernung) oder \u00fcber eine App-Verbindung gesteuert werden. Es verf\u00fcgt au\u00dferdem \u00fcber einen Pfadmodus, einen Fahrmodus, eine STEM-Programmierung und einen Kreiselmodus, was es einfach und benutzerfreundlich macht. Der ferngesteuerte Roboter kann sich drinnen und drau\u00dfen in alle Richtungen bewegen und sorgt so f\u00fcr ein unvergleichlicheres Spielerlebnis<br \/>Perfekte Integration von Aussehen und Details: Die Augen des Roboters und die transparenten R\u00f6hren k\u00f6nnen Licht aussenden, und das Licht \u00e4ndert sich mit der Richtung der Fernbedienung. Die Vorw\u00e4rtsrichtung ist gr\u00fcn, die R\u00fcckw\u00e4rtsrichtung wechselt zu Rot und die anderen Richtungen sind blau. Ausgestattet mit einem gro\u00dfen, verbesserten, rutschfesten Schienenrad kann das Stuntauto w\u00e4hrend der Fahrt problemlos einen Kopfstand bzw. eine 360\u00b0-Drehung erreichen.<br \/>40 Minuten ununterbrochener Spa\u00df mit 1 Ladung: Dieses STEM-Roboterspielzeug verf\u00fcgt \u00fcber ein Design mit 2 gro\u00dfen Motoren und einem intelligenten, innovativen Hauptmodulmotor, der f\u00fcr robuste Leistung sorgt. Mit dem USB-Kabel k\u00f6nnen Sie es \u00fcberall und jederzeit aufladen. Dadurch wird sichergestellt, dass Kinder gen\u00fcgend Zeit haben, sich mit der Programmierung des MINT-Roboters auseinanderzusetzen. Keine Unterbrechungen mehr beim Spa\u00df Ihrer Kinder aufgrund von Strommangel.<br \/>Ideale Geschenke f\u00fcr Kinder: Das Ikumper-Roboterspielzeug eignet sich f\u00fcr Kinder ab 8 Jahren, zu Anl\u00e4ssen wie Geburtstagen, Kindertagen und Weihnachten. Die DIY-Bausteine \u200b\u200bsollen Kindern spannende und herausfordernde Bauerlebnisse mit realistischen Bewegungen und Mechanismen bieten. Im Lieferumfang sind eine farbenfrohe Bedienungsanleitung und dekorative Aufkleber enthalten, mit denen Kinder ihre eigenen Roboter nach ihren Vorstellungen gestalten k\u00f6nnen.<\/p>\n<p>[ad_2]<\/p>\n","protected":false},"excerpt":{"rendered":"<p>Von der Marke IKUPER ist ein Team von Bauspielherstellern, das mit dem Ziel gegr\u00fcndet wurde, Ihnen grenzenlose Kreativit\u00e4t, Entdeckung und unterhaltsame Erfahrungen zu bieten. Unser Ziel ist es, Produkte zu schaffen, die Kindern Gl\u00fcck und bedeutungsvolle Kindheitserfahrungen bringen und gleichzeitig bei Erwachsenen Echo finden. IKUPER ist immer auf dem Weg. IKUPER Bausatz In 6 Roboterstilen [&hellip;]<\/p>\n","protected":false},"featured_media":1004,"comment_status":"open","ping_status":"closed","template":"","meta":{"_aipt_faq_data":""},"store":[],"product_brand":[],"product_cat":[91],"product_tag":[231],"class_list":{"0":"post-1003","1":"product","2":"type-product","3":"status-publish","4":"has-post-thumbnail","6":"product_cat-programmierbares-spielzeug","7":"product_tag-programmierbares-spielzeug-ab-6-jahren","9":"first","10":"instock","11":"sale","12":"shipping-taxable","13":"product-type-external"},"yoast_head":"<!-- This site is optimized with the Yoast SEO plugin v27.0 - https:\/\/yoast.com\/product\/yoast-seo-wordpress\/ -->\n<title>Technik Roboter f\u00fcr Kinder Jungen 6-12 Jahre, 6-in-1 Roboter-Set programmierbar mit App &amp; Fernbedienung, Geburtstagsgeschenk f\u00fcr Weihnachten und Geburtstag (631 St\u00fcck) - EasyLifeBro<\/title>\n<meta name=\"description\" content=\"Entdecken Sie smarte Roboter f\u00fcr Zuhause, Garten, Bildung und Sicherheit. Vergleichen Sie Saugroboter, Rasenm\u00e4hroboter, KI-Begleitroboter und mehr bei EasyLifeRobo.\" \/>\n<meta name=\"robots\" content=\"index, follow, max-snippet:-1, max-image-preview:large, max-video-preview:-1\" \/>\n<link rel=\"canonical\" href=\"https:\/\/easyliferobo.com\/de\/product\/technik-roboter-fuer-kinder-jungen-6-12-jahre-6-in-1-roboter-set-programmierbar-mit-app-fernbedienung-geburtstagsgeschenk-fuer-weihnachten-und-geburtstag-631-stueck\/\" \/>\n<meta property=\"og:locale\" content=\"de_DE\" \/>\n<meta property=\"og:type\" content=\"article\" \/>\n<meta property=\"og:title\" content=\"Technik Roboter f\u00fcr Kinder Jungen 6-12 Jahre, 6-in-1 Roboter-Set programmierbar mit App &amp; Fernbedienung, Geburtstagsgeschenk f\u00fcr Weihnachten und Geburtstag (631 St\u00fcck) - EasyLifeBro\" \/>\n<meta property=\"og:description\" content=\"Entdecken Sie smarte Roboter f\u00fcr Zuhause, Garten, Bildung und Sicherheit. Vergleichen Sie Saugroboter, Rasenm\u00e4hroboter, KI-Begleitroboter und mehr bei EasyLifeRobo.\" \/>\n<meta property=\"og:url\" content=\"https:\/\/easyliferobo.com\/de\/product\/technik-roboter-fuer-kinder-jungen-6-12-jahre-6-in-1-roboter-set-programmierbar-mit-app-fernbedienung-geburtstagsgeschenk-fuer-weihnachten-und-geburtstag-631-stueck\/\" \/>\n<meta property=\"og:site_name\" content=\"EasyLifeBro\" \/>\n<meta property=\"article:modified_time\" content=\"2026-02-22T11:13:22+00:00\" \/>\n<meta property=\"og:image\" content=\"https:\/\/easyliferobo.com\/de\/wp-content\/uploads\/2026\/02\/814DOAERyqL._AC_SL1500_.jpg\" \/>\n\t<meta property=\"og:image:width\" content=\"1500\" \/>\n\t<meta property=\"og:image:height\" content=\"1478\" \/>\n\t<meta property=\"og:image:type\" content=\"image\/jpeg\" \/>\n<meta name=\"twitter:card\" content=\"summary_large_image\" \/>\n<meta name=\"twitter:label1\" content=\"Gesch\u00e4tzte Lesezeit\" \/>\n\t<meta name=\"twitter:data1\" content=\"2\u00a0Minuten\" \/>\n<script type=\"application\/ld+json\" class=\"yoast-schema-graph\">{\"@context\":\"https:\/\/schema.org\",\"@graph\":[{\"@type\":\"WebPage\",\"@id\":\"https:\/\/easyliferobo.com\/de\/product\/technik-roboter-fuer-kinder-jungen-6-12-jahre-6-in-1-roboter-set-programmierbar-mit-app-fernbedienung-geburtstagsgeschenk-fuer-weihnachten-und-geburtstag-631-stueck\/\",\"url\":\"https:\/\/easyliferobo.com\/de\/product\/technik-roboter-fuer-kinder-jungen-6-12-jahre-6-in-1-roboter-set-programmierbar-mit-app-fernbedienung-geburtstagsgeschenk-fuer-weihnachten-und-geburtstag-631-stueck\/\",\"name\":\"Technik Roboter f\u00fcr Kinder Jungen 6-12 Jahre, 6-in-1 Roboter-Set programmierbar mit App & Fernbedienung, Geburtstagsgeschenk f\u00fcr Weihnachten und Geburtstag (631 St\u00fcck) - EasyLifeBro\",\"isPartOf\":{\"@id\":\"https:\/\/easyliferobo.com\/de\/#website\"},\"primaryImageOfPage\":{\"@id\":\"https:\/\/easyliferobo.com\/de\/product\/technik-roboter-fuer-kinder-jungen-6-12-jahre-6-in-1-roboter-set-programmierbar-mit-app-fernbedienung-geburtstagsgeschenk-fuer-weihnachten-und-geburtstag-631-stueck\/#primaryimage\"},\"image\":{\"@id\":\"https:\/\/easyliferobo.com\/de\/product\/technik-roboter-fuer-kinder-jungen-6-12-jahre-6-in-1-roboter-set-programmierbar-mit-app-fernbedienung-geburtstagsgeschenk-fuer-weihnachten-und-geburtstag-631-stueck\/#primaryimage\"},\"thumbnailUrl\":\"https:\/\/easyliferobo.com\/de\/wp-content\/uploads\/2026\/02\/814DOAERyqL._AC_SL1500_.jpg\",\"datePublished\":\"2026-02-22T11:13:08+00:00\",\"dateModified\":\"2026-02-22T11:13:22+00:00\",\"description\":\"Entdecken Sie smarte Roboter f\u00fcr Zuhause, Garten, Bildung und Sicherheit. Vergleichen Sie Saugroboter, Rasenm\u00e4hroboter, KI-Begleitroboter und mehr bei EasyLifeRobo.\",\"breadcrumb\":{\"@id\":\"https:\/\/easyliferobo.com\/de\/product\/technik-roboter-fuer-kinder-jungen-6-12-jahre-6-in-1-roboter-set-programmierbar-mit-app-fernbedienung-geburtstagsgeschenk-fuer-weihnachten-und-geburtstag-631-stueck\/#breadcrumb\"},\"inLanguage\":\"de\",\"potentialAction\":[{\"@type\":\"ReadAction\",\"target\":[\"https:\/\/easyliferobo.com\/de\/product\/technik-roboter-fuer-kinder-jungen-6-12-jahre-6-in-1-roboter-set-programmierbar-mit-app-fernbedienung-geburtstagsgeschenk-fuer-weihnachten-und-geburtstag-631-stueck\/\"]}]},{\"@type\":\"ImageObject\",\"inLanguage\":\"de\",\"@id\":\"https:\/\/easyliferobo.com\/de\/product\/technik-roboter-fuer-kinder-jungen-6-12-jahre-6-in-1-roboter-set-programmierbar-mit-app-fernbedienung-geburtstagsgeschenk-fuer-weihnachten-und-geburtstag-631-stueck\/#primaryimage\",\"url\":\"https:\/\/easyliferobo.com\/de\/wp-content\/uploads\/2026\/02\/814DOAERyqL._AC_SL1500_.jpg\",\"contentUrl\":\"https:\/\/easyliferobo.com\/de\/wp-content\/uploads\/2026\/02\/814DOAERyqL._AC_SL1500_.jpg\",\"width\":1500,\"height\":1478},{\"@type\":\"BreadcrumbList\",\"@id\":\"https:\/\/easyliferobo.com\/de\/product\/technik-roboter-fuer-kinder-jungen-6-12-jahre-6-in-1-roboter-set-programmierbar-mit-app-fernbedienung-geburtstagsgeschenk-fuer-weihnachten-und-geburtstag-631-stueck\/#breadcrumb\",\"itemListElement\":[{\"@type\":\"ListItem\",\"position\":1,\"name\":\"Home\",\"item\":\"https:\/\/easyliferobo.com\/de\/\"},{\"@type\":\"ListItem\",\"position\":2,\"name\":\"Shop\",\"item\":\"https:\/\/easyliferobo.com\/de\/shop\/\"},{\"@type\":\"ListItem\",\"position\":3,\"name\":\"Technik Roboter f\u00fcr Kinder Jungen ...\"}]},{\"@type\":\"WebSite\",\"@id\":\"https:\/\/easyliferobo.com\/de\/#website\",\"url\":\"https:\/\/easyliferobo.com\/de\/\",\"name\":\"EasyLifeBro\",\"description\":\"Smarte Roboter f\u00fcr Zuhause, Garten &amp; Bildung\",\"publisher\":{\"@id\":\"https:\/\/easyliferobo.com\/de\/#organization\"},\"potentialAction\":[{\"@type\":\"SearchAction\",\"target\":{\"@type\":\"EntryPoint\",\"urlTemplate\":\"https:\/\/easyliferobo.com\/de\/?s={search_term_string}\"},\"query-input\":{\"@type\":\"PropertyValueSpecification\",\"valueRequired\":true,\"valueName\":\"search_term_string\"}}],\"inLanguage\":\"de\"},{\"@type\":\"Organization\",\"@id\":\"https:\/\/easyliferobo.com\/de\/#organization\",\"name\":\"EasyLifeBro\",\"url\":\"https:\/\/easyliferobo.com\/de\/\",\"logo\":{\"@type\":\"ImageObject\",\"inLanguage\":\"de\",\"@id\":\"https:\/\/easyliferobo.com\/de\/#\/schema\/logo\/image\/\",\"url\":\"https:\/\/easyliferobo.com\/de\/wp-content\/uploads\/2026\/02\/Screenshot-2026-02-22-at-2.25.03-PM.png\",\"contentUrl\":\"https:\/\/easyliferobo.com\/de\/wp-content\/uploads\/2026\/02\/Screenshot-2026-02-22-at-2.25.03-PM.png\",\"width\":1858,\"height\":430,\"caption\":\"EasyLifeBro\"},\"image\":{\"@id\":\"https:\/\/easyliferobo.com\/de\/#\/schema\/logo\/image\/\"}}]}<\/script>\n<!-- \/ Yoast SEO plugin. -->","yoast_head_json":{"title":"Technik Roboter f\u00fcr Kinder Jungen 6-12 Jahre, 6-in-1 Roboter-Set programmierbar mit App & Fernbedienung, Geburtstagsgeschenk f\u00fcr Weihnachten und Geburtstag (631 St\u00fcck) - EasyLifeBro","description":"Entdecken Sie smarte Roboter f\u00fcr Zuhause, Garten, Bildung und Sicherheit. Vergleichen Sie Saugroboter, Rasenm\u00e4hroboter, KI-Begleitroboter und mehr bei EasyLifeRobo.","robots":{"index":"index","follow":"follow","max-snippet":"max-snippet:-1","max-image-preview":"max-image-preview:large","max-video-preview":"max-video-preview:-1"},"canonical":"https:\/\/easyliferobo.com\/de\/product\/technik-roboter-fuer-kinder-jungen-6-12-jahre-6-in-1-roboter-set-programmierbar-mit-app-fernbedienung-geburtstagsgeschenk-fuer-weihnachten-und-geburtstag-631-stueck\/","og_locale":"de_DE","og_type":"article","og_title":"Technik Roboter f\u00fcr Kinder Jungen 6-12 Jahre, 6-in-1 Roboter-Set programmierbar mit App & Fernbedienung, Geburtstagsgeschenk f\u00fcr Weihnachten und Geburtstag (631 St\u00fcck) - EasyLifeBro","og_description":"Entdecken Sie smarte Roboter f\u00fcr Zuhause, Garten, Bildung und Sicherheit. Vergleichen Sie Saugroboter, Rasenm\u00e4hroboter, KI-Begleitroboter und mehr bei EasyLifeRobo.","og_url":"https:\/\/easyliferobo.com\/de\/product\/technik-roboter-fuer-kinder-jungen-6-12-jahre-6-in-1-roboter-set-programmierbar-mit-app-fernbedienung-geburtstagsgeschenk-fuer-weihnachten-und-geburtstag-631-stueck\/","og_site_name":"EasyLifeBro","article_modified_time":"2026-02-22T11:13:22+00:00","og_image":[{"width":1500,"height":1478,"url":"https:\/\/easyliferobo.com\/de\/wp-content\/uploads\/2026\/02\/814DOAERyqL._AC_SL1500_.jpg","type":"image\/jpeg"}],"twitter_card":"summary_large_image","twitter_misc":{"Gesch\u00e4tzte Lesezeit":"2\u00a0Minuten"},"schema":{"@context":"https:\/\/schema.org","@graph":[{"@type":"WebPage","@id":"https:\/\/easyliferobo.com\/de\/product\/technik-roboter-fuer-kinder-jungen-6-12-jahre-6-in-1-roboter-set-programmierbar-mit-app-fernbedienung-geburtstagsgeschenk-fuer-weihnachten-und-geburtstag-631-stueck\/","url":"https:\/\/easyliferobo.com\/de\/product\/technik-roboter-fuer-kinder-jungen-6-12-jahre-6-in-1-roboter-set-programmierbar-mit-app-fernbedienung-geburtstagsgeschenk-fuer-weihnachten-und-geburtstag-631-stueck\/","name":"Technik Roboter f\u00fcr Kinder Jungen 6-12 Jahre, 6-in-1 Roboter-Set programmierbar mit App & Fernbedienung, Geburtstagsgeschenk f\u00fcr Weihnachten und Geburtstag (631 St\u00fcck) - EasyLifeBro","isPartOf":{"@id":"https:\/\/easyliferobo.com\/de\/#website"},"primaryImageOfPage":{"@id":"https:\/\/easyliferobo.com\/de\/product\/technik-roboter-fuer-kinder-jungen-6-12-jahre-6-in-1-roboter-set-programmierbar-mit-app-fernbedienung-geburtstagsgeschenk-fuer-weihnachten-und-geburtstag-631-stueck\/#primaryimage"},"image":{"@id":"https:\/\/easyliferobo.com\/de\/product\/technik-roboter-fuer-kinder-jungen-6-12-jahre-6-in-1-roboter-set-programmierbar-mit-app-fernbedienung-geburtstagsgeschenk-fuer-weihnachten-und-geburtstag-631-stueck\/#primaryimage"},"thumbnailUrl":"https:\/\/easyliferobo.com\/de\/wp-content\/uploads\/2026\/02\/814DOAERyqL._AC_SL1500_.jpg","datePublished":"2026-02-22T11:13:08+00:00","dateModified":"2026-02-22T11:13:22+00:00","description":"Entdecken Sie smarte Roboter f\u00fcr Zuhause, Garten, Bildung und Sicherheit. Vergleichen Sie Saugroboter, Rasenm\u00e4hroboter, KI-Begleitroboter und mehr bei EasyLifeRobo.","breadcrumb":{"@id":"https:\/\/easyliferobo.com\/de\/product\/technik-roboter-fuer-kinder-jungen-6-12-jahre-6-in-1-roboter-set-programmierbar-mit-app-fernbedienung-geburtstagsgeschenk-fuer-weihnachten-und-geburtstag-631-stueck\/#breadcrumb"},"inLanguage":"de","potentialAction":[{"@type":"ReadAction","target":["https:\/\/easyliferobo.com\/de\/product\/technik-roboter-fuer-kinder-jungen-6-12-jahre-6-in-1-roboter-set-programmierbar-mit-app-fernbedienung-geburtstagsgeschenk-fuer-weihnachten-und-geburtstag-631-stueck\/"]}]},{"@type":"ImageObject","inLanguage":"de","@id":"https:\/\/easyliferobo.com\/de\/product\/technik-roboter-fuer-kinder-jungen-6-12-jahre-6-in-1-roboter-set-programmierbar-mit-app-fernbedienung-geburtstagsgeschenk-fuer-weihnachten-und-geburtstag-631-stueck\/#primaryimage","url":"https:\/\/easyliferobo.com\/de\/wp-content\/uploads\/2026\/02\/814DOAERyqL._AC_SL1500_.jpg","contentUrl":"https:\/\/easyliferobo.com\/de\/wp-content\/uploads\/2026\/02\/814DOAERyqL._AC_SL1500_.jpg","width":1500,"height":1478},{"@type":"BreadcrumbList","@id":"https:\/\/easyliferobo.com\/de\/product\/technik-roboter-fuer-kinder-jungen-6-12-jahre-6-in-1-roboter-set-programmierbar-mit-app-fernbedienung-geburtstagsgeschenk-fuer-weihnachten-und-geburtstag-631-stueck\/#breadcrumb","itemListElement":[{"@type":"ListItem","position":1,"name":"Home","item":"https:\/\/easyliferobo.com\/de\/"},{"@type":"ListItem","position":2,"name":"Shop","item":"https:\/\/easyliferobo.com\/de\/shop\/"},{"@type":"ListItem","position":3,"name":"Technik Roboter f\u00fcr Kinder Jungen ..."}]},{"@type":"WebSite","@id":"https:\/\/easyliferobo.com\/de\/#website","url":"https:\/\/easyliferobo.com\/de\/","name":"EasyLifeBro","description":"Smarte Roboter f\u00fcr Zuhause, Garten &amp; Bildung","publisher":{"@id":"https:\/\/easyliferobo.com\/de\/#organization"},"potentialAction":[{"@type":"SearchAction","target":{"@type":"EntryPoint","urlTemplate":"https:\/\/easyliferobo.com\/de\/?s={search_term_string}"},"query-input":{"@type":"PropertyValueSpecification","valueRequired":true,"valueName":"search_term_string"}}],"inLanguage":"de"},{"@type":"Organization","@id":"https:\/\/easyliferobo.com\/de\/#organization","name":"EasyLifeBro","url":"https:\/\/easyliferobo.com\/de\/","logo":{"@type":"ImageObject","inLanguage":"de","@id":"https:\/\/easyliferobo.com\/de\/#\/schema\/logo\/image\/","url":"https:\/\/easyliferobo.com\/de\/wp-content\/uploads\/2026\/02\/Screenshot-2026-02-22-at-2.25.03-PM.png","contentUrl":"https:\/\/easyliferobo.com\/de\/wp-content\/uploads\/2026\/02\/Screenshot-2026-02-22-at-2.25.03-PM.png","width":1858,"height":430,"caption":"EasyLifeBro"},"image":{"@id":"https:\/\/easyliferobo.com\/de\/#\/schema\/logo\/image\/"}}]}},"_links":{"self":[{"href":"https:\/\/easyliferobo.com\/de\/wp-json\/wp\/v2\/product\/1003","targetHints":{"allow":["GET"]}}],"collection":[{"href":"https:\/\/easyliferobo.com\/de\/wp-json\/wp\/v2\/product"}],"about":[{"href":"https:\/\/easyliferobo.com\/de\/wp-json\/wp\/v2\/types\/product"}],"replies":[{"embeddable":true,"href":"https:\/\/easyliferobo.com\/de\/wp-json\/wp\/v2\/comments?post=1003"}],"wp:featuredmedia":[{"embeddable":true,"href":"https:\/\/easyliferobo.com\/de\/wp-json\/wp\/v2\/media\/1004"}],"wp:attachment":[{"href":"https:\/\/easyliferobo.com\/de\/wp-json\/wp\/v2\/media?parent=1003"}],"wp:term":[{"taxonomy":"store","embeddable":true,"href":"https:\/\/easyliferobo.com\/de\/wp-json\/wp\/v2\/store?post=1003"},{"taxonomy":"product_brand","embeddable":true,"href":"https:\/\/easyliferobo.com\/de\/wp-json\/wp\/v2\/product_brand?post=1003"},{"taxonomy":"product_cat","embeddable":true,"href":"https:\/\/easyliferobo.com\/de\/wp-json\/wp\/v2\/product_cat?post=1003"},{"taxonomy":"product_tag","embeddable":true,"href":"https:\/\/easyliferobo.com\/de\/wp-json\/wp\/v2\/product_tag?post=1003"}],"curies":[{"name":"wp","href":"https:\/\/api.w.org\/{rel}","templated":true}]}}